{"id":15137,"date":"2023-10-16T15:32:06","date_gmt":"2023-10-16T14:32:06","guid":{"rendered":"https:\/\/msofficestore.com\/einkaufswagen\/"},"modified":"2024-01-14T11:43:37","modified_gmt":"2024-01-14T11:43:37","slug":"einkaufswagen","status":"publish","type":"page","link":"https:\/\/msofficestore.com\/de\/einkaufswagen\/","title":{"rendered":"Cart-de"},"content":{"rendered":"\t\t<div data-elementor-type=\"wp-page\" data-elementor-id=\"15137\" class=\"elementor elementor-15137 elementor-2993\" data-elementor-post-type=\"page\">\n\t\t\t\t<div class=\"elementor-element elementor-element-12263b8 e-flex e-con-boxed e-con e-parent\" data-id=\"12263b8\" data-element_type=\"container\">\n\t\t\t\t\t<div class=\"e-con-inner\">\n\t\t\t\t<div class=\"elementor-element elementor-element-571a4e4 elementor-widget elementor-widget-heading\" data-id=\"571a4e4\" data-element_type=\"widget\" data-widget_type=\"heading.default\">\n\t\t\t\t<div class=\"elementor-widget-container\">\n\t\t\t\t\t<h2 class=\"elementor-heading-title elementor-size-default\">Ihr Einkaufswagen<\/h2>\t\t\t\t<\/div>\n\t\t\t\t<\/div>\n\t\t\t\t\t<\/div>\n\t\t\t\t<\/div>\n\t\t<div class=\"elementor-element elementor-element-af8f91d e-flex e-con-boxed e-con e-parent\" data-id=\"af8f91d\" data-element_type=\"container\" id=\"con-multi-buy\">\n\t\t\t\t\t<div class=\"e-con-inner\">\n\t\t\t\t<div class=\"elementor-element elementor-element-40d2aa7 elementor-widget elementor-widget-heading\" data-id=\"40d2aa7\" data-element_type=\"widget\" data-widget_type=\"heading.default\">\n\t\t\t\t<div class=\"elementor-widget-container\">\n\t\t\t\t\t<h2 class=\"elementor-heading-title elementor-size-default\">Mehrkauf-Rabatt verf\u00fcgbar\n<\/h2>\t\t\t\t<\/div>\n\t\t\t\t<\/div>\n\t\t<div class=\"elementor-element elementor-element-988b4c1 e-con-full e-flex e-con e-child\" data-id=\"988b4c1\" data-element_type=\"container\" data-settings=\"{&quot;background_background&quot;:&quot;classic&quot;}\">\n\t\t\t\t<div class=\"elementor-element elementor-element-1168eb8 elementor-widget elementor-widget-text-editor\" data-id=\"1168eb8\" data-element_type=\"widget\" data-widget_type=\"text-editor.default\">\n\t\t\t\t<div class=\"elementor-widget-container\">\n\t\t\t\t\t\t\t\t\t<p>Legen Sie eines dieser qualifizierten Produkte in Ihren Einkaufswagen, um einen <span style=\"color: #e2017f;\">zus\u00e4tzlichen Rabatt von 5%<\/span> zu erhalten<\/p>\n\t\t\t\t\t\t\t\t<\/div>\n\t\t\t\t<\/div>\n\t\t\t\t<div class=\"elementor-element elementor-element-957e2aa elementor-grid-3 elementor-grid-mobile-2 elementor-product-loop-item--align-center elementor-grid-tablet-3 elementor-products-grid elementor-wc-products elementor-widget elementor-widget-woocommerce-products\" data-id=\"957e2aa\" data-element_type=\"widget\" data-widget_type=\"woocommerce-products.default\">\n\t\t\t\t<div class=\"elementor-widget-container\">\n\t\t\t\t\t<div class=\"woocommerce\"><\/div>\t\t\t\t<\/div>\n\t\t\t\t<\/div>\n\t\t\t\t<\/div>\n\t\t\t\t\t<\/div>\n\t\t\t\t<\/div>\n\t\t<div class=\"elementor-element elementor-element-0715b7f e-flex e-con-boxed e-con e-parent\" data-id=\"0715b7f\" data-element_type=\"container\">\n\t\t\t\t\t<div class=\"e-con-inner\">\n\t\t\t\t<div class=\"elementor-element elementor-element-abf7f0e elementor-widget elementor-widget-shortcode\" data-id=\"abf7f0e\" data-element_type=\"widget\" data-widget_type=\"shortcode.default\">\n\t\t\t\t<div class=\"elementor-widget-container\">\n\t\t\t\t\t\t\t<div class=\"elementor-shortcode\">\t\t<div data-elementor-type=\"container\" data-elementor-id=\"15362\" class=\"elementor elementor-15362 elementor-12228\" data-elementor-post-type=\"elementor_library\">\n\t\t\t\t<div class=\"elementor-element elementor-element-cbcfaf2 e-flex e-con-boxed e-con e-parent\" data-id=\"cbcfaf2\" data-element_type=\"container\" data-settings=\"{&quot;background_background&quot;:&quot;classic&quot;}\">\n\t\t\t\t\t<div class=\"e-con-inner\">\n\t\t<div class=\"elementor-element elementor-element-7786f05 e-con-full e-flex e-con e-child\" data-id=\"7786f05\" data-element_type=\"container\" data-settings=\"{&quot;background_background&quot;:&quot;classic&quot;}\">\n\t\t<div class=\"elementor-element elementor-element-2b0b0d2 e-con-full e-flex e-con e-child\" data-id=\"2b0b0d2\" data-element_type=\"container\">\n\t\t\t\t<div class=\"elementor-element elementor-element-71c5705 elementor-widget__width-initial elementor-widget elementor-widget-n-accordion\" data-id=\"71c5705\" data-element_type=\"widget\" data-settings=\"{&quot;default_state&quot;:&quot;all_collapsed&quot;,&quot;max_items_expended&quot;:&quot;one&quot;,&quot;n_accordion_animation_duration&quot;:{&quot;unit&quot;:&quot;ms&quot;,&quot;size&quot;:400,&quot;sizes&quot;:[]}}\" data-widget_type=\"nested-accordion.default\">\n\t\t\t\t<div class=\"elementor-widget-container\">\n\t\t\t\t\t\t\t<div class=\"e-n-accordion\" aria-label=\"Accordion. Open links with Enter or Space, close with Escape, and navigate with Arrow Keys\">\n\t\t\t\t\t\t<details id=\"e-n-accordion-item-1190\" class=\"e-n-accordion-item\" >\n\t\t\t\t<summary class=\"e-n-accordion-item-title\" data-accordion-index=\"1\" tabindex=\"0\" aria-expanded=\"false\" aria-controls=\"e-n-accordion-item-1190\" >\n\t\t\t\t\t<span class='e-n-accordion-item-title-header'><div class=\"e-n-accordion-item-title-text\"> Wie schnell kann ich die Software nach dem Kauf im MS Office Store nutzen? <\/div><\/span>\n\t\t\t\t\t\t\t<span class='e-n-accordion-item-title-icon'>\n\t\t\t<span class='e-opened' ><i aria-hidden=\"true\" class=\"fas fa-minus\"><\/i><\/span>\n\t\t\t<span class='e-closed'><i aria-hidden=\"true\" class=\"fas fa-plus-circle\"><\/i><\/span>\n\t\t<\/span>\n\n\t\t\t\t\t\t<\/summary>\n\t\t\t\t<div role=\"region\" aria-labelledby=\"e-n-accordion-item-1190\" class=\"elementor-element elementor-element-327d12d e-con-full e-flex e-con e-child\" data-id=\"327d12d\" data-element_type=\"container\">\n\t\t\t\t<div class=\"elementor-element elementor-element-bf557b2 elementor-widget elementor-widget-text-editor\" data-id=\"bf557b2\" data-element_type=\"widget\" data-widget_type=\"text-editor.default\">\n\t\t\t\t<div class=\"elementor-widget-container\">\n\t\t\t\t\t\t\t\t\t<p> Unmittelbar nach Ihrem Kauf erhalten Sie eine E-Mail mit allen notwendigen Informationen, um die Software zu nutzen.<\/p>\n\t\t\t\t\t\t\t\t<\/div>\n\t\t\t\t<\/div>\n\t\t\t\t<\/div>\n\t\t\t\t\t<\/details>\n\t\t\t\t\t\t<details id=\"e-n-accordion-item-1191\" class=\"e-n-accordion-item\" >\n\t\t\t\t<summary class=\"e-n-accordion-item-title\" data-accordion-index=\"2\" tabindex=\"-1\" aria-expanded=\"false\" aria-controls=\"e-n-accordion-item-1191\" >\n\t\t\t\t\t<span class='e-n-accordion-item-title-header'><div class=\"e-n-accordion-item-title-text\"> Welche Art von Softwareprodukten bietet MS Office Store an? <\/div><\/span>\n\t\t\t\t\t\t\t<span class='e-n-accordion-item-title-icon'>\n\t\t\t<span class='e-opened' ><i aria-hidden=\"true\" class=\"fas fa-minus\"><\/i><\/span>\n\t\t\t<span class='e-closed'><i aria-hidden=\"true\" class=\"fas fa-plus-circle\"><\/i><\/span>\n\t\t<\/span>\n\n\t\t\t\t\t\t<\/summary>\n\t\t\t\t<div role=\"region\" aria-labelledby=\"e-n-accordion-item-1191\" class=\"elementor-element elementor-element-71d2d66 e-con-full e-flex e-con e-child\" data-id=\"71d2d66\" data-element_type=\"container\">\n\t\t\t\t<div class=\"elementor-element elementor-element-832b52e elementor-widget elementor-widget-text-editor\" data-id=\"832b52e\" data-element_type=\"widget\" data-widget_type=\"text-editor.default\">\n\t\t\t\t<div class=\"elementor-widget-container\">\n\t\t\t\t\t\t\t\t\t<p>MS Office Store bietet eine Reihe von Software an, darunter Office-Suiten und Windows-Betriebssysteme.<\/p>\n\t\t\t\t\t\t\t\t<\/div>\n\t\t\t\t<\/div>\n\t\t\t\t<\/div>\n\t\t\t\t\t<\/details>\n\t\t\t\t\t\t<details id=\"e-n-accordion-item-1192\" class=\"e-n-accordion-item\" >\n\t\t\t\t<summary class=\"e-n-accordion-item-title\" data-accordion-index=\"3\" tabindex=\"-1\" aria-expanded=\"false\" aria-controls=\"e-n-accordion-item-1192\" >\n\t\t\t\t\t<span class='e-n-accordion-item-title-header'><div class=\"e-n-accordion-item-title-text\"> Wie werden die Produkte geliefert? <\/div><\/span>\n\t\t\t\t\t\t\t<span class='e-n-accordion-item-title-icon'>\n\t\t\t<span class='e-opened' ><i aria-hidden=\"true\" class=\"fas fa-minus\"><\/i><\/span>\n\t\t\t<span class='e-closed'><i aria-hidden=\"true\" class=\"fas fa-plus-circle\"><\/i><\/span>\n\t\t<\/span>\n\n\t\t\t\t\t\t<\/summary>\n\t\t\t\t<div role=\"region\" aria-labelledby=\"e-n-accordion-item-1192\" class=\"elementor-element elementor-element-ac97b7d e-con-full e-flex e-con e-child\" data-id=\"ac97b7d\" data-element_type=\"container\">\n\t\t\t\t<div class=\"elementor-element elementor-element-d7f397c elementor-widget elementor-widget-text-editor\" data-id=\"d7f397c\" data-element_type=\"widget\" data-widget_type=\"text-editor.default\">\n\t\t\t\t<div class=\"elementor-widget-container\">\n\t\t\t\t\t\t\t\t\t<p>Sie erhalten Ihre Softwarelizenzen per E-Mail, damit Sie schnell und problemlos loslegen k\u00f6nnen.<\/p>\n\t\t\t\t\t\t\t\t<\/div>\n\t\t\t\t<\/div>\n\t\t\t\t<\/div>\n\t\t\t\t\t<\/details>\n\t\t\t\t\t\t<details id=\"e-n-accordion-item-1193\" class=\"e-n-accordion-item\" >\n\t\t\t\t<summary class=\"e-n-accordion-item-title\" data-accordion-index=\"4\" tabindex=\"-1\" aria-expanded=\"false\" aria-controls=\"e-n-accordion-item-1193\" >\n\t\t\t\t\t<span class='e-n-accordion-item-title-header'><div class=\"e-n-accordion-item-title-text\"> Wie kann ich den MS Office Store kontaktieren, wenn ich Unterst\u00fctzung oder Kaufberatung ben\u00f6tige? <\/div><\/span>\n\t\t\t\t\t\t\t<span class='e-n-accordion-item-title-icon'>\n\t\t\t<span class='e-opened' ><i aria-hidden=\"true\" class=\"fas fa-minus\"><\/i><\/span>\n\t\t\t<span class='e-closed'><i aria-hidden=\"true\" class=\"fas fa-plus-circle\"><\/i><\/span>\n\t\t<\/span>\n\n\t\t\t\t\t\t<\/summary>\n\t\t\t\t<div role=\"region\" aria-labelledby=\"e-n-accordion-item-1193\" class=\"elementor-element elementor-element-9632329 e-con-full e-flex e-con e-child\" data-id=\"9632329\" data-element_type=\"container\">\n\t\t\t\t<div class=\"elementor-element elementor-element-064d6ec elementor-widget elementor-widget-text-editor\" data-id=\"064d6ec\" data-element_type=\"widget\" data-widget_type=\"text-editor.default\">\n\t\t\t\t<div class=\"elementor-widget-container\">\n\t\t\t\t\t\t\t\t\t<p>Sie k\u00f6nnen MS Office Store \u00fcber E-Mail und Live-Chat kontaktieren. Wir k\u00f6nnen Sie sowohl bei der L\u00f6sung technischer Probleme als auch bei der Installation der Software unterst\u00fctzen.<\/p>\n\t\t\t\t\t\t\t\t<\/div>\n\t\t\t\t<\/div>\n\t\t\t\t<\/div>\n\t\t\t\t\t<\/details>\n\t\t\t\t\t\t<details id=\"e-n-accordion-item-1194\" class=\"e-n-accordion-item\" >\n\t\t\t\t<summary class=\"e-n-accordion-item-title\" data-accordion-index=\"5\" tabindex=\"-1\" aria-expanded=\"false\" aria-controls=\"e-n-accordion-item-1194\" >\n\t\t\t\t\t<span class='e-n-accordion-item-title-header'><div class=\"e-n-accordion-item-title-text\"> Kann mir der MS Office Store bei der Installation der Software helfen? <\/div><\/span>\n\t\t\t\t\t\t\t<span class='e-n-accordion-item-title-icon'>\n\t\t\t<span class='e-opened' ><i aria-hidden=\"true\" class=\"fas fa-minus\"><\/i><\/span>\n\t\t\t<span class='e-closed'><i aria-hidden=\"true\" class=\"fas fa-plus-circle\"><\/i><\/span>\n\t\t<\/span>\n\n\t\t\t\t\t\t<\/summary>\n\t\t\t\t<div role=\"region\" aria-labelledby=\"e-n-accordion-item-1194\" class=\"elementor-element elementor-element-7ca4ce7 e-con-full e-flex e-con e-child\" data-id=\"7ca4ce7\" data-element_type=\"container\">\n\t\t\t\t<div class=\"elementor-element elementor-element-56653db elementor-widget elementor-widget-text-editor\" data-id=\"56653db\" data-element_type=\"widget\" data-widget_type=\"text-editor.default\">\n\t\t\t\t<div class=\"elementor-widget-container\">\n\t\t\t\t\t\t\t\t\t<p>Ja, wir bieten zus\u00e4tzlich zu unserem technischen Support Fernunterst\u00fctzung bei der Softwareinstallation an.<\/p>\n\t\t\t\t\t\t\t\t<\/div>\n\t\t\t\t<\/div>\n\t\t\t\t<\/div>\n\t\t\t\t\t<\/details>\n\t\t\t\t\t<\/div>\n\t\t\t\t\t\t<\/div>\n\t\t\t\t<\/div>\n\t\t\t\t<\/div>\n\t\t<div class=\"elementor-element elementor-element-753bbe9 e-con-full e-flex e-con e-child\" data-id=\"753bbe9\" data-element_type=\"container\">\n\t\t\t\t<div class=\"elementor-element elementor-element-4c0cf55 elementor-widget elementor-widget-heading\" data-id=\"4c0cf55\" data-element_type=\"widget\" data-widget_type=\"heading.default\">\n\t\t\t\t<div class=\"elementor-widget-container\">\n\t\t\t\t\t<h2 class=\"elementor-heading-title elementor-size-default\">Fragen? Unser Support-Team ist nur eine Nachricht entfernt!<\/h2>\t\t\t\t<\/div>\n\t\t\t\t<\/div>\n\t\t<div class=\"elementor-element elementor-element-cc8535e e-con-full e-flex e-con e-child\" data-id=\"cc8535e\" data-element_type=\"container\">\n\t\t\t\t<div class=\"elementor-element elementor-element-d8ce3cb elementor-widget__width-initial elementor-widget elementor-widget-author-box\" data-id=\"d8ce3cb\" data-element_type=\"widget\" data-widget_type=\"author-box.default\">\n\t\t\t\t<div class=\"elementor-widget-container\">\n\t\t\t\t\t\t\t<div class=\"elementor-author-box\">\n\t\t\t\t\t\t\t<div  class=\"elementor-author-box__avatar\">\n\t\t\t\t\t<img decoding=\"async\" src=\"https:\/\/msofficestore.com\/wp-content\/uploads\/2023\/10\/Group-1000003796.png\" alt=\"Autoren-Profilbild\" loading=\"lazy\">\n\t\t\t\t<\/div>\n\t\t\t\n\t\t\t<div class=\"elementor-author-box__text\">\n\t\t\t\t\n\t\t\t\t\n\t\t\t\t\t\t\t<\/div>\n\t\t<\/div>\n\t\t\t\t\t\t<\/div>\n\t\t\t\t<\/div>\n\t\t\t\t<div class=\"elementor-element elementor-element-1820881 elementor-widget__width-initial elementor-widget elementor-widget-author-box\" data-id=\"1820881\" data-element_type=\"widget\" data-widget_type=\"author-box.default\">\n\t\t\t\t<div class=\"elementor-widget-container\">\n\t\t\t\t\t\t\t<div class=\"elementor-author-box\">\n\t\t\t\t\t\t\t<div  class=\"elementor-author-box__avatar\">\n\t\t\t\t\t<img decoding=\"async\" src=\"https:\/\/msofficestore.com\/wp-content\/uploads\/2023\/10\/Group-1000003797.png\" alt=\"Autoren-Profilbild\" loading=\"lazy\">\n\t\t\t\t<\/div>\n\t\t\t\n\t\t\t<div class=\"elementor-author-box__text\">\n\t\t\t\t\n\t\t\t\t\n\t\t\t\t\t\t\t<\/div>\n\t\t<\/div>\n\t\t\t\t\t\t<\/div>\n\t\t\t\t<\/div>\n\t\t\t\t<div class=\"elementor-element elementor-element-9bfd84b elementor-widget__width-initial elementor-widget elementor-widget-author-box\" data-id=\"9bfd84b\" data-element_type=\"widget\" data-widget_type=\"author-box.default\">\n\t\t\t\t<div class=\"elementor-widget-container\">\n\t\t\t\t\t\t\t<div class=\"elementor-author-box\">\n\t\t\t\t\t\t\t<div  class=\"elementor-author-box__avatar\">\n\t\t\t\t\t<img decoding=\"async\" src=\"https:\/\/msofficestore.com\/wp-content\/uploads\/2023\/10\/Group-1000003798.png\" alt=\"Autoren-Profilbild\" loading=\"lazy\">\n\t\t\t\t<\/div>\n\t\t\t\n\t\t\t<div class=\"elementor-author-box__text\">\n\t\t\t\t\n\t\t\t\t\n\t\t\t\t\t\t\t<\/div>\n\t\t<\/div>\n\t\t\t\t\t\t<\/div>\n\t\t\t\t<\/div>\n\t\t\t\t<\/div>\n\t\t\t\t<div class=\"elementor-element elementor-element-312ebf6 elementor-widget elementor-widget-heading\" data-id=\"312ebf6\" data-element_type=\"widget\" data-widget_type=\"heading.default\">\n\t\t\t\t<div class=\"elementor-widget-container\">\n\t\t\t\t\t<h2 class=\"elementor-heading-title elementor-size-default\">Unser Support-Team ist rund um die Uhr f\u00fcr Sie da, um Sie bei technischen Fragen zu unterst\u00fctzen.<\/h2>\t\t\t\t<\/div>\n\t\t\t\t<\/div>\n\t\t\t\t<div class=\"elementor-element elementor-element-f60c76b elementor-mobile-align-center elementor-widget elementor-widget-button\" data-id=\"f60c76b\" data-element_type=\"widget\" data-widget_type=\"button.default\">\n\t\t\t\t<div class=\"elementor-widget-container\">\n\t\t\t\t\t\t\t\t\t<div class=\"elementor-button-wrapper\">\n\t\t\t\t\t<a class=\"elementor-button elementor-button-link elementor-size-sm\" href=\"https:\/\/msofficestore.com\/de\/kontakt\/\">\n\t\t\t\t\t\t<span class=\"elementor-button-content-wrapper\">\n\t\t\t\t\t\t\t\t\t<span class=\"elementor-button-text\">Kontakt<\/span>\n\t\t\t\t\t<\/span>\n\t\t\t\t\t<\/a>\n\t\t\t\t<\/div>\n\t\t\t\t\t\t\t\t<\/div>\n\t\t\t\t<\/div>\n\t\t\t\t<\/div>\n\t\t\t\t<\/div>\n\t\t\t\t\t<\/div>\n\t\t\t\t<\/div>\n\t\t\t\t<\/div>\n\t\t<\/div>\n\t\t\t\t\t\t<\/div>\n\t\t\t\t<\/div>\n\t\t\t\t<div class=\"elementor-element elementor-element-2c68dc3 elementor-widget elementor-widget-html\" data-id=\"2c68dc3\" data-element_type=\"widget\" data-widget_type=\"html.default\">\n\t\t\t\t<div class=\"elementor-widget-container\">\n\t\t\t\t\t<script>function multiBuyVisibilityAction() {\n        let crossSellsFlag = $H2('#con-multi-buy .woocommerce .cross-sells');\n        if (!crossSellsFlag.length) {\n            $H2('#con-multi-buy').css(\"display\", \"none\");\n            $H2('#multi-buy-title-section').css(\"display\", \"none\");\n        }\n        else {\n            $H2('#con-multi-buy').css(\"display\", \"\");\n            $H2('#multi-buy-title-section').css(\"display\", \"\");\n        }\n    }\n    $H2(document).ready(function()\n    {\n        multiBuyVisibilityAction();\n    });\n<\/script>\t\t\t\t<\/div>\n\t\t\t\t<\/div>\n\t\t\t\t\t<\/div>\n\t\t\t\t<\/div>\n\t\t\t\t<\/div>\n\t\t","protected":false},"excerpt":{"rendered":"<p>Ihr Einkaufswagen Remove item Thumbnail image Product Price Quantity Subtotal &times; Windows 10 Professional Retail Version 74,99&nbsp;&euro; Windows 10 Professional Retail Version&nbsp; quantity 199,99&nbsp;&euro; 74,99&nbsp;&euro; Zus\u00e4tzliche Dienstleistungen Mein PC &amp; Leistung beschleunigen 20,00&nbsp;&euro; Add to cart Lebenslanger IT-Support 24\/7 20,00&nbsp;&euro; Add to cart Erweiterte 5-Jahres-Produktgarantie (jeder Kauf gilt nur f\u00fcr ein Produkt) Mehrkauf-Rabatt \u2013 zus\u00e4tzliche [&hellip;]<\/p>\n","protected":false},"author":1,"featured_media":0,"parent":0,"menu_order":0,"comment_status":"closed","ping_status":"closed","template":"","meta":{"_acf_changed":false,"footnotes":""},"class_list":["post-15137","page","type-page","status-publish","hentry"],"acf":[],"_links":{"self":[{"href":"https:\/\/msofficestore.com\/de\/wp-json\/wp\/v2\/pages\/15137","targetHints":{"allow":["GET"]}}],"collection":[{"href":"https:\/\/msofficestore.com\/de\/wp-json\/wp\/v2\/pages"}],"about":[{"href":"https:\/\/msofficestore.com\/de\/wp-json\/wp\/v2\/types\/page"}],"author":[{"embeddable":true,"href":"https:\/\/msofficestore.com\/de\/wp-json\/wp\/v2\/users\/1"}],"replies":[{"embeddable":true,"href":"https:\/\/msofficestore.com\/de\/wp-json\/wp\/v2\/comments?post=15137"}],"version-history":[{"count":13,"href":"https:\/\/msofficestore.com\/de\/wp-json\/wp\/v2\/pages\/15137\/revisions"}],"predecessor-version":[{"id":16430,"href":"https:\/\/msofficestore.com\/de\/wp-json\/wp\/v2\/pages\/15137\/revisions\/16430"}],"wp:attachment":[{"href":"https:\/\/msofficestore.com\/de\/wp-json\/wp\/v2\/media?parent=15137"}],"curies":[{"name":"wp","href":"https:\/\/api.w.org\/{rel}","templated":true}]}}