{"id":15296,"date":"2020-05-05T08:04:31","date_gmt":"2020-05-05T07:04:31","guid":{"rendered":"https:\/\/msofficestore.com\/product\/windows-10-home-retail-version-plus\/"},"modified":"2024-01-13T10:28:33","modified_gmt":"2024-01-13T10:28:33","slug":"windows-10-home-retail-version-plus","status":"publish","type":"product","link":"https:\/\/msofficestore.com\/de\/produkt\/windows-10-home-retail-version-plus\/","title":{"rendered":"Windows 10 Home Retail Version Plus"},"content":{"rendered":"<blockquote>\n<h6 style=\"text-align: center;\">Unser Team ist jederzeit online \u00fcber den <span style=\"color: #ff6600;\"><strong>Live-Chat<\/strong><\/span> erreichbar. Wenn Sie Fragen haben, k\u00f6nnen wir sie in Sekunden beantworten. <span style=\"color: #ff6600;\">Probieren<\/span> Sie es aus.<\/h6>\n<\/blockquote>\n<p><strong>Produktinformationen f\u00fcr die Windows 10 Home Plus Retail-Version<\/strong> (einschlie\u00dflich der zus\u00e4tzlichen zweij\u00e4hrigen Garantie)<\/p>\n<p>Das neue Windows 10 Home Plus-Betriebssystem unterst\u00fctzt sowohl Anf\u00e4nger als auch erfahrene Benutzer in einer &#8222;Heimumgebung&#8220;. Wie seine Vorg\u00e4nger bietet Windows 10 Plus ein erstklassiges Betriebssystem und eine benutzerfreundliche Oberfl\u00e4che. Dar\u00fcber hinaus kann Windows 10 sich an jedes Ger\u00e4t und jede Plattform anpassen, auf der es verwendet wird. Die Systemanforderungen f\u00fcr diese Version entsprechen denen von Windows 7 und 8.1. Dies bedeutet, dass \u00e4ltere Computer das neue Windows 10 Plus ohne Probleme ausf\u00fchren k\u00f6nnen. Wenn Sie einen sofortigen Download des Windows 10-Lizenzschl\u00fcssels mit sofortiger Aktivierung suchen, bestellen Sie ihn jetzt im MS Office Store.<\/p>\n<p><strong>Die erweiterte zweij\u00e4hrige Garantie<\/strong><\/p>\n<p>Unsere erweiterte Garantie bietet Ihnen zus\u00e4tzlichen Service und Schutz, wenn Sie Produkte in unserem Shop kaufen.<\/p>\n<p>Es handelt sich um eine Erweiterung, damit alle zus\u00e4tzlichen Softwareprobleme, die Sie in der Zukunft m\u00f6glicherweise haben, schnell und einfach gel\u00f6st werden k\u00f6nnen. Dies umfasst Softwareprobleme, die jederzeit auftreten k\u00f6nnen. Dies gilt auch f\u00fcr etwaige Softwareprobleme, die jederzeit auftreten k\u00f6nnen.<\/p>\n<p>Beispiele f\u00fcr Probleme, die von der Garantie abgedeckt sind:<\/p>\n<ul>\n<li>Fehler, die durch andere Anwendungen auf Ihrem PC verursacht werden<\/li>\n<li>Probleme, die durch die PC-Servicebereinigung verursacht werden<\/li>\n<li>Probleme bei der Optimierung der PC-Performance<\/li>\n<li>Probleme beim \u00dcbertragen der Produktlizenz auf ein neues Motherboard (nur bei Produkten, die in unserem Shop gekauft wurden)<\/li>\n<\/ul>\n<p>Neue Funktionen von Windows 10 Home Plus<\/p>\n<p>Das Windows 10 Home Plus-Betriebssystem weist einige optische \u00c4nderungen auf und bietet verschiedene neue Funktionen:<\/p>\n<p><strong>Cortana<\/strong>: Ein n\u00fctzlicher pers\u00f6nlicher Assistent, den Sie auf Ihrem Computer nutzen k\u00f6nnen.<\/p>\n<p><strong>Neuer Internetbrowser<\/strong>: Microsoft Edge ist der neue sichere Internetbrowser, der den Internet Explorer ersetzt.<\/p>\n<p><strong>Gesichts- und Fingerabdruckerkennung<\/strong>: Diese Funktion ist auf Ger\u00e4ten verf\u00fcgbar, die sie unterst\u00fctzen.<\/p>\n<p><strong>Continuum<\/strong>: F\u00fcr den Tablet-Modus auf Touch-Ger\u00e4ten.<\/p>\n<p><strong>Windows Holographic<\/strong>: Diese Anwendungsplattform ist f\u00fcr die HoloLens-Datenbrillen.<\/p>\n<p><strong>Programme und Spiele<\/strong><\/p>\n<p>Windows 10 Home Plus enth\u00e4lt alle Funktionen, die Sie erwarten w\u00fcrden, einschlie\u00dflich Video- und Fotoprogramme, Kalender, E-Mail und Musik. Diese Version von Windows enth\u00e4lt auch eine neue innovative Technologie namens DirectX 12, die eine bessere Grafik f\u00fcr Spiele bietet. Alle Xbox One-Spiele im Heimnetzwerk erhalten ebenfalls einen Leistungsschub, der Streaming und Spielen erm\u00f6glicht.<\/p>\n<p><strong>Aktualisierte Funktionen<\/strong><\/p>\n<p>Wenn Sie Windows 10 Home Plus verwenden, werden Sie ein neues Startmen\u00fc bemerken, das jetzt ein gekachelter Bereich ist. Jede Kachel wird eine individuelle Funktion haben. Der Desktop verf\u00fcgt au\u00dferdem \u00fcber neue und aktualisierte Funktionen, die es Ihnen erm\u00f6glichen, mehrere virtuelle Desktops f\u00fcr verschiedene Bereiche zu verwenden.<\/p>\n<p><strong>Digitale Zustellung<\/strong><\/p>\n<p>Unsere Produkte werden ausschlie\u00dflich digital geliefert. Das bedeutet, dass Ihnen kein Datentr\u00e4ger oder Installationsmedium per Post zugeschickt wird.<\/p>\n<p>&nbsp;<\/p>\n","protected":false},"excerpt":{"rendered":"<p><strong>Die Einzelhandelsversion von Windows 10 Home Plus wird mit einer zus\u00e4tzlichen zweij\u00e4hrigen Garantie geliefert<\/strong><\/p>\n<ul>\n<li><strong>Produkt-Informationen:<\/strong> 32 &amp; 64 Bit Retail-Versionen, Windows 10 ist ein Betriebssystem<strong>(Office NICHT enthalten und muss separat bestellt werden<\/strong>)<\/li>\n<li><strong>Hersteller<\/strong>: Microsoft <strong>(<\/strong><strong>(Windows ist nicht kompatibel mit Chromebook oder Windows 10 Pro oder Enterprise<\/strong><strong>)<\/strong><\/li>\n<li><strong>Status<\/strong>: Lizenz ist nur f\u00fcr 1 PC &#8211; F\u00fcr Gro\u00dfeink\u00e4ufe, kontaktieren Sie uns bitte im Online-Chat<\/li>\n<li><strong>Lieferung<\/strong>: Nach dem Kauf erhalten Sie einen sofortigen digitalen Download und einen digitalen Lizenzschl\u00fcssel.<\/li>\n<li><strong>Lebenslang<\/strong>: Einmal zahlen f\u00fcr eine lebenslange Lizenz<\/li>\n<li><strong>Sprache<\/strong>: Dieses Produkt ist global und funktioniert in jedem Land, alle Sprachen sind verf\u00fcgbar<\/li>\n<li><strong>Einrichtung<\/strong>: Live-Einrichtungshilfe<\/li>\n<li><strong>Garantie<\/strong>: Jeder Kauf wird mit einer Garantie geliefert: Wenn unser Team Ihren Kauf nicht aktivieren kann, erhalten Sie Ihr Geld zur\u00fcck.<\/li>\n<\/ul>\n","protected":false},"featured_media":15204,"comment_status":"open","ping_status":"closed","template":"","meta":{"_acf_changed":false},"product_brand":[],"product_cat":[53,52,54],"product_tag":[55],"class_list":{"0":"post-15296","1":"product","2":"type-product","3":"status-publish","4":"has-post-thumbnail","6":"product_cat-microsoft-windows-10","7":"product_cat-windows-de","8":"product_cat-windows-fur-den-personlichen-gebrauch","9":"product_tag-windows-10-startseite","11":"first","12":"instock","13":"sale","14":"featured","15":"taxable","16":"shipping-taxable","17":"purchasable","18":"product-type-simple"},"acf":[],"_links":{"self":[{"href":"https:\/\/msofficestore.com\/de\/wp-json\/wp\/v2\/product\/15296","targetHints":{"allow":["GET"]}}],"collection":[{"href":"https:\/\/msofficestore.com\/de\/wp-json\/wp\/v2\/product"}],"about":[{"href":"https:\/\/msofficestore.com\/de\/wp-json\/wp\/v2\/types\/product"}],"replies":[{"embeddable":true,"href":"https:\/\/msofficestore.com\/de\/wp-json\/wp\/v2\/comments?post=15296"}],"wp:featuredmedia":[{"embeddable":true,"href":"https:\/\/msofficestore.com\/de\/wp-json\/wp\/v2\/media\/15204"}],"wp:attachment":[{"href":"https:\/\/msofficestore.com\/de\/wp-json\/wp\/v2\/media?parent=15296"}],"wp:term":[{"taxonomy":"product_brand","embeddable":true,"href":"https:\/\/msofficestore.com\/de\/wp-json\/wp\/v2\/product_brand?post=15296"},{"taxonomy":"product_cat","embeddable":true,"href":"https:\/\/msofficestore.com\/de\/wp-json\/wp\/v2\/product_cat?post=15296"},{"taxonomy":"product_tag","embeddable":true,"href":"https:\/\/msofficestore.com\/de\/wp-json\/wp\/v2\/product_tag?post=15296"}],"curies":[{"name":"wp","href":"https:\/\/api.w.org\/{rel}","templated":true}]}}