{"id":15300,"date":"2021-12-11T11:07:00","date_gmt":"2021-12-11T11:07:00","guid":{"rendered":"https:\/\/msofficestore.com\/product\/mac-office-2021-home-und-business-fuer-mac-retail\/"},"modified":"2024-01-14T08:47:51","modified_gmt":"2024-01-14T08:47:51","slug":"mac-office-2021-home-und-business-fuer-mac-retail","status":"publish","type":"product","link":"https:\/\/msofficestore.com\/de\/produkt\/mac-office-2021-home-und-business-fuer-mac-retail\/","title":{"rendered":"Mac Office 2021 Home und Business f\u00fcr Mac Einzelhandel"},"content":{"rendered":"<p><strong>Office 2021 Home and Business f\u00fcr Mac<\/strong> ist die perfekte L\u00f6sung f\u00fcr kleine Unternehmen, die Zeit und Geld f\u00fcr ihren B\u00fcrobedarf sparen wollen, mit Funktionen, die speziell auf Unternehmer zugeschnitten sind.<br \/>\nDiese neue Ausgabe von Microsoft Office wurde von F\u00fchrungskr\u00e4ften entwickelt, die mit den Anforderungen an ein eigenes Unternehmen vertraut sind. Sie hilft Ihnen, Aufgaben wie die Rechnungsstellung oder die Planung von Besprechungen zu vereinfachen, und bietet gleichzeitig alle wichtigen Softwareprogramme wie Word und Excel, die f\u00fcr jede moderne Arbeitsumgebung erforderlich sind.<br \/>\nOffice 2021 bietet eine hervorragende M\u00f6glichkeit, von \u00fcberall auf der Welt auf Ihre Tools zuzugreifen. Mit der Home &amp; Business Edition von Office 2021 k\u00f6nnen Sie effizienter als je zuvor arbeiten.<\/p>\n<p><img decoding=\"async\" src=\"https:\/\/eu.keysworlds.com\/media\/wysiwyg\/microsoft-office-icons.jpeg\" alt=\"Office Home und Business 2021 f\u00fcr Mac Schl\u00fcssel \" width=\"70%\"><\/p>\n<p><strong>Microsoft Word 2021 f\u00fcr Mac<\/strong><\/p>\n<p>Die Textverarbeitungssoftware, die Sie so gerne f\u00fcr Aufs\u00e4tze und Dokumente verwenden, ist wieder da, aber dieses Mal besser als je zuvor. Mit neuen Funktionen, die das Schreiben von Texten in jeder Situation &#8211; egal ob Schularbeiten oder Hausaufgaben &#8211; erleichtern, wurde Ihre Lieblingsapp um einige coole Tricks erweitert!<\/p>\n<p><strong>Microsoft Excel 2021 f\u00fcr Mac<\/strong><\/p>\n<p>Microsoft Excel 2021 ist die umfassendste und benutzerfreundlichste Tabellenkalkulationsanwendung auf dem heutigen Markt. Verbessern Sie Ihre Datenanalysef\u00e4higkeiten mit all diesen neuen Funktionen, die speziell f\u00fcr Leute wie Sie entwickelt wurden!<\/p>\n<p><strong>Microsoft PowerPoint 2021 f\u00fcr Mac<\/strong><\/p>\n<p>PowerPoint 2021 eignet sich perfekt f\u00fcr alle, die ansprechende Pr\u00e4sentationen erstellen und diese auf eine Weise weitergeben m\u00f6chten, die mehr Aufmerksamkeit erregt als zuvor. Mit den von Microsoft selbst vorgenommenen Verbesserungen und neu hinzugef\u00fcgten Funktionen k\u00f6nnen Sie nichts falsch machen!<\/p>\n<p><strong>Microsoft Outlook 2021 f\u00fcr Mac<\/strong><\/p>\n<p>Fokussiert. Organisiert. Reaktionsf\u00e4hig. E-Mails sind das R\u00fcckgrat eines erfolgreichen Unternehmens. Sie m\u00fcssen sie gut \u00fcberblicken k\u00f6nnen und auch unterwegs Zugriff darauf haben! Outlook 2021 verbessert alle Aspekte des E-Mail-Versands, einschlie\u00dflich Formatierung, Kontakte und Anh\u00e4nge. Es ist f\u00fcr Sie oder Ihr Unternehmen einfacher als je zuvor, Kunden oder Mitarbeiter mit Outlook 2021 zu erreichen.<\/p>\n<p>&nbsp;<\/p>\n<div class=\"indexes__Attribute-sc-1ko3ckw-126 indexes__AttributeHeader-sc-1ko3ckw-127 dfwZPk gQQziy\">\n<div class=\"indexes__AttributeWrapper-sc-1ko3ckw-125 jESmsE\">\n<p><strong>Minimale Anforderungen:<\/strong><\/p>\n<\/div>\n<\/div>\n<div class=\"indexes__Attribute-sc-1ko3ckw-126 fHMqTl\">\n<div class=\"indexes__AttributeWrapper-sc-1ko3ckw-125 jESmsE\">\n<p class=\"indexes__Name-sc-1ko3ckw-128 gjAYPp\"><strong>PROZESSOR<\/strong><\/p>\n<p class=\"indexes__Value-sc-1ko3ckw-129 cXIynk\">1,6 GHz, 2-Kern-Prozessor\/aktuelles macOS<\/p>\n<\/div>\n<\/div>\n<div class=\"indexes__Attribute-sc-1ko3ckw-126 gLWeDO\">\n<div class=\"indexes__AttributeWrapper-sc-1ko3ckw-125 jESmsE\">\n<p class=\"indexes__Name-sc-1ko3ckw-128 gjAYPp\"><strong>GRAFIKEN<\/strong><\/p>\n<p class=\"indexes__Value-sc-1ko3ckw-129 cXIynk\">Anzeige 1280 x 800 f\u00fcr Mac<\/p>\n<\/div>\n<\/div>\n<div class=\"indexes__Attribute-sc-1ko3ckw-126 jolvHP\">\n<div class=\"indexes__AttributeWrapper-sc-1ko3ckw-125 jESmsE\">\n<p class=\"indexes__Name-sc-1ko3ckw-128 gjAYPp\"><strong>SPEICHER<\/strong><\/p>\n<p class=\"indexes__Value-sc-1ko3ckw-129 cXIynk\">4 GB RAM<\/p>\n<\/div>\n<\/div>\n<div class=\"indexes__Attribute-sc-1ko3ckw-126 jHccqQ\">\n<div class=\"indexes__AttributeWrapper-sc-1ko3ckw-125 jESmsE\">\n<p class=\"indexes__Name-sc-1ko3ckw-128 gjAYPp\"><strong>SPEICHERPLATZ<\/strong><\/p>\n<p class=\"indexes__Value-sc-1ko3ckw-129 cXIynk\">4 GB verf\u00fcgbarer Speicherplatz<\/p>\n<\/div>\n<\/div>\n<div class=\"indexes__Attribute-sc-1ko3ckw-126 TVJVV\">\n<div class=\"indexes__AttributeWrapper-sc-1ko3ckw-125 jESmsE\">\n<p class=\"indexes__Name-sc-1ko3ckw-128 gjAYPp\"><strong>SYSTEM<\/strong><\/p>\n<p class=\"indexes__Value-sc-1ko3ckw-129 cXIynk\">Mac OS<\/p>\n<\/div>\n<\/div>\n<div class=\"indexes__Attribute-sc-1ko3ckw-126 fSVnKq\">\n<div class=\"indexes__AttributeWrapper-sc-1ko3ckw-125 jESmsE\">\n<p class=\"indexes__Name-sc-1ko3ckw-128 gjAYPp\"><strong>ANDERE<\/strong><\/p>\n<p class=\"indexes__Value-sc-1ko3ckw-129 cXIynk\">Zus\u00e4tzliche Systemanforderungen: Internetzugang Microsoft-Konto<\/p>\n<\/div>\n<\/div>\n","protected":false},"excerpt":{"rendered":"<ul>\n<li>Office Home and Business 2021 Retail Version<\/li>\n<li>Der Download ist sofort nach dem Kauf verf\u00fcgbar &#8211; ein Aktivierungscode wird per E-Mail zugestellt<\/li>\n<li>Mit einer Zahlung erhalten Sie eine Lizenz auf Lebenszeit<\/li>\n<li>Neue Lizenz f\u00fcr 1 Mac-Ger\u00e4t &#8211; Wenn Sie mehrere Lizenzen kaufen m\u00f6chten, kontaktieren Sie uns im Live-Chat<\/li>\n<li>Erfordert macOS 11 (Big Sur) oder h\u00f6her zum Funktionieren<\/li>\n<li>Enth\u00e4lt die 2021er Versionen der klassischen Office-Anwendungen wie Word, PowerPoint, Excel und Outlook. Diese sind f\u00fcr die private und gewerbliche Nutzung lizenziert<\/li>\n<li>Jeder Kauf wird durch unsere 100%ige Produktzufriedenheitsgarantie abgedeckt. Wenn das MS Office Store-Team Ihren Kauf nicht aktivieren kann, erhalten Sie Ihr Geld zur\u00fcck.<\/li>\n<\/ul>\n","protected":false},"featured_media":15189,"comment_status":"closed","ping_status":"closed","template":"","meta":{"_acf_changed":false},"product_brand":[],"product_cat":[58,59],"product_tag":[],"class_list":{"0":"post-15300","1":"product","2":"type-product","3":"status-publish","4":"has-post-thumbnail","6":"product_cat-microsoft-buro","7":"product_cat-microsoft-office-fur-mac","9":"first","10":"instock","11":"sale","12":"taxable","13":"shipping-taxable","14":"purchasable","15":"product-type-simple"},"acf":[],"_links":{"self":[{"href":"https:\/\/msofficestore.com\/de\/wp-json\/wp\/v2\/product\/15300","targetHints":{"allow":["GET"]}}],"collection":[{"href":"https:\/\/msofficestore.com\/de\/wp-json\/wp\/v2\/product"}],"about":[{"href":"https:\/\/msofficestore.com\/de\/wp-json\/wp\/v2\/types\/product"}],"replies":[{"embeddable":true,"href":"https:\/\/msofficestore.com\/de\/wp-json\/wp\/v2\/comments?post=15300"}],"wp:featuredmedia":[{"embeddable":true,"href":"https:\/\/msofficestore.com\/de\/wp-json\/wp\/v2\/media\/15189"}],"wp:attachment":[{"href":"https:\/\/msofficestore.com\/de\/wp-json\/wp\/v2\/media?parent=15300"}],"wp:term":[{"taxonomy":"product_brand","embeddable":true,"href":"https:\/\/msofficestore.com\/de\/wp-json\/wp\/v2\/product_brand?post=15300"},{"taxonomy":"product_cat","embeddable":true,"href":"https:\/\/msofficestore.com\/de\/wp-json\/wp\/v2\/product_cat?post=15300"},{"taxonomy":"product_tag","embeddable":true,"href":"https:\/\/msofficestore.com\/de\/wp-json\/wp\/v2\/product_tag?post=15300"}],"curies":[{"name":"wp","href":"https:\/\/api.w.org\/{rel}","templated":true}]}}