{"id":15302,"date":"2021-12-10T07:58:09","date_gmt":"2021-12-10T07:58:09","guid":{"rendered":"https:\/\/msofficestore.com\/product\/windows-11-professional-retail-version\/"},"modified":"2024-01-14T07:57:36","modified_gmt":"2024-01-14T07:57:36","slug":"windows-11-professional-retail-version","status":"publish","type":"product","link":"https:\/\/msofficestore.com\/de\/produkt\/windows-11-professional-retail-version\/","title":{"rendered":"Windows 11 Professional Retail Version"},"content":{"rendered":"<blockquote>\n<h6 style=\"text-align: center;\">Unser Team ist jederzeit online \u00fcber den <span style=\"color: #ff6600;\"><strong>Live-Chat<\/strong><\/span> erreichbar. Wenn Sie Fragen haben, k\u00f6nnen wir sie in Sekunden beantworten. <span style=\"color: #ff6600;\">Probieren<\/span> Sie es aus.<\/h6>\n<\/blockquote>\n<p><strong>Werfen Sie einen Blick auf die Produktinformationen f\u00fcr Windows 11 Pro<\/strong><\/p>\n<p>In einer Zeit, in der der PC eine immer zentralere Rolle in unserem Leben spielt, wurde Windows 11 entwickelt, um Sie n\u00e4her an das heranzubringen, was Sie lieben. Windows 11 verf\u00fcgt \u00fcber benutzerfreundliche Tools, mit denen Sie Ihren Bildschirmplatz optimieren und Ihre Produktivit\u00e4t maximieren k\u00f6nnen. Kombinieren Sie das mit Office 2019 Professional und nichts wird Sie davon abhalten, Ihre Aufgaben zu erledigen.<\/p>\n<p><strong class=\"x-hidden-focus\">Neu gestaltet f\u00fcr Produktivit\u00e4t, Kreativit\u00e4t und Benutzerfreundlichkeit<\/strong><\/p>\n<p><strong class=\"x-hidden-focus\">Ein schnellerer Weg, mit den Menschen in Kontakt zu treten, die Ihnen wichtig sind<\/strong><\/p>\n<p class=\"c-paragraph-3\">Mit dem Chat von Microsoft Teams k\u00f6nnen Sie (kostenlos) jeden erreichen, wie Sie m\u00f6chten (Anruf, Chat, Text, Video), direkt von Ihrem Desktop aus.<\/p>\n<p><img decoding=\"async\" src=\"https:\/\/img-prod-cms-rt-microsoft-com.akamaized.net\/cms\/api\/am\/imageFileData\/RWDeEK?ver=e1e6&amp;q=90&amp;m=2&amp;h=768&amp;w=1024&amp;b=%23FFFFFFFF&amp;aim=true\" alt=\"Videokonferenzen, Meetings, Anrufe | Microsoft Teams\"><\/p>\n<p><strong class=\"x-hidden-focus\">Das bisher beste PC-Spielerlebnis<\/strong><\/p>\n<p>Wenn Sie ein Gamer sind, ist Windows 11 wie f\u00fcr Sie gemacht. Spiele waren schon immer ein wesentlicher Bestandteil von Windows. Heute spielen Hunderte von Millionen Menschen auf der ganzen Welt mit Windows und finden durch das Spielen Freude und Verbundenheit mit ihren Lieben und Freunden. Windows 11 sch\u00f6pft das volle Potenzial der Hardware Ihres Systems aus und setzt einige der neuesten Spieltechnologien f\u00fcr Sie ein. Zum Beispiel: DirectX 12 Ultimate, das atemberaubende Grafiken bei hohen Bildraten erm\u00f6glicht; DirectStorage f\u00fcr schnellere Ladezeiten und detailliertere Spielwelten; und Auto HDR f\u00fcr ein breiteres, lebendigeres Farbspektrum f\u00fcr ein wirklich fesselndes visuelles Erlebnis.<\/p>\n<p><strong class=\"x-hidden-focus\">Ein schnellerer Weg zu den Informationen, die Sie interessieren<\/strong><\/p>\n<p>Windows 11 bringt Sie schneller zu den Nachrichten und Informationen, die Ihnen wichtig sind, mit Widgets &#8211; einem neuen personalisierten Feed, der von KI und der erstklassigen Browserleistung von Microsoft Edge unterst\u00fctzt wird.<\/p>\n<p><strong class=\"x-hidden-focus\">Ein v\u00f6llig neuer Microsoft Store, in dem Ihre Lieblingsanwendungen und -unterhaltung zusammenkommen<br \/>\n<\/strong><br \/>\nDer neue Microsoft Store ist Ihre zentrale Anlaufstelle f\u00fcr Apps und Inhalte zum Ansehen, Erstellen, Spielen, Arbeiten und Lernen. Er wurde im Hinblick auf Geschwindigkeit und mit einem v\u00f6llig neuen Design \u00fcberarbeitet, das sch\u00f6n und einfach zu bedienen ist.<\/p>\n<p><strong class=\"\">Schneller, sicherer und vertrauter<\/strong><\/p>\n<p>Windows 11 basiert auf der konsistenten, kompatiblen und vertrauten Grundlage von Windows 10, die Sie kennen.<br \/>\nWindows 11 ist auch von Haus aus sicher, mit neuen integrierten Sicherheitstechnologien, die Schutz vom Chip bis zur Cloud bieten und gleichzeitig Produktivit\u00e4t und neue Erfahrungen erm\u00f6glichen. Windows 11 bietet ein Zero Trust-f\u00e4higes Betriebssystem zum Schutz von Daten und zum ger\u00e4te\u00fcbergreifenden Zugriff.<\/p>\n<p><strong>Kompatibilit\u00e4t und Anforderungen<\/strong><\/p>\n<p>Wenden Sie sich bitte an unseren Support, um zu pr\u00fcfen, ob Ihr Ger\u00e4t mit Windows 11 kompatibel ist und die Anforderungen erf\u00fcllt.<\/p>\n<p><strong>Sofortige Lieferung<\/strong><\/p>\n<p>Die Produkte im MS Office Store werden nur digital geliefert. Sie erhalten weder einen Datentr\u00e4ger noch ein Installationsmedium per Post zugeschickt.<\/p>\n","protected":false},"excerpt":{"rendered":"<ul>\n<li>\n<h6><strong><strong style=\"color: #ff6600; font-size: 18px; text-align: right;\">Vergewissern Sie sich vor der Bestellung des Produkts beim Support \u00fcber die Kompatibilit\u00e4t.<\/strong><br \/>\n<\/strong><\/h6>\n<\/li>\n<li><strong>Produkt-Informationen:<\/strong> 64 Bit Retail-Versionen, Windows 11 ist ein Betriebssystem (<strong style=\"font-size: 1.1em;\"><strong style=\"color: #ff6600; font-size: 18px; text-align: center;\">Office ist NICHT enthalten und muss separat bestellt werden<\/strong><\/strong><span style=\"font-size: 1.1em; font-weight: bold;\">)<\/span><\/li>\n<li><strong>Hersteller<\/strong>: Microsoft <strong>(<strong style=\"color: #ff6600; font-size: 18px; text-align: center;\">Windows ist nicht mit Chromebook kompatibel<\/strong>)<\/strong><\/li>\n<li><strong>Nicht kompatibel<\/strong> mit Intel MAC<\/li>\n<li><strong>Status<\/strong>: Neue Lizenz f\u00fcr 1 PC &#8211; F\u00fcr Gro\u00dfeink\u00e4ufe, kontaktieren Sie uns im Live-Chat<\/li>\n<li><strong>Lieferung<\/strong>: Der Download ist sofort nach dem Kauf verf\u00fcgbar. Sie erhalten eine Lizenz und Anweisungen per E-Mail<\/li>\n<li><strong>Lebenslang<\/strong>: Mit einer Zahlung erhalten Sie eine Lizenz auf Lebenszeit<\/li>\n<li><strong>Sprache<\/strong>: Dieses Produkt ist global und funktioniert in jedem Land, alle Sprachen sind verf\u00fcgbar<\/li>\n<li><strong>Einrichtung<\/strong>: Live-Unterst\u00fctzung bei der Einrichtung<\/li>\n<li><strong>Garantie<\/strong>: Jeder Kauf ist durch unsere 100%ige Produktzufriedenheitsgarantie gedeckt. Wenn das MS Office Store-Team Ihren Kauf nicht aktivieren kann, erhalten Sie Ihr Geld zur\u00fcck.<\/li>\n<\/ul>\n","protected":false},"featured_media":15177,"comment_status":"closed","ping_status":"closed","template":"","meta":{"_acf_changed":false},"product_brand":[],"product_cat":[56,52,54],"product_tag":[],"class_list":{"0":"post-15302","1":"product","2":"type-product","3":"status-publish","4":"has-post-thumbnail","6":"product_cat-microsoft-windows-11-de","7":"product_cat-windows-de","8":"product_cat-windows-fur-den-personlichen-gebrauch","10":"first","11":"instock","12":"sale","13":"taxable","14":"shipping-taxable","15":"purchasable","16":"product-type-simple"},"acf":[],"_links":{"self":[{"href":"https:\/\/msofficestore.com\/de\/wp-json\/wp\/v2\/product\/15302","targetHints":{"allow":["GET"]}}],"collection":[{"href":"https:\/\/msofficestore.com\/de\/wp-json\/wp\/v2\/product"}],"about":[{"href":"https:\/\/msofficestore.com\/de\/wp-json\/wp\/v2\/types\/product"}],"replies":[{"embeddable":true,"href":"https:\/\/msofficestore.com\/de\/wp-json\/wp\/v2\/comments?post=15302"}],"wp:featuredmedia":[{"embeddable":true,"href":"https:\/\/msofficestore.com\/de\/wp-json\/wp\/v2\/media\/15177"}],"wp:attachment":[{"href":"https:\/\/msofficestore.com\/de\/wp-json\/wp\/v2\/media?parent=15302"}],"wp:term":[{"taxonomy":"product_brand","embeddable":true,"href":"https:\/\/msofficestore.com\/de\/wp-json\/wp\/v2\/product_brand?post=15302"},{"taxonomy":"product_cat","embeddable":true,"href":"https:\/\/msofficestore.com\/de\/wp-json\/wp\/v2\/product_cat?post=15302"},{"taxonomy":"product_tag","embeddable":true,"href":"https:\/\/msofficestore.com\/de\/wp-json\/wp\/v2\/product_tag?post=15302"}],"curies":[{"name":"wp","href":"https:\/\/api.w.org\/{rel}","templated":true}]}}