{"id":15305,"date":"2021-04-07T16:18:33","date_gmt":"2021-04-07T15:18:33","guid":{"rendered":"https:\/\/msofficestore.com\/product\/kaspersky-endpoint-security-for-business-advanced\/"},"modified":"2024-01-14T10:23:14","modified_gmt":"2024-01-14T10:23:14","slug":"kaspersky-endpoint-security-for-business-advanced","status":"publish","type":"product","link":"https:\/\/msofficestore.com\/de\/produkt\/kaspersky-endpoint-security-for-business-advanced\/","title":{"rendered":"Kaspersky Endpoint Security f\u00fcr Unternehmen ADVANCED"},"content":{"rendered":"<div class=\"ProductOverview-module--overview--368Hj\">\n<div class=\"ProductOverview-module--text--hNopD\">\n<div class=\"ProductOverview-module--summary--2yJbk\">\n<div class=\"FormattedHTMLContent-module--host--2o1Qf ProductOverview-module--summaryStyle--256oV\">\n<p><span style=\"font-weight: 400;\">Ihr Unternehmen ist auf sensible Daten angewiesen, die sicher und geheim gehalten werden m\u00fcssen. Aus diesem Grund sichert diese Software jeden Endpunkt und mehr. Adaptive Security kann fortgeschrittene Bedrohungen erkennen. Die Serverh\u00e4rtung wird den Schutz durch zus\u00e4tzliche Anwendungen und Web- und Ger\u00e4tekontrollen erh\u00f6hen. Dies wird den Diebstahl von Finanz- und Unternehmensdaten verhindern. <\/span><\/p>\n<p><span style=\"font-weight: 400;\">Diese erweiterte Schutzstufe bietet alle Funktionen, die in Kaspersky Endpoint Security for Business Select enthalten sind. Au\u00dferdem erhalten Sie Zugang zu weiteren Technologien, die Ihr Unternehmen noch besser sch\u00fctzen. <\/span><\/p>\n<p><b>Schutz f\u00fcr bis zu 150 Desktops und Server kann eingegeben werden<\/b><\/p>\n<\/div>\n<\/div>\n<\/div>\n<\/div>\n<div class=\"ProductOverview-module--buyblock--53uPb\">\n<div data-at-selector=\"buy-block\" data-at-bb-title=\"Kaspersky Endpoint Security for Business Advanced\">\n<div>\n<div class=\"BuyBlockOverview-module--block--2jwuv\">\n<div class=\"BuyBlockOverview-module--top--1wpeC\">\n<div>\n<div class=\"LicenseParameters-module--item--3rTfQ\">\n<div class=\"InteractiveElement-module--container--2mLIY\"><\/div>\n<\/div>\n<\/div>\n<\/div>\n<\/div>\n<\/div>\n<\/div>\n<\/div>\n<div class=\"LicenseParameters-module--item--3rTfQ\">\n<div class=\"InteractiveElement-module--container--2mLIY\">\n<div class=\"InteractiveElement-module--fakeBorder--1fhMu InteractiveElement-module--injectNewDesign--1haXb\"><\/div>\n<\/div>\n<\/div>\n<div data-at-selector-plugin-name=\"@kl\/content\/ProductArticles\" data-at-selector-content-key=\"endpointAdvanced\">\n<div data-at-selector=\"product-articles\">\n<div class=\"ProductArticles-module--item--2EyuC\">\n<div class=\"ProductArticles-module--wrapper--YSbAb\">\n<div class=\"ProductArticles-module--data--3ctmp\">\n<div class=\"ProductArticles-module--image--1oxZH\"><img decoding=\"async\" src=\"https:\/\/www.kaspersky.com\/content\/en-global\/images\/smb\/image096.png\"><\/div>\n<div class=\"ProductArticles-module--textWrapper--2Pqxo\">\n<p><b>Diese Software verf\u00fcgt \u00fcber erweiterte Steuerelemente<\/b><\/p>\n<p><span style=\"font-weight: 400;\">Kaspersky Endpoint Security Advanced sucht und findet alle Schwachstellen. Dann wendet es den neuesten Patch an, um zu verhindern, dass Einbruchspunkte ein Problem verursachen. Au\u00dferdem k\u00f6nnen Sie damit kontrollieren, welche Anwendungen auf Ihren Servern ausgef\u00fchrt werden k\u00f6nnen. Abgerundet wird das Ganze durch unternehmensgerechte Web- und Ger\u00e4tekontrollen und eine einzige, einfache Sicherheitsmanagement-Konsole.<\/span><\/p>\n<\/div>\n<\/div>\n<\/div>\n<\/div>\n<div class=\"ProductArticles-module--item--2EyuC\">\n<div class=\"ProductArticles-module--wrapper--YSbAb\">\n<div class=\"ProductArticles-module--data--3ctmp\">\n<div class=\"ProductArticles-module--image--1oxZH ProductArticles-module--imageRight--JMHKZ\"><img decoding=\"async\" src=\"https:\/\/www.kaspersky.com\/content\/en-global\/images\/smb\/KESB-Advanced.png\"><\/div>\n<div class=\"ProductArticles-module--textWrapper--2Pqxo\">\n<p><b>Die Sicherheit, die sich f\u00fcr jeden anpasst<\/b><\/p>\n<p><span style=\"font-weight: 400;\">Endpoint Advanced bietet sowohl Erkennungs- als auch Reaktionsm\u00f6glichkeiten. Es kann ungew\u00f6hnliches Verhalten erkennen und Ransomware automatisch finden und beseitigen. Es wird auch nach l\u00e4stigen dateilosen Bedrohungen gesucht, die g\u00e4ngige Verhaltensweisen wie die Ausf\u00fchrung von PowerShell-Skripten kopieren.<\/span><\/p>\n<\/div>\n<\/div>\n<\/div>\n<\/div>\n<div class=\"ProductArticles-module--item--2EyuC\">\n<div class=\"ProductArticles-module--wrapper--YSbAb\">\n<div class=\"ProductArticles-module--data--3ctmp\">\n<div class=\"ProductArticles-module--image--1oxZH\"><img decoding=\"async\" src=\"https:\/\/www.kaspersky.com\/content\/en-global\/images\/smb\/KESB-Advanced2.png\"><\/div>\n<div class=\"ProductArticles-module--textWrapper--2Pqxo\">\n<p><b>Zus\u00e4tzlicher Schutz f\u00fcr Daten und Server<\/b><\/p>\n<p><span style=\"font-weight: 400;\">Das Sicherheitspaket f\u00fcr Windows Server und Linux wurde speziell f\u00fcr Anwendungs- und Terminalserver entwickelt. Es verwendet Verschl\u00fcsselungsfunktionen, die Kunden- und Unternehmensdaten sch\u00fctzen, sodass Sie alle Ihre Compliance-Ziele einschlie\u00dflich GDPR erf\u00fcllen k\u00f6nnen. Sie erhalten au\u00dferdem eine in das Betriebssystem integrierte Firewall und Verschl\u00fcsselungsverwaltung. <\/span><\/p>\n<\/div>\n<\/div>\n<\/div>\n<\/div>\n<div class=\"ProductArticles-module--item--2EyuC\">\n<div class=\"ProductArticles-module--wrapper--YSbAb\">\n<div class=\"ProductArticles-module--data--3ctmp\">\n<div class=\"ProductArticles-module--image--1oxZH ProductArticles-module--imageRight--JMHKZ\"><img decoding=\"async\" src=\"https:\/\/www.kaspersky.com\/content\/en-global\/images\/smb\/KESB-Advanced3.png\"><\/div>\n<div class=\"ProductArticles-module--textWrapper--2Pqxo\">\n<p><b>Einfache Systemverwaltung<\/b><\/p>\n<p><span style=\"font-weight: 400;\">Sparen Sie Zeit, wenn Sie ein neues System einf\u00fchren oder bestehende Systeme aktualisieren m\u00fcssen. Mit diesem Paket werden bestimmte Softwareaufgaben wie das Erstellen, Speichern und Klonen von Systemabbildern automatisiert. <\/span><\/p>\n<\/div>\n<\/div>\n<\/div>\n<\/div>\n<div class=\"ProductArticles-module--item--2EyuC\">\n<div class=\"ProductArticles-module--wrapper--YSbAb\">\n<div class=\"ProductArticles-module--data--3ctmp\">\n<div class=\"ProductArticles-module--image--1oxZH\"><img decoding=\"async\" src=\"https:\/\/www.kaspersky.com\/content\/en-global\/images\/smb\/KESB-Advanced4.png\"><\/div>\n<div class=\"ProductArticles-module--textWrapper--2Pqxo\">\n<p><b>Kaspersky hat eine un\u00fcbertroffene Transparenz<\/b><\/p>\n<p><span style=\"font-weight: 400;\">Kaspersky ist f\u00fchrend in Sachen Transparenz, Datensouver\u00e4nit\u00e4t und Neutralit\u00e4t. Die Kerndaten werden in der geopolitisch neutralen Schweiz verarbeitet. Hier \u00fcberpr\u00fcfen ihre vertrauensw\u00fcrdigen Partner ihren Quellcode.<\/span><\/p>\n<\/div>\n<\/div>\n<\/div>\n<\/div>\n<\/div>\n<\/div>\n<div data-at-selector-plugin-name=\"@kl\/content\/VSBLayerOfProtection\" data-at-selector-content-key=\"endpointAdvanced\">\n<section class=\"Container-module--wideContainer--yxmpt Container-module--container--325Qu\" data-at-selector=\"layer-of-protection\">\n<div class=\"LayerOfProtection-module--blockTitle--15ax3\"><b>Kaspersky Endpoint Security for Business ADVANCED ist die beste Wahl<\/b><\/div>\n<div class=\"LayerOfProtection-module--items--LmaDV\">\n<div class=\"LayerOfProtection-module--item--2Y7x-\">\n<div class=\"LayerOfProtection-module--image--39zUP\"><img decoding=\"async\" src=\"https:\/\/www.kaspersky.com\/content\/en-global\/images\/icons\/KESB-icon11.png\" alt=\"Endpunktsicherheit passt sich an neue Bedrohungen an\"><\/div>\n<div>\n<div class=\"LayerOfProtection-module--title--1bg15\"><span style=\"font-weight: 400;\">Es wurde weiterentwickelt, um neue Bedrohungen zu bek\u00e4mpfen &#8211; Kaspersky ist f\u00fchrend, wenn es um Innovation geht. Sie haben mehr moderne und fortschrittliche Bedrohungen erkannt als alle anderen Wettbewerber. Die Sicherheit wird sich auch daran anpassen, ob Sie vor Ort sind oder die IT ausgelagert ist.<\/span><\/div>\n<\/div>\n<\/div>\n<div class=\"LayerOfProtection-module--item--2Y7x-\">\n<div class=\"LayerOfProtection-module--image--39zUP\"><img decoding=\"async\" src=\"https:\/\/www.kaspersky.com\/content\/en-global\/images\/icons\/KESB-icon2.png\" alt=\"\u00dcbernehmen Sie die Kontrolle \u00fcber Ihre Kosten und TCO\"><\/div>\n<div>\n<div class=\"LayerOfProtection-module--title--1bg15\"><span style=\"font-weight: 400;\">Kontrollieren Sie Ihre TCO und Kosten &#8211; Da mehrere Sicherheitstechnologien in einem Paket geb\u00fcndelt sind, ben\u00f6tigen Sie nur ein EEP-Produkt. Sie brauchen kein spezielles und erfahrenes Team einzusetzen, und es umfasst auch die adaptive Anomaliekontrolle. <\/span><\/div>\n<\/div>\n<\/div>\n<div class=\"LayerOfProtection-module--item--2Y7x- LayerOfProtection-module--itemLast--_8ScH\">\n<div class=\"LayerOfProtection-module--image--39zUP\"><img decoding=\"async\" src=\"https:\/\/www.kaspersky.com\/content\/en-global\/images\/icons\/KESB-icon1.png\" alt=\"Kombinieren Sie Leistung und zuverl\u00e4ssigen Schutz\"><\/div>\n<div>\n<div class=\"LayerOfProtection-module--title--1bg15\"><span style=\"font-weight: 400;\">Kombinieren Sie Schutz und Leistung &#8211; Diese Software verwendet einen Cloud-Modus f\u00fcr Endpunktkomponenten und globale Bedrohungsdaten. Diese Funktionen erm\u00f6glichen einen leistungsstarken Schutz mit minimalen Auswirkungen auf die Ressourcen Ihres PCs. Das bedeutet, dass Ihre Sicherheit Ihren Computer nicht ausbremst. <\/span><\/div>\n<\/div>\n<\/div>\n<div class=\"LayerOfProtection-module--item--2Y7x-\">\n<div class=\"LayerOfProtection-module--image--39zUP\"><img decoding=\"async\" src=\"https:\/\/www.kaspersky.com\/content\/en-global\/images\/icons\/KESB-icon4.png\" alt=\"Tests und Bewertungen helfen uns, bessere Sicherheit zu bieten\"><\/div>\n<div>\n<div class=\"LayerOfProtection-module--title--1bg15\"><span style=\"font-weight: 400;\">Kaspersky-Produkte wurden ausgiebig getestet und gepr\u00fcft &#8211; Im Laufe der Jahre wurden die Produkte in unabh\u00e4ngigen Tests und Kundenumfragen eingesetzt. Die Produkte erzielten mehr Erstplatzierungen als alle anderen Wettbewerber. Jetzt liefern wir diese verbesserte Sicherheit direkt an Sie. <\/span><\/div>\n<\/div>\n<\/div>\n<div class=\"LayerOfProtection-module--item--2Y7x-\">\n<div class=\"LayerOfProtection-module--image--39zUP\"><img decoding=\"async\" src=\"https:\/\/www.kaspersky.com\/content\/en-global\/images\/icons\/KESB-icon5.png\" alt=\"Einfach einschalten - flexible zentralisierte Verwaltung f\u00fcr Verwaltungsteams und MSPs\"><\/div>\n<div>\n<div class=\"LayerOfProtection-module--title--1bg15\"><span style=\"font-weight: 400;\">Flexibel und benutzerfreundlich &#8211; Diese Software verf\u00fcgt \u00fcber eine benutzerfreundliche, zentralisierte Verwaltung f\u00fcr Verwaltungsteams und MSPs. So lassen sich die Zust\u00e4ndigkeiten schnell zwischen Ihren Teams aufteilen. Die Verwaltungskonsole kann so eingerichtet werden, dass jeder Administrator nur auf die Daten und Werkzeuge zugreift, die er speziell ben\u00f6tigt, und auf nichts anderes. <\/span><\/div>\n<\/div>\n<\/div>\n<div class=\"LayerOfProtection-module--item--2Y7x- LayerOfProtection-module--itemLast--_8ScH\">\n<div class=\"LayerOfProtection-module--image--39zUP\"><img decoding=\"async\" src=\"https:\/\/www.kaspersky.com\/content\/en-global\/images\/icons\/KESB-icon12.png\" alt=\"Sparen Sie Zeit bei der Verwaltung\"><\/div>\n<div>\n<div class=\"LayerOfProtection-module--title--1bg15\">\n<p><span style=\"font-weight: 400;\">Zeitersparnis &#8211; Die Saas-Konsole in Unternehmensqualit\u00e4t erm\u00f6glicht es Ihrem Team, bei der Sache zu bleiben. Wartungsaufgaben werden Ihr Team nicht mehr ablenken, so dass es sich wichtigeren Aufgaben widmen kann. <\/span><\/p>\n<p><b>Digitale Zustellung<\/b><\/p>\n<p><span style=\"font-weight: 400;\">Unsere Produkte werden ausschlie\u00dflich digital geliefert. Das bedeutet, dass Ihnen kein Datentr\u00e4ger oder Installationsmedium per Post zugeschickt wird.<\/span><\/p>\n<\/div>\n<\/div>\n<\/div>\n<\/div>\n<\/section>\n<\/div>\n","protected":false},"excerpt":{"rendered":"<ul>\n<li>Um Angriffspunkte zu reduzieren, wird diese Software alle Schwachstellen aufsp\u00fcren und flicken.<\/li>\n<li>Um Zeit zu sparen, werden Betriebssystem- und Softwareverteilungsaufgaben automatisiert.<\/li>\n<li>Zentralisiertes Sicherheitsmanagement mit einer Web- oder Cloud-Konsole wird rationalisiert<\/li>\n<li>Um Datenverluste auf einem verlorenen Ger\u00e4t zu verhindern, verschl\u00fcsselt diese Software die Daten<\/li>\n<\/ul>\n","protected":false},"featured_media":15200,"comment_status":"closed","ping_status":"closed","template":"","meta":{"_acf_changed":false},"product_brand":[],"product_cat":[57,63],"product_tag":[],"class_list":{"0":"post-15305","1":"product","2":"type-product","3":"status-publish","4":"has-post-thumbnail","6":"product_cat-andere","7":"product_cat-antivirus-de","9":"first","10":"instock","11":"sale","12":"virtual","13":"purchasable","14":"product-type-simple"},"acf":[],"_links":{"self":[{"href":"https:\/\/msofficestore.com\/de\/wp-json\/wp\/v2\/product\/15305","targetHints":{"allow":["GET"]}}],"collection":[{"href":"https:\/\/msofficestore.com\/de\/wp-json\/wp\/v2\/product"}],"about":[{"href":"https:\/\/msofficestore.com\/de\/wp-json\/wp\/v2\/types\/product"}],"replies":[{"embeddable":true,"href":"https:\/\/msofficestore.com\/de\/wp-json\/wp\/v2\/comments?post=15305"}],"wp:featuredmedia":[{"embeddable":true,"href":"https:\/\/msofficestore.com\/de\/wp-json\/wp\/v2\/media\/15200"}],"wp:attachment":[{"href":"https:\/\/msofficestore.com\/de\/wp-json\/wp\/v2\/media?parent=15305"}],"wp:term":[{"taxonomy":"product_brand","embeddable":true,"href":"https:\/\/msofficestore.com\/de\/wp-json\/wp\/v2\/product_brand?post=15305"},{"taxonomy":"product_cat","embeddable":true,"href":"https:\/\/msofficestore.com\/de\/wp-json\/wp\/v2\/product_cat?post=15305"},{"taxonomy":"product_tag","embeddable":true,"href":"https:\/\/msofficestore.com\/de\/wp-json\/wp\/v2\/product_tag?post=15305"}],"curies":[{"name":"wp","href":"https:\/\/api.w.org\/{rel}","templated":true}]}}