{"id":15311,"date":"2021-03-26T15:31:38","date_gmt":"2021-03-26T15:31:38","guid":{"rendered":"https:\/\/msofficestore.com\/product\/visual-studio-professional-2019\/"},"modified":"2024-01-14T11:19:05","modified_gmt":"2024-01-14T11:19:05","slug":"visual-studio-professional-2019","status":"publish","type":"product","link":"https:\/\/msofficestore.com\/de\/produkt\/visual-studio-professional-2019\/","title":{"rendered":"Visual Studio Professional 2019"},"content":{"rendered":"<blockquote>\n<h6 style=\"text-align: center;\">Unser Team ist jederzeit online \u00fcber den <span style=\"color: #ff6600;\"><strong>Live-Chat<\/strong><\/span> erreichbar. Wenn Sie Fragen haben, k\u00f6nnen wir sie in Sekunden beantworten. <span style=\"color: #ff6600;\">Probieren<\/span> Sie es aus.<\/h6>\n<\/blockquote>\n<p>&nbsp;<\/p>\n<p>Visual Studio Professional 2019 bedeutet, dass Benutzer ihre Produktivit\u00e4t mit professionellen Entwickler-Tools und -Diensten steigern k\u00f6nnen, um Anwendungen f\u00fcr jede Plattform zu erstellen.<\/p>\n<p>Entwickeln Sie von einem ersten Entwurf bis zur endg\u00fcltigen Bereitstellung mit den folgenden Tools:<\/p>\n<ul>\n<li>Verbesserte IntelliSense f\u00fcr C++-Dateien<\/li>\n<li>Lokale Entwicklung mit vielen g\u00e4ngigen Emulatoren<\/li>\n<li>Einfacher Testzugang im Solution Explorer<\/li>\n<li>Erstklassige Git-Erfahrung. Erstellen und Klonen von Repos, Verwalten von Zweigen und Aufl\u00f6sen von Merge-Konflikten.<\/li>\n<li>Kubernetes-Unterst\u00fctzung ist jetzt in Microsoft Azure enthalten.<\/li>\n<\/ul>\n<p><strong>Mit Visual Studio Professional k\u00f6nnen Sie mehr erreichen<\/strong><\/p>\n<p><strong>Den Code Ihres Teams verstehen<\/strong><\/p>\n<p>Visual Studio Professional 2019 verf\u00fcgt \u00fcber leistungsstarke Funktionen, mit denen Sie Code schnell verstehen k\u00f6nnen. CodeLens hilft Ihnen, sich auf Ihre Aufgaben zu konzentrieren, indem es Ihnen Code-Referenzen und vorgenommene \u00c4nderungen anzeigt. Sie zeigt an, wer eine Methode zuletzt ge\u00e4ndert hat und ob die Tests erfolgreich sind. All dies wird genau dort angezeigt, wo Sie sich in Ihrem Code befinden.<\/p>\n<p><strong>Visual Studio Professional unterst\u00fctzt die Bereitstellung erstklassiger mobiler Erlebnisse<\/strong><\/p>\n<p><strong>Verst\u00e4rkung Ihres mobilen Entwicklungsteams<\/strong><\/p>\n<p>Erweitern Sie Ihre Erfahrung in der mobilen Entwicklung mit Visual Studio Professional 2019. Erstellen Sie Apps f\u00fcr Android, iOS und Windows durch professionelle und uneingeschr\u00e4nkte mobile Entwicklung, Code-Sharing und Debugging-Funktionen.<\/p>\n<p><strong>Verbindung zur Cloud<\/strong><\/p>\n<p><strong>Holen Sie mehr aus den Tools in Visual Studio 2019 heraus, indem Sie:<\/strong><\/p>\n<ul>\n<li>Immer auf dem Laufenden und auf dem neuesten Stand<\/li>\n<li>Effizientere Codeerstellung mit integrierten und herunterladbaren Funktionen<\/li>\n<li>Nahtlose Zusammenarbeit ohne Verlassen der Bearbeitungssoftware<\/li>\n<\/ul>\n<p><strong>Mit Visual Studio Professional 2019 k\u00f6nnen Sie mehr<\/strong><\/p>\n<p><strong>Erstellen Sie eine Anwendung f\u00fcr jede Plattform<\/strong><\/p>\n<p>Benutzer k\u00f6nnen Anwendungen f\u00fcr mehrere Ger\u00e4te, PCs und das Internet entwickeln, die alle von der Cloud unterst\u00fctzt werden. Diese Anwendungen k\u00f6nnen auf Ihre bestehenden Anwendungen und F\u00e4higkeiten aufgesetzt werden. Mit der plattform\u00fcbergreifenden Technologie k\u00f6nnen Sie Anwendungen f\u00fcr Windows, iOS und Android gleichzeitig erstellen.<\/p>\n<p><strong>Benutzer k\u00f6nnen mehr zusammenarbeiten<\/strong><\/p>\n<p><strong>Die Bereitstellung von Software wird beschleunigt.<\/strong><\/p>\n<p>Mit einem Abonnement f\u00fcr Visual Studio Professional erhalten Sie Zugriff auf Azure DevOps und eine Vielzahl anderer Dienste, um Anwendungen in der Cloud oder vor Ort schneller zu planen, zu erstellen und bereitzustellen. Sie k\u00f6nnen auch mehr von den agilen Planungstools, der Plattform f\u00fcr kontinuierliche Integration und Bereitstellung, dem Artefakt-Repository und der Quellcodeverwaltung profitieren.<\/p>\n<p><strong>Nutzen Sie die Vorteile von Abonnenten<\/strong><\/p>\n<p><strong>Diese Software enth\u00e4lt alles, was ein Entwickler braucht<\/strong><\/p>\n<p>Mit einem Standardabonnement erhalten Sie alle Tools, die Sie brauchen, um in Sachen Code auf dem Laufenden zu sein. Sie erhalten Zugang zu Microsoft-Kernsoftware f\u00fcr Tests und Entwicklung, monatliche Azure Dev\/Test-Einzelguthaben, Schulungen, Tools f\u00fcr die Zusammenarbeit, professionellen Support und vieles mehr.<\/p>\n<p><strong>GitHub Enterprise<\/strong><\/p>\n<p><strong>Github genie\u00dft das Vertrauen von Entwicklern und Unternehmen.<\/strong><\/p>\n<p>Mit GitHub Enterprise k\u00f6nnen Sie bessere Software noch schneller bereitstellen. Diese Plattform kombiniert die Leistung von Code-to-Cloud-Automatisierung, Open-Source-Code, automatisierter End-to-End-Sicherheit und mehr. Sie k\u00f6nnen neue Ideen umsetzen und vertrauensvoll von der weltweit besten Entwicklungsplattform aus versenden.<\/p>\n<p><strong>Hardware<\/strong><\/p>\n<p>1,8 GHz oder schnellerer Prozessor. Quad-Core-Prozessoren oder besser werden empfohlen<br \/>\n2 GB RAM; 8 GB RAM empfohlen, es sei denn, das Programm l\u00e4uft auf einer virtuellen Maschine, f\u00fcr die mindestens 2,5 GB erforderlich sind.<br \/>\nFestplattenspeicher: Ben\u00f6tigt mindestens 800 MB bis zu 210 GB verf\u00fcgbaren Speicherplatz, abh\u00e4ngig von den bereits installierten Funktionen. In der Regel ben\u00f6tigen die Installationen 20-50 GB freien Speicherplatz.<br \/>\nFestplattengeschwindigkeit: Verbessern Sie die Leistung, indem Sie Windows und Visual Studio auf einer SSD (Solid-State-Drive) installieren.<br \/>\nBen\u00f6tigt eine Grafikkarte, die eine Mindestaufl\u00f6sung von 720p (1280 x 720) unterst\u00fctzt. Visual Studio Professional 2019 funktioniert am besten bei einer Aufl\u00f6sung von WXGA (1366 x 768) oder h\u00f6her.<\/p>\n<p><strong>Digitale Zustellung<\/strong><\/p>\n<p>Unsere Produkte werden ausschlie\u00dflich digital geliefert. Das bedeutet, dass Ihnen kein Datentr\u00e4ger oder Installationsmedium per Post zugeschickt wird.<\/p>\n<p>&nbsp;<\/p>\n<p>&nbsp;<\/p>\n","protected":false},"excerpt":{"rendered":"<ul>\n<li><strong>Produktinformation:<\/strong> Visual Studio Professional 2019<\/li>\n<li><strong>Hersteller<\/strong>: Microsoft<\/li>\n<li><strong>Status<\/strong>: Neue Lizenz f\u00fcr 1 PC &#8211; Wenn Sie mehrere Lizenzen kaufen m\u00f6chten, kontaktieren Sie uns im Live-Chat<\/li>\n<li><strong>Lieferung<\/strong>: Der Download ist sofort nach dem Kauf verf\u00fcgbar &#8211; Sie erhalten eine Lizenz und einen Schl\u00fcssel.<\/li>\n<li><strong>Lebenslang<\/strong>: Mit einer Zahlung erhalten Sie eine Lizenz auf Lebenszeit<\/li>\n<li><strong>Sprache<\/strong>: Alle Sprachen sind verf\u00fcgbar<\/li>\n<li><strong>Einrichtung<\/strong>: Live-Unterst\u00fctzung bei der Einrichtung und unbegrenzter Helpdesk-Support<\/li>\n<li><strong>Garantie<\/strong>: Jeder Kauf ist durch unsere 100%ige Produktzufriedenheitsgarantie gedeckt. Wenn das MS Office Store-Team Ihren Kauf nicht aktivieren kann, erhalten Sie Ihr Geld zur\u00fcck.<\/li>\n<\/ul>\n<p>&nbsp;<\/p>\n","protected":false},"featured_media":15203,"comment_status":"open","ping_status":"closed","template":"","meta":{"_acf_changed":false},"product_brand":[],"product_cat":[57],"product_tag":[],"class_list":{"0":"post-15311","1":"product","2":"type-product","3":"status-publish","4":"has-post-thumbnail","6":"product_cat-andere","8":"first","9":"instock","10":"sale","11":"taxable","12":"shipping-taxable","13":"purchasable","14":"product-type-simple"},"acf":[],"_links":{"self":[{"href":"https:\/\/msofficestore.com\/de\/wp-json\/wp\/v2\/product\/15311","targetHints":{"allow":["GET"]}}],"collection":[{"href":"https:\/\/msofficestore.com\/de\/wp-json\/wp\/v2\/product"}],"about":[{"href":"https:\/\/msofficestore.com\/de\/wp-json\/wp\/v2\/types\/product"}],"replies":[{"embeddable":true,"href":"https:\/\/msofficestore.com\/de\/wp-json\/wp\/v2\/comments?post=15311"}],"wp:featuredmedia":[{"embeddable":true,"href":"https:\/\/msofficestore.com\/de\/wp-json\/wp\/v2\/media\/15203"}],"wp:attachment":[{"href":"https:\/\/msofficestore.com\/de\/wp-json\/wp\/v2\/media?parent=15311"}],"wp:term":[{"taxonomy":"product_brand","embeddable":true,"href":"https:\/\/msofficestore.com\/de\/wp-json\/wp\/v2\/product_brand?post=15311"},{"taxonomy":"product_cat","embeddable":true,"href":"https:\/\/msofficestore.com\/de\/wp-json\/wp\/v2\/product_cat?post=15311"},{"taxonomy":"product_tag","embeddable":true,"href":"https:\/\/msofficestore.com\/de\/wp-json\/wp\/v2\/product_tag?post=15311"}],"curies":[{"name":"wp","href":"https:\/\/api.w.org\/{rel}","templated":true}]}}