{"id":15312,"date":"2021-03-26T15:21:55","date_gmt":"2021-03-26T15:21:55","guid":{"rendered":"https:\/\/msofficestore.com\/product\/visio-professional-2019\/"},"modified":"2024-01-14T11:17:23","modified_gmt":"2024-01-14T11:17:23","slug":"visio-professional-2019","status":"publish","type":"product","link":"https:\/\/msofficestore.com\/de\/produkt\/visio-professional-2019\/","title":{"rendered":"Visio Professional 2019"},"content":{"rendered":"<blockquote>\n<h6 style=\"text-align: center;\">Unser Team ist jederzeit online \u00fcber den <span style=\"color: #ff6600;\"><strong>Live-Chat<\/strong><\/span> erreichbar. Wenn Sie Fragen haben, k\u00f6nnen wir sie in Sekunden beantworten. Gib ihm eine<br \/>\n<span style=\"color: #ff6600;\">versuchen<\/span>.<\/h6>\n<\/blockquote>\n<p><strong>Produktinformation f\u00fcr Visio 2019 Professional<\/strong><\/p>\n<p>Erwecken Sie Ihre Ideen zum Leben, indem Sie professionelle datenverkn\u00fcpfte Diagramme mit Visio 2019 verwenden. Dies ist eine umfassende Anwendung, die neue Vorlagen, Formen und erweiterte Funktionen enth\u00e4lt. Es ist ein innovativer Weg, um Ihre einzigartigen Konzepte und Ideen zu veranschaulichen und mit anderen zu teilen. Mit Visio 2019 Professional lassen sich komplexe Daten schneller und einfacher als je zuvor darstellen.<\/p>\n<p><strong>Vorteile von Visio 2019 Professional<\/strong><\/p>\n<p>Im Vergleich zu fr\u00fcheren Versionen bietet Visio 2019 eine Menge Vorteile. Sie k\u00f6nnen zum Beispiel aus einer Vielzahl von Vorlagen und Formen w\u00e4hlen, mit denen Sie Ihre Daten und Ideen in beeindruckende Diagramme und Pr\u00e4sentationen verwandeln k\u00f6nnen. Dar\u00fcber hinaus bietet Visio 2019 Pro Unterst\u00fctzung f\u00fcr Industriestandards wie UML (Unified Modeling Language) 2.5, BPMN (Business Process Model and Notation) 2.0 und SDL (Specification and Description Compliance). Visio 2019 verf\u00fcgt au\u00dferdem \u00fcber eine integrierte Validierung, die sicherstellt, dass alle Ihre Diagramme die erforderlichen Elemente enthalten.<\/p>\n<p><strong>Einfaches Zusammenarbeiten und Freigeben von Diagrammen mit Visio 2019<\/strong><\/p>\n<p>Nach dem Kauf einer Visio 2019 Professional-Lizenz k\u00f6nnen Anwender sofort von den neuesten Updates profitieren. Sie k\u00f6nnen Diagramme jetzt gemeinsam mit anderen Personen, einschlie\u00dflich Ihrer Teamkollegen, bearbeiten, wodurch Versionskonflikte vermieden werden, sodass Sie und Ihr Team eine einzige Version sehen k\u00f6nnen. Mit dieser Anwendung k\u00f6nnen Sie sehen, wer an welchem Abschnitt eines Diagramms arbeitet, und werden \u00fcber alle \u00c4nderungen informiert. Alle \u00c4nderungen k\u00f6nnen schnell in einer Masterdatei zusammengef\u00fchrt werden.<\/p>\n<p>Visio 2019 Professional bietet auch eine In-App-Kommentarfunktion, mit der Beteiligte ganz einfach Kommentare hinzuf\u00fcgen und beantworten k\u00f6nnen. Skype for Business ist ebenfalls integriert, sodass Sie jederzeit \u00fcberpr\u00fcfen k\u00f6nnen, welche Ihrer Teamkollegen verf\u00fcgbar sind. Instant Messaging, Sprach- oder Videokonferenzen k\u00f6nnen ebenfalls genutzt werden. Als w\u00e4re das alles noch nicht genug, ist auch der Austausch von Dateien einfacher und sicherer denn je. Online-Tools wie SharePoint und OneDrive k\u00f6nnen genutzt werden, oder Sie exportieren Ihre Dateien einfach als .docx, .pptx oder .pdf.<\/p>\n<p><strong>Umwandlung beliebiger Echtzeitdaten in Diagramme<\/strong><\/p>\n<p>Mit Visio 2019 Professional k\u00f6nnen Sie Shapes und Diagramme noch einfacher mit Daten aus internen und externen Quellen verbinden. Mit Visio Online k\u00f6nnen Sie Ihre Diagramme \u00fcberall anzeigen. Visio 2019 erm\u00f6glicht es Ihnen au\u00dferdem, mit dem zus\u00e4tzlichen Tool Database Reverse Engineering Datenbankmodelle unter Verwendung vorhandener Datenbanken zu erstellen. Mit den automatisch generierten Diagrammen aus Datenquellen wie Azure Active Directory und Excel k\u00f6nnen Sie au\u00dferdem Zeit sparen und Fehler bei Ihrer Arbeit vermeiden.<\/p>\n<p><strong>Visio 2019 (Lizenz) Systemanforderungen<\/strong><\/p>\n<p>Bevor Sie Microsoft Visio 2019 Professional kaufen und installieren, \u00fcberpr\u00fcfen Sie bitte die unten aufgef\u00fchrten Systemanforderungen:<\/p>\n<p>Erforderlicher Speicher: 4 GB RAM<br \/>\nErforderlicher Festplattenplatz: 4GB<br \/>\nDisplay-Anforderungen: 1280 x 768 Aufl\u00f6sung<br \/>\nAnforderungen an die Grafikkarte: Hardware-Beschleunigung erfordert DX9 oder h\u00f6her, mit WDDM 2.0 oder h\u00f6her (Windows 10)<br \/>\nBetriebssystem: Windows 10 ist erforderlich<br \/>\nBrowser: Sie ben\u00f6tigen die neueste Version von Microsoft Edge, Chrome oder Firefox<br \/>\nSonstiges: Sie ben\u00f6tigen eine funktionierende Internetverbindung, um alle Internetfunktionen nutzen zu k\u00f6nnen. F\u00fcr die Nutzung von Multitouch-Funktionen ben\u00f6tigen Sie Touch-f\u00e4hige Ger\u00e4te.<br \/>\nGrafiken und Produktfunktionalit\u00e4ten k\u00f6nnen variieren.<\/p>\n<p><strong>Digitale Zustellung<\/strong><\/p>\n<p>Unsere Produkte werden ausschlie\u00dflich digital geliefert. Das bedeutet, dass Ihnen kein Datentr\u00e4ger oder Installationsmedium per Post zugeschickt wird.<\/p>\n<p>&nbsp;<\/p>\n","protected":false},"excerpt":{"rendered":"<ul>\n<li><strong>Produktinformation:<\/strong> Visio Professional 2019<\/li>\n<li><strong>Hersteller<\/strong>: Microsoft<\/li>\n<li><strong>Status<\/strong>: Neue Lizenz f\u00fcr 1 PC &#8211; Wenn Sie mehrere Lizenzen kaufen m\u00f6chten, kontaktieren Sie uns im Live-Chat<\/li>\n<li><strong>Lieferung<\/strong>: Der Download ist sofort nach dem Kauf verf\u00fcgbar &#8211; Sie erhalten eine Lizenz und einen Schl\u00fcssel.<\/li>\n<li><strong>Lebenslang<\/strong>: Mit einer Zahlung erhalten Sie eine Lizenz auf Lebenszeit<\/li>\n<li><strong>Sprache<\/strong>: Alle Sprachen sind verf\u00fcgbar<\/li>\n<li><strong>Einrichtung<\/strong>: Live-Unterst\u00fctzung bei der Einrichtung und unbegrenzter Helpdesk-Support<\/li>\n<li><strong>Garantie<\/strong>: Jeder Kauf ist durch unsere 100%ige Produktzufriedenheitsgarantie gedeckt. Wenn das MS Office Store-Team Ihren Kauf nicht aktivieren kann, erhalten Sie Ihr Geld zur\u00fcck.<\/li>\n<\/ul>\n<p>&nbsp;<\/p>\n","protected":false},"featured_media":15202,"comment_status":"open","ping_status":"closed","template":"","meta":{"_acf_changed":false},"product_brand":[],"product_cat":[57],"product_tag":[],"class_list":{"0":"post-15312","1":"product","2":"type-product","3":"status-publish","4":"has-post-thumbnail","6":"product_cat-andere","8":"first","9":"instock","10":"sale","11":"taxable","12":"shipping-taxable","13":"purchasable","14":"product-type-simple"},"acf":[],"_links":{"self":[{"href":"https:\/\/msofficestore.com\/de\/wp-json\/wp\/v2\/product\/15312","targetHints":{"allow":["GET"]}}],"collection":[{"href":"https:\/\/msofficestore.com\/de\/wp-json\/wp\/v2\/product"}],"about":[{"href":"https:\/\/msofficestore.com\/de\/wp-json\/wp\/v2\/types\/product"}],"replies":[{"embeddable":true,"href":"https:\/\/msofficestore.com\/de\/wp-json\/wp\/v2\/comments?post=15312"}],"wp:featuredmedia":[{"embeddable":true,"href":"https:\/\/msofficestore.com\/de\/wp-json\/wp\/v2\/media\/15202"}],"wp:attachment":[{"href":"https:\/\/msofficestore.com\/de\/wp-json\/wp\/v2\/media?parent=15312"}],"wp:term":[{"taxonomy":"product_brand","embeddable":true,"href":"https:\/\/msofficestore.com\/de\/wp-json\/wp\/v2\/product_brand?post=15312"},{"taxonomy":"product_cat","embeddable":true,"href":"https:\/\/msofficestore.com\/de\/wp-json\/wp\/v2\/product_cat?post=15312"},{"taxonomy":"product_tag","embeddable":true,"href":"https:\/\/msofficestore.com\/de\/wp-json\/wp\/v2\/product_tag?post=15312"}],"curies":[{"name":"wp","href":"https:\/\/api.w.org\/{rel}","templated":true}]}}