{"id":15313,"date":"2021-03-26T14:02:55","date_gmt":"2021-03-26T14:02:55","guid":{"rendered":"https:\/\/msofficestore.com\/product\/windows-10-enterprise-2019-ltsc\/"},"modified":"2023-11-26T07:56:50","modified_gmt":"2023-11-26T07:56:50","slug":"windows-10-enterprise-2019-ltsc","status":"publish","type":"product","link":"https:\/\/msofficestore.com\/de\/produkt\/windows-10-enterprise-2019-ltsc\/","title":{"rendered":"Windows 10 Enterprise 2019 LTSC"},"content":{"rendered":"<blockquote>\n<h6 style=\"text-align: center;\">Unser Team ist jederzeit online \u00fcber den <span style=\"color: #ff6600;\"><strong>Live-Chat<\/strong><\/span> erreichbar. Wenn Sie Fragen haben, k\u00f6nnen wir sie in Sekunden beantworten. <span style=\"color: #ff6600;\">Probieren<\/span> Sie es aus.<\/h6>\n<\/blockquote>\n<p>&nbsp;<\/p>\n<p><strong>Produktinformation f\u00fcr Windows 10 Enterprise 2019 LTSC<\/strong><\/p>\n<p>Mit der Windows 10 Version 1803 oder dem Windows 2018 Update lassen sich Ger\u00e4te nun einfacher aktualisieren und bieten zudem einen besseren Datenschutz. Sie k\u00f6nnen Unternehmensbilder schneller auf neue oder vorhandene Ger\u00e4te herunterladen. Benutzer k\u00f6nnen au\u00dferdem unternehmenseigene und benutzereigene Ger\u00e4te einfach in der Cloud, vor Ort oder in beiden verwalten. Erfahren Sie mehr \u00fcber die Neuerungen in Windows 10 und werfen Sie einen Blick auf einige spezielle Funktionen.<\/p>\n<p>Die Long-Term Servicing Channel (LTSC)-Wartungsoption erm\u00f6glicht den Betrieb von Ger\u00e4ten, ohne dass diese durch Updates verlangsamt werden. Windows 10 Enterprise LTSC ist ideal f\u00fcr spezialisierte Ger\u00e4te, einschlie\u00dflich solcher, die POS-Systeme (Point-of-Sale) und medizinische Kontrollsysteme steuern. Wenn Sie das Upgrade auf Windows 10 Enterprise LTSC 2019 im MS Office Store kaufen, k\u00f6nnen Sie die Software sofort herunterladen und erhalten au\u00dferdem kostenlosen Installations-Support.<\/p>\n<p>LTSC ersetzt LTSB in zuk\u00fcnftigen CPUs ab 2019, aber Maschinen, die mit LTSB laufen, werden weiterhin unterst\u00fctzt. Einheiten, die LTSC verwenden, erhalten alle paar Jahre Updates. Weitere Informationen \u00fcber LTSC und LTSB finden Sie auf der Website von Microsoft. Diese Informationen sollten auch Ihre Fragen dar\u00fcber beantworten, was LTSC Enterprise f\u00fcr Ihre Organisation tun kann.<\/p>\n<p>Windows 10 Enterprise 2019 wurde entwickelt, um die Anforderungen gro\u00dfer und mittlerer Unternehmen zu erf\u00fcllen, indem es professionellen Anwendern eine Vielzahl von Funktionen bietet, darunter:<\/p>\n<p>Ein hohes Ma\u00df an Schutz vor Sicherheitsbedrohungen.<br \/>\nFlexibilit\u00e4t bei Updates und Support<br \/>\nVollst\u00e4ndige Kontrolle und Verwaltung von Anwendungen und Ger\u00e4ten.<\/p>\n<p><strong>Digitale Zustellung<\/strong><\/p>\n<p>Unsere Produkte werden ausschlie\u00dflich digital geliefert. Das bedeutet, dass Ihnen kein Datentr\u00e4ger oder Installationsmedium per Post zugeschickt wird.<\/p>\n","protected":false},"excerpt":{"rendered":"<ul>\n<li><strong>Produktinformation<\/strong> Windows 10 Enterprise 2019 LTSC<\/li>\n<li><strong>Hersteller<\/strong>: Microsoft<\/li>\n<li><strong>Status<\/strong>: Neue Lizenz f\u00fcr 1 PC &#8211; Wenn Sie mehrere Lizenzen kaufen m\u00f6chten, kontaktieren Sie uns im Live-Chat<\/li>\n<li><strong>Lieferung<\/strong>: Der Download ist sofort nach dem Kauf verf\u00fcgbar &#8211; Sie erhalten eine Lizenz und einen Schl\u00fcssel.<\/li>\n<li><strong>Lebenslang<\/strong>: Mit einer Zahlung erhalten Sie eine Lizenz auf Lebenszeit<\/li>\n<li><strong>Sprache<\/strong>: Alle Sprachen sind verf\u00fcgbar<\/li>\n<li><strong>Einrichtung<\/strong>: Live-Unterst\u00fctzung bei der Einrichtung<\/li>\n<li><strong>Garantie<\/strong>: Jeder Kauf ist durch unsere 100%ige Produktzufriedenheitsgarantie gedeckt. Wenn das MS Office Store-Team Ihren Kauf nicht aktivieren kann, erhalten Sie Ihr Geld zur\u00fcck.<\/li>\n<\/ul>\n","protected":false},"featured_media":15178,"comment_status":"closed","ping_status":"closed","template":"","meta":{"_acf_changed":false},"product_brand":[],"product_cat":[53,52,64],"product_tag":[],"class_list":{"0":"post-15313","1":"product","2":"type-product","3":"status-publish","4":"has-post-thumbnail","6":"product_cat-microsoft-windows-10","7":"product_cat-windows-de","8":"product_cat-windows-fur-unternehmen","10":"first","11":"instock","12":"sale","13":"taxable","14":"shipping-taxable","15":"purchasable","16":"product-type-simple"},"acf":[],"_links":{"self":[{"href":"https:\/\/msofficestore.com\/de\/wp-json\/wp\/v2\/product\/15313","targetHints":{"allow":["GET"]}}],"collection":[{"href":"https:\/\/msofficestore.com\/de\/wp-json\/wp\/v2\/product"}],"about":[{"href":"https:\/\/msofficestore.com\/de\/wp-json\/wp\/v2\/types\/product"}],"replies":[{"embeddable":true,"href":"https:\/\/msofficestore.com\/de\/wp-json\/wp\/v2\/comments?post=15313"}],"wp:featuredmedia":[{"embeddable":true,"href":"https:\/\/msofficestore.com\/de\/wp-json\/wp\/v2\/media\/15178"}],"wp:attachment":[{"href":"https:\/\/msofficestore.com\/de\/wp-json\/wp\/v2\/media?parent=15313"}],"wp:term":[{"taxonomy":"product_brand","embeddable":true,"href":"https:\/\/msofficestore.com\/de\/wp-json\/wp\/v2\/product_brand?post=15313"},{"taxonomy":"product_cat","embeddable":true,"href":"https:\/\/msofficestore.com\/de\/wp-json\/wp\/v2\/product_cat?post=15313"},{"taxonomy":"product_tag","embeddable":true,"href":"https:\/\/msofficestore.com\/de\/wp-json\/wp\/v2\/product_tag?post=15313"}],"curies":[{"name":"wp","href":"https:\/\/api.w.org\/{rel}","templated":true}]}}