{"id":15314,"date":"2021-03-22T09:14:02","date_gmt":"2021-03-22T09:14:02","guid":{"rendered":"https:\/\/msofficestore.com\/product\/windows-10-professional-fuer-workstations\/"},"modified":"2024-01-14T08:08:29","modified_gmt":"2024-01-14T08:08:29","slug":"windows-10-professional-fuer-workstations","status":"publish","type":"product","link":"https:\/\/msofficestore.com\/de\/produkt\/windows-10-professional-fuer-workstations\/","title":{"rendered":"Windows 10 Professional f\u00fcr Workstations"},"content":{"rendered":"<blockquote>\n<h6 style=\"text-align: center;\">Unser Team ist jederzeit online \u00fcber den <span style=\"color: #ff6600;\"><strong>Live-Chat<\/strong><\/span> erreichbar. Wenn Sie Fragen haben, k\u00f6nnen wir sie in Sekunden beantworten. <span style=\"color: #ff6600;\">Probieren<\/span> Sie es aus.<\/h6>\n<\/blockquote>\n<p><span style=\"font-weight: 400;\">Produktinformation f\u00fcr Windows 10 Professional f\u00fcr Workstations:<\/span><\/p>\n<p><span style=\"font-weight: 400;\">Diese Software ist ideal f\u00fcr alle, die einen leistungsstarken Workstation-PC mit Speicherplatz f\u00fcr immer gr\u00f6\u00dfere Datenmengen ben\u00f6tigen. Es enth\u00e4lt alle Funktionen von Windows 10 Pro, bietet aber zus\u00e4tzlich eine serverbasierte Verarbeitungs- und Datei\u00fcbertragungsgeschwindigkeit, um die erweiterte Hardwarekonfiguration zu maximieren. <\/span><\/p>\n<p><b>Windows 10 Professional f\u00fcr Workstations wurde f\u00fcr moderne Profis entwickelt. Wenn Sie ein Datenwissenschaftler, ein Grafikdesigner, ein Animator oder ein Ingenieur sind, ist dies die ideale L\u00f6sung f\u00fcr Sie. Es ist ideal f\u00fcr alle, die schnelle \u00dcbertragungen zwischen Arbeitsstationen und Servern ben\u00f6tigen. <\/b><\/p>\n<p><span style=\"font-weight: 400;\">Es ist das Windows, das Sie kennen, aber verbessert. Windows 10 Professional f\u00fcr Workstations enth\u00e4lt alle Funktionen von Windows 10 Home sowie Verschl\u00fcsselung, Remote-Anmeldung und virtuelle Maschinen. So k\u00f6nnen Sie nahtlos zwischen Windows-Ger\u00e4ten wechseln, um den ultimativen personalisierten Arbeitsbereich zu schaffen, egal ob Sie im B\u00fcro oder an einem anderen Ort arbeiten. <\/span><\/p>\n<p><span style=\"font-weight: 400;\">Windows 10 ist bis heute die zuverl\u00e4ssigste und stabilste Version des Microsoft-Betriebssystems. Sie ist die bisher schnellste Version und enth\u00e4lt integrierte Sicherheitsfunktionen, die Sie vor b\u00f6sartiger Software sch\u00fctzen. <\/span><\/p>\n<p><span style=\"font-weight: 400;\">Das Programm verf\u00fcgt \u00fcber zahlreiche Funktionen, wie zum Beispiel:<\/span><\/p>\n<ul>\n<li style=\"font-weight: 400;\"><span style=\"font-weight: 400;\">HD-Rendering von 3D-Videodateien<\/span><\/li>\n<li style=\"font-weight: 400;\"><span style=\"font-weight: 400;\">Hochspezifische CAD (Computer-Aided Design) Modifikation<\/span><\/li>\n<li style=\"font-weight: 400;\"><span style=\"font-weight: 400;\">Wissenschaftliche oder medizinische Modellierungsarbeiten<\/span><\/li>\n<\/ul>\n<p><b>Neue Funktionen der Serverklasse<\/b><\/p>\n<ul>\n<li style=\"font-weight: 400;\"><span style=\"font-weight: 400;\">ReFS (Resilient file system) und Storage Spaces.<\/span><\/li>\n<\/ul>\n<p><span style=\"font-weight: 400;\">Diese Software enth\u00e4lt erweiterte Microsoft-Server-Technologien f\u00fcr High-End-PCs. Die Benutzer k\u00f6nnen gro\u00dfe Datenmengen verarbeiten und das volle Potenzial der Datenverarbeitung aussch\u00f6pfen. Windows 10 Professional f\u00fcr Workstations enth\u00e4lt auch eine Storage Spaces Windows Server-Funktion, mit der Sie Daten sicher auf Spiegelspeicherpl\u00e4tzen speichern k\u00f6nnen. Auch Datenbesch\u00e4digungen lassen sich mit dem ReFS leicht erkennen und vermeiden. <\/span><\/p>\n<ul>\n<li style=\"font-weight: 400;\"><span style=\"font-weight: 400;\">SMB Direkt<\/span><\/li>\n<\/ul>\n<p><span style=\"font-weight: 400;\">SMB Direct ist eine fortschrittliche Technologie, die von Microsoft entwickelt wurde. Es pr\u00fcft, ob die Datei\u00fcbertragung zwischen PCs und Servern reibungslos funktioniert. Es erm\u00f6glicht die Verwendung von Netzwerkadaptern mit RDMA (Remote Direct Memory Access), was bedeutet, dass die Daten\u00fcbertragung mit geringer Latenz und minimaler CPU-Nutzung in Leitungsgeschwindigkeit erfolgen kann. Anwendungen, die Zugriff auf gro\u00dfe Datenmengen ben\u00f6tigen, k\u00f6nnen aus der Ferne gespeichert werden. Dadurch wird die Leistung verbessert, da die Serverdaten als lokaler Speicher verwendet werden und viele Anwendungen ausgef\u00fchrt werden k\u00f6nnen, ohne dass die Geschwindigkeit sinkt. <\/span><\/p>\n<ul>\n<li style=\"font-weight: 400;\"><span style=\"font-weight: 400;\">Persistenter Speicher<\/span><\/li>\n<\/ul>\n<p><span style=\"font-weight: 400;\">Er unterst\u00fctzt Hardware-Konfigurationen mit NVDIMM-N (Non-Volatile Memory Modules). Das bedeutet, dass High-End-Konfigurationen die Vorteile schnellerer Zugriffs- und Schreibm\u00f6glichkeiten nutzen k\u00f6nnen. Der persistente Speicher sorgt daf\u00fcr, dass Ihre Daten sicher gespeichert werden, w\u00e4hrend der PC ausgeschaltet ist (im Gegensatz zu gew\u00f6hnlichem RAM).<\/span><\/p>\n<ul>\n<li style=\"font-weight: 400;\"><span style=\"font-weight: 400;\">Unterst\u00fctzt leistungsstarke Hardware<\/span><\/li>\n<\/ul>\n<p><span style=\"font-weight: 400;\">Diejenigen, die High-End-Konfigurationen haben, k\u00f6nnen mehr aus Ressourcen wie Intel Xeon oder AMD Opteron Prozessoren in Serverqualit\u00e4t herausholen. Windows 10 Pro ist auf 2 CPUs und 2 TB begrenzt, w\u00e4hrend Windows 10 Professional f\u00fcr Workstations sogar noch mehr leisten kann: 4 CPUs und bis zu 6TB RAM. Dies gibt den Nutzern ein hohes Ma\u00df an Sicherheit bei der Arbeit mit gro\u00dfen Datenmengen, da es \u00fcber gen\u00fcgend Leistung verf\u00fcgt, um auch die anspruchsvollsten Anwendungen auszuf\u00fchren. <\/span><\/p>\n<p><b>Windows 10 Professional f\u00fcr Workstations ist perfekt f\u00fcr fortgeschrittene Benutzer, es bietet:<\/b><\/p>\n<ul>\n<li style=\"font-weight: 400;\"><span style=\"font-weight: 400;\">Erweiterte Leistung<\/span><\/li>\n<\/ul>\n<p><span style=\"font-weight: 400;\">Diese Software ist f\u00fcr die n\u00e4chste Generation und zuk\u00fcnftige Hardware optimiert. Es kann problemlos gro\u00dfe Datenmengen und gro\u00dfe Datei\u00fcbertragungen schnell verarbeiten. Es werden weniger CPU-Zyklen ben\u00f6tigt, sodass mehr Kapazit\u00e4t f\u00fcr andere Anwendungen zur Verf\u00fcgung steht. <\/span><\/p>\n<ul>\n<li style=\"font-weight: 400;\"><span style=\"font-weight: 400;\"> Eine schnelle L\u00f6sung bei hohem Arbeitsaufkommen<\/span><\/li>\n<\/ul>\n<p><span style=\"font-weight: 400;\">Windows 10 Professional unterst\u00fctzt Laufwerke mit persistentem Speicher, der eine schnellere Datenspeicherung erm\u00f6glicht und Dateien auch bei ausgeschaltetem System beibehalten kann. Mit dieser Software profitieren Sie auch von folgenden Vorteilen<\/span><\/p>\n<ul>\n<li style=\"font-weight: 400;\"><span style=\"font-weight: 400;\">Optimierung der t\u00e4glichen Arbeitsabl\u00e4ufe<\/span><\/li>\n<li style=\"font-weight: 400;\"><span style=\"font-weight: 400;\">Au\u00dfergew\u00f6hnliche Datenverarbeitung und -\u00fcbermittlung<\/span><\/li>\n<li style=\"font-weight: 400;\"><span style=\"font-weight: 400;\">Einfacher Einsatz in jeder Situation<\/span><\/li>\n<li style=\"font-weight: 400;\"><span style=\"font-weight: 400;\">Hohe Leistung ohne Verluste <\/span><\/li>\n<li style=\"font-weight: 400;\"><span style=\"font-weight: 400;\">Kann auf verschiedenen Ger\u00e4ten verwendet werden<\/span><\/li>\n<\/ul>\n<p><b>Die Systemanforderungen sind:<\/b><\/p>\n<ul>\n<li style=\"font-weight: 400;\"><span style=\"font-weight: 400;\">Prozessor mit 1 GHz oder schneller<\/span><\/li>\n<li style=\"font-weight: 400;\"><span style=\"font-weight: 400;\">1 GB RAM (32-Bit); 2 GB RAM (64-Bit)<\/span><\/li>\n<li style=\"font-weight: 400;\"><span style=\"font-weight: 400;\">Bis zu 20 GB Festplattenspeicher<\/span><\/li>\n<li style=\"font-weight: 400;\"><span style=\"font-weight: 400;\">800 x 600 Bildschirmaufl\u00f6sung oder h\u00f6her <\/span><\/li>\n<li style=\"font-weight: 400;\"><span style=\"font-weight: 400;\">DirectX\u00ae 9-Grafikprozessor mit WDDM-Treiber<\/span><\/li>\n<\/ul>\n<p><b>Digitale Zustellung<\/b><\/p>\n<p><span style=\"font-weight: 400;\">Unsere Produkte werden ausschlie\u00dflich digital geliefert. Das bedeutet, dass Ihnen kein Datentr\u00e4ger oder Installationsmedium per Post zugeschickt wird.<\/span><\/p>\n","protected":false},"excerpt":{"rendered":"<ul>\n<li><strong>Produktinformation<\/strong> 32 &amp; 64 Bit Retail Versionen verf\u00fcgbar<\/li>\n<li><strong>Hersteller<\/strong>: Microsoft<\/li>\n<li><strong>Status<\/strong>: Neue Lizenz f\u00fcr 1 PC &#8211; Wenn Sie mehrere Lizenzen kaufen m\u00f6chten, kontaktieren Sie uns im Live-Chat<\/li>\n<li><strong>Lieferung<\/strong>: Der Download ist sofort nach dem Kauf verf\u00fcgbar &#8211; Sie erhalten eine Lizenz und einen Schl\u00fcssel<\/li>\n<li><strong>Lebenslang<\/strong>: Mit einer Zahlung erhalten Sie eine Lizenz auf Lebenszeit<\/li>\n<li><strong>Sprache<\/strong>: Alle Sprachen sind verf\u00fcgbar<\/li>\n<li><strong>Einrichtung<\/strong>: Live-Unterst\u00fctzung bei der Einrichtung<\/li>\n<li><strong>Garantie<\/strong>: Jeder Kauf ist durch unsere 100%ige Produktzufriedenheitsgarantie gedeckt. Wenn das MS Office Store-Team Ihren Kauf nicht aktivieren kann, erhalten Sie Ihr Geld zur\u00fcck.<\/li>\n<\/ul>\n","protected":false},"featured_media":15186,"comment_status":"closed","ping_status":"closed","template":"","meta":{"_acf_changed":false},"product_brand":[],"product_cat":[53,52,64],"product_tag":[],"class_list":{"0":"post-15314","1":"product","2":"type-product","3":"status-publish","4":"has-post-thumbnail","6":"product_cat-microsoft-windows-10","7":"product_cat-windows-de","8":"product_cat-windows-fur-unternehmen","10":"first","11":"instock","12":"sale","13":"taxable","14":"shipping-taxable","15":"purchasable","16":"product-type-simple"},"acf":[],"_links":{"self":[{"href":"https:\/\/msofficestore.com\/de\/wp-json\/wp\/v2\/product\/15314","targetHints":{"allow":["GET"]}}],"collection":[{"href":"https:\/\/msofficestore.com\/de\/wp-json\/wp\/v2\/product"}],"about":[{"href":"https:\/\/msofficestore.com\/de\/wp-json\/wp\/v2\/types\/product"}],"replies":[{"embeddable":true,"href":"https:\/\/msofficestore.com\/de\/wp-json\/wp\/v2\/comments?post=15314"}],"wp:featuredmedia":[{"embeddable":true,"href":"https:\/\/msofficestore.com\/de\/wp-json\/wp\/v2\/media\/15186"}],"wp:attachment":[{"href":"https:\/\/msofficestore.com\/de\/wp-json\/wp\/v2\/media?parent=15314"}],"wp:term":[{"taxonomy":"product_brand","embeddable":true,"href":"https:\/\/msofficestore.com\/de\/wp-json\/wp\/v2\/product_brand?post=15314"},{"taxonomy":"product_cat","embeddable":true,"href":"https:\/\/msofficestore.com\/de\/wp-json\/wp\/v2\/product_cat?post=15314"},{"taxonomy":"product_tag","embeddable":true,"href":"https:\/\/msofficestore.com\/de\/wp-json\/wp\/v2\/product_tag?post=15314"}],"curies":[{"name":"wp","href":"https:\/\/api.w.org\/{rel}","templated":true}]}}