{"id":15315,"date":"2021-03-21T23:45:20","date_gmt":"2021-03-21T23:45:20","guid":{"rendered":"https:\/\/msofficestore.com\/product\/windows-10-enterprise\/"},"modified":"2024-01-14T08:05:16","modified_gmt":"2024-01-14T08:05:16","slug":"windows-10-enterprise","status":"publish","type":"product","link":"https:\/\/msofficestore.com\/de\/produkt\/windows-10-enterprise\/","title":{"rendered":"Windows 10 Enterprise"},"content":{"rendered":"<p><strong>Windows 10 Enterprise<\/strong> richtet sich an Unternehmen. Es ist so konzipiert, dass es die Anforderungen aller gro\u00dfen bis mittelgro\u00dfen Unternehmen erf\u00fcllt, indem es Fachleuten zur Verf\u00fcgung steht:<\/p>\n<ul>\n<li style=\"font-weight: 400;\"><span style=\"font-weight: 400;\">Ein h\u00f6heres Ma\u00df an Schutz vor Sicherheitsbedrohungen.<\/span><\/li>\n<li style=\"font-weight: 400;\"><span style=\"font-weight: 400;\">Flexibilit\u00e4t bei Updates und Support.<\/span><\/li>\n<li style=\"font-weight: 400;\"><span style=\"font-weight: 400;\">Vollst\u00e4ndige Kontrolle und Verwaltung von Anwendungen und Ger\u00e4ten.<\/span><\/li>\n<\/ul>\n<p><b>Enthaltene Tools f\u00fcr intelligente Sicherheit<\/b><\/p>\n<ul>\n<li style=\"font-weight: 400;\"><span style=\"font-weight: 400;\">Windows Hallo<\/span><\/li>\n<li style=\"font-weight: 400;\"><span style=\"font-weight: 400;\">ReFS (Ausfallsichere Dateisysteme)<\/span><\/li>\n<li style=\"font-weight: 400;\"><span style=\"font-weight: 400;\">Schutz von Windows-Informationen<\/span><\/li>\n<li style=\"font-weight: 400;\"><span style=\"font-weight: 400;\">Windows Defender System Guard<\/span><\/li>\n<li style=\"font-weight: 400;\"><span style=\"font-weight: 400;\">Windows Defender Credential Guard<\/span><\/li>\n<li style=\"font-weight: 400;\"><span style=\"font-weight: 400;\">Windows Defender Application Guard<\/span><\/li>\n<li style=\"font-weight: 400;\"><span style=\"font-weight: 400;\">Windows Defender Anwendungssteuerung<\/span><\/li>\n<li style=\"font-weight: 400;\"><span style=\"font-weight: 400;\">BitLocker und BitLocker zum Mitnehmen<\/span><\/li>\n<li style=\"font-weight: 400;\"><span style=\"font-weight: 400;\">Windows Defender Exploit Guard<\/span><\/li>\n<li style=\"font-weight: 400;\"><span style=\"font-weight: 400;\">Windows Defender Antivirus<\/span><\/li>\n<li style=\"font-weight: 400;\"><span style=\"font-weight: 400;\">Microsoft Defender Advanced Threat Protection (ATP)<\/span><\/li>\n<\/ul>\n<p><b>Aktualisierungen werden einfach gemacht mit<\/b><\/p>\n<ul>\n<li style=\"font-weight: 400;\"><span style=\"font-weight: 400;\">WSUS (Windows Server Update-Dienst)<\/span><\/li>\n<li style=\"font-weight: 400;\"><span style=\"font-weight: 400;\">Desktop-Analytik<\/span><\/li>\n<li style=\"font-weight: 400;\"><span style=\"font-weight: 400;\">Windows Update f\u00fcr Unternehmen<\/span><\/li>\n<li style=\"font-weight: 400;\"><span style=\"font-weight: 400;\">Windows-Insider-Programm f\u00fcr Unternehmen<\/span><\/li>\n<li style=\"font-weight: 400;\"><span style=\"font-weight: 400;\">Unterst\u00fctzung f\u00fcr gezielte Ver\u00f6ffentlichungen im September f\u00fcr 30 Monate<\/span><\/li>\n<li style=\"font-weight: 400;\"><span style=\"font-weight: 400;\">Windows 10 LTSC Zugang<\/span><\/li>\n<li style=\"font-weight: 400;\"><span style=\"font-weight: 400;\">Eilige Aktualisierungen<\/span><\/li>\n<li style=\"font-weight: 400;\"><span style=\"font-weight: 400;\">Optimierung der Lieferung<\/span><\/li>\n<li style=\"font-weight: 400;\"><span style=\"font-weight: 400;\">Windows 10 LTSC Zugang<\/span><\/li>\n<\/ul>\n<p><b>Verwaltungsinstrumente f\u00fcr Flexibilit\u00e4t<\/b><\/p>\n<ul>\n<li style=\"font-weight: 400;\"><span style=\"font-weight: 400;\">Kiosk-Modus<\/span><\/li>\n<li style=\"font-weight: 400;\"><span style=\"font-weight: 400;\">Gemeinsam genutzte Windows-Ger\u00e4te<\/span><\/li>\n<li style=\"font-weight: 400;\"><span style=\"font-weight: 400;\">Windows-Autopilot<\/span><\/li>\n<li style=\"font-weight: 400;\"><span style=\"font-weight: 400;\">Cloud-Aktivierungen<\/span><\/li>\n<li style=\"font-weight: 400;\"><span style=\"font-weight: 400;\">Hybride Azure Active Directory-Verbindung<\/span><\/li>\n<li style=\"font-weight: 400;\"><span style=\"font-weight: 400;\">Microsoft Store f\u00fcr Unternehmen<\/span><\/li>\n<li style=\"font-weight: 400;\"><span style=\"font-weight: 400;\">Verwalten von Benutzererfahrungen<\/span><\/li>\n<li style=\"font-weight: 400;\"><span style=\"font-weight: 400;\">Nutzungsrechte f\u00fcr virtuelle Windows-Desktops<\/span><\/li>\n<li style=\"font-weight: 400;\"><span style=\"font-weight: 400;\">Microsoft Anwendungsvirtualisierung (App-V)12<\/span><\/li>\n<li style=\"font-weight: 400;\"><span style=\"font-weight: 400;\">Microsoft Benutzerumgebungsvirtualisierung (UE-V)<\/span><\/li>\n<li style=\"font-weight: 400;\"><span style=\"font-weight: 400;\">(MDM) Verwaltung mobiler Ger\u00e4te <\/span><\/li>\n<li style=\"font-weight: 400;\"><span style=\"font-weight: 400;\">(MAM) Verwaltung mobiler Anwendungen <\/span><\/li>\n<\/ul>\n<p><b>Steigern Sie die Produktivit\u00e4t Ihres Unternehmens mit diesen Tools<\/b><\/p>\n<ul>\n<li style=\"font-weight: 400;\"><span style=\"font-weight: 400;\">Cortana<\/span><\/li>\n<li style=\"font-weight: 400;\"><span style=\"font-weight: 400;\">Office 365<\/span><\/li>\n<li style=\"font-weight: 400;\"><span style=\"font-weight: 400;\">Microsoft-Suche in Windows<\/span><\/li>\n<li style=\"font-weight: 400;\"><span style=\"font-weight: 400;\">Microsoft Edge<\/span><\/li>\n<li style=\"font-weight: 400;\"><span style=\"font-weight: 400;\">Persistenter Speicher<\/span><\/li>\n<li style=\"font-weight: 400;\"><span style=\"font-weight: 400;\">SMB Direkt<\/span><\/li>\n<li style=\"font-weight: 400;\"><span style=\"font-weight: 400;\">Erreichbarkeit<\/span><\/li>\n<li style=\"font-weight: 400;\"><span style=\"font-weight: 400;\">Windows-Tinte<\/span><\/li>\n<li style=\"font-weight: 400;\"><span style=\"font-weight: 400;\">Microsoft Whiteboard<\/span><\/li>\n<li style=\"font-weight: 400;\"><span style=\"font-weight: 400;\">OneNote f\u00fcr Windows 10<\/span><\/li>\n<li style=\"font-weight: 400;\"><span style=\"font-weight: 400;\">Ger\u00e4te\u00fcbergreifendes Arbeiten<\/span><\/li>\n<\/ul>\n<p><b>Systemanforderungen f\u00fcr Windows 10 Enterprise<\/b><\/p>\n<p><span style=\"font-weight: 400;\">Bevor Sie Windows 10 Enterprise kaufen und installieren, \u00fcberpr\u00fcfen Sie bitte die Systemanforderungen:<\/span><\/p>\n<ul>\n<li style=\"font-weight: 400;\"><span style=\"font-weight: 400;\">Prozessor: 1 GHz oder schneller oder SoC<\/span><\/li>\n<li style=\"font-weight: 400;\"><span style=\"font-weight: 400;\">RAM: 1 GB f\u00fcr 32-Bit-System oder 2 GB f\u00fcr 64-Bit-System<\/span><\/li>\n<li style=\"font-weight: 400;\"><span style=\"font-weight: 400;\">Festplattenspeicher: 16 GB f\u00fcr 32-Bit-System oder 32 GB f\u00fcr 64-Bit-System<\/span><\/li>\n<li style=\"font-weight: 400;\"><span style=\"font-weight: 400;\">Grafikkarte: DirectX 9 oder h\u00f6her mit einem WDDM 1.0-Treiber <\/span><\/li>\n<\/ul>\n<p><b>Digitale Zustellung<\/b><\/p>\n<p><span style=\"font-weight: 400;\">Unsere Produkte werden ausschlie\u00dflich digital geliefert. Das bedeutet, dass Ihnen kein Datentr\u00e4ger oder Installationsmedium per Post zugeschickt wird.<\/span><\/p>\n","protected":false},"excerpt":{"rendered":"<ul>\n<li><strong>Einschlie\u00dflich Computersicherheit<\/strong><\/li>\n<li><strong>Sch\u00fctzt Ihr Unternehmen<\/strong> mit fortschrittlicher Sicherheit, die Cloud Intelligence nutzt<\/li>\n<li><strong>Einfache Einrichtung, Nutzung und Aktualisierung mit minimalem Aufwand<\/strong><\/li>\n<li><strong>Gibt IT-Profis noch mehr Kontrolle<\/strong><\/li>\n<li><strong>Passen Sie Funktionen und Anwendungen an.<\/strong> Verwalten und sichern Sie Endger\u00e4te. Microsoft 365-Verwaltungstools geben Ihnen mehr Kontrolle<\/li>\n<li><strong>Verbessert die Produktivit\u00e4t<\/strong><\/li>\n<li><strong>Erm\u00f6glicht Anwendern ein effizienteres Arbeiten und Zusammenarbeiten<\/strong> durch eine intuitive Benutzeroberfl\u00e4che und integrierte Tools und Funktionen<\/li>\n<li><strong>Microsoft Defender for Endpoint<\/strong> untersucht und behebt Bedrohungen mit Hilfe eines fortschrittlichen Intelligent Security Graph.<\/li>\n<li>Jeder Kauf wird durch unsere 100%ige Produktzufriedenheitsgarantie abgedeckt. Wenn das MS Office Store-Team Ihren Kauf nicht aktivieren kann, erhalten Sie Ihr Geld zur\u00fcck.<\/li>\n<\/ul>\n<p>&nbsp;<\/p>\n","protected":false},"featured_media":15183,"comment_status":"closed","ping_status":"closed","template":"","meta":{"_acf_changed":false},"product_brand":[],"product_cat":[53,52,64],"product_tag":[],"class_list":{"0":"post-15315","1":"product","2":"type-product","3":"status-publish","4":"has-post-thumbnail","6":"product_cat-microsoft-windows-10","7":"product_cat-windows-de","8":"product_cat-windows-fur-unternehmen","10":"first","11":"instock","12":"sale","13":"taxable","14":"shipping-taxable","15":"purchasable","16":"product-type-simple"},"acf":[],"_links":{"self":[{"href":"https:\/\/msofficestore.com\/de\/wp-json\/wp\/v2\/product\/15315","targetHints":{"allow":["GET"]}}],"collection":[{"href":"https:\/\/msofficestore.com\/de\/wp-json\/wp\/v2\/product"}],"about":[{"href":"https:\/\/msofficestore.com\/de\/wp-json\/wp\/v2\/types\/product"}],"replies":[{"embeddable":true,"href":"https:\/\/msofficestore.com\/de\/wp-json\/wp\/v2\/comments?post=15315"}],"wp:featuredmedia":[{"embeddable":true,"href":"https:\/\/msofficestore.com\/de\/wp-json\/wp\/v2\/media\/15183"}],"wp:attachment":[{"href":"https:\/\/msofficestore.com\/de\/wp-json\/wp\/v2\/media?parent=15315"}],"wp:term":[{"taxonomy":"product_brand","embeddable":true,"href":"https:\/\/msofficestore.com\/de\/wp-json\/wp\/v2\/product_brand?post=15315"},{"taxonomy":"product_cat","embeddable":true,"href":"https:\/\/msofficestore.com\/de\/wp-json\/wp\/v2\/product_cat?post=15315"},{"taxonomy":"product_tag","embeddable":true,"href":"https:\/\/msofficestore.com\/de\/wp-json\/wp\/v2\/product_tag?post=15315"}],"curies":[{"name":"wp","href":"https:\/\/api.w.org\/{rel}","templated":true}]}}