{"id":15317,"date":"2021-03-20T00:00:26","date_gmt":"2021-03-20T00:00:26","guid":{"rendered":"https:\/\/msofficestore.com\/product\/cyber-privacy-suite-12-monate-lizenz\/"},"modified":"2024-01-14T09:59:03","modified_gmt":"2024-01-14T09:59:03","slug":"cyber-privacy-suite-12-monate-lizenz","status":"publish","type":"product","link":"https:\/\/msofficestore.com\/de\/produkt\/cyber-privacy-suite-12-monate-lizenz\/","title":{"rendered":"Cyber Privacy Suite &#8211; 12-Monate-Lizenz"},"content":{"rendered":"<p><strong>Cyber Privacy Suite verhindert Web-Tracking!<\/strong><br \/>\nIhre digitalen Informationen und Ihr Online-Verhalten werden jeden Tag verfolgt, \u00fcberwacht und protokolliert. Die gesammelten Informationen k\u00f6nnen von verschiedenen Drittparteien verarbeitet, verkauft und verwendet werden. Cyber Privacy Suite kann dies verhindern.<\/p>\n<p><strong>Sicher und anonym online bleiben mit einem sicheren VPN<\/strong><br \/>\nIhre Online-, Social-Media- und Einkaufsaktivit\u00e4ten k\u00f6nnen von anderen \u00fcberwacht werden, wenn Sie eine ungesicherte Verbindung verwenden. Dies macht Ihre Konten und Aktivit\u00e4ten anf\u00e4llig f\u00fcr Missbrauch. Die Cyber Privacy Suite stattet Ihr Ger\u00e4t mit einer sicheren VPN-Verbindung aus, die alle Nachrichten und Kommunikationen verschl\u00fcsselt. Au\u00dferdem sch\u00fctzt es Ihre Online-Aktivit\u00e4ten und sichert alle digitalen Aktionen, die Sie bei der Nutzung des Internets \u00fcber WLAN durchf\u00fchren.<\/p>\n<p><strong>Verhindern Sie den Zugriff von Hackern auf Ihre Webcam und Ihr Mikrofon!<\/strong><\/p>\n<p>Hacker k\u00f6nnen sich Zugang zu Ihrer eingebauten Webcam und Ihrem Mikrofon verschaffen. Das bedeutet, dass Hacker durch Ihr Ger\u00e4t sehen und h\u00f6ren k\u00f6nnen. Dadurch erhalten sie m\u00f6glicherweise Zugang zu privaten R\u00e4umen in Ihrer Wohnung, einschlie\u00dflich des Wohnzimmers, der Schlafzimmer und sogar der B\u00e4der. Eine gehackte Webcam und Mikrofondaten k\u00f6nnen im Dark Web f\u00fcr nur 5 Dollar verkauft werden. Cyber Privacy Suite blockiert den Zugriff auf Ihr Ger\u00e4t und sch\u00fctzt Ihre Privatsph\u00e4re.<\/p>\n<p><strong>Einige der in der Cyber Privacy Suite enthaltenen Highlights<\/strong><\/p>\n<p>Verhindern Sie die Erstellung von Fingerabdr\u00fccken durch Dritte &#8211; Cyber Privacy Suite verschl\u00fcsselt die Erstellung von Fingerabdruckprofilen. Dies ist ein Verfahren, das von Drittanbietern verwendet wird, um Ihre Online-Aktivit\u00e4ten zu verfolgen. Ihre Daten werden dann mit Gewinn verkauft.<\/p>\n<p>Cyber Privacy Suite sch\u00fctzt Ihre pers\u00f6nlichen Daten, um Identit\u00e4tsdiebstahl zu verhindern &#8211; Cyber Privacy Suite r\u00e4t Ihnen, sensible und pers\u00f6nliche Daten, die ein Risiko darstellen, zu l\u00f6schen. Diese Funktion stellt sicher, dass es f\u00fcr Identit\u00e4tsdiebe viel schwieriger ist, Ihre pers\u00f6nlichen Daten zu stehlen.<br \/>\nSichere VPN-Gateways &#8211; Mit sicheren VPN-Gateways k\u00f6nnen Sie in der Gewissheit einkaufen, streamen und solicialisieren, dass Ihre Daten sicher sind. Verwenden Sie Cyber Privacy Suite, um eine vollst\u00e4ndig gesicherte VPN-Verbindung zu nutzen. Die Suite bietet mehr als 20 Standorte, von denen aus Verbindungen hergestellt werden k\u00f6nnen.<\/p>\n<p>Verhindert den Zugriff auf Ihr Mikrofon und Ihre Webcam &#8211; Cyber Privacy Suite sperrt alle externen und internen Zugriffsanfragen auf Ihre Webcam und Ihr Mikrofon. Dadurch wird verhindert, dass Hacker Ihr Ger\u00e4t missbrauchen und darauf zugreifen k\u00f6nnen.<\/p>\n<p>Blockiert das Tracking &#8211; Nach der Installation l\u00f6scht Cyber Privacy Suite die protokollierten Surfgewohnheiten und Anmeldedaten. Dies verringert das Risiko, dass diese Daten gestohlen und missbraucht werden. Au\u00dferdem wird verhindert, dass Dritte auf die Informationen zugreifen k\u00f6nnen.<\/p>\n<p><strong>Weitere Funktionen der Cyber Privacy Suite:<\/strong><\/p>\n<p>Anti-Tracking &#8211; Cyber Privacy Suite verhindert digitale Fingerabdr\u00fccke, Tracking und Data-Mining-Versuche durch Hacker oder Dritte. Dadurch werden Ihre Internetgewohnheiten und Informationen gesch\u00fctzt, sodass sie nicht abgefangen und missbraucht werden k\u00f6nnen.<\/p>\n<p>Identit\u00e4tsschutz &#8211; Sch\u00fctzen Sie sich mit Cyber Privacy Suite vor Identit\u00e4tsdiebstahl. Die Software kann Sie darauf aufmerksam machen, wo Ihre Postanschrift, Telefonnummer, E-Mail-Adresse und Kreditkarteninformationen gespeichert sind, damit Sie diese entfernen k\u00f6nnen.<\/p>\n<p>Schutz und Warnungen in Echtzeit &#8211; Malware entwickelt sich st\u00e4ndig weiter. Cyber Privacy Suite hat eine sofortige Reaktionszeit. Die Software \u00fcberwacht Ihren Computer st\u00e4ndig. Es scannt nach Phishing-Versuchen und blockiert sie in Echtzeit.<\/p>\n<p>Entfernt Anmeldeinformationen &#8211; Cyber Privacy Suite durchsucht Ihren Computer nach nachvollziehbaren Anmeldeinformationen von Ihren bevorzugten Websites, Dienstanbietern und Portalen. Sie haben die M\u00f6glichkeit, diese Spuren zu l\u00f6schen, sodass sie nicht nachverfolgt und verwendet werden k\u00f6nnen.<\/p>\n<p>Cookie-Blockierung &#8211; Cyber Privacy Suite verf\u00fcgt \u00fcber eine &#8222;Set-and-forget&#8220;-Einstellung f\u00fcr eine umfassende Cookie-Blockierung. Auf diese Weise k\u00f6nnen Sie automatisch Cookies blockieren, die b\u00f6sartig sein k\u00f6nnten oder ein Risiko f\u00fcr die Privatsph\u00e4re darstellen.<\/p>\n<p>Dokumentenscanner &#8211; Die Datenschutzsoftware kann nach lokalen Dokumenten suchen, die m\u00f6glicherweise identit\u00e4tsbezogene Informationen enthalten. Dazu k\u00f6nnten Ihre Bankkontonummern oder Kreditkartennummern geh\u00f6ren. Sie werden gewarnt, wenn diese gefunden werden, und es wird Ihnen geraten, diese Dateien entweder zu l\u00f6schen oder zu sichern.<\/p>\n<p><strong>Digitale Zustellung<\/strong><\/p>\n<p>Unsere Produkte werden ausschlie\u00dflich digital geliefert. Das bedeutet, dass Ihnen kein Datentr\u00e4ger oder Installationsmedium per Post zugeschickt wird.<\/p>\n","protected":false},"excerpt":{"rendered":"<p><b style=\"font-style: inherit;\">Wichtige Details<\/b><\/p>\n<ul>\n<li>Anti-Tracking<\/li>\n<li>Verschl\u00fcsselte Anmeldeinformationen<\/li>\n<li>Ein Mechanismus zum Schutz der Identit\u00e4t<\/li>\n<li>Online-Sicherheit<\/li>\n<li>Warnungen und Schutz in Echtzeit<\/li>\n<li>Blockieren Sie den Zugriff auf Ihre Webcam und Ihr Mikrofon<\/li>\n<li>Ihre exponierten Daten k\u00f6nnen im Dark Web durchsucht werden<\/li>\n<li>Dokumente k\u00f6nnen in einem verschl\u00fcsselten Tresor gespeichert werden<\/li>\n<li>Verhaltensverfolgung ist blockiert<\/li>\n<\/ul>\n","protected":false},"featured_media":15197,"comment_status":"closed","ping_status":"closed","template":"","meta":{"_acf_changed":false},"product_brand":[],"product_cat":[57,63],"product_tag":[],"class_list":{"0":"post-15317","1":"product","2":"type-product","3":"status-publish","4":"has-post-thumbnail","6":"product_cat-andere","7":"product_cat-antivirus-de","9":"first","10":"instock","11":"sale","12":"purchasable","13":"product-type-simple"},"acf":[],"_links":{"self":[{"href":"https:\/\/msofficestore.com\/de\/wp-json\/wp\/v2\/product\/15317","targetHints":{"allow":["GET"]}}],"collection":[{"href":"https:\/\/msofficestore.com\/de\/wp-json\/wp\/v2\/product"}],"about":[{"href":"https:\/\/msofficestore.com\/de\/wp-json\/wp\/v2\/types\/product"}],"replies":[{"embeddable":true,"href":"https:\/\/msofficestore.com\/de\/wp-json\/wp\/v2\/comments?post=15317"}],"wp:featuredmedia":[{"embeddable":true,"href":"https:\/\/msofficestore.com\/de\/wp-json\/wp\/v2\/media\/15197"}],"wp:attachment":[{"href":"https:\/\/msofficestore.com\/de\/wp-json\/wp\/v2\/media?parent=15317"}],"wp:term":[{"taxonomy":"product_brand","embeddable":true,"href":"https:\/\/msofficestore.com\/de\/wp-json\/wp\/v2\/product_brand?post=15317"},{"taxonomy":"product_cat","embeddable":true,"href":"https:\/\/msofficestore.com\/de\/wp-json\/wp\/v2\/product_cat?post=15317"},{"taxonomy":"product_tag","embeddable":true,"href":"https:\/\/msofficestore.com\/de\/wp-json\/wp\/v2\/product_tag?post=15317"}],"curies":[{"name":"wp","href":"https:\/\/api.w.org\/{rel}","templated":true}]}}