{"id":15319,"date":"2020-07-19T20:26:23","date_gmt":"2020-07-19T19:26:23","guid":{"rendered":"https:\/\/msofficestore.com\/product\/windows-10-professional-retail-premium-paket\/"},"modified":"2024-01-14T07:51:20","modified_gmt":"2024-01-14T07:51:20","slug":"windows-10-professional-retail-premium-paket","status":"publish","type":"product","link":"https:\/\/msofficestore.com\/de\/produkt\/windows-10-professional-retail-premium-paket\/","title":{"rendered":"Windows 10 Professional RETAIL Premium-Paket"},"content":{"rendered":"<blockquote>\n<h6 style=\"text-align: center;\">Unser Team ist jederzeit online \u00fcber den <span style=\"color: #ff6600;\"><strong>Live-Chat<\/strong><\/span> erreichbar. Wenn Sie Fragen haben, k\u00f6nnen wir sie in Sekunden beantworten. Probieren Sie es aus.<\/h6>\n<\/blockquote>\n<p>&nbsp;<\/p>\n<p><span style=\"font-weight: 400;\">Hier finden Sie die Produktinformationen f\u00fcr das <strong>Windows 10 Professional RETAIL Premium-Paket<\/strong>.<\/span><\/p>\n<p><span style=\"font-weight: 400;\">Dieses Premium-Paket enth\u00e4lt alles, was Sie brauchen: Software, Aktivierung und Installation. Die Installation erfolgt per Fernsteuerung, unser Team wird alles f\u00fcr Sie erledigen. Das Paket wird mit einer 4-Jahres-Garantie geliefert, wenn Sie es im MS Office Store kaufen. <\/span><\/p>\n<p><span style=\"font-weight: 400;\">Windows 10 pro ist das neue Betriebssystem von Microsoft, das sich an professionelle Nutzer und Unternehmen richtet. Es wird sowohl auf PCs und Laptops als auch auf Tablets laufen. Dieses Softwarepaket bietet Funktionen, die professionellen Anwendern auf jeder kompatiblen Plattform die beste Leistung bieten. <\/span><\/p>\n<p><span style=\"font-weight: 400;\">Das Windows 10 Professional RETAIL Premium-Paket bietet zwar den besten Kundensupport f\u00fcr erfahrene Nutzer, ist aber in erster Linie auf Unternehmen zugeschnitten. Diese Version hat eine moderne und benutzerfreundliche Oberfl\u00e4che, die der fr\u00fcheren &#8222;Pro&#8220;-Version \u00e4hnelt. Es ist mit allen Ger\u00e4ten und deren Eigenschaften kompatibel, sodass es auch auf \u00e4lteren Computern l\u00e4uft und die beste Konvertierung f\u00fcr Unternehmen bietet. <\/span><\/p>\n<p><b>Neue Funktionen in Windows 10 Professional RETAIL Premium<\/b><\/p>\n<p><span style=\"font-weight: 400;\">Das Windows 10 Pro Premium-Paket bietet Anwendern wichtige Gesch\u00e4ftsfunktionen wie Domain Join, Gruppenrichtlinienverwaltung, BitLocker, Remote Desktop, EMIE (Enterprise Mode f\u00fcr Internet Explorer), Assigned Access 8.1 und einen Hyper-V-Client. Au\u00dferdem enth\u00e4lt es neue universelle Programme und Funktionen wie: <\/span><\/p>\n<p><span style=\"font-weight: 400;\">Cortana: Ein n\u00fctzlicher pers\u00f6nlicher Assistent, den Sie auf Ihrem Computer nutzen k\u00f6nnen. <\/span><\/p>\n<p><span style=\"font-weight: 400;\">Neuer Internet-Browser: Microsoft Edge ist der neue, sichere Internet-Browser, der den Internet Explorer ersetzt. <\/span><\/p>\n<p><span style=\"font-weight: 400;\">Erkennung von Gesicht und Fingerabdr\u00fccken: Diese Funktion ist auf kompatibler Hardware verf\u00fcgbar. <\/span><\/p>\n<p><span style=\"font-weight: 400;\">Kontinuierlich: Dies funktioniert im Tablet-Modus auf Touch-Ger\u00e4ten.<\/span><\/p>\n<p><span style=\"font-weight: 400;\">Windows Holographic: Diese Anwendungsplattform nutzt die Datenbrille HoloLens. <\/span><\/p>\n<p><span style=\"font-weight: 400;\">Die \u00fcblichen Programme wie Kalender, Mail, Fotos, Videos und Musik sind ebenso vorhanden wie das neue Grafikprogramm DirectX 12. Windows 10 Professional Premium erm\u00f6glicht auch den Beitritt zum Azure Active Directory. Dabei handelt es sich um einen cloudbasierten Verzeichnis- und Identit\u00e4tsverwaltungsdienst. Mit einer einzigen Registrierung erhalten Nutzer auch Zugang zu einer Vielzahl von Cloud-SaaS-Anwendungen wie Concur, Office 365 und DropBox. <\/span><\/p>\n<p><b>Aktualisierte Funktionen<\/b><\/p>\n<p><span style=\"font-weight: 400;\">Das Startmen\u00fc wurde umgestaltet und bietet nun einen Kachelbereich, in dem jede Kachel eine individuelle Funktion hat. Dieses Betriebssystem enth\u00e4lt eine neue Funktion, die es erm\u00f6glicht, mehrere virtuelle Desktops f\u00fcr unterschiedliche Zwecke zu nutzen. Windows 10 Pro Premium umfasst auch den Zugriff auf den Business Store.<\/span><\/p>\n<p><b>Digitale Zustellung<\/b><\/p>\n<p><span style=\"font-weight: 400;\">Unsere Produkte werden ausschlie\u00dflich digital geliefert. Das bedeutet, dass Ihnen kein Datentr\u00e4ger oder Installationsmedium per Post zugeschickt wird.<\/span><\/p>\n<p>&nbsp;<\/p>\n<p>&nbsp;<\/p>\n<p>&nbsp;<\/p>\n","protected":false},"excerpt":{"rendered":"<ul>\n<li><strong>Produktinformation<\/strong>:32 &amp; 64 Bit Retail-Versionen<\/li>\n<li><strong>Premium-Paket<\/strong>: Premium-Paket umfasst Aktivierung und Installation &#8211; Die Installation erfolgt per Fernbedienung <strong><strong><strong style=\"color: #ff6600; font-size: 18px; text-align: center;\">(Office ist NICHT enthalten und muss separat bestellt werden<\/strong><\/strong><\/strong>)<\/li>\n<li><strong>Garantie<\/strong>: 4-Jahres-Garantie<\/li>\n<li><strong>Hersteller<\/strong>: Microsoft <strong><strong><strong style=\"color: #ff6600; font-size: 18px; text-align: center;\">(Windows ist nicht kompatibel mit Chromebook<\/strong><\/strong><\/strong><strong>)<\/strong><\/li>\n<li><strong>Status<\/strong>: Lizenz gilt nur f\u00fcr 1 PC &#8211; f\u00fcr Gro\u00dfeink\u00e4ufe kontaktieren Sie uns bitte \u00fcber den Online-Chat<\/li>\n<li><strong>Lieferung<\/strong>: Nach dem Kauf erhalten Sie einen sofortigen digitalen Download und einen digitalen Lizenzschl\u00fcssel.<\/li>\n<li><strong>Lebenslang<\/strong>: Einmal zahlen f\u00fcr eine lebenslange Lizenz<\/li>\n<li><strong>Sprache<\/strong>: Dieses Produkt ist global und funktioniert in jedem Land, alle Sprachen sind verf\u00fcgbar<\/li>\n<li><strong>Einrichtung<\/strong>: Live-Einrichtungshilfe<\/li>\n<li><strong>Jeder Kauf wird mit einer Garantie geliefert<\/strong>: Wenn unser Team Ihren Kauf nicht aktivieren kann, erhalten Sie Ihr Geld zur\u00fcck.<\/li>\n<li>\n<\/li>\n<\/ul>\n<p>&nbsp;<\/p>\n<p>&nbsp;<\/p>\n","protected":false},"featured_media":15185,"comment_status":"closed","ping_status":"closed","template":"","meta":{"_acf_changed":false},"product_brand":[],"product_cat":[53,52,54],"product_tag":[],"class_list":{"0":"post-15319","1":"product","2":"type-product","3":"status-publish","4":"has-post-thumbnail","6":"product_cat-microsoft-windows-10","7":"product_cat-windows-de","8":"product_cat-windows-fur-den-personlichen-gebrauch","10":"first","11":"instock","12":"taxable","13":"shipping-taxable","14":"purchasable","15":"product-type-simple"},"acf":[],"_links":{"self":[{"href":"https:\/\/msofficestore.com\/de\/wp-json\/wp\/v2\/product\/15319","targetHints":{"allow":["GET"]}}],"collection":[{"href":"https:\/\/msofficestore.com\/de\/wp-json\/wp\/v2\/product"}],"about":[{"href":"https:\/\/msofficestore.com\/de\/wp-json\/wp\/v2\/types\/product"}],"replies":[{"embeddable":true,"href":"https:\/\/msofficestore.com\/de\/wp-json\/wp\/v2\/comments?post=15319"}],"wp:featuredmedia":[{"embeddable":true,"href":"https:\/\/msofficestore.com\/de\/wp-json\/wp\/v2\/media\/15185"}],"wp:attachment":[{"href":"https:\/\/msofficestore.com\/de\/wp-json\/wp\/v2\/media?parent=15319"}],"wp:term":[{"taxonomy":"product_brand","embeddable":true,"href":"https:\/\/msofficestore.com\/de\/wp-json\/wp\/v2\/product_brand?post=15319"},{"taxonomy":"product_cat","embeddable":true,"href":"https:\/\/msofficestore.com\/de\/wp-json\/wp\/v2\/product_cat?post=15319"},{"taxonomy":"product_tag","embeddable":true,"href":"https:\/\/msofficestore.com\/de\/wp-json\/wp\/v2\/product_tag?post=15319"}],"curies":[{"name":"wp","href":"https:\/\/api.w.org\/{rel}","templated":true}]}}