{"id":15321,"date":"2020-05-06T22:00:25","date_gmt":"2020-05-06T21:00:25","guid":{"rendered":"https:\/\/msofficestore.com\/product\/mac-office-2019-home-und-business-fuer-mac-retail-version\/"},"modified":"2024-01-14T09:05:23","modified_gmt":"2024-01-14T09:05:23","slug":"mac-office-2019-home-und-business-fuer-mac-retail-version","status":"publish","type":"product","link":"https:\/\/msofficestore.com\/de\/produkt\/mac-office-2019-home-und-business-fuer-mac-retail-version\/","title":{"rendered":"Mac Office 2019 Home und Business f\u00fcr Mac Retail Version"},"content":{"rendered":"<p><strong>Produktinformationen f\u00fcr Mac Office 2019 Home and Business f\u00fcr Mac (Retail Version).<\/strong><\/p>\n<p><span style=\"font-weight: 400;\">Mac Office 2019 Home and Business bietet eine Sammlung von Programmen, die ideal f\u00fcr Einzelanwender, Familien und sogar kleine bis mittlere Unternehmen sind. Dieses Paket kann f\u00fcr viele Dinge verwendet werden, z. B. zum Abrufen und Verwalten von E-Mails, zum Erstellen von Dokumenten, Pr\u00e4sentationen und vielem mehr. Au\u00dferdem enth\u00e4lt es die neuesten Versionen von OneNote, Outlook, Word, Excel und PowerPoint. Kaufen Sie Ihren Lizenzschl\u00fcssel f\u00fcr Microsoft Office f\u00fcr Mac noch heute. Mit MS Office Store sind Sie in wenigen Minuten startklar. <\/span><\/p>\n<p><b>Wenn Sie Mac Office 2019 Home and Business heute kaufen, k\u00f6nnen Sie sicher sein, dass Sie die beste Wahl getroffen haben.<\/b><\/p>\n<p><span style=\"font-weight: 400;\">Die Software umfasst Remix 3D, einen B\u00fcroassistenten, der 3D-Modelle von Objekten zur Verwendung in PowerPoint, Word und Excel erstellt. Diese Funktion macht jedes Dokument spannender und einzigartiger. Es ist ein nahtloser Prozess, und die 3D-Modelle k\u00f6nnen in PowerPoint verwendet werden, wenn zwischen Folien gewechselt wird. Sie k\u00f6nnen diese Funktionen auch nutzen, ohne mit dem Internet verbunden zu sein. Das Schreiben und Berechnen von Zahlen ist mit der klassischen Tabellenkalkulationsanwendung Excel sehr einfach. <\/span><\/p>\n<p><span style=\"font-weight: 400;\">Mit dieser Version haben Sie Zugriff auf eine Vielzahl zeitsparender und n\u00fctzlicher Tools. Ein n\u00fctzliches Werkzeug ist, dass das Programm lernt, Arbeitsmuster zu erkennen, um den Benutzern bessere Vorschl\u00e4ge zu machen. F\u00fcr einen schnelleren Start k\u00f6nnen Sie eine Vorlage aus \u00fcber 40 Kategorien ausw\u00e4hlen. Fr\u00fchere Versionen haben es den Nutzern erm\u00f6glicht, komplexe Formeln und Berechnungen zu erstellen, und die Mac 2019 Software bietet dies und mehr. Die Benutzer k\u00f6nnen Tabellen bearbeiten, um sicherzustellen, dass der Inhalt klar und \u00fcbersichtlich dargestellt ist. Es gibt auch neue Diagramme f\u00fcr die Nutzer, die Ihnen helfen k\u00f6nnen, Prognosen und Trends optimal zu pr\u00e4sentieren. <\/span><\/p>\n<p><span style=\"font-weight: 400;\">OneNote ist ein digitales Notizbuch, das beruflichen und privaten Nutzern hilft, den \u00dcberblick zu behalten. Alle Ideen k\u00f6nnen in Unterkategorien eingeordnet und \u00fcber die Suchfunktion leicht gefunden werden. Die Daten k\u00f6nnen auch mit einem Stift, einem Textmarker oder \u00fcber die Tastatur bearbeitet werden. Die Nutzer haben auch Zugriff auf die 2019er Version von Outlook f\u00fcr E-Mails. Au\u00dferdem lassen sich Ihre Kalender, Kontakte und Dateien problemlos in die App integrieren.<\/span><\/p>\n<p><span style=\"font-weight: 400;\">Sie k\u00f6nnen diese Software \u00fcber einen sicheren Download erwerben. Die Lizenz gilt f\u00fcr einen Computer. F\u00fcr jeden Computer, auf dem die Office-Programme ausgef\u00fchrt werden, wird eine eigene Lizenz ben\u00f6tigt. <\/span><\/p>\n<p><b>Die Systemanforderungen sind:<\/b><\/p>\n<ul>\n<li style=\"font-weight: 400;\"><span style=\"font-weight: 400;\">10 GB Festplattenkapazit\u00e4t, HFS+ Format (oder macOS Extended oder APFS)<\/span><\/li>\n<li style=\"font-weight: 400;\"><span style=\"font-weight: 400;\">Bildschirmaufl\u00f6sung von mindestens 1280 x 800<\/span><\/li>\n<li style=\"font-weight: 400;\"><span style=\"font-weight: 400;\">Office 2019 wird nur auf den drei neuesten Versionen von macOS laufen. Dies ist immer die letzte und die beiden vorherigen. Derzeit sind dies MacOS 10.15, MacOS 10.14 und 10.13.<\/span><\/li>\n<li style=\"font-weight: 400;\"><span style=\"font-weight: 400;\">Die neueste Version von Chrome, Internet Explorer, Safari oder Firefox ist erforderlich.<\/span><\/li>\n<li style=\"font-weight: 400;\"><span style=\"font-weight: 400;\">Mikrofon f\u00fcr die Spracherkennung in Outlook erforderlich<\/span><\/li>\n<li style=\"font-weight: 400;\"><span style=\"font-weight: 400;\">F\u00fcr die Vorlesefunktion ben\u00f6tigte Audio-Ausgabeger\u00e4te<\/span><\/li>\n<\/ul>\n<p><b>Digitale Zustellung<\/b><\/p>\n<p><span style=\"font-weight: 400;\">Unsere Produkte werden ausschlie\u00dflich digital geliefert. Das bedeutet, dass Ihnen kein Datentr\u00e4ger oder Installationsmedium per Post zugeschickt wird.<\/span><\/p>\n","protected":false},"excerpt":{"rendered":"<ul>\n<li>Office Home and Business 2019 Retail Version<\/li>\n<li>Der Download ist sofort nach dem Kauf verf\u00fcgbar &#8211; ein Aktivierungscode wird per E-Mail zugestellt<\/li>\n<li>Mit einer Zahlung erhalten Sie eine Lizenz auf Lebenszeit<\/li>\n<li>Neue Lizenz f\u00fcr 1 Mac-Ger\u00e4t &#8211; Wenn Sie mehrere Lizenzen kaufen m\u00f6chten, kontaktieren Sie uns im Live-Chat<\/li>\n<li>Erfordert macOS 11 (Big Sur) oder h\u00f6her zum Funktionieren<\/li>\n<li>Enth\u00e4lt die 2019er Versionen der klassischen Office-Anwendungen wie Word, PowerPoint, Excel und Outlook. Diese sind f\u00fcr die private und gewerbliche Nutzung lizenziert<\/li>\n<li>Jeder Kauf wird durch unsere 100%ige Produktzufriedenheitsgarantie abgedeckt. Wenn das MS Office Store-Team Ihren Kauf nicht aktivieren kann, erhalten Sie Ihr Geld zur\u00fcck.<\/li>\n<\/ul>\n","protected":false},"featured_media":15190,"comment_status":"open","ping_status":"closed","template":"","meta":{"_acf_changed":false},"product_brand":[],"product_cat":[58,59],"product_tag":[],"class_list":{"0":"post-15321","1":"product","2":"type-product","3":"status-publish","4":"has-post-thumbnail","6":"product_cat-microsoft-buro","7":"product_cat-microsoft-office-fur-mac","9":"first","10":"instock","11":"sale","12":"featured","13":"taxable","14":"shipping-taxable","15":"purchasable","16":"product-type-simple"},"acf":[],"_links":{"self":[{"href":"https:\/\/msofficestore.com\/de\/wp-json\/wp\/v2\/product\/15321","targetHints":{"allow":["GET"]}}],"collection":[{"href":"https:\/\/msofficestore.com\/de\/wp-json\/wp\/v2\/product"}],"about":[{"href":"https:\/\/msofficestore.com\/de\/wp-json\/wp\/v2\/types\/product"}],"replies":[{"embeddable":true,"href":"https:\/\/msofficestore.com\/de\/wp-json\/wp\/v2\/comments?post=15321"}],"wp:featuredmedia":[{"embeddable":true,"href":"https:\/\/msofficestore.com\/de\/wp-json\/wp\/v2\/media\/15190"}],"wp:attachment":[{"href":"https:\/\/msofficestore.com\/de\/wp-json\/wp\/v2\/media?parent=15321"}],"wp:term":[{"taxonomy":"product_brand","embeddable":true,"href":"https:\/\/msofficestore.com\/de\/wp-json\/wp\/v2\/product_brand?post=15321"},{"taxonomy":"product_cat","embeddable":true,"href":"https:\/\/msofficestore.com\/de\/wp-json\/wp\/v2\/product_cat?post=15321"},{"taxonomy":"product_tag","embeddable":true,"href":"https:\/\/msofficestore.com\/de\/wp-json\/wp\/v2\/product_tag?post=15321"}],"curies":[{"name":"wp","href":"https:\/\/api.w.org\/{rel}","templated":true}]}}