{"id":15324,"date":"2020-03-21T16:13:05","date_gmt":"2020-03-21T16:13:05","guid":{"rendered":"https:\/\/msofficestore.com\/product\/office-professional-plus-2019-fuer-windows\/"},"modified":"2024-01-14T08:14:24","modified_gmt":"2024-01-14T08:14:24","slug":"office-professional-plus-2019-fuer-windows","status":"publish","type":"product","link":"https:\/\/msofficestore.com\/de\/produkt\/office-professional-plus-2019-fuer-windows\/","title":{"rendered":"Office Professional Plus 2019 f\u00fcr Windows"},"content":{"rendered":"<p><strong>Die Vollversion von Microsoft Office Professional Plus 2019<\/strong> bietet die besten L\u00f6sungen f\u00fcr Heim- und B\u00fcroanwender.<\/p>\n<p>*Bitte beachten Sie, dass dieses Produkt Windows 10 ben\u00f6tigt, um zu funktionieren*.<\/p>\n<p>Microsoft Office 2019 Professional Plus Edition ist ideal f\u00fcr alle, die zu Hause oder im B\u00fcro alle Funktionen ben\u00f6tigen, die Microsoft Office zu bieten hat. Office 2019 Professional Plus enth\u00e4lt alle Anwendungen, die Sie ben\u00f6tigen, einschlie\u00dflich Word, PowerPoint, Excel, Publisher, Outlook und Access. Diese Version verf\u00fcgt \u00fcber eine Vielzahl verschiedener Programme, sodass sich Professional Plus vor allem an diejenigen wendet, die eine vielseitige und leistungsstarke Software f\u00fcr den Einsatz in ihrem Homeoffice ben\u00f6tigen. Microsoft Office 2019 Professional Plus kann sowohl bei der Arbeit als auch zu Hause verwendet werden, da es alles enth\u00e4lt, was Sie in beiden Situationen ben\u00f6tigen. Das Paket kann von jedem genutzt werden, von Studenten bis zu Berufst\u00e4tigen. Von den einfachsten bis zu den anspruchsvollsten Aufgaben deckt Microsoft Office Professional Plus alles ab.<\/p>\n<p><strong>Erweiterte Funktionen<\/strong><\/p>\n<ul>\n<li>Archivieren Sie Ihre E-Mails aus Outlook und Exchange Data Loss Prevention<\/li>\n<li>Excel und Power Pivot k\u00f6nnen Tabellenkalkulationen auf Inkonsistenzen und Fehler \u00fcberpr\u00fcfen<\/li>\n<li>Professional Plus 2019 bietet Integration mit RMS (Windows Rights Management) f\u00fcr Windows Server<\/li>\n<li>Dieses Paket enth\u00e4lt Standort-Mailboxen. Zugriff auf projektbezogene E-Mails in Exchange und auf Dokumente in SharePoint. All dies kann mit Outlook erledigt werden.<\/li>\n<\/ul>\n<p><strong>Zu den wichtigsten Verwendungszwecken von Office Professional Plus 2019 geh\u00f6ren:<\/strong><\/p>\n<p><strong>Microsoft Word<\/strong><\/p>\n<p>Microsoft Word ist f\u00fcr Schriftsteller, Studenten und Journalisten unverzichtbar. Sie k\u00f6nnen professionelle Dokumente erstellen, und Word bietet benutzerdefinierte Vorlagen sowie zus\u00e4tzliche Funktionen, mit denen Sie Ihr Schreiben auf die n\u00e4chste Stufe heben k\u00f6nnen.<\/p>\n<p><strong>Microsoft Excel<\/strong><\/p>\n<p>Microsoft Excel ist ideal f\u00fcr professionelle Tabellenkalkulationen und Finanzberichte. Verwenden Sie benutzerdefinierte Vorlagen oder erstellen Sie Ihre eigenen Berechnungen und Formeln, um Ergebnisse zu erhalten. Mit diesen Funktionen ist es kein Wunder, dass es das beliebteste Tabellenkalkulationsprogramm der Welt ist.<\/p>\n<p><strong>Microsoft Powerpoint<\/strong><\/p>\n<p>Mit Microsoft PowerPoint wird Ihre Pr\u00e4sentation zu einem echten Hingucker. Verwenden Sie Animationen und vorgefertigte Vorlagen, um eine saubere und professionelle Pr\u00e4sentation zu erstellen, die garantiert beeindruckt. Dieses Programm ist f\u00fcr Studenten und Unternehmen gleicherma\u00dfen geeignet.<\/p>\n<p><strong>Microsoft OneNote<\/strong><\/p>\n<p>OneNote ist ideal f\u00fcr die Zusammenarbeit. Mit dieser Anwendung k\u00f6nnen Sie individuelle Notizen einf\u00fcgen, Bilder oder andere Online-Inhalte hinzuf\u00fcgen und diese dann mit allen teilen, von Arbeitskollegen bis zu Freunden. Alle Ihre Kreationen werden sicher an einem Ort gespeichert, auf den Sie einfach zugreifen k\u00f6nnen.<\/p>\n<p><strong>Microsoft Outlook<\/strong><\/p>\n<p>Microsoft Outlook ist ein einfacher und effektiver E-Mail-Dienst. Dies ist eine Desktop-App, die mehr Funktionen als ihr Online-Gegenst\u00fcck enth\u00e4lt. Es ist ideal f\u00fcr alle Ihre E-Mail-Anforderungen.<\/p>\n<p><strong>Digitale Zustellung<\/strong><br \/>\nUnsere Produkte werden ausschlie\u00dflich digital geliefert. Das bedeutet, dass Ihnen kein Datentr\u00e4ger oder Installationsmedium per Post zugeschickt wird.<\/p>\n","protected":false},"excerpt":{"rendered":"<ul>\n<li><strong>Windows 10\/11<\/strong> ist f\u00fcr die Installation erforderlich<\/li>\n<li><strong>Nicht kompatibel<\/strong> mit MAC<\/li>\n<li><strong>Die Lizenz gilt nur f\u00fcr 1 PC<\/strong> &#8211; f\u00fcr Gro\u00dfeink\u00e4ufe kontaktieren Sie uns bitte \u00fcber den Online-Chat<\/li>\n<li>Der Download ist sofort nach dem Kauf verf\u00fcgbar<\/li>\n<li>Mit einer Zahlung erhalten Sie eine Lizenz auf Lebenszeit <strong>(Einzelger\u00e4t<\/strong>)<\/li>\n<li>Zugang zum au\u00dfergew\u00f6hnlichen After-Sales-Support-Team<\/li>\n<li><strong>Garantie<\/strong>: Jeder Kauf ist durch unsere 100%ige Produktzufriedenheitsgarantie gedeckt. Wenn das MS Office Store-Team Ihren Kauf nicht aktivieren kann, erhalten Sie Ihr Geld zur\u00fcck.<\/li>\n<\/ul>\n","protected":false},"featured_media":15192,"comment_status":"closed","ping_status":"closed","template":"","meta":{"_acf_changed":false},"product_brand":[],"product_cat":[58,60],"product_tag":[],"class_list":{"0":"post-15324","1":"product","2":"type-product","3":"status-publish","4":"has-post-thumbnail","6":"product_cat-microsoft-buro","7":"product_cat-microsoft-office-fur-windows","9":"first","10":"instock","11":"sale","12":"featured","13":"taxable","14":"shipping-taxable","15":"purchasable","16":"product-type-simple"},"acf":[],"_links":{"self":[{"href":"https:\/\/msofficestore.com\/de\/wp-json\/wp\/v2\/product\/15324","targetHints":{"allow":["GET"]}}],"collection":[{"href":"https:\/\/msofficestore.com\/de\/wp-json\/wp\/v2\/product"}],"about":[{"href":"https:\/\/msofficestore.com\/de\/wp-json\/wp\/v2\/types\/product"}],"replies":[{"embeddable":true,"href":"https:\/\/msofficestore.com\/de\/wp-json\/wp\/v2\/comments?post=15324"}],"wp:featuredmedia":[{"embeddable":true,"href":"https:\/\/msofficestore.com\/de\/wp-json\/wp\/v2\/media\/15192"}],"wp:attachment":[{"href":"https:\/\/msofficestore.com\/de\/wp-json\/wp\/v2\/media?parent=15324"}],"wp:term":[{"taxonomy":"product_brand","embeddable":true,"href":"https:\/\/msofficestore.com\/de\/wp-json\/wp\/v2\/product_brand?post=15324"},{"taxonomy":"product_cat","embeddable":true,"href":"https:\/\/msofficestore.com\/de\/wp-json\/wp\/v2\/product_cat?post=15324"},{"taxonomy":"product_tag","embeddable":true,"href":"https:\/\/msofficestore.com\/de\/wp-json\/wp\/v2\/product_tag?post=15324"}],"curies":[{"name":"wp","href":"https:\/\/api.w.org\/{rel}","templated":true}]}}