{"id":15899,"date":"2023-09-25T10:28:36","date_gmt":"2023-09-25T09:28:36","guid":{"rendered":"https:\/\/msofficestore.com\/privacy-policy-es\/"},"modified":"2023-11-30T18:22:16","modified_gmt":"2023-11-30T18:22:16","slug":"politica-privacidad","status":"publish","type":"page","link":"https:\/\/msofficestore.com\/es\/politica-privacidad\/","title":{"rendered":"Privacy Policy es"},"content":{"rendered":"\t\t<div data-elementor-type=\"wp-page\" data-elementor-id=\"15899\" class=\"elementor elementor-15899 elementor-3\" data-elementor-post-type=\"page\">\n\t\t\t\t<div class=\"elementor-element elementor-element-ce272d7 e-flex e-con-boxed e-con e-parent\" data-id=\"ce272d7\" data-element_type=\"container\">\n\t\t\t\t\t<div class=\"e-con-inner\">\n\t\t\t\t<div class=\"elementor-element elementor-element-88d7dad elementor-widget elementor-widget-heading\" data-id=\"88d7dad\" data-element_type=\"widget\" data-widget_type=\"heading.default\">\n\t\t\t\t<div class=\"elementor-widget-container\">\n\t\t\t\t\t<h1 class=\"elementor-heading-title elementor-size-default\">Pol\u00edtica de privacidad<\/h1>\t\t\t\t<\/div>\n\t\t\t\t<\/div>\n\t\t\t\t<div class=\"elementor-element elementor-element-52657d elementor-widget elementor-widget-text-editor\" data-id=\"52657d\" data-element_type=\"widget\" data-widget_type=\"text-editor.default\">\n\t\t\t\t<div class=\"elementor-widget-container\">\n\t\t\t\t\t\t\t\t\t\n<div class=\"entry-content clear\">\n<p><strong>Introducci\u00f3n<\/strong><\/p>\n<p>Queremos que nuestros servicios sean sencillos, \u00fatiles y fiables. Cuando prestamos servicios en l\u00ednea, a veces es necesario colocar peque\u00f1os fragmentos de informaci\u00f3n en su dispositivo (ordenador o tel\u00e9fono m\u00f3vil) en forma de \u00abcookie\u00bb almacenada en su navegador web.<\/p>\n<p>Estos datos se utilizan, por ejemplo, para mejorar los servicios que le prestamos:<\/p>\n<p>Permitir que un servicio reconozca tu dispositivo para que no tengas que dar la misma informaci\u00f3n varias veces durante una misma tarea.<br>Reconocer que es posible que ya haya dado un nombre de usuario y una contrase\u00f1a para no tener que hacerlo para cada p\u00e1gina web solicitada.<br>Medir cu\u00e1ntas personas utilizan los servicios, para simplificar su uso o responder con mayor rapidez.<br>Reconocer qu\u00e9 personas visitan nuestras p\u00e1ginas web a trav\u00e9s de las redes sociales, para poder utilizar publicidad dirigida y asegurarnos de que usted ve nuestros contenidos m\u00e1s relevantes.<\/p>\n<p>No utilizaremos cookies para recopilar informaci\u00f3n personal identificable sobre usted.<\/p>\n<p>Si desea obtener m\u00e1s informaci\u00f3n sobre las cookies o saber c\u00f3mo gestionar o eliminar las cookies instaladas en su dispositivo, visite el sitio <a href=\"http:\/\/www.aboutcookies.org\/Default.aspx?page=1\" target=\"_blank\" rel=\"noopener\">web Acerca de las cookies.<\/a> Tenga en cuenta que restringir las cookies puede afectar a algunas funciones no cr\u00edticas de nuestro sitio web.<\/p>\n<p><strong>Google Analytics<\/strong><\/p>\n<p>Nuestro sitio web utiliza Google Analytics, un servicio anal\u00edtico de web prestado por Google, Inc. (\u00abGoogle\u00bb). Google Analytics utiliza cookies, archivos de texto ubicados en su ordenador, para ayudar al sitio web a analizar c\u00f3mo lo utilizan los usuarios. La informaci\u00f3n que genera la cookie acerca de su uso del website (incluyendo su direcci\u00f3n IP) ser\u00e1 directamente transmitida y archivada por Google en los servidores de Estados Unidos. Google utiliza esta informaci\u00f3n para evaluar su uso del sitio web, recopilando informes an\u00f3nimos sobre la actividad del sitio web para operadores de sitios web y prestando otros servicios relacionados con la actividad del sitio web y el uso de Internet. Google podr\u00e1 transmitir dicha informaci\u00f3n a terceros cuando as\u00ed se lo requiera la legislaci\u00f3n, o cuando dichos terceros procesen la informaci\u00f3n por cuenta de Google. Google no asociar\u00e1 su direcci\u00f3n IP con ning\u00fan otro dato del que disponga Google.<\/p>\n<p>Google Analytics instala cookies para ayudarnos a calcular con precisi\u00f3n el n\u00famero de visitantes del sitio web y los vol\u00famenes de uso. As\u00ed se asegura de que el servicio est\u00e9 disponible cuando lo desee y con rapidez.<\/p>\n<p>Para obtener m\u00e1s informaci\u00f3n sobre las cookies instaladas por Google Analytics, consulte el <a href=\"http:\/\/code.google.com\/apis\/analytics\/docs\/concepts\/gaConceptsCookies.html#cookiesSet\" target=\"_blank\" rel=\"noopener\">sitio web Google Code.<\/a><\/p>\n<p><strong>Redes sociales y remarketing de Google<\/strong><\/p>\n<p>Utilizamos tecnolog\u00edas como cookies y p\u00edxeles de conversi\u00f3n de proveedores como Google, Facebook y Twitter para personalizar el contenido y la publicidad, para proporcionar contenido de medios sociales que sea m\u00e1s relevante y para analizar el tr\u00e1fico del sitio. Tambi\u00e9n compartimos informaci\u00f3n sobre su uso de nuestro sitio con nuestros socios de confianza en redes sociales, publicidad y an\u00e1lisis.<\/p>\n<p>Estas cookies o p\u00edxeles de conversi\u00f3n nos permiten crear audiencias a partir de nuestro sitio web para campa\u00f1as publicitarias servidas en la Red de Contenido de Google y en redes sociales. Al visitar nuestro sitio, puede aparecer un anuncio relevante en sus canales sociales o como resultado de una b\u00fasqueda de pago en Google.<\/p>\n<\/div>\n\t\t\t\t\t\t\t\t<\/div>\n\t\t\t\t<\/div>\n\t\t\t\t\t<\/div>\n\t\t\t\t<\/div>\n\t\t\t\t<\/div>\n\t\t","protected":false},"excerpt":{"rendered":"<p>Pol\u00edtica de privacidad Introducci\u00f3n Queremos que nuestros servicios sean sencillos, \u00fatiles y fiables. Cuando prestamos servicios en l\u00ednea, a veces es necesario colocar peque\u00f1os fragmentos de informaci\u00f3n en su dispositivo (ordenador o tel\u00e9fono m\u00f3vil) en forma de \u00abcookie\u00bb almacenada en su navegador web. Estos datos se utilizan, por ejemplo, para mejorar los servicios que le [&hellip;]<\/p>\n","protected":false},"author":1,"featured_media":0,"parent":0,"menu_order":0,"comment_status":"closed","ping_status":"open","template":"","meta":{"_acf_changed":false,"footnotes":""},"class_list":["post-15899","page","type-page","status-publish","hentry"],"acf":[],"_links":{"self":[{"href":"https:\/\/msofficestore.com\/es\/wp-json\/wp\/v2\/pages\/15899","targetHints":{"allow":["GET"]}}],"collection":[{"href":"https:\/\/msofficestore.com\/es\/wp-json\/wp\/v2\/pages"}],"about":[{"href":"https:\/\/msofficestore.com\/es\/wp-json\/wp\/v2\/types\/page"}],"author":[{"embeddable":true,"href":"https:\/\/msofficestore.com\/es\/wp-json\/wp\/v2\/users\/1"}],"replies":[{"embeddable":true,"href":"https:\/\/msofficestore.com\/es\/wp-json\/wp\/v2\/comments?post=15899"}],"version-history":[{"count":3,"href":"https:\/\/msofficestore.com\/es\/wp-json\/wp\/v2\/pages\/15899\/revisions"}],"predecessor-version":[{"id":15902,"href":"https:\/\/msofficestore.com\/es\/wp-json\/wp\/v2\/pages\/15899\/revisions\/15902"}],"wp:attachment":[{"href":"https:\/\/msofficestore.com\/es\/wp-json\/wp\/v2\/media?parent=15899"}],"curies":[{"name":"wp","href":"https:\/\/api.w.org\/{rel}","templated":true}]}}