{"id":15909,"date":"2023-10-16T15:32:06","date_gmt":"2023-10-16T14:32:06","guid":{"rendered":"https:\/\/msofficestore.com\/cart-es\/"},"modified":"2024-01-09T07:17:26","modified_gmt":"2024-01-09T07:17:26","slug":"carrito","status":"publish","type":"page","link":"https:\/\/msofficestore.com\/es\/carrito\/","title":{"rendered":"Cart es"},"content":{"rendered":"\t\t<div data-elementor-type=\"wp-page\" data-elementor-id=\"15909\" class=\"elementor elementor-15909 elementor-2993\" data-elementor-post-type=\"page\">\n\t\t\t\t<div class=\"elementor-element elementor-element-12263b8 e-flex e-con-boxed e-con e-parent\" data-id=\"12263b8\" data-element_type=\"container\">\n\t\t\t\t\t<div class=\"e-con-inner\">\n\t\t\t\t<div class=\"elementor-element elementor-element-571a4e4 elementor-widget elementor-widget-heading\" data-id=\"571a4e4\" data-element_type=\"widget\" data-widget_type=\"heading.default\">\n\t\t\t\t<div class=\"elementor-widget-container\">\n\t\t\t\t\t<h2 class=\"elementor-heading-title elementor-size-default\">Su cesta de la compra<\/h2>\t\t\t\t<\/div>\n\t\t\t\t<\/div>\n\t\t\t\t\t<\/div>\n\t\t\t\t<\/div>\n\t\t<div class=\"elementor-element elementor-element-af8f91d e-flex e-con-boxed e-con e-parent\" data-id=\"af8f91d\" data-element_type=\"container\" id=\"con-multi-buy\">\n\t\t\t\t\t<div class=\"e-con-inner\">\n\t\t\t\t<div class=\"elementor-element elementor-element-40d2aa7 elementor-widget elementor-widget-heading\" data-id=\"40d2aa7\" data-element_type=\"widget\" data-widget_type=\"heading.default\">\n\t\t\t\t<div class=\"elementor-widget-container\">\n\t\t\t\t\t<h2 class=\"elementor-heading-title elementor-size-default\">Descuento multi-compra disponible<\/h2>\t\t\t\t<\/div>\n\t\t\t\t<\/div>\n\t\t<div class=\"elementor-element elementor-element-988b4c1 e-con-full e-flex e-con e-child\" data-id=\"988b4c1\" data-element_type=\"container\" data-settings=\"{&quot;background_background&quot;:&quot;classic&quot;}\">\n\t\t\t\t<div class=\"elementor-element elementor-element-1168eb8 elementor-widget elementor-widget-text-editor\" data-id=\"1168eb8\" data-element_type=\"widget\" data-widget_type=\"text-editor.default\">\n\t\t\t\t<div class=\"elementor-widget-container\">\n\t\t\t\t\t\t\t\t\t<p>A\u00f1ada uno de estos productos a su cesta y reciba un <span style=\"color: #e2017f;\">5% de descuento adicional<\/span><\/p>\n\t\t\t\t\t\t\t\t<\/div>\n\t\t\t\t<\/div>\n\t\t\t\t<div class=\"elementor-element elementor-element-957e2aa elementor-grid-3 elementor-grid-mobile-2 elementor-product-loop-item--align-center elementor-grid-tablet-3 elementor-products-grid elementor-wc-products elementor-widget elementor-widget-woocommerce-products\" data-id=\"957e2aa\" data-element_type=\"widget\" data-widget_type=\"woocommerce-products.default\">\n\t\t\t\t<div class=\"elementor-widget-container\">\n\t\t\t\t\t<div class=\"woocommerce\"><\/div>\t\t\t\t<\/div>\n\t\t\t\t<\/div>\n\t\t\t\t<\/div>\n\t\t\t\t\t<\/div>\n\t\t\t\t<\/div>\n\t\t<div class=\"elementor-element elementor-element-0715b7f e-flex e-con-boxed e-con e-parent\" data-id=\"0715b7f\" data-element_type=\"container\">\n\t\t\t\t\t<div class=\"e-con-inner\">\n\t\t\t\t<div class=\"elementor-element elementor-element-abf7f0e elementor-widget elementor-widget-shortcode\" data-id=\"abf7f0e\" data-element_type=\"widget\" data-widget_type=\"shortcode.default\">\n\t\t\t\t<div class=\"elementor-widget-container\">\n\t\t\t\t\t\t\t<div class=\"elementor-shortcode\">\t\t<div data-elementor-type=\"container\" data-elementor-id=\"15853\" class=\"elementor elementor-15853 elementor-12228\" data-elementor-post-type=\"elementor_library\">\n\t\t\t\t<div class=\"elementor-element elementor-element-cbcfaf2 e-flex e-con-boxed e-con e-parent\" data-id=\"cbcfaf2\" data-element_type=\"container\" data-settings=\"{&quot;background_background&quot;:&quot;classic&quot;}\">\n\t\t\t\t\t<div class=\"e-con-inner\">\n\t\t<div class=\"elementor-element elementor-element-7786f05 e-con-full e-flex e-con e-child\" data-id=\"7786f05\" data-element_type=\"container\" data-settings=\"{&quot;background_background&quot;:&quot;classic&quot;}\">\n\t\t<div class=\"elementor-element elementor-element-2b0b0d2 e-con-full e-flex e-con e-child\" data-id=\"2b0b0d2\" data-element_type=\"container\">\n\t\t\t\t<div class=\"elementor-element elementor-element-71c5705 elementor-widget__width-initial elementor-widget elementor-widget-n-accordion\" data-id=\"71c5705\" data-element_type=\"widget\" data-settings=\"{&quot;default_state&quot;:&quot;all_collapsed&quot;,&quot;max_items_expended&quot;:&quot;one&quot;,&quot;n_accordion_animation_duration&quot;:{&quot;unit&quot;:&quot;ms&quot;,&quot;size&quot;:400,&quot;sizes&quot;:[]}}\" data-widget_type=\"nested-accordion.default\">\n\t\t\t\t<div class=\"elementor-widget-container\">\n\t\t\t\t\t\t\t<div class=\"e-n-accordion\" aria-label=\"Accordion. Open links with Enter or Space, close with Escape, and navigate with Arrow Keys\">\n\t\t\t\t\t\t<details id=\"e-n-accordion-item-1190\" class=\"e-n-accordion-item\" >\n\t\t\t\t<summary class=\"e-n-accordion-item-title\" data-accordion-index=\"1\" tabindex=\"0\" aria-expanded=\"false\" aria-controls=\"e-n-accordion-item-1190\" >\n\t\t\t\t\t<span class='e-n-accordion-item-title-header'><div class=\"e-n-accordion-item-title-text\"> \u00bfEn cu\u00e1nto tiempo puedo empezar a utilizar el software despu\u00e9s de comprarlo en MS Office Store? <\/div><\/span>\n\t\t\t\t\t\t\t<span class='e-n-accordion-item-title-icon'>\n\t\t\t<span class='e-opened' ><i aria-hidden=\"true\" class=\"fas fa-minus\"><\/i><\/span>\n\t\t\t<span class='e-closed'><i aria-hidden=\"true\" class=\"fas fa-plus-circle\"><\/i><\/span>\n\t\t<\/span>\n\n\t\t\t\t\t\t<\/summary>\n\t\t\t\t<div role=\"region\" aria-labelledby=\"e-n-accordion-item-1190\" class=\"elementor-element elementor-element-327d12d e-con-full e-flex e-con e-child\" data-id=\"327d12d\" data-element_type=\"container\">\n\t\t\t\t<div class=\"elementor-element elementor-element-bf557b2 elementor-widget elementor-widget-text-editor\" data-id=\"bf557b2\" data-element_type=\"widget\" data-widget_type=\"text-editor.default\">\n\t\t\t\t<div class=\"elementor-widget-container\">\n\t\t\t\t\t\t\t\t\t<p> Inmediatamente despu\u00e9s de su compra, recibir\u00e1 un correo electr\u00f3nico con todos los detalles necesarios para empezar a utilizar el software.<\/p>\n\t\t\t\t\t\t\t\t<\/div>\n\t\t\t\t<\/div>\n\t\t\t\t<\/div>\n\t\t\t\t\t<\/details>\n\t\t\t\t\t\t<details id=\"e-n-accordion-item-1191\" class=\"e-n-accordion-item\" >\n\t\t\t\t<summary class=\"e-n-accordion-item-title\" data-accordion-index=\"2\" tabindex=\"-1\" aria-expanded=\"false\" aria-controls=\"e-n-accordion-item-1191\" >\n\t\t\t\t\t<span class='e-n-accordion-item-title-header'><div class=\"e-n-accordion-item-title-text\"> \u00bfQu\u00e9 tipo de productos de software ofrece MS Office Store? <\/div><\/span>\n\t\t\t\t\t\t\t<span class='e-n-accordion-item-title-icon'>\n\t\t\t<span class='e-opened' ><i aria-hidden=\"true\" class=\"fas fa-minus\"><\/i><\/span>\n\t\t\t<span class='e-closed'><i aria-hidden=\"true\" class=\"fas fa-plus-circle\"><\/i><\/span>\n\t\t<\/span>\n\n\t\t\t\t\t\t<\/summary>\n\t\t\t\t<div role=\"region\" aria-labelledby=\"e-n-accordion-item-1191\" class=\"elementor-element elementor-element-71d2d66 e-con-full e-flex e-con e-child\" data-id=\"71d2d66\" data-element_type=\"container\">\n\t\t\t\t<div class=\"elementor-element elementor-element-832b52e elementor-widget elementor-widget-text-editor\" data-id=\"832b52e\" data-element_type=\"widget\" data-widget_type=\"text-editor.default\">\n\t\t\t\t<div class=\"elementor-widget-container\">\n\t\t\t\t\t\t\t\t\t<p>MS Office Store ofrece una amplia gama de programas inform\u00e1ticos, incluidos paquetes de Office y sistemas operativos Windows.<\/p>\n\t\t\t\t\t\t\t\t<\/div>\n\t\t\t\t<\/div>\n\t\t\t\t<\/div>\n\t\t\t\t\t<\/details>\n\t\t\t\t\t\t<details id=\"e-n-accordion-item-1192\" class=\"e-n-accordion-item\" >\n\t\t\t\t<summary class=\"e-n-accordion-item-title\" data-accordion-index=\"3\" tabindex=\"-1\" aria-expanded=\"false\" aria-controls=\"e-n-accordion-item-1192\" >\n\t\t\t\t\t<span class='e-n-accordion-item-title-header'><div class=\"e-n-accordion-item-title-text\"> \u00bfC\u00f3mo se entregan los productos? <\/div><\/span>\n\t\t\t\t\t\t\t<span class='e-n-accordion-item-title-icon'>\n\t\t\t<span class='e-opened' ><i aria-hidden=\"true\" class=\"fas fa-minus\"><\/i><\/span>\n\t\t\t<span class='e-closed'><i aria-hidden=\"true\" class=\"fas fa-plus-circle\"><\/i><\/span>\n\t\t<\/span>\n\n\t\t\t\t\t\t<\/summary>\n\t\t\t\t<div role=\"region\" aria-labelledby=\"e-n-accordion-item-1192\" class=\"elementor-element elementor-element-ac97b7d e-con-full e-flex e-con e-child\" data-id=\"ac97b7d\" data-element_type=\"container\">\n\t\t\t\t<div class=\"elementor-element elementor-element-d7f397c elementor-widget elementor-widget-text-editor\" data-id=\"d7f397c\" data-element_type=\"widget\" data-widget_type=\"text-editor.default\">\n\t\t\t\t<div class=\"elementor-widget-container\">\n\t\t\t\t\t\t\t\t\t<p>Recibir\u00e1 sus licencias de software por correo electr\u00f3nico, para que pueda empezar a trabajar r\u00e1pidamente y sin complicaciones.<\/p>\n\t\t\t\t\t\t\t\t<\/div>\n\t\t\t\t<\/div>\n\t\t\t\t<\/div>\n\t\t\t\t\t<\/details>\n\t\t\t\t\t\t<details id=\"e-n-accordion-item-1193\" class=\"e-n-accordion-item\" >\n\t\t\t\t<summary class=\"e-n-accordion-item-title\" data-accordion-index=\"4\" tabindex=\"-1\" aria-expanded=\"false\" aria-controls=\"e-n-accordion-item-1193\" >\n\t\t\t\t\t<span class='e-n-accordion-item-title-header'><div class=\"e-n-accordion-item-title-text\"> \u00bfC\u00f3mo puedo ponerme en contacto con MS Office Store para obtener asistencia o asesoramiento sobre la compra? <\/div><\/span>\n\t\t\t\t\t\t\t<span class='e-n-accordion-item-title-icon'>\n\t\t\t<span class='e-opened' ><i aria-hidden=\"true\" class=\"fas fa-minus\"><\/i><\/span>\n\t\t\t<span class='e-closed'><i aria-hidden=\"true\" class=\"fas fa-plus-circle\"><\/i><\/span>\n\t\t<\/span>\n\n\t\t\t\t\t\t<\/summary>\n\t\t\t\t<div role=\"region\" aria-labelledby=\"e-n-accordion-item-1193\" class=\"elementor-element elementor-element-9632329 e-con-full e-flex e-con e-child\" data-id=\"9632329\" data-element_type=\"container\">\n\t\t\t\t<div class=\"elementor-element elementor-element-064d6ec elementor-widget elementor-widget-text-editor\" data-id=\"064d6ec\" data-element_type=\"widget\" data-widget_type=\"text-editor.default\">\n\t\t\t\t<div class=\"elementor-widget-container\">\n\t\t\t\t\t\t\t\t\t<p>Puede ponerse en contacto con MS Office Store por correo electr\u00f3nico y chat en directo. Podemos ayudarle tanto a resolver problemas t\u00e9cnicos como durante la instalaci\u00f3n del software.<\/p>\n\t\t\t\t\t\t\t\t<\/div>\n\t\t\t\t<\/div>\n\t\t\t\t<\/div>\n\t\t\t\t\t<\/details>\n\t\t\t\t\t\t<details id=\"e-n-accordion-item-1194\" class=\"e-n-accordion-item\" >\n\t\t\t\t<summary class=\"e-n-accordion-item-title\" data-accordion-index=\"5\" tabindex=\"-1\" aria-expanded=\"false\" aria-controls=\"e-n-accordion-item-1194\" >\n\t\t\t\t\t<span class='e-n-accordion-item-title-header'><div class=\"e-n-accordion-item-title-text\"> \u00bfPuede MS Office Store ayudarme durante el proceso de instalaci\u00f3n del software? <\/div><\/span>\n\t\t\t\t\t\t\t<span class='e-n-accordion-item-title-icon'>\n\t\t\t<span class='e-opened' ><i aria-hidden=\"true\" class=\"fas fa-minus\"><\/i><\/span>\n\t\t\t<span class='e-closed'><i aria-hidden=\"true\" class=\"fas fa-plus-circle\"><\/i><\/span>\n\t\t<\/span>\n\n\t\t\t\t\t\t<\/summary>\n\t\t\t\t<div role=\"region\" aria-labelledby=\"e-n-accordion-item-1194\" class=\"elementor-element elementor-element-7ca4ce7 e-con-full e-flex e-con e-child\" data-id=\"7ca4ce7\" data-element_type=\"container\">\n\t\t\t\t<div class=\"elementor-element elementor-element-56653db elementor-widget elementor-widget-text-editor\" data-id=\"56653db\" data-element_type=\"widget\" data-widget_type=\"text-editor.default\">\n\t\t\t\t<div class=\"elementor-widget-container\">\n\t\t\t\t\t\t\t\t\t<p>S\u00ed, ofrecemos asistencia remota durante el proceso de instalaci\u00f3n del software, adem\u00e1s de nuestro soporte t\u00e9cnico.<\/p>\n\t\t\t\t\t\t\t\t<\/div>\n\t\t\t\t<\/div>\n\t\t\t\t<\/div>\n\t\t\t\t\t<\/details>\n\t\t\t\t\t<\/div>\n\t\t\t\t\t\t<\/div>\n\t\t\t\t<\/div>\n\t\t\t\t<\/div>\n\t\t<div class=\"elementor-element elementor-element-753bbe9 e-con-full e-flex e-con e-child\" data-id=\"753bbe9\" data-element_type=\"container\">\n\t\t\t\t<div class=\"elementor-element elementor-element-4c0cf55 elementor-widget elementor-widget-heading\" data-id=\"4c0cf55\" data-element_type=\"widget\" data-widget_type=\"heading.default\">\n\t\t\t\t<div class=\"elementor-widget-container\">\n\t\t\t\t\t<h2 class=\"elementor-heading-title elementor-size-default\">\u00bfPreguntas? Nuestro equipo de asistencia est\u00e1 a s\u00f3lo un mensaje de distancia.<\/h2>\t\t\t\t<\/div>\n\t\t\t\t<\/div>\n\t\t<div class=\"elementor-element elementor-element-cc8535e e-con-full e-flex e-con e-child\" data-id=\"cc8535e\" data-element_type=\"container\">\n\t\t\t\t<div class=\"elementor-element elementor-element-d8ce3cb elementor-widget__width-initial elementor-widget elementor-widget-author-box\" data-id=\"d8ce3cb\" data-element_type=\"widget\" data-widget_type=\"author-box.default\">\n\t\t\t\t<div class=\"elementor-widget-container\">\n\t\t\t\t\t\t\t<div class=\"elementor-author-box\">\n\t\t\t\t\t\t\t<div  class=\"elementor-author-box__avatar\">\n\t\t\t\t\t<img decoding=\"async\" src=\"https:\/\/msofficestore.com\/wp-content\/uploads\/2023\/10\/Group-1000003796.png\" alt=\"Imagen del autor\" loading=\"lazy\">\n\t\t\t\t<\/div>\n\t\t\t\n\t\t\t<div class=\"elementor-author-box__text\">\n\t\t\t\t\n\t\t\t\t\n\t\t\t\t\t\t\t<\/div>\n\t\t<\/div>\n\t\t\t\t\t\t<\/div>\n\t\t\t\t<\/div>\n\t\t\t\t<div class=\"elementor-element elementor-element-1820881 elementor-widget__width-initial elementor-widget elementor-widget-author-box\" data-id=\"1820881\" data-element_type=\"widget\" data-widget_type=\"author-box.default\">\n\t\t\t\t<div class=\"elementor-widget-container\">\n\t\t\t\t\t\t\t<div class=\"elementor-author-box\">\n\t\t\t\t\t\t\t<div  class=\"elementor-author-box__avatar\">\n\t\t\t\t\t<img decoding=\"async\" src=\"https:\/\/msofficestore.com\/wp-content\/uploads\/2023\/10\/Group-1000003797.png\" alt=\"Imagen del autor\" loading=\"lazy\">\n\t\t\t\t<\/div>\n\t\t\t\n\t\t\t<div class=\"elementor-author-box__text\">\n\t\t\t\t\n\t\t\t\t\n\t\t\t\t\t\t\t<\/div>\n\t\t<\/div>\n\t\t\t\t\t\t<\/div>\n\t\t\t\t<\/div>\n\t\t\t\t<div class=\"elementor-element elementor-element-9bfd84b elementor-widget__width-initial elementor-widget elementor-widget-author-box\" data-id=\"9bfd84b\" data-element_type=\"widget\" data-widget_type=\"author-box.default\">\n\t\t\t\t<div class=\"elementor-widget-container\">\n\t\t\t\t\t\t\t<div class=\"elementor-author-box\">\n\t\t\t\t\t\t\t<div  class=\"elementor-author-box__avatar\">\n\t\t\t\t\t<img decoding=\"async\" src=\"https:\/\/msofficestore.com\/wp-content\/uploads\/2023\/10\/Group-1000003798.png\" alt=\"Imagen del autor\" loading=\"lazy\">\n\t\t\t\t<\/div>\n\t\t\t\n\t\t\t<div class=\"elementor-author-box__text\">\n\t\t\t\t\n\t\t\t\t\n\t\t\t\t\t\t\t<\/div>\n\t\t<\/div>\n\t\t\t\t\t\t<\/div>\n\t\t\t\t<\/div>\n\t\t\t\t<\/div>\n\t\t\t\t<div class=\"elementor-element elementor-element-312ebf6 elementor-widget elementor-widget-heading\" data-id=\"312ebf6\" data-element_type=\"widget\" data-widget_type=\"heading.default\">\n\t\t\t\t<div class=\"elementor-widget-container\">\n\t\t\t\t\t<h2 class=\"elementor-heading-title elementor-size-default\">De d\u00eda o de noche, nuestro equipo de asistencia est\u00e1 a su disposici\u00f3n 24 horas al d\u00eda, 7 d\u00edas a la semana, para ayudarle con sus preguntas t\u00e9cnicas.<\/h2>\t\t\t\t<\/div>\n\t\t\t\t<\/div>\n\t\t\t\t<div class=\"elementor-element elementor-element-f60c76b elementor-mobile-align-center elementor-widget elementor-widget-button\" data-id=\"f60c76b\" data-element_type=\"widget\" data-widget_type=\"button.default\">\n\t\t\t\t<div class=\"elementor-widget-container\">\n\t\t\t\t\t\t\t\t\t<div class=\"elementor-button-wrapper\">\n\t\t\t\t\t<a class=\"elementor-button elementor-button-link elementor-size-sm\" href=\"https:\/\/msofficestore.com\/contact\/\">\n\t\t\t\t\t\t<span class=\"elementor-button-content-wrapper\">\n\t\t\t\t\t\t\t\t\t<span class=\"elementor-button-text\">Contacte con nosotros<\/span>\n\t\t\t\t\t<\/span>\n\t\t\t\t\t<\/a>\n\t\t\t\t<\/div>\n\t\t\t\t\t\t\t\t<\/div>\n\t\t\t\t<\/div>\n\t\t\t\t<\/div>\n\t\t\t\t<\/div>\n\t\t\t\t\t<\/div>\n\t\t\t\t<\/div>\n\t\t\t\t<\/div>\n\t\t<\/div>\n\t\t\t\t\t\t<\/div>\n\t\t\t\t<\/div>\n\t\t\t\t<div class=\"elementor-element elementor-element-2c68dc3 elementor-widget elementor-widget-html\" data-id=\"2c68dc3\" data-element_type=\"widget\" data-widget_type=\"html.default\">\n\t\t\t\t<div class=\"elementor-widget-container\">\n\t\t\t\t\t<script>function multiBuyVisibilityAction() {\n        let crossSellsFlag = $H2('#con-multi-buy .woocommerce .cross-sells');\n        if (!crossSellsFlag.length) {\n            $H2('#con-multi-buy').css(\"display\", \"none\");\n            $H2('#multi-buy-title-section').css(\"display\", \"none\");\n        }\n        else {\n            $H2('#con-multi-buy').css(\"display\", \"\");\n            $H2('#multi-buy-title-section').css(\"display\", \"\");\n        }\n    }\n    $H2(document).ready(function()\n    {\n        multiBuyVisibilityAction();\n    });\n<\/script>\t\t\t\t<\/div>\n\t\t\t\t<\/div>\n\t\t\t\t\t<\/div>\n\t\t\t\t<\/div>\n\t\t\t\t<\/div>\n\t\t","protected":false},"excerpt":{"rendered":"<p>Su cesta de la compra Remove item Thumbnail image Product Price Quantity Subtotal &times; Windows 10 Professional Retail Version 74,99&nbsp;&euro; Windows 10 Professional Retail Version&nbsp; quantity 199,99&nbsp;&euro; 74,99&nbsp;&euro; Servicios Adicionales Acelerar el rendimiento de mi PC 20,00&nbsp;&euro; Add to cart Asistencia inform\u00e1tica de por vida 24 horas al d\u00eda, 7 d\u00edas a la semana 20,00&nbsp;&euro; [&hellip;]<\/p>\n","protected":false},"author":1,"featured_media":0,"parent":0,"menu_order":0,"comment_status":"closed","ping_status":"closed","template":"","meta":{"_acf_changed":false,"footnotes":""},"class_list":["post-15909","page","type-page","status-publish","hentry"],"acf":[],"_links":{"self":[{"href":"https:\/\/msofficestore.com\/es\/wp-json\/wp\/v2\/pages\/15909","targetHints":{"allow":["GET"]}}],"collection":[{"href":"https:\/\/msofficestore.com\/es\/wp-json\/wp\/v2\/pages"}],"about":[{"href":"https:\/\/msofficestore.com\/es\/wp-json\/wp\/v2\/types\/page"}],"author":[{"embeddable":true,"href":"https:\/\/msofficestore.com\/es\/wp-json\/wp\/v2\/users\/1"}],"replies":[{"embeddable":true,"href":"https:\/\/msofficestore.com\/es\/wp-json\/wp\/v2\/comments?post=15909"}],"version-history":[{"count":10,"href":"https:\/\/msofficestore.com\/es\/wp-json\/wp\/v2\/pages\/15909\/revisions"}],"predecessor-version":[{"id":16368,"href":"https:\/\/msofficestore.com\/es\/wp-json\/wp\/v2\/pages\/15909\/revisions\/16368"}],"wp:attachment":[{"href":"https:\/\/msofficestore.com\/es\/wp-json\/wp\/v2\/media?parent=15909"}],"curies":[{"name":"wp","href":"https:\/\/api.w.org\/{rel}","templated":true}]}}