{"id":15822,"date":"2021-12-11T11:07:00","date_gmt":"2021-12-11T11:07:00","guid":{"rendered":"https:\/\/msofficestore.com\/product\/mac-office-2021-home-and-business-for-mac-retail\/"},"modified":"2023-11-30T17:51:34","modified_gmt":"2023-11-30T17:51:34","slug":"mac-office-2021-home-and-business-para-mac-retail","status":"publish","type":"product","link":"https:\/\/msofficestore.com\/es\/producto\/mac-office-2021-home-and-business-para-mac-retail\/","title":{"rendered":"Mac Office 2021 Home and Business para Mac Retail"},"content":{"rendered":"<p><strong>Office 2021 Home and Business para Mac<\/strong> es la soluci\u00f3n perfecta para las peque\u00f1as empresas que buscan ahorrar tiempo y dinero en sus necesidades ofim\u00e1ticas, con funciones espec\u00edficamente adaptadas a los empresarios.<br \/>\nEsta nueva edici\u00f3n de Microsoft Office ha sido desarrollada por ejecutivos de empresa familiarizados con lo que supone tener tu propio negocio, ayud\u00e1ndote a simplificar tareas como la facturaci\u00f3n o la programaci\u00f3n de reuniones sin dejar de ofrecer todos los programas de software clave, como Word y Excel, necesarios para cualquier entorno de trabajo actual.<br \/>\nOffice 2021 ofrece una excelente forma de acceder a tus herramientas desde cualquier lugar del mundo. Con la edici\u00f3n Hogar y Empresa de Office 2021, podr\u00e1s trabajar con m\u00e1s eficacia que nunca.<\/p>\n<p><img decoding=\"async\" src=\"https:\/\/eu.keysworlds.com\/media\/wysiwyg\/microsoft-office-icons.jpeg\" alt=\"Clave de Office Hogar y Empresa 2021 para Mac \" width=\"70%\" \/><\/p>\n<p><strong>Microsoft Word 2021 para Mac<\/strong><\/p>\n<p>El programa de tratamiento de textos que tanto te gusta utilizar para tus redacciones y documentos ha vuelto, pero esta vez es mejor que nunca. Con nuevas funciones que hacen que escribir sea m\u00e1s coherente en cualquier ocasi\u00f3n, ya sean trabajos escolares o proyectos caseros, tu aplicaci\u00f3n favorita se ha ampliado con geniales trucos bajo la manga.<\/p>\n<p><strong>Microsoft Excel 2021 para Mac<\/strong><\/p>\n<p>Microsoft Excel 2021 es la aplicaci\u00f3n de hoja de c\u00e1lculo m\u00e1s completa y f\u00e1cil de usar del mercado actual. Mejora tu capacidad de an\u00e1lisis de datos con todas estas nuevas funciones pensadas para gente como t\u00fa.<\/p>\n<p><strong>Microsoft PowerPoint 2021 para Mac<\/strong><\/p>\n<p>PowerPoint 2021 es perfecto para quienes desean crear presentaciones atractivas y compartirlas de forma que llamen m\u00e1s la atenci\u00f3n que antes. Gracias a las mejoras introducidas por la propia Microsoft y a las nuevas funciones a\u00f1adidas, no puedes equivocarte.<\/p>\n<p><strong>Microsoft Outlook 2021 para Mac<\/strong><\/p>\n<p>Centrado. Organizado. Sensible. El correo electr\u00f3nico es la columna vertebral del \u00e9xito de una empresa. Tienes que poder ver a trav\u00e9s de ellos con claridad, y tener acceso incluso cuando est\u00e1s de viaje. Outlook 2021 mejora todos los aspectos del correo electr\u00f3nico, incluidos el formato, los contactos y los archivos adjuntos. Es m\u00e1s f\u00e1cil que nunca que usted o su organizaci\u00f3n se pongan en contacto con clientes o compa\u00f1eros de trabajo con Outlook 2021 a mano.<\/p>\n<p>&nbsp;<\/p>\n<div class=\"indexes__Attribute-sc-1ko3ckw-126 indexes__AttributeHeader-sc-1ko3ckw-127 dfwZPk gQQziy\">\n<div class=\"indexes__AttributeWrapper-sc-1ko3ckw-125 jESmsE\">\n<p><strong>Requisitos m\u00ednimos:<\/strong><\/p>\n<\/div>\n<\/div>\n<div class=\"indexes__Attribute-sc-1ko3ckw-126 fHMqTl\">\n<div class=\"indexes__AttributeWrapper-sc-1ko3ckw-125 jESmsE\">\n<p class=\"indexes__Name-sc-1ko3ckw-128 gjAYPp\"><strong>PROCESADOR<\/strong><\/p>\n<p class=\"indexes__Value-sc-1ko3ckw-129 cXIynk\">Procesador de 2 n\u00facleos a 1,6 GHz \/ macOS reciente<\/p>\n<\/div>\n<\/div>\n<div class=\"indexes__Attribute-sc-1ko3ckw-126 gLWeDO\">\n<div class=\"indexes__AttributeWrapper-sc-1ko3ckw-125 jESmsE\">\n<p class=\"indexes__Name-sc-1ko3ckw-128 gjAYPp\"><strong>GR\u00c1FICOS<\/strong><\/p>\n<p class=\"indexes__Value-sc-1ko3ckw-129 cXIynk\">Pantalla 1280 x 800 para Mac<\/p>\n<\/div>\n<\/div>\n<div class=\"indexes__Attribute-sc-1ko3ckw-126 jolvHP\">\n<div class=\"indexes__AttributeWrapper-sc-1ko3ckw-125 jESmsE\">\n<p class=\"indexes__Name-sc-1ko3ckw-128 gjAYPp\"><strong>MEMORIA<\/strong><\/p>\n<p class=\"indexes__Value-sc-1ko3ckw-129 cXIynk\">4 GB RAM<\/p>\n<\/div>\n<\/div>\n<div class=\"indexes__Attribute-sc-1ko3ckw-126 jHccqQ\">\n<div class=\"indexes__AttributeWrapper-sc-1ko3ckw-125 jESmsE\">\n<p class=\"indexes__Name-sc-1ko3ckw-128 gjAYPp\"><strong>ESPACIO EN DISCO<\/strong><\/p>\n<p class=\"indexes__Value-sc-1ko3ckw-129 cXIynk\">4 GB de espacio disponible<\/p>\n<\/div>\n<\/div>\n<div class=\"indexes__Attribute-sc-1ko3ckw-126 TVJVV\">\n<div class=\"indexes__AttributeWrapper-sc-1ko3ckw-125 jESmsE\">\n<p class=\"indexes__Name-sc-1ko3ckw-128 gjAYPp\"><strong>SISTEMA<\/strong><\/p>\n<p class=\"indexes__Value-sc-1ko3ckw-129 cXIynk\">Mac OS<\/p>\n<\/div>\n<\/div>\n<div class=\"indexes__Attribute-sc-1ko3ckw-126 fSVnKq\">\n<div class=\"indexes__AttributeWrapper-sc-1ko3ckw-125 jESmsE\">\n<p class=\"indexes__Name-sc-1ko3ckw-128 gjAYPp\"><strong>OTROS<\/strong><\/p>\n<p class=\"indexes__Value-sc-1ko3ckw-129 cXIynk\">Requisitos adicionales del sistema: Acceso a Internet Cuenta Microsoft<\/p>\n<\/div>\n<\/div>\n","protected":false},"excerpt":{"rendered":"<ul>\n<li>Office Hogar y Empresa 2021 Versi\u00f3n Minorista<\/li>\n<li>La descarga est\u00e1 disponible inmediatamente despu\u00e9s de la compra: recibir\u00e1 un c\u00f3digo de activaci\u00f3n por correo electr\u00f3nico.<\/li>\n<li>Un pago le da una licencia de por vida<\/li>\n<li>Nueva licencia para 1 dispositivo Mac &#8211; Si desea comprar varias licencias, p\u00f3ngase en contacto con nosotros en el chat en vivo<\/li>\n<li>Requiere macOS 11 (Big Sur) o superior para funcionar<\/li>\n<li>Incluye las versiones 2021 de las aplicaciones ofim\u00e1ticas cl\u00e1sicas, como Word, PowerPoint, Excel y Outlook. Tienen licencia para uso dom\u00e9stico y comercial<\/li>\n<li>Cada compra est\u00e1 cubierta por nuestra garant\u00eda de satisfacci\u00f3n del producto del 100%. Si el equipo de MS Office Store no puede activar su compra, se le devolver\u00e1 el dinero.<\/li>\n<\/ul>\n","protected":false},"featured_media":15823,"comment_status":"closed","ping_status":"closed","template":"","meta":{"_acf_changed":false},"product_brand":[],"product_cat":[98,99],"product_tag":[],"class_list":{"0":"post-15822","1":"product","2":"type-product","3":"status-publish","4":"has-post-thumbnail","6":"product_cat-ms-office-es","7":"product_cat-mac-microsoft-office-es","9":"first","10":"instock","11":"sale","12":"taxable","13":"shipping-taxable","14":"purchasable","15":"product-type-simple"},"acf":[],"_links":{"self":[{"href":"https:\/\/msofficestore.com\/es\/wp-json\/wp\/v2\/product\/15822","targetHints":{"allow":["GET"]}}],"collection":[{"href":"https:\/\/msofficestore.com\/es\/wp-json\/wp\/v2\/product"}],"about":[{"href":"https:\/\/msofficestore.com\/es\/wp-json\/wp\/v2\/types\/product"}],"replies":[{"embeddable":true,"href":"https:\/\/msofficestore.com\/es\/wp-json\/wp\/v2\/comments?post=15822"}],"wp:featuredmedia":[{"embeddable":true,"href":"https:\/\/msofficestore.com\/es\/wp-json\/wp\/v2\/media\/15823"}],"wp:attachment":[{"href":"https:\/\/msofficestore.com\/es\/wp-json\/wp\/v2\/media?parent=15822"}],"wp:term":[{"taxonomy":"product_brand","embeddable":true,"href":"https:\/\/msofficestore.com\/es\/wp-json\/wp\/v2\/product_brand?post=15822"},{"taxonomy":"product_cat","embeddable":true,"href":"https:\/\/msofficestore.com\/es\/wp-json\/wp\/v2\/product_cat?post=15822"},{"taxonomy":"product_tag","embeddable":true,"href":"https:\/\/msofficestore.com\/es\/wp-json\/wp\/v2\/product_tag?post=15822"}],"curies":[{"name":"wp","href":"https:\/\/api.w.org\/{rel}","templated":true}]}}