{"id":15824,"date":"2021-12-10T07:58:09","date_gmt":"2021-12-10T07:58:09","guid":{"rendered":"https:\/\/msofficestore.com\/product\/windows-11-professional-retail-version\/"},"modified":"2024-01-09T09:06:06","modified_gmt":"2024-01-09T09:06:06","slug":"windows-11-professional-retail-version","status":"publish","type":"product","link":"https:\/\/msofficestore.com\/es\/producto\/windows-11-professional-retail-version\/","title":{"rendered":"Windows 11 Professional Retail Version"},"content":{"rendered":"<blockquote>\n<h6 style=\"text-align: center;\">Nuestro equipo est\u00e1 siempre disponible en l\u00ednea a trav\u00e9s del <span style=\"color: #ff6600;\"><strong>chat en directo.<\/strong><\/span> Si tiene alguna pregunta, podemos responderle en cuesti\u00f3n de segundos. <span style=\"color: #ff6600;\">Pru\u00e9balo<\/span><\/h6>\n<\/blockquote>\n<p><strong>Echa un vistazo a la informaci\u00f3n de producto de Windows 11 Pro<\/strong><\/p>\n<p>En un momento en el que el PC est\u00e1 desempe\u00f1ando un papel m\u00e1s central en nuestras vidas, Windows 11 est\u00e1 dise\u00f1ado para acercarte a lo que m\u00e1s te gusta. Windows 11 cuenta con herramientas f\u00e1ciles de usar que pueden ayudarte a optimizar el espacio de tu pantalla y maximizar tu productividad. Comb\u00ednalo con Office 2019 Professional y nada te impedir\u00e1 realizar las tareas.<\/p>\n<p><strong class=\"x-hidden-focus\">Redise\u00f1ado para la productividad, la creatividad y la facilidad<\/strong><\/p>\n<p><strong class=\"x-hidden-focus\">Una forma m\u00e1s r\u00e1pida de conectar con las personas que te importan<\/strong><\/p>\n<p class=\"c-paragraph-3\">Con Chat de Microsoft Teams puedes comunicarte con cualquier persona (de forma gratuita) como prefieras (llamada, chat, texto, v\u00eddeo) directamente desde tu escritorio.<\/p>\n<p><img decoding=\"async\" src=\"https:\/\/img-prod-cms-rt-microsoft-com.akamaized.net\/cms\/api\/am\/imageFileData\/RWDeEK?ver=e1e6&amp;q=90&amp;m=2&amp;h=768&amp;w=1024&amp;b=%23FFFFFFFF&amp;aim=true\" alt=\"Videoconferencias, reuniones, llamadas | Microsoft Teams\"><\/p>\n<p><strong class=\"x-hidden-focus\">La mejor experiencia de juego para PC<\/strong><\/p>\n<p>Si eres un jugador, Windows 11 est\u00e1 hecho para ti. Los juegos siempre han sido fundamentales para Windows. En la actualidad, cientos de millones de personas de todo el mundo juegan en Windows y encuentran alegr\u00eda y conexi\u00f3n con sus seres queridos y amigos a trav\u00e9s del juego. Windows 11 libera todo el potencial del hardware de su sistema, poniendo a su servicio algunas de las \u00faltimas tecnolog\u00edas de juego. Como: DirectX 12 Ultimate, que puede permitir gr\u00e1ficos impresionantes y envolventes a altas velocidades de fotogramas; DirectStorage para tiempos de carga m\u00e1s r\u00e1pidos y mundos de juego m\u00e1s detallados; y Auto HDR para una gama de colores m\u00e1s amplia y v\u00edvida para una experiencia visual realmente cautivadora.<\/p>\n<p><strong class=\"x-hidden-focus\">Una forma m\u00e1s r\u00e1pida de obtener la informaci\u00f3n que le interesa<\/strong><\/p>\n<p>Windows 11 te acerca m\u00e1s r\u00e1pido a las noticias y la informaci\u00f3n que te interesan con Widgets: un nuevo feed personalizado impulsado por IA y el mejor rendimiento de navegador de su clase de Microsoft Edge.<\/p>\n<p><strong class=\"x-hidden-focus\">Una nueva Microsoft Store donde se re\u00fanen tus aplicaciones y entretenimiento favoritos<br \/>\n<\/strong><br \/>\nLa nueva Microsoft Store es tu \u00fanica ubicaci\u00f3n de confianza para aplicaciones y contenidos para ver, crear, jugar, trabajar y aprender. Se ha reconstruido para hacerlo m\u00e1s r\u00e1pido y con un dise\u00f1o totalmente nuevo que es bonito y f\u00e1cil de usar.<\/p>\n<p><strong class=\"\">M\u00e1s r\u00e1pido, seguro y familiar<\/strong><\/p>\n<p>Windows 11 est\u00e1 construido sobre la base consistente, compatible y familiar de Windows 10 que ya conoces.<br \/>\nWindows 11 tambi\u00e9n es seguro por dise\u00f1o, con nuevas tecnolog\u00edas de seguridad integradas que a\u00f1adir\u00e1n protecci\u00f3n desde el chip hasta la nube, al tiempo que permiten productividad y nuevas experiencias. Windows 11 ofrece un sistema operativo preparado para Zero Trust que protege los datos y el acceso a ellos en todos los dispositivos.<\/p>\n<p><strong>Compatibilidad y requisitos<\/strong><\/p>\n<p>Aseg\u00farese de ponerse en contacto con nuestro servicio de asistencia para comprobar si su dispositivo es compatible con Windows 11 y cumple los requisitos.<\/p>\n<p><strong>Entrega inmediata<\/strong><\/p>\n<p>Los productos de MS Office Store se entregan \u00fanicamente en formato digital. No recibir\u00e1s por correo ning\u00fan disco ni soporte de instalaci\u00f3n.<\/p>\n","protected":false},"excerpt":{"rendered":"<ul>\n<li>\n<h6><strong><strong style=\"color: #ff6600; font-size: 18px; text-align: right;\">Aseg\u00farese de comprobar la compatibilidad con el servicio de asistencia antes de pedir el producto.<\/strong><br \/>\n<\/strong><\/h6>\n<\/li>\n<li><strong>Informaci\u00f3n sobre el producto<\/strong>: Versiones de venta al p\u00fablico de 64 bits, Windows 11 es un sistema operativo <strong style=\"font-size: 1.1em;\"><strong style=\"color: #ff6600; font-size: 18px; text-align: center;\">(Office NO est\u00e1 incluido y debe comprarse por separado<\/strong><\/strong><span style=\"font-size: 1.1em; font-weight: bold;\">)<\/span><\/li>\n<li><strong>Fabricante<\/strong>: Microsoft <strong>(<strong style=\"color: #ff6600; font-size: 18px; text-align: center;\">Windows no es compatible con Chromebook<\/strong>)<\/strong><\/li>\n<li><strong>No compatible<\/strong> con Intel MAC<\/li>\n<li><strong>Estado<\/strong>: Nueva licencia para 1 PC &#8211; Para compras al por mayor, p\u00f3ngase en contacto con nosotros en el chat en vivo<\/li>\n<li><strong>Entrega<\/strong>: La descarga est\u00e1 disponible inmediatamente despu\u00e9s de la compra. Recibir\u00e1 una licencia e instrucciones por correo electr\u00f3nico<\/li>\n<li><strong>De por vida<\/strong>: Un pago le da una licencia de por vida<\/li>\n<li><strong>Idiomas<\/strong>: Este producto es global y funciona en todos los pa\u00edses, todos los idiomas est\u00e1n disponibles<\/li>\n<li><strong>Instalaci\u00f3n<\/strong>: Asistencia en directo durante la instalaci\u00f3n<\/li>\n<li><strong>Garantia<\/strong>: Cada compra est\u00e1 cubierta por nuestra garant\u00eda de satisfacci\u00f3n del producto del 100%. Si el equipo de MS Office Store no puede activar su compra, se le devolver\u00e1 el dinero.<\/li>\n<\/ul>\n","protected":false},"featured_media":15950,"comment_status":"closed","ping_status":"closed","template":"","meta":{"_acf_changed":false},"product_brand":[],"product_cat":[103,108,110],"product_tag":[],"class_list":{"0":"post-15824","1":"product","2":"type-product","3":"status-publish","4":"has-post-thumbnail","6":"product_cat-microsoft-windows-11-es","7":"product_cat-windows-es","8":"product_cat-windows-for-personal-use-es","10":"first","11":"instock","12":"sale","13":"taxable","14":"shipping-taxable","15":"purchasable","16":"product-type-simple"},"acf":[],"_links":{"self":[{"href":"https:\/\/msofficestore.com\/es\/wp-json\/wp\/v2\/product\/15824","targetHints":{"allow":["GET"]}}],"collection":[{"href":"https:\/\/msofficestore.com\/es\/wp-json\/wp\/v2\/product"}],"about":[{"href":"https:\/\/msofficestore.com\/es\/wp-json\/wp\/v2\/types\/product"}],"replies":[{"embeddable":true,"href":"https:\/\/msofficestore.com\/es\/wp-json\/wp\/v2\/comments?post=15824"}],"wp:featuredmedia":[{"embeddable":true,"href":"https:\/\/msofficestore.com\/es\/wp-json\/wp\/v2\/media\/15950"}],"wp:attachment":[{"href":"https:\/\/msofficestore.com\/es\/wp-json\/wp\/v2\/media?parent=15824"}],"wp:term":[{"taxonomy":"product_brand","embeddable":true,"href":"https:\/\/msofficestore.com\/es\/wp-json\/wp\/v2\/product_brand?post=15824"},{"taxonomy":"product_cat","embeddable":true,"href":"https:\/\/msofficestore.com\/es\/wp-json\/wp\/v2\/product_cat?post=15824"},{"taxonomy":"product_tag","embeddable":true,"href":"https:\/\/msofficestore.com\/es\/wp-json\/wp\/v2\/product_tag?post=15824"}],"curies":[{"name":"wp","href":"https:\/\/api.w.org\/{rel}","templated":true}]}}