{"id":15828,"date":"2021-04-07T16:18:33","date_gmt":"2021-04-07T15:18:33","guid":{"rendered":"https:\/\/msofficestore.com\/product\/kaspersky-endpoint-security-for-business-advanced\/"},"modified":"2023-11-30T17:52:22","modified_gmt":"2023-11-30T17:52:22","slug":"kaspersky-endpoint-security-para-business-advanced","status":"publish","type":"product","link":"https:\/\/msofficestore.com\/es\/producto\/kaspersky-endpoint-security-para-business-advanced\/","title":{"rendered":"Kaspersky Endpoint Security para Business ADVANCED"},"content":{"rendered":"<div class=\"ProductOverview-module--overview--368Hj\">\n<div class=\"ProductOverview-module--text--hNopD\">\n<div class=\"ProductOverview-module--summary--2yJbk\">\n<div class=\"FormattedHTMLContent-module--host--2o1Qf ProductOverview-module--summaryStyle--256oV\">\n<p><span style=\"font-weight: 400;\">Su empresa depende de datos confidenciales que deben mantenerse seguros y privados. Por eso este software protege todos los puntos finales y mucho m\u00e1s. Adaptive Security puede detectar amenazas avanzadas. El endurecimiento del servidor aumentar\u00e1 la protecci\u00f3n ofrecida mediante aplicaciones adicionales y controles web y de dispositivos. Esto impedir\u00e1 el robo de informaci\u00f3n financiera y corporativa. <\/span><\/p>\n<p><span style=\"font-weight: 400;\">Este nivel avanzado de protecci\u00f3n ofrece todas las funciones incluidas en Kaspersky Endpoint Security for Business Select. Adem\u00e1s, tendr\u00e1 acceso a otras tecnolog\u00edas que contribuyen a\u00fan m\u00e1s a proteger su empresa. <\/span><\/p>\n<p><b>Se puede introducir la protecci\u00f3n de hasta 150 ordenadores de sobremesa y servidores<\/b><\/p>\n<\/div>\n<\/div>\n<\/div>\n<\/div>\n<div class=\"ProductOverview-module--buyblock--53uPb\">\n<div data-at-selector=\"buy-block\" data-at-bb-title=\"Kaspersky Endpoint Security for Business Advanced\">\n<div>\n<div class=\"BuyBlockOverview-module--block--2jwuv\">\n<div class=\"BuyBlockOverview-module--top--1wpeC\">\n<div>\n<div class=\"LicenseParameters-module--item--3rTfQ\">\n<div class=\"InteractiveElement-module--container--2mLIY\"><\/div>\n<\/div>\n<\/div>\n<\/div>\n<\/div>\n<\/div>\n<\/div>\n<\/div>\n<div class=\"LicenseParameters-module--item--3rTfQ\">\n<div class=\"InteractiveElement-module--container--2mLIY\">\n<div class=\"InteractiveElement-module--fakeBorder--1fhMu InteractiveElement-module--injectNewDesign--1haXb\"><\/div>\n<\/div>\n<\/div>\n<div data-at-selector-plugin-name=\"@kl\/content\/ProductArticles\" data-at-selector-content-key=\"endpointAdvanced\">\n<div data-at-selector=\"product-articles\">\n<div class=\"ProductArticles-module--item--2EyuC\">\n<div class=\"ProductArticles-module--wrapper--YSbAb\">\n<div class=\"ProductArticles-module--data--3ctmp\">\n<div class=\"ProductArticles-module--image--1oxZH\"><img decoding=\"async\" src=\"https:\/\/www.kaspersky.com\/content\/en-global\/images\/smb\/image096.png\" \/><\/div>\n<div class=\"ProductArticles-module--textWrapper--2Pqxo\">\n<p><b>Este programa tiene controles avanzados<\/b><\/p>\n<p><span style=\"font-weight: 400;\">Kaspersky Endpoint Security Advanced buscar\u00e1 y encontrar\u00e1 cualquier vulnerabilidad. A continuaci\u00f3n, aplicar\u00e1 el \u00faltimo parche para impedir que cualquier punto de entrada cause un problema. Tambi\u00e9n le permitir\u00e1 controlar qu\u00e9 aplicaciones pueden ejecutarse en sus servidores. Todo ello se completa con controles web y de dispositivos de nivel empresarial y una \u00fanica y sencilla consola de gesti\u00f3n de la seguridad.<\/span><\/p>\n<\/div>\n<\/div>\n<\/div>\n<\/div>\n<div class=\"ProductArticles-module--item--2EyuC\">\n<div class=\"ProductArticles-module--wrapper--YSbAb\">\n<div class=\"ProductArticles-module--data--3ctmp\">\n<div class=\"ProductArticles-module--image--1oxZH ProductArticles-module--imageRight--JMHKZ\"><img decoding=\"async\" src=\"https:\/\/www.kaspersky.com\/content\/en-global\/images\/smb\/KESB-Advanced.png\" \/><\/div>\n<div class=\"ProductArticles-module--textWrapper--2Pqxo\">\n<p><b>La seguridad que se adapta a todos<\/b><\/p>\n<p><span style=\"font-weight: 400;\">Endpoint Advanced tiene capacidades de detecci\u00f3n y respuesta. Puede detectar comportamientos inusuales y encontrar\u00e1 y corregir\u00e1 autom\u00e1ticamente el ransomware. Tambi\u00e9n se buscan amenazas problem\u00e1ticas sin archivos que copian comportamientos comunes como la ejecuci\u00f3n de scripts PowerShell.<\/span><\/p>\n<\/div>\n<\/div>\n<\/div>\n<\/div>\n<div class=\"ProductArticles-module--item--2EyuC\">\n<div class=\"ProductArticles-module--wrapper--YSbAb\">\n<div class=\"ProductArticles-module--data--3ctmp\">\n<div class=\"ProductArticles-module--image--1oxZH\"><img decoding=\"async\" src=\"https:\/\/www.kaspersky.com\/content\/en-global\/images\/smb\/KESB-Advanced2.png\" \/><\/div>\n<div class=\"ProductArticles-module--textWrapper--2Pqxo\">\n<p><b>Protecci\u00f3n adicional para datos y servidores<\/b><\/p>\n<p><span style=\"font-weight: 400;\">El paquete de seguridad para Windows Server y Linux se ha desarrollado especialmente para servidores de aplicaciones y terminales. Utiliza funciones de cifrado que protegen la informaci\u00f3n de clientes y empresas para que pueda cumplir todos sus objetivos de conformidad, incluido el GDPR. Tambi\u00e9n dispondr\u00e1 de cortafuegos integrado en el sistema operativo y gesti\u00f3n de cifrado. <\/span><\/p>\n<\/div>\n<\/div>\n<\/div>\n<\/div>\n<div class=\"ProductArticles-module--item--2EyuC\">\n<div class=\"ProductArticles-module--wrapper--YSbAb\">\n<div class=\"ProductArticles-module--data--3ctmp\">\n<div class=\"ProductArticles-module--image--1oxZH ProductArticles-module--imageRight--JMHKZ\"><img decoding=\"async\" src=\"https:\/\/www.kaspersky.com\/content\/en-global\/images\/smb\/KESB-Advanced3.png\" \/><\/div>\n<div class=\"ProductArticles-module--textWrapper--2Pqxo\">\n<p><b>Gesti\u00f3n sencilla de sistemas<\/b><\/p>\n<p><span style=\"font-weight: 400;\">Ahorre tiempo siempre que necesite desplegar un nuevo sistema o actualizar los existentes; este paquete automatiza ciertas tareas de software como la creaci\u00f3n, el almacenamiento y la clonaci\u00f3n de im\u00e1genes del sistema. <\/span><\/p>\n<\/div>\n<\/div>\n<\/div>\n<\/div>\n<div class=\"ProductArticles-module--item--2EyuC\">\n<div class=\"ProductArticles-module--wrapper--YSbAb\">\n<div class=\"ProductArticles-module--data--3ctmp\">\n<div class=\"ProductArticles-module--image--1oxZH\"><img decoding=\"async\" src=\"https:\/\/www.kaspersky.com\/content\/en-global\/images\/smb\/KESB-Advanced4.png\" \/><\/div>\n<div class=\"ProductArticles-module--textWrapper--2Pqxo\">\n<p><b>Kaspersky tiene una transparencia inigualable<\/b><\/p>\n<p><span style=\"font-weight: 400;\">Kaspersky es l\u00edder en transparencia, soberan\u00eda de datos y neutralidad. Los datos b\u00e1sicos se procesan en Suiza, pa\u00eds geopol\u00edticamente neutral. Aqu\u00ed es donde sus socios de confianza revisan su c\u00f3digo fuente.<\/span><\/p>\n<\/div>\n<\/div>\n<\/div>\n<\/div>\n<\/div>\n<\/div>\n<div data-at-selector-plugin-name=\"@kl\/content\/VSBLayerOfProtection\" data-at-selector-content-key=\"endpointAdvanced\">\n<section class=\"Container-module--wideContainer--yxmpt Container-module--container--325Qu\" data-at-selector=\"layer-of-protection\">\n<div class=\"LayerOfProtection-module--blockTitle--15ax3\"><b>Kaspersky Endpoint Security for Business ADVANCED es la mejor opci\u00f3n<\/b><\/div>\n<div class=\"LayerOfProtection-module--items--LmaDV\">\n<div class=\"LayerOfProtection-module--item--2Y7x-\">\n<div class=\"LayerOfProtection-module--image--39zUP\"><img decoding=\"async\" src=\"https:\/\/www.kaspersky.com\/content\/en-global\/images\/icons\/KESB-icon11.png\" alt=\"La seguridad de los puestos finales se adapta a las nuevas amenazas\" \/><\/div>\n<div>\n<div class=\"LayerOfProtection-module--title--1bg15\"><span style=\"font-weight: 400;\">Evoluciona para combatir las nuevas amenazas: Kaspersky es l\u00edder en innovaci\u00f3n. Han identificado m\u00e1s amenazas modernas y avanzadas que cualquier competidor. La seguridad tambi\u00e9n se adaptar\u00e1 tanto si est\u00e1s in situ como si se subcontrata la inform\u00e1tica.<\/span><\/div>\n<\/div>\n<\/div>\n<div class=\"LayerOfProtection-module--item--2Y7x-\">\n<div class=\"LayerOfProtection-module--image--39zUP\"><img decoding=\"async\" src=\"https:\/\/www.kaspersky.com\/content\/en-global\/images\/icons\/KESB-icon2.png\" alt=\"Controle sus costes y su TCO\" \/><\/div>\n<div>\n<div class=\"LayerOfProtection-module--title--1bg15\"><span style=\"font-weight: 400;\">Controle el coste total de propiedad y los costes: como el paquete incluye varias tecnolog\u00edas de seguridad, s\u00f3lo necesitar\u00e1 un producto EEP. No es necesario recurrir a un equipo dedicado y experimentado, y adem\u00e1s incluye Control Adaptativo de Anomal\u00edas. <\/span><\/div>\n<\/div>\n<\/div>\n<div class=\"LayerOfProtection-module--item--2Y7x- LayerOfProtection-module--itemLast--_8ScH\">\n<div class=\"LayerOfProtection-module--image--39zUP\"><img decoding=\"async\" src=\"https:\/\/www.kaspersky.com\/content\/en-global\/images\/icons\/KESB-icon1.png\" alt=\"Combine rendimiento y protecci\u00f3n de confianza\" \/><\/div>\n<div>\n<div class=\"LayerOfProtection-module--title--1bg15\"><span style=\"font-weight: 400;\">Combine protecci\u00f3n y rendimiento: este software utiliza un modo en la nube para los componentes de los puntos finales y la inteligencia global sobre amenazas. Estas caracter\u00edsticas permiten una potente protecci\u00f3n con un impacto m\u00ednimo en los recursos de su PC. Esto significa que su seguridad no ralentizar\u00e1 su ordenador. <\/span><\/div>\n<\/div>\n<\/div>\n<div class=\"LayerOfProtection-module--item--2Y7x-\">\n<div class=\"LayerOfProtection-module--image--39zUP\"><img decoding=\"async\" src=\"https:\/\/www.kaspersky.com\/content\/en-global\/images\/icons\/KESB-icon4.png\" alt=\"Las pruebas y revisiones nos ayudan a mejorar la seguridad\" \/><\/div>\n<div>\n<div class=\"LayerOfProtection-module--title--1bg15\"><span style=\"font-weight: 400;\">Los productos Kaspersky han sido ampliamente probados y revisados &#8211; A lo largo de los a\u00f1os, los productos han sido utilizados en pruebas independientes y encuestas a clientes. Los productos obtuvieron m\u00e1s primeros puestos que ninguno de sus competidores. Ahora le ofrecemos esta seguridad mejorada directamente a usted. <\/span><\/div>\n<\/div>\n<\/div>\n<div class=\"LayerOfProtection-module--item--2Y7x-\">\n<div class=\"LayerOfProtection-module--image--39zUP\"><img decoding=\"async\" src=\"https:\/\/www.kaspersky.com\/content\/en-global\/images\/icons\/KESB-icon5.png\" alt=\"S\u00f3lo tiene que encenderlo: gesti\u00f3n centralizada flexible para equipos de administraci\u00f3n y MSP\" \/><\/div>\n<div>\n<div class=\"LayerOfProtection-module--title--1bg15\"><span style=\"font-weight: 400;\">Flexible y f\u00e1cil de usar: este software cuenta con una gesti\u00f3n centralizada f\u00e1cil de usar para equipos de administraci\u00f3n y MSP. Permite dividir r\u00e1pidamente las responsabilidades entre los equipos. La consola de gesti\u00f3n puede configurarse para que cada administrador s\u00f3lo acceda a los datos y herramientas que necesita espec\u00edficamente y nada m\u00e1s. <\/span><\/div>\n<\/div>\n<\/div>\n<div class=\"LayerOfProtection-module--item--2Y7x- LayerOfProtection-module--itemLast--_8ScH\">\n<div class=\"LayerOfProtection-module--image--39zUP\"><img decoding=\"async\" src=\"https:\/\/www.kaspersky.com\/content\/en-global\/images\/icons\/KESB-icon12.png\" alt=\"Ahorre tiempo en la administraci\u00f3n\" \/><\/div>\n<div>\n<div class=\"LayerOfProtection-module--title--1bg15\">\n<p><span style=\"font-weight: 400;\">Ahorro de tiempo: la consola Saas de nivel empresarial permite a su equipo concentrarse en las tareas. Las tareas de mantenimiento ya no distraer\u00e1n a su equipo, que podr\u00e1 dedicarse a tareas m\u00e1s importantes. <\/span><\/p>\n<p><b>Entrega digital<\/b><\/p>\n<p><span style=\"font-weight: 400;\">Nuestros productos se entregan \u00fanicamente en formato digital. Esto significa que no se le enviar\u00e1 por correo ning\u00fan disco ni soporte de instalaci\u00f3n.<\/span><\/p>\n<\/div>\n<\/div>\n<\/div>\n<\/div>\n<\/section>\n<\/div>\n","protected":false},"excerpt":{"rendered":"<ul>\n<li>Para reducir los puntos de entrada de ataques, este software detectar\u00e1 y parchear\u00e1 cualquier vulnerabilidad.<\/li>\n<li>Para ahorrar tiempo, se automatizan las tareas de despliegue de software y sistemas operativos.<\/li>\n<li>Se agiliza la gesti\u00f3n centralizada de la seguridad con una consola web o en la nube<\/li>\n<li>Para detener la fuga de datos en un dispositivo perdido, este software cifra los datos<\/li>\n<\/ul>\n","protected":false},"featured_media":15942,"comment_status":"closed","ping_status":"closed","template":"","meta":{"_acf_changed":false},"product_brand":[],"product_cat":[97,106],"product_tag":[],"class_list":{"0":"post-15828","1":"product","2":"type-product","3":"status-publish","4":"has-post-thumbnail","6":"product_cat-antivirus-es","7":"product_cat-otros-es","9":"first","10":"instock","11":"sale","12":"virtual","13":"purchasable","14":"product-type-simple"},"acf":[],"_links":{"self":[{"href":"https:\/\/msofficestore.com\/es\/wp-json\/wp\/v2\/product\/15828","targetHints":{"allow":["GET"]}}],"collection":[{"href":"https:\/\/msofficestore.com\/es\/wp-json\/wp\/v2\/product"}],"about":[{"href":"https:\/\/msofficestore.com\/es\/wp-json\/wp\/v2\/types\/product"}],"replies":[{"embeddable":true,"href":"https:\/\/msofficestore.com\/es\/wp-json\/wp\/v2\/comments?post=15828"}],"wp:featuredmedia":[{"embeddable":true,"href":"https:\/\/msofficestore.com\/es\/wp-json\/wp\/v2\/media\/15942"}],"wp:attachment":[{"href":"https:\/\/msofficestore.com\/es\/wp-json\/wp\/v2\/media?parent=15828"}],"wp:term":[{"taxonomy":"product_brand","embeddable":true,"href":"https:\/\/msofficestore.com\/es\/wp-json\/wp\/v2\/product_brand?post=15828"},{"taxonomy":"product_cat","embeddable":true,"href":"https:\/\/msofficestore.com\/es\/wp-json\/wp\/v2\/product_cat?post=15828"},{"taxonomy":"product_tag","embeddable":true,"href":"https:\/\/msofficestore.com\/es\/wp-json\/wp\/v2\/product_tag?post=15828"}],"curies":[{"name":"wp","href":"https:\/\/api.w.org\/{rel}","templated":true}]}}