{"id":15829,"date":"2021-04-04T13:28:48","date_gmt":"2021-04-04T12:28:48","guid":{"rendered":"https:\/\/msofficestore.com\/product\/kaspersky-small-office-security\/"},"modified":"2023-11-30T17:52:35","modified_gmt":"2023-11-30T17:52:35","slug":"kaspersky-small-office-security","status":"publish","type":"product","link":"https:\/\/msofficestore.com\/es\/producto\/kaspersky-small-office-security\/","title":{"rendered":"Kaspersky Small Office Security"},"content":{"rendered":"<div class=\"ProductOverview-module--welcomeSection--lYFkJ\">\n<div class=\"ProductOverview-module--description--3K4lH\">\n<div class=\"ProductOverview-module--productDescription--2hX1t\">\n<div class=\"FormattedHTMLContent-module--host--2o1Qf\">\n<p><span style=\"font-weight: 400;\"><strong>Kaspersky Small Office Security ofrece protecci\u00f3n durante todo el d\u00eda, todos los d\u00edas, para equipos de hasta 25 personas.<\/strong> Funciona en ordenadores Mac y Windows, as\u00ed como en port\u00e1tiles, servidores de archivos y dispositivos m\u00f3viles. <\/span><\/p>\n<p><span style=\"font-weight: 400;\">Puede proteger a su equipo frente a amenazas desconocidas, conocidas y avanzadas con este asequible software multiuso. Puede integrar perfectamente la seguridad sin complicaciones en su configuraci\u00f3n actual. Todos los dispositivos pueden supervisarse con la m\u00e1xima sencillez mediante un portal en l\u00ednea. Incluye un conjunto de herramientas: protecci\u00f3n contra ransomware System Watcher, Safe Money, que protege las transacciones financieras en l\u00ednea, cifrado de archivos, gestor de contrase\u00f1as, copia de seguridad de datos y seguridad de dispositivos m\u00f3viles.<\/span><\/p>\n<p><b>Este programa permite proteger hasta 25 usuarios <\/b><\/p>\n<\/div>\n<\/div>\n<\/div>\n<\/div>\n<div class=\"ProductOverview-module--buySection--16ZrN\">\n<div class=\"BuyBlock-module--host--2Yeuj\" data-at-selector=\"buy-block\" data-at-bb-title=\"Kaspersky Small Office Security\">\n<div class=\"BuyBlock-module--shadow--2bYEy\">\n<div>\n<div class=\"LicenseParameters-module--item--3rTfQ\">\n<div class=\"InteractiveElement-module--container--2mLIY\"><\/div>\n<\/div>\n<\/div>\n<\/div>\n<\/div>\n<\/div>\n<div class=\"LicenseParameters-module--item--3rTfQ\">\n<div class=\"InteractiveElement-module--container--2mLIY\">\n<div class=\"InteractiveElement-module--fakeBorder--1fhMu InteractiveElement-module--injectNewDesign--1haXb\"><\/div>\n<\/div>\n<\/div>\n<div class=\"LicenseParameters-module--item--3rTfQ\"><\/div>\n<div class=\"Divider-module--dividerContainer--3q8Lu\">\n<div class=\"Divider-module--divider--1wB6h\"><\/div>\n<\/div>\n<div class=\"AutoRenew-module--host--X5R8r\">\n<div class=\"BBAutoRenewal-module--host--16tdt\" data-bb-match-height=\"\">\n<div class=\"BBAutoRenewal-module--autoRenew--3RBRR\">\n<div class=\"Checkbox-module--checkbox--2Dhtr Checkbox-module--checkboxChecked--Z8J-S BBAutoRenewal-module--checkbox--3BIoC\">\n<div class=\"OutboundsRipple-module--host--1Vzgs\"><\/div>\n<div class=\"Checkbox-module--tick--2EJLx\">\n<div class=\"Checkbox-module--tickIcon--3tnok\"><\/div>\n<\/div>\n<\/div>\n<\/div>\n<\/div>\n<\/div>\n<div class=\"Checkbox-module--checkbox--2Dhtr Checkbox-module--checkboxChecked--Z8J-S BBAutoRenewal-module--checkbox--3BIoC\"><\/div>\n<p><span style=\"font-weight: 400;\">La cobertura se renueva autom\u00e1ticamente y su licencia cubre:<\/span><\/p>\n<ul>\n<li style=\"font-weight: 400;\" aria-level=\"1\"><span style=\"font-weight: 400;\">5 ordenadores diferentes<\/span><\/li>\n<li style=\"font-weight: 400;\" aria-level=\"1\"><span style=\"font-weight: 400;\">5 gestores de contrase\u00f1as<\/span><\/li>\n<li style=\"font-weight: 400;\" aria-level=\"1\"><span style=\"font-weight: 400;\">Protecci\u00f3n durante 1 a\u00f1o<\/span><\/li>\n<\/ul>\n<div><\/div>\n<div data-at-selector-plugin-name=\"@kl\/content\/VSB\/ProductOverview\" data-at-selector-content-key=\"VSB\">\n<section data-at-selector=\"product-overview\">\n<header>\n<div class=\"ProductOverview-module--container--z6wq_\">\n<div class=\"ProductOverview-module--row--25ZHw\">\n<div class=\"ProductOverview-module--buySection--16ZrN\">\n<div class=\"BuyBlock-module--host--2Yeuj\" data-at-selector=\"buy-block\" data-at-bb-title=\"Kaspersky Small Office Security\">\n<div class=\"BuyBlock-module--try--2SAao\">\n<div class=\"Try-module--title--3IkGg\"><span style=\"font-weight: 400;\">Si est\u00e1 pensando en comprarlo pero no est\u00e1 seguro, puede probarlo durante 30 d\u00edas<\/span> <a href=\"https:\/\/www.kaspersky.com\/small-business-security\/downloads\/thank-you\/small-office-security-free-trial\"><span style=\"font-weight: 400;\">aqu\u00ed<\/span><\/a>.<span style=\"font-weight: 400;\">. Cuando desee renovar, pulse <\/span><a href=\"https:\/\/www.kaspersky.co.uk\/renewal-center\/vsb\"><span style=\"font-weight: 400;\">aqu\u00ed<\/span><\/a><span style=\"font-weight: 400;\">. Cada compra va acompa\u00f1ada de una garant\u00eda de devoluci\u00f3n del dinero de 30 d\u00edas.<\/span><\/div>\n<div><\/div>\n<\/div>\n<\/div>\n<\/div>\n<\/div>\n<\/div>\n<\/header>\n<\/section>\n<\/div>\n<div data-at-selector-plugin-name=\"@kl\/content\/VSBProductArticles\" data-at-selector-content-key=\"vsb\">\n<div data-at-selector=\"product-articles\">\n<div class=\"ProductArticles-module--item--3mqgx ProductArticles-module--itemDark--2EazO\">\n<section class=\"Container-module--wideContainer--yxmpt Container-module--container--325Qu\">\n<div class=\"ProductArticles-module--title--36sHb\"><b>Kaspersky Small Office Security har\u00e1 su trabajo mientras usted hace el suyo<\/b><\/div>\n<div class=\"ProductArticles-module--data--39bvx\">\n<div class=\"ProductArticles-module--image--1gPV5 ProductArticles-module--imageLeft--3XyJ4\"><img decoding=\"async\" src=\"https:\/\/www.kaspersky.com\/content\/en-global\/images\/smb\/icons\/bg-ksos-01.png\" \/><\/div>\n<div class=\"ProductArticles-module--text--3Lc0j\">\n<p>&nbsp;<\/p>\n<p><span style=\"font-weight: 400;\">Se trata de una soluci\u00f3n de seguridad que funciona en segundo plano para que usted pueda centrarse en otras prioridades. Sus empleados estar\u00e1n protegidos pero no se distraer\u00e1n con mensajes y notificaciones de seguridad. La soluci\u00f3n de seguridad har\u00e1 su trabajo mientras usted sigue trabajando sin interrupciones. <\/span><\/p>\n<p><b>El software tambi\u00e9n protege a los empleados contra el ransomware<\/b><\/p>\n<p><span style=\"font-weight: 400;\">Si uno de tus empleados hace clic en un enlace malicioso y el ransomware intenta cifrar sus archivos, se crear\u00e1 una copia de seguridad. Esto ocurrir\u00e1 autom\u00e1ticamente, lo que significa que podr\u00e1s restaurar f\u00e1cilmente los archivos no encriptados.<\/span><\/p>\n<\/div>\n<\/div>\n<\/section>\n<\/div>\n<div class=\"ProductArticles-module--item--3mqgx\">\n<section class=\"Container-module--wideContainer--yxmpt Container-module--container--325Qu\">\n<div class=\"ProductArticles-module--data--39bvx\">\n<div class=\"ProductArticles-module--text--3Lc0j\">\n<p>&nbsp;<\/p>\n<p><img fetchpriority=\"high\" decoding=\"async\" class=\"alignnone size-medium wp-image-7540\" src=\"https:\/\/msofficestore.com\/wp-content\/uploads\/2021\/04\/bg-ksos-02-300x225.png\" alt=\"\" width=\"300\" height=\"225\" \/><\/p>\n<\/div>\n<p>&nbsp;<\/p>\n<p><b>Evite estafas y fraudes en Internet<\/b><\/p>\n<\/div>\n<\/section>\n<\/div>\n<\/div>\n<\/div>\n<div data-at-selector-plugin-name=\"@kl\/content\/VSBProductArticles\" data-at-selector-content-key=\"vsb\">\n<div class=\"ProductArticles-module--title--36sHb\"><\/div>\n<div data-at-selector=\"product-articles\">\n<div class=\"ProductArticles-module--item--3mqgx ProductArticles-module--itemDark--2EazO\">\n<section class=\"Container-module--wideContainer--yxmpt Container-module--container--325Qu\">\n<div class=\"ProductArticles-module--data--39bvx\">\n<div class=\"ProductArticles-module--image--1gPV5 ProductArticles-module--imageLeft--3XyJ4\"><img decoding=\"async\" src=\"https:\/\/www.kaspersky.com\/content\/en-global\/images\/smb\/icons\/bg-ksos-03.png\" \/><\/div>\n<div class=\"ProductArticles-module--text--3Lc0j\">\n<p>&nbsp;<\/p>\n<p><span style=\"font-weight: 400;\">La funci\u00f3n de dinero seguro es una capa adicional de seguridad que impide que los ladrones accedan al dinero de la empresa. Cuando se utilicen sitios web de compras o banca, Dinero Seguro comprobar\u00e1 que el sitio web es totalmente seguro. Puede estar seguro de que un sitio web es aut\u00e9ntico y se abrir\u00e1 en modo protegido (s\u00f3lo en PC y Mac). <\/span><\/p>\n<p><b>Evitar la toma de posesi\u00f3n de una cuenta<\/b><\/p>\n<p><span style=\"font-weight: 400;\">El gestor de contrase\u00f1as almacenar\u00e1 y proteger\u00e1 todas tus contrase\u00f1as y archivos importantes en todos tus dispositivos. S\u00f3lo tienes que recordar una contrase\u00f1a y recibir\u00e1s una notificaci\u00f3n si utilizas contrase\u00f1as d\u00e9biles. Tambi\u00e9n te avisar\u00e1 si hace tiempo que no cambias tu contrase\u00f1a.<\/span><\/p>\n<\/div>\n<\/div>\n<\/section>\n<\/div>\n<p><img decoding=\"async\" class=\"alignnone size-medium wp-image-7541\" src=\"https:\/\/msofficestore.com\/wp-content\/uploads\/2021\/04\/bg-ksos-04-300x225.png\" alt=\"\" width=\"300\" height=\"225\" \/><\/p>\n<p><b>Con Kaspersky Small Office Security, puede beneficiarse de una protecci\u00f3n f\u00e1cil de usar para toda su empresa. Tienes acceso a:<\/b><\/p>\n<p><span style=\"font-weight: 400;\">Varias capas de protecci\u00f3n en un solo paquete: es f\u00e1cil de usar, por lo que no es necesario ning\u00fan conocimiento para obtener la m\u00e1xima seguridad en toda su empresa.<\/span><\/p>\n<\/div>\n<\/div>\n<div data-at-selector-plugin-name=\"@kl\/content\/VSBLayerOfProtection\" data-at-selector-content-key=\"vsb\">\n<section class=\"Container-module--wideContainer--yxmpt Container-module--container--325Qu\" data-at-selector=\"layer-of-protection\">\n<div class=\"LayerOfProtection-module--items--LmaDV\">\n<div class=\"LayerOfProtection-module--item--2Y7x-\">\n<div class=\"LayerOfProtection-module--image--39zUP\"><img decoding=\"async\" src=\"https:\/\/www.kaspersky.com\/content\/en-global\/images\/smb\/icons\/icon-ksos-01.svg\" alt=\"C\u00f3modo portal web\" \/><\/div>\n<div>\n<div class=\"LayerOfProtection-module--title--1bg15\"><span style=\"font-weight: 400;\">Portal web sencillo: Kaspersky Small Office Security dispone de su propio sistema en l\u00ednea, al que puede acceder desde<\/span> <a href=\"http:\/\/ksos.kaspersky.com\"><span style=\"font-weight: 400;\">aqu\u00ed<\/span><\/a>.<span style=\"font-weight: 400;\">. Esta es una soluci\u00f3n c\u00f3moda para comprobar el estado de su licencia y la fecha de caducidad. Tambi\u00e9n puedes ver qu\u00e9 dispositivos est\u00e1n protegidos y obtener asistencia si la necesitas. <\/span><\/div>\n<\/div>\n<div class=\"FormattedHTMLContent-module--host--2o1Qf LayerOfProtection-module--description--SdUEy\">\n<p>&nbsp;<\/p>\n<\/div>\n<\/div>\n<div class=\"LayerOfProtection-module--item--2Y7x-\">\n<div class=\"LayerOfProtection-module--image--39zUP\"><img decoding=\"async\" src=\"https:\/\/www.kaspersky.com\/content\/en-global\/images\/smb\/icons\/icon-ksos-02.svg\" alt=\"Servidor de archivos Windows seguro\" \/><\/div>\n<div>\n<div>\n<div class=\"LayerOfProtection-module--title--1bg15\"><span style=\"font-size: 16px;\"><span style=\"font-weight: 400;\">Protecci\u00f3n de servidores de archivos de Windows: este software proteger\u00e1 los servidores de archivos de Windows frente al ransomware y los criptobloqueadores. System Watcher buscar\u00e1 y bloquear\u00e1 la actividad maliciosa y puede revertir las acciones a un estado seguro anterior.<\/span>.<\/span><\/div>\n<\/div>\n<\/div>\n<div class=\"FormattedHTMLContent-module--host--2o1Qf LayerOfProtection-module--description--SdUEy\">\n<p>&nbsp;<\/p>\n<\/div>\n<\/div>\n<div class=\"LayerOfProtection-module--item--2Y7x- LayerOfProtection-module--itemLast--_8ScH\">\n<div class=\"LayerOfProtection-module--image--39zUP\"><img decoding=\"async\" src=\"https:\/\/www.kaspersky.com\/content\/en-global\/images\/smb\/icons\/icon-ksos-03.svg\" alt=\"Trabajar con seguridad en dispositivos m\u00f3viles\" \/><\/div>\n<div>\n<div class=\"LayerOfProtection-module--title--1bg15\"><span style=\"font-weight: 400;\">Mantente protegido en dispositivos m\u00f3viles &#8211; Si trabajas con dispositivos m\u00f3viles, Kaspersky tambi\u00e9n puede ayudarte a mantenerte protegido en ellos. Si trabaja desde casa o su equipo utiliza sus dispositivos m\u00f3viles personales, la tecnolog\u00eda de seguridad m\u00f3vil de Kaspersky proteger\u00e1 sus smartphones y tabletas Android. Si extrav\u00eda su dispositivo o se lo roban, la tecnolog\u00eda bloquear\u00e1 sus dispositivos y los borrar\u00e1, adem\u00e1s de revelar su \u00faltima ubicaci\u00f3n conocida. <\/span><\/div>\n<\/div>\n<div class=\"FormattedHTMLContent-module--host--2o1Qf LayerOfProtection-module--description--SdUEy\">\n<p>&nbsp;<\/p>\n<\/div>\n<\/div>\n<div class=\"LayerOfProtection-module--item--2Y7x-\">\n<div class=\"LayerOfProtection-module--image--39zUP\"><img decoding=\"async\" src=\"https:\/\/www.kaspersky.com\/content\/en-global\/images\/smb\/icons\/icon-ksos-04.svg\" alt=\"Internet seguro, correo electr\u00f3nico y privacidad\" \/><\/div>\n<div>\n<div>\n<div class=\"LayerOfProtection-module--title--1bg15\">Internet seguro, correo electr\u00f3nico y privacidad<\/div>\n<\/div>\n<\/div>\n<div class=\"FormattedHTMLContent-module--host--2o1Qf LayerOfProtection-module--description--SdUEy\">\n<p>Seguridad y protecci\u00f3n en dispositivos m\u00f3viles: si necesita trabajar sobre la marcha, puede hacerlo con total confianza gracias a la tecnolog\u00eda de seguridad m\u00f3vil de Kaspersky. Se ofrece protecci\u00f3n para smartphones y tabletas basados en Android. Tambi\u00e9n hay una funci\u00f3n de bloqueo, borrado y localizaci\u00f3n de dispositivos perdidos.<\/p>\n<p>&nbsp;<\/p>\n<\/div>\n<\/div>\n<div class=\"LayerOfProtection-module--item--2Y7x-\">\n<div class=\"LayerOfProtection-module--image--39zUP\"><img decoding=\"async\" src=\"https:\/\/www.kaspersky.com\/content\/en-global\/images\/smb\/icons\/icon-ksos-05.svg\" alt=\"Almacene y transfiera archivos valiosos de forma segura\" \/><\/div>\n<div>\n<div class=\"LayerOfProtection-module--title--1bg15\"><span style=\"font-weight: 400;\">Mant\u00e9ngase seguro en Internet y proteja su correo electr\u00f3nico: Kaspersky Small Office Security mantendr\u00e1 a salvo la red y los datos de su empresa evitando que sitios maliciosos y descargas sospechosas da\u00f1en su equipo. Tambi\u00e9n buscar\u00e1 y eliminar\u00e1 cualquier extensi\u00f3n no segura o no deseada que pueda invadir tu navegador y protege tu privacidad con las funciones de no rastreo.<\/span><\/div>\n<div><\/div>\n<\/div>\n<div class=\"FormattedHTMLContent-module--host--2o1Qf LayerOfProtection-module--description--SdUEy\">\n<p><span style=\"font-weight: 400;\">Almacene y transfiera archivos importantes de forma segura: sus datos confidenciales estar\u00e1n protegidos contra infracciones, multas y p\u00e9rdidas gracias a la tecnolog\u00eda de copia de seguridad y cifrado. Con la b\u00f3veda de datos, obtendr\u00e1 seguridad adicional con almacenamiento protegido por contrase\u00f1a para que pueda mantener seguros los datos confidenciales. <\/span><\/p>\n<p>&nbsp;<\/p>\n<\/div>\n<\/div>\n<div class=\"LayerOfProtection-module--item--2Y7x- LayerOfProtection-module--itemLast--_8ScH\">\n<div class=\"LayerOfProtection-module--image--39zUP\"><img decoding=\"async\" src=\"https:\/\/www.kaspersky.com\/content\/en-global\/images\/smb\/icons\/icon-ksos-06.svg\" alt=\"Seguridad en la que puede confiar, y podemos demostrarlo\" \/><\/div>\n<div>\n<div class=\"LayerOfProtection-module--title--1bg15\">\n<p><span style=\"font-weight: 400;\">Seguridad en la que puede confiar: en 2019, los productos de Kaspersky se utilizaron en 88 pruebas y rese\u00f1as. Los productos obtuvieron 73 primeros puestos y 77 resultados entre los tres primeros. Ning\u00fan otro proveedor puede igualar este historial de \u00e9xitos. Kasperksy es una marca en la que puede confiar. <\/span><\/p>\n<p><b>Entrega digital<\/b><\/p>\n<p><span style=\"font-weight: 400;\">Nuestros productos se entregan \u00fanicamente en formato digital. Esto significa que no se le enviar\u00e1 por correo ning\u00fan disco ni soporte de instalaci\u00f3n.<\/span><\/p>\n<\/div>\n<\/div>\n<\/div>\n<\/div>\n<\/section>\n<\/div>\n","protected":false},"excerpt":{"rendered":"<div class=\"FormattedHTMLContent-module--host--2o1Qf\">\n<p>Con Kaspersky Small Office Security, puede estar tranquilo sabiendo que este software proporciona un alto nivel de protecci\u00f3n. Se dise\u00f1\u00f3 para peque\u00f1as empresas y es asequible y f\u00e1cil de usar.<\/p>\n<ul class=\"check-list\">\n<li>Este software incluye protecci\u00f3n avanzada contra ransomware. Tambi\u00e9n dispone de una funci\u00f3n de retroceso que garantiza que tus ordenadores no se apagar\u00e1n por error.<\/li>\n<li>Proteja su propiedad intelectual y sus secretos comerciales con cifrado de archivos y copias de seguridad.<\/li>\n<li>Los usuarios pueden pagar facturas e impuestos en l\u00ednea con seguridad y confianza gracias a Safe Money<\/li>\n<li>Los empleados pueden trabajar de forma segura en sus tabletas y smartphones personales porque este software ofrece protecci\u00f3n para dispositivos Android.<\/li>\n<li>Mantenga sus aplicaciones empresariales protegidas de intrusiones con el esc\u00e1ner de vulnerabilidades integrado.<\/li>\n<\/ul>\n<\/div>\n","protected":false},"featured_media":15951,"comment_status":"closed","ping_status":"closed","template":"","meta":{"_acf_changed":false},"product_brand":[],"product_cat":[97,106],"product_tag":[],"class_list":{"0":"post-15829","1":"product","2":"type-product","3":"status-publish","4":"has-post-thumbnail","6":"product_cat-antivirus-es","7":"product_cat-otros-es","9":"first","10":"instock","11":"sale","12":"virtual","13":"purchasable","14":"product-type-simple"},"acf":[],"_links":{"self":[{"href":"https:\/\/msofficestore.com\/es\/wp-json\/wp\/v2\/product\/15829","targetHints":{"allow":["GET"]}}],"collection":[{"href":"https:\/\/msofficestore.com\/es\/wp-json\/wp\/v2\/product"}],"about":[{"href":"https:\/\/msofficestore.com\/es\/wp-json\/wp\/v2\/types\/product"}],"replies":[{"embeddable":true,"href":"https:\/\/msofficestore.com\/es\/wp-json\/wp\/v2\/comments?post=15829"}],"wp:featuredmedia":[{"embeddable":true,"href":"https:\/\/msofficestore.com\/es\/wp-json\/wp\/v2\/media\/15951"}],"wp:attachment":[{"href":"https:\/\/msofficestore.com\/es\/wp-json\/wp\/v2\/media?parent=15829"}],"wp:term":[{"taxonomy":"product_brand","embeddable":true,"href":"https:\/\/msofficestore.com\/es\/wp-json\/wp\/v2\/product_brand?post=15829"},{"taxonomy":"product_cat","embeddable":true,"href":"https:\/\/msofficestore.com\/es\/wp-json\/wp\/v2\/product_cat?post=15829"},{"taxonomy":"product_tag","embeddable":true,"href":"https:\/\/msofficestore.com\/es\/wp-json\/wp\/v2\/product_tag?post=15829"}],"curies":[{"name":"wp","href":"https:\/\/api.w.org\/{rel}","templated":true}]}}