{"id":15832,"date":"2021-04-03T10:18:11","date_gmt":"2021-04-03T09:18:11","guid":{"rendered":"https:\/\/msofficestore.com\/product\/shield-antivirus-12-meses-de-licencia\/"},"modified":"2023-11-30T17:53:17","modified_gmt":"2023-11-30T17:53:17","slug":"shield-antivirus-12-meses-de-licencia","status":"publish","type":"product","link":"https:\/\/msofficestore.com\/es\/producto\/shield-antivirus-12-meses-de-licencia\/","title":{"rendered":"Shield Antivirus &#8211; 12 Meses de licencia"},"content":{"rendered":"<p><strong>Shield Antivirus, un paquete integral que protege su ordenador.<\/strong><\/p>\n<p>Shield Antivirus protege su ordenador contra todos los virus, spyware y troyanos actualizados. Proporciona una protecci\u00f3n constante que supervisa, bloquea y alerta cuando se encuentra una amenaza en su ordenador. El software tiene una instalaci\u00f3n sencilla, por lo que es f\u00e1cil de instalar y pocos minutos despu\u00e9s de descargarlo su ordenador estar\u00e1 totalmente protegido. Shield Antivirus tambi\u00e9n protege sus datos de correo electr\u00f3nico. Bloquear\u00e1 y pondr\u00e1 en cuarentena autom\u00e1ticamente cualquier amenaza en los nuevos correos electr\u00f3nicos. Gracias a sus avanzados algoritmos y motor de detecci\u00f3n, este software puede proteger su ordenador contra las amenazas en l\u00ednea con una carga reducida de la CPU. El software escanear\u00e1 autom\u00e1ticamente su ordenador en busca de amenazas o puede establecer un calendario de escaneado. Shield Antivirus incluye un limpiador del historial, un borrador de archivos seguros y un gestor de arranque que mantiene el ordenador protegido sin limitar su rendimiento. Escanear su ordenador todos los d\u00edas con Shield Antivirus puede mantener su ordenador libre de virus.<\/p>\n<p><strong>Seguridad y protecci\u00f3n todo en uno<\/strong><br \/>\nShield Antivirus detecta y elimina amenazas de seguridad en l\u00ednea como virus, rootkits, spyware, bots, troyanos y cualquier otro tipo de amenaza. Shield Antivirus proporciona una protecci\u00f3n todo en uno que mantiene su ordenador a salvo de amenazas y su privacidad protegida.<\/p>\n<p><strong>Shield Antivirus es f\u00e1cil de instalar<\/strong><br \/>\nEl instalador ligero del software garantiza una instalaci\u00f3n r\u00e1pida y sin problemas. Se ha preconfigurado para que funcione con los ajustes y preferencias del usuario.<\/p>\n<p><strong>El software Shield ofrece una exploraci\u00f3n en profundidad de las amenazas<\/strong><br \/>\nShield Antivirus detecta y bloquea amenazas que otros programas del mercado no pueden. Esto se debe a que cuenta con una de las bases de datos de amenazas m\u00e1s completas que existen. Las bases de datos y las definiciones de virus se actualizan cada d\u00eda, por lo que su ordenador estar\u00e1 totalmente protegido y preparado para las nuevas amenazas.<\/p>\n<p><strong>Shield Antivirus utiliza supervisi\u00f3n y protecci\u00f3n en tiempo real<\/strong><br \/>\nEl software utiliza una serie de m\u00e9todos de detecci\u00f3n y algoritmos avanzados para vigilar y proteger constantemente los ordenadores contra las amenazas a la seguridad en l\u00ednea y locales. La protecci\u00f3n es en tiempo real y puede bloquear todo tipo de pirater\u00eda y virus.<\/p>\n<p><strong>Protecci\u00f3n del correo electr\u00f3nico<\/strong><br \/>\nShield Antivirus protege su ordenador contra virus en los correos electr\u00f3nicos que recibe a trav\u00e9s de programas de correo electr\u00f3nico como Windows Mail, Outlook, Outlook Express y otros programas que utilizan SMTP y POP3.Esta funci\u00f3n es vital para mantener un ordenador libre de virus.<\/p>\n<p><strong>Motor antimalware\/adware avanzado<\/strong><br \/>\nEste software re\u00fane tecnolog\u00eda avanzada antispyware y antivirus que proporciona a los ordenadores total privacidad y seguridad. Se aconsejar\u00e1 a los usuarios c\u00f3mo mantener el nivel de protecci\u00f3n y alertar\u00e1 de todas las amenazas entrantes.<\/p>\n<p><strong>Algoritmos antirrootkit de alto rendimiento<\/strong><br \/>\nShield Antivirus encuentra y bloquea programas maliciosos que suelen ser dif\u00edciles de eliminar. Este tipo de malware obtiene acceso y evade los m\u00e9todos de detecci\u00f3n habituales, pero este software est\u00e1 siempre en guardia y le alertar\u00e1 de cualquier amenaza e informaci\u00f3n personal robada.<\/p>\n<p><strong>Protege y escanea todos los dispositivos extra\u00edbles<\/strong><br \/>\nEl software de seguridad buscar\u00e1 amenazas en todos los USB, unidades flash, discos duros y otras unidades o archivos extra\u00edbles. Se escanear\u00e1 autom\u00e1ticamente en cuanto se inserte el dispositivo en el PC.<\/p>\n<p><strong>Shield Antivirus ofrece un limpiador del historial<\/strong><br \/>\nEste software puede borrar el historial de navegaci\u00f3n y los registros de b\u00fasqueda. Tambi\u00e9n eliminar\u00e1 cualquier historial almacenado por las aplicaciones m\u00e1s populares. Una funci\u00f3n como esta es vital para proteger tu privacidad online, ya que muchas aplicaciones y servicios intentar\u00e1n acceder a esta informaci\u00f3n.<\/p>\n<p><strong>Director de puesta en marcha<\/strong><br \/>\nLa funci\u00f3n Explorador de PC muestra la configuraci\u00f3n de los usuarios de un ordenador que normalmente est\u00e1 oculta. Esto significa que puede incluir diferentes programas en la lista de siempre permitidos.<\/p>\n<p><strong>Borrado seguro de archivos<\/strong><br \/>\nEste software antivirus tiene una funci\u00f3n de borrado seguro llamada \u00abBorrar archivos con Shield AV\u00bb. Esto eliminar\u00e1 todos los rastros de archivos borrados para que desaparezcan completamente del sistema sin dejar residuos innecesarios.<\/p>\n<p><strong>Escaneos autom\u00e1ticos programados<\/strong><br \/>\nShield Antivirus cuenta con un programador de escaneos para mantener su ordenador autom\u00e1ticamente escaneado y protegido en todo momento. Con protecci\u00f3n y an\u00e1lisis activos, su ordenador estar\u00e1 siempre seguro, las 24 horas del d\u00eda.<\/p>\n<p><strong>Informes sobre amenazas<\/strong><br \/>\nEste software le informar\u00e1 de todas las amenazas detectadas durante una exploraci\u00f3n. Puede eliminar las amenazas notificadas o seleccionar las que desea eliminar.<\/p>\n<p><strong>Escaneados r\u00e1pidos, completos y personalizados<\/strong><br \/>\nPuede elegir entre varias opciones de escaneo, incluyendo un escaneo profundo que escanea todo su sistema, un escaneo r\u00e1pido que buscar\u00e1 los problemas m\u00e1s comunes y un escaneo personalizado que puede utilizar si est\u00e1 buscando algo espec\u00edfico.<\/p>\n<p><strong>Cuarentena de amenazas<\/strong><br \/>\nLas amenazas no siempre pueden identificarse con un 100% de certeza y, en esos casos, el software le aconsejar\u00e1 que las ponga en cuarentena. Shield Antivirus puede hacerlo autom\u00e1ticamente.<\/p>\n<p><strong>Las cookies no deseadas se pueden eliminar<\/strong><br \/>\nEste software antivirus dispone de un an\u00e1lisis del navegador que enumerar\u00e1 todas las cookies sospechosas que se consideren amenazas potenciales.<\/p>\n<p><strong>Actualiza autom\u00e1ticamente<\/strong><br \/>\nShield Antivirus actualizar\u00e1 autom\u00e1ticamente sus definiciones de malware, spyware y virus de forma gratuita. Esto significa que, una vez instalado, no tendr\u00e1 que preocuparse por nuevas amenazas.<\/p>\n<p>Shield Antivirus es compatible con las siguientes versiones de Windows:<\/p>\n<ul>\n<li>Windows 7<\/li>\n<li>Serie Windows 8<\/li>\n<li>Windows 10<\/li>\n<li>Windows XP<\/li>\n<li>Windows Vista<\/li>\n<\/ul>\n<p>Los requisitos del sistema son:<\/p>\n<ul>\n<li>Windows 7, 8, 10<\/li>\n<li>CPU de 2,4 GHz<\/li>\n<li>100 MB de espacio en disco duro<\/li>\n<li>4 GB RAM<\/li>\n<\/ul>\n<p><strong>2.4 GHz CPU<\/strong><\/p>\n<p>Nuestros productos se entregan \u00fanicamente en formato digital. Esto significa que no se le enviar\u00e1 por correo ning\u00fan disco ni soporte de instalaci\u00f3n.<\/p>\n","protected":false},"excerpt":{"rendered":"<ul>\n<li>Eficaz motor antiadware y malware.<\/li>\n<li>Protecci\u00f3n y vigilancia en tiempo real<\/li>\n<li>Algoritmos antirrootkit de alto rendimiento<\/li>\n<li>Borrado seguro de archivos<\/li>\n<li>An\u00e1lisis en busca de amenazas profundas<\/li>\n<li>Protecci\u00f3n contra virus en el correo electr\u00f3nico<\/li>\n<li>An\u00e1lisis programados y actualizaciones autom\u00e1ticas<\/li>\n<li>Actualizaciones autom\u00e1ticas<\/li>\n<li>F\u00e1cil de instalar<\/li>\n<\/ul>\n","protected":false},"featured_media":15954,"comment_status":"closed","ping_status":"closed","template":"","meta":{"_acf_changed":false},"product_brand":[],"product_cat":[97,106],"product_tag":[],"class_list":{"0":"post-15832","1":"product","2":"type-product","3":"status-publish","4":"has-post-thumbnail","6":"product_cat-antivirus-es","7":"product_cat-otros-es","9":"first","10":"instock","11":"sale","12":"purchasable","13":"product-type-simple"},"acf":[],"_links":{"self":[{"href":"https:\/\/msofficestore.com\/es\/wp-json\/wp\/v2\/product\/15832","targetHints":{"allow":["GET"]}}],"collection":[{"href":"https:\/\/msofficestore.com\/es\/wp-json\/wp\/v2\/product"}],"about":[{"href":"https:\/\/msofficestore.com\/es\/wp-json\/wp\/v2\/types\/product"}],"replies":[{"embeddable":true,"href":"https:\/\/msofficestore.com\/es\/wp-json\/wp\/v2\/comments?post=15832"}],"wp:featuredmedia":[{"embeddable":true,"href":"https:\/\/msofficestore.com\/es\/wp-json\/wp\/v2\/media\/15954"}],"wp:attachment":[{"href":"https:\/\/msofficestore.com\/es\/wp-json\/wp\/v2\/media?parent=15832"}],"wp:term":[{"taxonomy":"product_brand","embeddable":true,"href":"https:\/\/msofficestore.com\/es\/wp-json\/wp\/v2\/product_brand?post=15832"},{"taxonomy":"product_cat","embeddable":true,"href":"https:\/\/msofficestore.com\/es\/wp-json\/wp\/v2\/product_cat?post=15832"},{"taxonomy":"product_tag","embeddable":true,"href":"https:\/\/msofficestore.com\/es\/wp-json\/wp\/v2\/product_tag?post=15832"}],"curies":[{"name":"wp","href":"https:\/\/api.w.org\/{rel}","templated":true}]}}