{"id":15833,"date":"2021-03-26T15:31:38","date_gmt":"2021-03-26T15:31:38","guid":{"rendered":"https:\/\/msofficestore.com\/product\/visual-studio-professional-2019\/"},"modified":"2023-11-30T17:53:25","modified_gmt":"2023-11-30T17:53:25","slug":"visual-studio-professional-2019","status":"publish","type":"product","link":"https:\/\/msofficestore.com\/es\/producto\/visual-studio-professional-2019\/","title":{"rendered":"Visual Studio Professional 2019"},"content":{"rendered":"<blockquote>\n<h6 style=\"text-align: center;\">Nuestro equipo est\u00e1 siempre disponible en l\u00ednea a trav\u00e9s del <span style=\"color: #ff6600;\"><strong>chat en directo.<\/strong><\/span> Si tiene alguna pregunta, podemos responderle en cuesti\u00f3n de segundos. <span style=\"color: #ff6600;\">Pru\u00e9balo<\/span><\/h6>\n<\/blockquote>\n<p>&nbsp;<\/p>\n<p>Visual Studio Professional 2019 significa que los usuarios pueden aumentar la productividad con herramientas y servicios profesionales para desarrolladores con el fin de crear aplicaciones para cualquier plataforma.<\/p>\n<p>Desarrolle desde un dise\u00f1o inicial hasta la implantaci\u00f3n final con el siguiente conjunto de herramientas incluido:<\/p>\n<ul>\n<li>Mejora de IntelliSense para archivos C++<\/li>\n<li>Desarrollo local con muchos emuladores comunes<\/li>\n<li>Acceso sencillo a las pruebas en el Explorador de soluciones<\/li>\n<li>Experiencia Git de primera clase. Cree y clone repos, gestione ramas y resuelva conflictos de fusi\u00f3n.<\/li>\n<li>La compatibilidad con Kubernetes ya est\u00e1 incluida en Microsoft Azure.<\/li>\n<\/ul>\n<p><strong>Con Visual Studio Professional puede hacer m\u00e1s<\/strong><\/p>\n<p><strong>Comprender el c\u00f3digo de su equipo<\/strong><\/p>\n<p>Visual Studio Professional 2019 viene con potentes funciones para que puedas comprender r\u00e1pidamente el c\u00f3digo. CodeLens te ayuda a centrarte en las tareas mostr\u00e1ndote las referencias al c\u00f3digo y los cambios realizados. Muestra qui\u00e9n modific\u00f3 por \u00faltima vez un m\u00e9todo y muestra si se est\u00e1n superando las pruebas. Todo esto se muestra justo en el lugar donde se encuentra en su c\u00f3digo.<\/p>\n<p><strong>Visual Studio Professional ayuda a ofrecer las mejores experiencias m\u00f3viles<\/strong><\/p>\n<p><strong>Impulse su equipo de desarrollo m\u00f3vil<\/strong><\/p>\n<p>Ampl\u00ede su experiencia de desarrollo m\u00f3vil con Visual Studio Professional 2019. Cree aplicaciones para Android, iOS y Windows mediante funciones profesionales y sin restricciones de desarrollo m\u00f3vil, uso compartido de c\u00f3digo y depuraci\u00f3n.<\/p>\n<p><strong>Conectarse a la nube<\/strong><\/p>\n<p><strong>Saca m\u00e1s partido a las herramientas de Visual Studio 2019 by:<\/strong><\/p>\n<ul>\n<li>Mant\u00e9ngase informado y al d\u00eda<\/li>\n<li>Creaci\u00f3n de c\u00f3digo m\u00e1s eficaz con funciones integradas y descargables<\/li>\n<li>Colaborar sin problemas sin salir del software de edici\u00f3n<\/li>\n<\/ul>\n<p><strong>Con Visual Studio Professional 2019 puedes crear m\u00e1s<\/strong><\/p>\n<p><strong>Cree una aplicaci\u00f3n para cualquier plataforma<\/strong><\/p>\n<p>Los usuarios pueden idear aplicaciones para m\u00faltiples dispositivos, PC y la web, todas ellas alimentadas por la nube. Estas aplicaciones pueden crearse a partir de sus aplicaciones y competencias actuales. Con la tecnolog\u00eda multiplataforma, puede crear aplicaciones para Windows, iOS y Android a la vez.<\/p>\n<p><strong>Los usuarios pueden colaborar m\u00e1s<\/strong><\/p>\n<p><strong>Al tiempo que se agiliza la entrega de software<\/strong><\/p>\n<p>Una suscripci\u00f3n a Visual Studio Professional le otorga acceso a Azure DevOps y a una variedad de otros servicios para planificar, crear y enviar aplicaciones m\u00e1s r\u00e1pidamente en la nube o en las instalaciones. Tambi\u00e9n puede sacar m\u00e1s partido de las herramientas de planificaci\u00f3n \u00e1gil, la plataforma de integraci\u00f3n y entrega continuas, el repositorio de artefactos y la gesti\u00f3n del control de c\u00f3digo fuente.<\/p>\n<p><strong>Aproveche al m\u00e1ximo las ventajas de los abonados<\/strong><\/p>\n<p><strong>Este software incluye todo lo que necesita un desarrollador<\/strong><\/p>\n<p>Una suscripci\u00f3n est\u00e1ndar te proporciona todas las herramientas que necesitas para estar al d\u00eda en todo lo relacionado con el c\u00f3digo. Obtendr\u00e1 acceso al software principal de Microsoft para pruebas y desarrollo, cr\u00e9ditos individuales mensuales Azure dev\/test, cursos de formaci\u00f3n, herramientas de colaboraci\u00f3n, asistencia profesional y mucho m\u00e1s.<\/p>\n<p><strong>GitHub Empresa<\/strong><\/p>\n<p><strong>Los desarrolladores y las empresas conf\u00edan en Github.<\/strong><\/p>\n<p>Con GitHub Enterprise puedes ofrecer mejor software incluso m\u00e1s r\u00e1pido. Esta plataforma combina la potencia de la automatizaci\u00f3n de c\u00f3digo a nube, c\u00f3digo abierto, seguridad automatizada de extremo a extremo y mucho m\u00e1s. Puede poner en pr\u00e1ctica nuevas ideas y realizar env\u00edos con toda confianza desde la mejor plataforma de desarrollo del mundo.<\/p>\n<p><strong>Hardware<\/strong><\/p>\n<p>Procesador de 1,8 GHz o superior. Se recomiendan procesadores de cuatro n\u00facleos o superiores<br \/>\n2 GB de RAM; se recomiendan 8 GB de RAM a menos que se ejecute en una m\u00e1quina virtual, que requerir\u00e1 2,5 GB como m\u00ednimo.<br \/>\nEspacio en el disco duro: Necesita un m\u00ednimo de 800 MB hasta 210 GB de espacio disponible, dependiendo de las caracter\u00edsticas ya instaladas. Por lo general, las instalaciones requieren entre 20 y 50 GB de espacio libre.<br \/>\nVelocidad del disco duro: mejore el rendimiento instalando en Windows y Visual Studio en una SSD (unidad de estado s\u00f3lido).<br \/>\nNecesita una tarjeta de v\u00eddeo que admita una resoluci\u00f3n de pantalla m\u00ednima de 720p (1280 por 720). Visual Studio Professional 2019 funcionar\u00e1 mejor con una resoluci\u00f3n WXGA (1366 por 768) o superior<\/p>\n<p><strong>2.4 GHz CPU<\/strong><\/p>\n<p>Nuestros productos se entregan \u00fanicamente en formato digital. This means that no installation disk or media will be mailed to you.<\/p>\n<p>&nbsp;<\/p>\n<p>&nbsp;<\/p>\n","protected":false},"excerpt":{"rendered":"<ul>\n<li><strong>Informaci\u00f3n sobre el producto<\/strong>: Visual Studio Professional 2019<\/li>\n<li><strong>Fabricante<\/strong>: Microsoft<\/li>\n<li><strong>Estado<\/strong>: Nueva licencia para 1 PC &#8211; Si desea multi-compra de licencias en contacto con nosotros en el chat en vivo<\/li>\n<li><strong>Entrega<\/strong>: La descarga est\u00e1 disponible inmediatamente despu\u00e9s de la compra &#8211; Recibir\u00e1 una licencia y una clave.<\/li>\n<li><strong>De por vida<\/strong>: Un pago le da una licencia de por vida<\/li>\n<li><strong>Idiomas<\/strong>: Todos los idiomas disponibles<\/li>\n<li><strong>Instalaci\u00f3n<\/strong>: Asistencia en directo durante la instalaci\u00f3n y soporte t\u00e9cnico ilimitado<\/li>\n<li><strong>Garantia<\/strong>: Cada compra est\u00e1 cubierta por nuestra garant\u00eda de satisfacci\u00f3n del producto del 100%. Si el equipo de MS Office Store no puede activar su compra, se le devolver\u00e1 el dinero.<\/li>\n<\/ul>\n<p>&nbsp;<\/p>\n","protected":false},"featured_media":15955,"comment_status":"open","ping_status":"closed","template":"","meta":{"_acf_changed":false},"product_brand":[],"product_cat":[106],"product_tag":[],"class_list":{"0":"post-15833","1":"product","2":"type-product","3":"status-publish","4":"has-post-thumbnail","6":"product_cat-otros-es","8":"first","9":"instock","10":"sale","11":"taxable","12":"shipping-taxable","13":"purchasable","14":"product-type-simple"},"acf":[],"_links":{"self":[{"href":"https:\/\/msofficestore.com\/es\/wp-json\/wp\/v2\/product\/15833","targetHints":{"allow":["GET"]}}],"collection":[{"href":"https:\/\/msofficestore.com\/es\/wp-json\/wp\/v2\/product"}],"about":[{"href":"https:\/\/msofficestore.com\/es\/wp-json\/wp\/v2\/types\/product"}],"replies":[{"embeddable":true,"href":"https:\/\/msofficestore.com\/es\/wp-json\/wp\/v2\/comments?post=15833"}],"wp:featuredmedia":[{"embeddable":true,"href":"https:\/\/msofficestore.com\/es\/wp-json\/wp\/v2\/media\/15955"}],"wp:attachment":[{"href":"https:\/\/msofficestore.com\/es\/wp-json\/wp\/v2\/media?parent=15833"}],"wp:term":[{"taxonomy":"product_brand","embeddable":true,"href":"https:\/\/msofficestore.com\/es\/wp-json\/wp\/v2\/product_brand?post=15833"},{"taxonomy":"product_cat","embeddable":true,"href":"https:\/\/msofficestore.com\/es\/wp-json\/wp\/v2\/product_cat?post=15833"},{"taxonomy":"product_tag","embeddable":true,"href":"https:\/\/msofficestore.com\/es\/wp-json\/wp\/v2\/product_tag?post=15833"}],"curies":[{"name":"wp","href":"https:\/\/api.w.org\/{rel}","templated":true}]}}