{"id":15837,"date":"2021-03-21T23:45:20","date_gmt":"2021-03-21T23:45:20","guid":{"rendered":"https:\/\/msofficestore.com\/product\/windows-10-enterprise\/"},"modified":"2024-01-09T09:10:10","modified_gmt":"2024-01-09T09:10:10","slug":"windows-10-enterprise","status":"publish","type":"product","link":"https:\/\/msofficestore.com\/es\/producto\/windows-10-enterprise\/","title":{"rendered":"Windows 10 Enterprise"},"content":{"rendered":"<p><strong>Windows 10 Enterprise est\u00e1 dirigido a las empresas.<\/strong> Est\u00e1 dise\u00f1ado para satisfacer las necesidades de cualquier empresa grande o mediana, proporcionando a los profesionales:<\/p>\n<ul>\n<li style=\"font-weight: 400;\"><span style=\"font-weight: 400;\">Un mayor nivel de protecci\u00f3n contra las amenazas a la seguridad.<\/span><\/li>\n<li style=\"font-weight: 400;\"><span style=\"font-weight: 400;\">Flexibilidad con las actualizaciones y la asistencia.<\/span><\/li>\n<li style=\"font-weight: 400;\"><span style=\"font-weight: 400;\">Control y gesti\u00f3n completos de aplicaciones y dispositivos.<\/span><\/li>\n<\/ul>\n<p><b>Herramientas incluidas para una seguridad inteligente<\/b><\/p>\n<ul>\n<li style=\"font-weight: 400;\"><span style=\"font-weight: 400;\">Windows Hello<\/span><\/li>\n<li style=\"font-weight: 400;\"><span style=\"font-weight: 400;\">ReFS (Sistemas de archivos resistentes)<\/span><\/li>\n<li style=\"font-weight: 400;\"><span style=\"font-weight: 400;\">Protecci\u00f3n de la informaci\u00f3n de Windows<\/span><\/li>\n<li style=\"font-weight: 400;\"><span style=\"font-weight: 400;\">Windows Defender System Guard<\/span><\/li>\n<li style=\"font-weight: 400;\"><span style=\"font-weight: 400;\">Protecci\u00f3n de credenciales de Windows Defender<\/span><\/li>\n<li style=\"font-weight: 400;\"><span style=\"font-weight: 400;\">Protecci\u00f3n de aplicaciones de Windows Defender<\/span><\/li>\n<li style=\"font-weight: 400;\"><span style=\"font-weight: 400;\">Control de aplicaciones de Windows Defender<\/span><\/li>\n<li style=\"font-weight: 400;\"><span style=\"font-weight: 400;\">BitLocker y BitLocker to Go<\/span><\/li>\n<li style=\"font-weight: 400;\"><span style=\"font-weight: 400;\">Windows Defender Exploit Guard<\/span><\/li>\n<li style=\"font-weight: 400;\"><span style=\"font-weight: 400;\">Antivirus Windows Defender<\/span><\/li>\n<li style=\"font-weight: 400;\"><span style=\"font-weight: 400;\">Protecci\u00f3n avanzada frente a amenazas (ATP) de Microsoft Defender<\/span><\/li>\n<\/ul>\n<p><b>Las actualizaciones se simplifican con<\/b><\/p>\n<ul>\n<li style=\"font-weight: 400;\"><span style=\"font-weight: 400;\">WSUS (Servicio de actualizaci\u00f3n de Windows Server)<\/span><\/li>\n<li style=\"font-weight: 400;\"><span style=\"font-weight: 400;\">An\u00e1lisis de escritorio<\/span><\/li>\n<li style=\"font-weight: 400;\"><span style=\"font-weight: 400;\">Windows Update para empresas<\/span><\/li>\n<li style=\"font-weight: 400;\"><span style=\"font-weight: 400;\">Programa Windows Insider para empresas<\/span><\/li>\n<li style=\"font-weight: 400;\"><span style=\"font-weight: 400;\">Apoyo a los lanzamientos selectivos de septiembre durante 30 meses<\/span><\/li>\n<li style=\"font-weight: 400;\"><span style=\"font-weight: 400;\">Acceso a Windows 10 LTSC<\/span><\/li>\n<li style=\"font-weight: 400;\"><span style=\"font-weight: 400;\">Actualizaciones expr\u00e9s<\/span><\/li>\n<li style=\"font-weight: 400;\"><span style=\"font-weight: 400;\">Optimizaci\u00f3n de las entregas<\/span><\/li>\n<li style=\"font-weight: 400;\"><span style=\"font-weight: 400;\">Acceso a Windows 10 LTSC<\/span><\/li>\n<\/ul>\n<p><b>Herramientas de gesti\u00f3n de la flexibilidad<\/b><\/p>\n<ul>\n<li style=\"font-weight: 400;\"><span style=\"font-weight: 400;\">Modo quiosco<\/span><\/li>\n<li style=\"font-weight: 400;\"><span style=\"font-weight: 400;\">Dispositivos compartidos de Windows<\/span><\/li>\n<li style=\"font-weight: 400;\"><span style=\"font-weight: 400;\">Piloto autom\u00e1tico de Windows<\/span><\/li>\n<li style=\"font-weight: 400;\"><span style=\"font-weight: 400;\">Activaciones en la nube<\/span><\/li>\n<li style=\"font-weight: 400;\"><span style=\"font-weight: 400;\">Unirse a Azure Active Directory h\u00edbrido<\/span><\/li>\n<li style=\"font-weight: 400;\"><span style=\"font-weight: 400;\">Microsoft Store para empresas<\/span><\/li>\n<li style=\"font-weight: 400;\"><span style=\"font-weight: 400;\">Gestionar las experiencias de los usuarios<\/span><\/li>\n<li style=\"font-weight: 400;\"><span style=\"font-weight: 400;\">Derechos de uso del Escritorio Virtual de Windows<\/span><\/li>\n<li style=\"font-weight: 400;\"><span style=\"font-weight: 400;\">Virtualizaci\u00f3n de aplicaciones de Microsoft (App-V)12<\/span><\/li>\n<li style=\"font-weight: 400;\"><span style=\"font-weight: 400;\">Virtualizaci\u00f3n del entorno de usuario de Microsoft (UE-V)<\/span><\/li>\n<li style=\"font-weight: 400;\"><span style=\"font-weight: 400;\">(MDM) Gesti\u00f3n de dispositivos m\u00f3viles <\/span><\/li>\n<li style=\"font-weight: 400;\"><span style=\"font-weight: 400;\">(MAM) Gesti\u00f3n de aplicaciones m\u00f3viles <\/span><\/li>\n<\/ul>\n<p><b>Aumente la productividad de su empresa con estas herramientas<\/b><\/p>\n<ul>\n<li style=\"font-weight: 400;\"><span style=\"font-weight: 400;\">Cortana<\/span><\/li>\n<li style=\"font-weight: 400;\"><span style=\"font-weight: 400;\">Office 365<\/span><\/li>\n<li style=\"font-weight: 400;\"><span style=\"font-weight: 400;\">B\u00fasqueda de Microsoft en Windows<\/span><\/li>\n<li style=\"font-weight: 400;\"><span style=\"font-weight: 400;\">Microsoft Edge<\/span><\/li>\n<li style=\"font-weight: 400;\"><span style=\"font-weight: 400;\">Memoria persistente<\/span><\/li>\n<li style=\"font-weight: 400;\"><span style=\"font-weight: 400;\">SMB Directo<\/span><\/li>\n<li style=\"font-weight: 400;\"><span style=\"font-weight: 400;\">Accesibilidad<\/span><\/li>\n<li style=\"font-weight: 400;\"><span style=\"font-weight: 400;\">Tinta para Windows<\/span><\/li>\n<li style=\"font-weight: 400;\"><span style=\"font-weight: 400;\">Pizarra Microsoft<\/span><\/li>\n<li style=\"font-weight: 400;\"><span style=\"font-weight: 400;\">OneNote para Windows 10<\/span><\/li>\n<li style=\"font-weight: 400;\"><span style=\"font-weight: 400;\">Trabajar en todos los dispositivos<\/span><\/li>\n<\/ul>\n<p><b>Requisitos del sistema para Windows 10 Enterprise<\/b><\/p>\n<p><span style=\"font-weight: 400;\">Antes de adquirir e instalar Windows 10 Enterprise, compruebe los requisitos del sistema:<\/span><\/p>\n<ul>\n<li style=\"font-weight: 400;\"><span style=\"font-weight: 400;\">Procesador: 1 GHz o m\u00e1s r\u00e1pido o SoC<\/span><\/li>\n<li style=\"font-weight: 400;\"><span style=\"font-weight: 400;\">RAM: 1 GB para sistemas de 32 bits o 2 GB para sistemas de 64 bits<\/span><\/li>\n<li style=\"font-weight: 400;\"><span style=\"font-weight: 400;\">Espacio en disco duro: 16 GB para sistema de 32 bits o 32 GB para sistema de 64 bits<\/span><\/li>\n<li style=\"font-weight: 400;\"><span style=\"font-weight: 400;\">Tarjeta gr\u00e1fica: DirectX 9 o posterior con un controlador WDDM 1.0 <\/span><\/li>\n<\/ul>\n<p><b>Entrega digital<\/b><\/p>\n<p><span style=\"font-weight: 400;\">Nuestros productos se entregan \u00fanicamente en formato digital. Esto significa que no se le enviar\u00e1 por correo ning\u00fan disco o soporte de instalaci\u00f3n.<\/span><\/p>\n","protected":false},"excerpt":{"rendered":"<ul>\n<li><strong>Incluye seguridad inform\u00e1tica<\/strong><\/li>\n<li><strong>Protege su empresa con seguridad avanzada que utiliza la inteligencia de la nube<\/strong><\/li>\n<li><strong>F\u00e1cil de configurar, utilizar y actualizar con el m\u00ednimo esfuerzo<\/strong><\/li>\n<li><strong>M\u00e1s control para los inform\u00e1ticos<\/strong><\/li>\n<li><strong>Personaliza funciones y aplicaciones.<\/strong> Gestione y proteja los puntos finales. Las herramientas de gesti\u00f3n de Microsoft 365 le ofrecen m\u00e1s control<\/li>\n<li><strong>Aumenta la productividad<\/strong><\/li>\n<li><strong>Permite a los usuarios trabajar y colaborar de forma m\u00e1s eficaz con una experiencia de usuario intuitiva y herramientas y funciones integradas.<\/strong><\/li>\n<li><strong>Microsoft Defender for Endpoint investiga y corrige las amenazas utilizando la potencia de un gr\u00e1fico de seguridad inteligente avanzado.<\/strong><\/li>\n<li>Cada compra est\u00e1 cubierta por nuestra garant\u00eda de satisfacci\u00f3n del producto del 100%. Si el equipo de MS Office Store no puede activar su compra, se le devolver\u00e1 el dinero.<\/li>\n<\/ul>\n<p>&nbsp;<\/p>\n","protected":false},"featured_media":15959,"comment_status":"closed","ping_status":"closed","template":"","meta":{"_acf_changed":false},"product_brand":[],"product_cat":[102,108,109],"product_tag":[],"class_list":{"0":"post-15837","1":"product","2":"type-product","3":"status-publish","4":"has-post-thumbnail","6":"product_cat-microsoft-windows-10-es","7":"product_cat-windows-es","8":"product_cat-windows-for-businesses-es","10":"first","11":"instock","12":"sale","13":"taxable","14":"shipping-taxable","15":"purchasable","16":"product-type-simple"},"acf":[],"_links":{"self":[{"href":"https:\/\/msofficestore.com\/es\/wp-json\/wp\/v2\/product\/15837","targetHints":{"allow":["GET"]}}],"collection":[{"href":"https:\/\/msofficestore.com\/es\/wp-json\/wp\/v2\/product"}],"about":[{"href":"https:\/\/msofficestore.com\/es\/wp-json\/wp\/v2\/types\/product"}],"replies":[{"embeddable":true,"href":"https:\/\/msofficestore.com\/es\/wp-json\/wp\/v2\/comments?post=15837"}],"wp:featuredmedia":[{"embeddable":true,"href":"https:\/\/msofficestore.com\/es\/wp-json\/wp\/v2\/media\/15959"}],"wp:attachment":[{"href":"https:\/\/msofficestore.com\/es\/wp-json\/wp\/v2\/media?parent=15837"}],"wp:term":[{"taxonomy":"product_brand","embeddable":true,"href":"https:\/\/msofficestore.com\/es\/wp-json\/wp\/v2\/product_brand?post=15837"},{"taxonomy":"product_cat","embeddable":true,"href":"https:\/\/msofficestore.com\/es\/wp-json\/wp\/v2\/product_cat?post=15837"},{"taxonomy":"product_tag","embeddable":true,"href":"https:\/\/msofficestore.com\/es\/wp-json\/wp\/v2\/product_tag?post=15837"}],"curies":[{"name":"wp","href":"https:\/\/api.w.org\/{rel}","templated":true}]}}