{"id":15840,"date":"2020-11-03T23:01:21","date_gmt":"2020-11-03T23:01:21","guid":{"rendered":"https:\/\/msofficestore.com\/product\/windows-8-1-professional-32-64-bit-version-minorista\/"},"modified":"2024-01-09T09:07:44","modified_gmt":"2024-01-09T09:07:44","slug":"windows-8-1-professional-32-64-bit-retail-version","status":"publish","type":"product","link":"https:\/\/msofficestore.com\/es\/producto\/windows-8-1-professional-32-64-bit-retail-version\/","title":{"rendered":"Windows 8.1 Professional 32 \/ 64-Bit Retail Version"},"content":{"rendered":"<p><strong>Informaci\u00f3n del producto para Windows 8.1 Pro Retail Version<\/strong><\/p>\n<p>Windows 8.1 Pro significa que puedes trabajar y jugar. Ofrece todo lo que obtendr\u00edas en Windows 8.1 pero con funciones mejoradas. Las nuevas funciones te ayudan a conectarte a las redes de la empresa, gestionar tus dispositivos, acceder a un PC desde otro distinto, cifrar tus datos y un mont\u00f3n de cosas m\u00e1s.<\/p>\n<p><strong>Esta versi\u00f3n de Windows se adapta a tu estilo de vida<\/strong><\/p>\n<p>Windows 8.1 Pro te permite crear una experiencia \u00fanica que se adapte a tu estilo de vida. Los usuarios pueden disfrutar de aplicaciones exclusivas junto con v\u00eddeos, m\u00fasica y juegos Xbox. Descubra las nuevas aplicaciones que la Tienda Windows o la comunidad en l\u00ednea recomiendan y prefieren. SkyDrive significa que por fin puedes sincronizar y guardar tus archivos, configuraciones personalizadas, aplicaciones y pantalla de inicio en tus ordenadores o tabletas Windows. Con tu cuenta Microsoft, tambi\u00e9n puedes compartir tus fotos, v\u00eddeos y m\u00fasica favoritos con quien quieras.<\/p>\n<p><strong>Compatibilidad y rendimiento de Windows 8.1 Pro<\/strong><\/p>\n<p>La compatibilidad no es un problema aqu\u00ed, Windows 8.1 Pro es compatible con todo el software, aplicaciones y dispositivos de Windows 7. La interfaz t\u00e1ctil optimizada te permite elegir entre una amplia gama de ordenadores y tabletas del mercado.<\/p>\n<p><strong>F\u00e1cil y eficaz<\/strong><\/p>\n<p>Esta versi\u00f3n de Windows tiene un escritorio familiar con acceso r\u00e1pido a la pantalla de inicio mediante el bot\u00f3n \u00abInicio\u00bb. Puedes iniciar un dispositivo en un escritorio c\u00f3modo que conozcas.<\/p>\n<p><strong>Entrega digital<\/strong><\/p>\n<p>Nuestros productos se entregan \u00fanicamente en formato digital. Esto significa que no se le enviar\u00e1 por correo ning\u00fan disco o soporte de instalaci\u00f3n.<\/p>\n","protected":false},"excerpt":{"rendered":"<ul>\n<li><strong>Informaci\u00f3n del producto<\/strong> Versiones de 32 y 64 bits disponibles <strong>(Office NO est\u00e1 incluido, debe pedirse por separado)<\/strong><\/li>\n<li><strong>Fabricante<\/strong>: Microsoft <strong>(Windows NO compatible con Chromebook)<\/strong><\/li>\n<li><strong>Estado<\/strong>: Nueva licencia para 1 PC &#8211; Si desea comprar varias licencias p\u00f3ngase en contacto con nosotros a trav\u00e9s del chat en vivo<\/li>\n<li><strong>Entrega<\/strong>: La descarga est\u00e1 disponible inmediatamente despu\u00e9s de la compra &#8211; Recibir\u00e1 una licencia y una clave.<\/li>\n<li><strong>De por vida<\/strong>: Un pago le da una licencia de por vida<\/li>\n<li><strong>Idiomas<\/strong>: Todos los idiomas disponibles<\/li>\n<li><strong>Instalaci\u00f3n<\/strong>: Asistencia en directo durante la instalaci\u00f3n<\/li>\n<li><strong>Garantia<\/strong>: Cada compra est\u00e1 cubierta por nuestra garant\u00eda de satisfacci\u00f3n del producto del 100%. Si el equipo de MS Office Store no puede activar su compra, se le devolver\u00e1 el dinero.<\/li>\n<\/ul>\n","protected":false},"featured_media":15946,"comment_status":"closed","ping_status":"closed","template":"","meta":{"_acf_changed":false},"product_brand":[],"product_cat":[102,108,110],"product_tag":[],"class_list":{"0":"post-15840","1":"product","2":"type-product","3":"status-publish","4":"has-post-thumbnail","6":"product_cat-microsoft-windows-10-es","7":"product_cat-windows-es","8":"product_cat-windows-for-personal-use-es","10":"first","11":"instock","12":"sale","13":"taxable","14":"shipping-taxable","15":"purchasable","16":"product-type-simple"},"acf":[],"_links":{"self":[{"href":"https:\/\/msofficestore.com\/es\/wp-json\/wp\/v2\/product\/15840","targetHints":{"allow":["GET"]}}],"collection":[{"href":"https:\/\/msofficestore.com\/es\/wp-json\/wp\/v2\/product"}],"about":[{"href":"https:\/\/msofficestore.com\/es\/wp-json\/wp\/v2\/types\/product"}],"replies":[{"embeddable":true,"href":"https:\/\/msofficestore.com\/es\/wp-json\/wp\/v2\/comments?post=15840"}],"wp:featuredmedia":[{"embeddable":true,"href":"https:\/\/msofficestore.com\/es\/wp-json\/wp\/v2\/media\/15946"}],"wp:attachment":[{"href":"https:\/\/msofficestore.com\/es\/wp-json\/wp\/v2\/media?parent=15840"}],"wp:term":[{"taxonomy":"product_brand","embeddable":true,"href":"https:\/\/msofficestore.com\/es\/wp-json\/wp\/v2\/product_brand?post=15840"},{"taxonomy":"product_cat","embeddable":true,"href":"https:\/\/msofficestore.com\/es\/wp-json\/wp\/v2\/product_cat?post=15840"},{"taxonomy":"product_tag","embeddable":true,"href":"https:\/\/msofficestore.com\/es\/wp-json\/wp\/v2\/product_tag?post=15840"}],"curies":[{"name":"wp","href":"https:\/\/api.w.org\/{rel}","templated":true}]}}