{"id":15841,"date":"2020-07-19T20:26:23","date_gmt":"2020-07-19T19:26:23","guid":{"rendered":"https:\/\/msofficestore.com\/product\/windows-10-professional-retail-paquete-premium\/"},"modified":"2024-01-09T08:16:50","modified_gmt":"2024-01-09T08:16:50","slug":"windows-10-professional-retail-premium-package","status":"publish","type":"product","link":"https:\/\/msofficestore.com\/es\/producto\/windows-10-professional-retail-premium-package\/","title":{"rendered":"Windows 10 Professional RETAIL Premium Package"},"content":{"rendered":"<blockquote>\n<h6 style=\"text-align: center;\">Nuestro equipo est\u00e1 siempre disponible en l\u00ednea a trav\u00e9s del <span style=\"color: #ff6600;\"><strong>chat en directo.<\/strong><\/span> Si tiene alguna pregunta, podemos responderle en cuesti\u00f3n de segundos. Pru\u00e9balo.<\/h6>\n<\/blockquote>\n<p>&nbsp;<\/p>\n<p><span style=\"font-weight: 400;\">Aqu\u00ed tienes la informaci\u00f3n del producto <strong>Windows 10 Professional RETAIL Premium Package.<\/strong><\/span><\/p>\n<p><span style=\"font-weight: 400;\">Este paquete premium incluye todo lo necesario: software, activaci\u00f3n e instalaci\u00f3n. Se instalar\u00e1 a distancia mediante control remoto, nuestro equipo lo har\u00e1 todo por usted. El paquete tambi\u00e9n incluye una garant\u00eda de 4 a\u00f1os si lo compras en MS Office Store. <\/span><\/p>\n<p><span style=\"font-weight: 400;\">Windows 10 pro es el nuevo sistema operativo de Microsoft hecho para usuarios profesionales y empresas. Funcionar\u00e1 tanto en PC y port\u00e1tiles como en tabletas. Este paquete de software ofrece funciones que proporcionan a los usuarios profesionales el mejor rendimiento en todas las plataformas compatibles. <\/span><\/p>\n<p><span style=\"font-weight: 400;\">Aunque el paquete Windows 10 Professional RETAIL Premium ofrece la mejor asistencia al cliente para usuarios experimentados, est\u00e1 pensado principalmente para empresas. Esta versi\u00f3n tiene una interfaz moderna y f\u00e1cil de usar, similar a las versiones \u00abPro\u00bb anteriores. Es compatible con todos los dispositivos y sus propiedades, por lo que funcionar\u00e1 en ordenadores antiguos, ofreciendo la mejor conversi\u00f3n para las empresas. <\/span><\/p>\n<p><b>Nuevas funciones incluidas en Windows 10 Professional RETAIL Premium<\/b><\/p>\n<p><span style=\"font-weight: 400;\">El paquete Windows 10 Pro Premium ofrece a los usuarios funciones empresariales esenciales como Domain Join, Group Policy Management, BitLocker, Remote Desktop, EMIE (Enterprise Mode for Internet Explorer), Assigned Access 8.1 y un cliente Hyper-V. Tambi\u00e9n contiene nuevos programas y funciones universales como: <\/span><\/p>\n<p><span style=\"font-weight: 400;\">Cortana: Un \u00fatil asistente personal al que puedes acceder y utilizar en tu ordenador. <\/span><\/p>\n<p><span style=\"font-weight: 400;\">Nuevo navegador de Internet: Microsoft Edge es el nuevo navegador de Internet seguro que sustituye a Internet Explorer. <\/span><\/p>\n<p><span style=\"font-weight: 400;\">Reconocimiento facial y de huellas dactilares: Esta funci\u00f3n est\u00e1 disponible en hardware compatible. <\/span><\/p>\n<p><span style=\"font-weight: 400;\">Continuum: Funciona en modo tableta en dispositivos t\u00e1ctiles.<\/span><\/p>\n<p><span style=\"font-weight: 400;\">Windows Holographic: Esta plataforma de aplicaciones utiliza las gafas de datos HoloLens. <\/span><\/p>\n<p><span style=\"font-weight: 400;\">Los programas habituales, como el calendario, el correo, las fotos, los v\u00eddeos y la m\u00fasica, est\u00e1n todos aqu\u00ed, as\u00ed como el nuevo programa de gr\u00e1ficos DirectX 12. Windows 10 Professional Premium tambi\u00e9n permite unirse a Azure Active Directory. Se trata de un servicio de gesti\u00f3n de identidades y directorios basado en la nube. Con un \u00fanico registro, los usuarios tambi\u00e9n obtienen acceso a una variedad de aplicaciones Cloud-SaaS como Concur, Office 365 y DropBox. <\/span><\/p>\n<p><b>Funciones actualizadas<\/b><\/p>\n<p><span style=\"font-weight: 400;\">El men\u00fa Inicio se ha redise\u00f1ado para ofrecer un \u00e1rea en mosaico donde cada mosaico puede personalizarse para que tenga una funci\u00f3n individual. Este sistema operativo incluye una nueva funci\u00f3n que permite utilizar varios escritorios virtuales para distintos fines. Windows 10 Pro Premium tambi\u00e9n incluye acceso a la Business Store.<\/span><\/p>\n<p><b>Entrega digital<\/b><\/p>\n<p><span style=\"font-weight: 400;\">Nuestros productos se entregan \u00fanicamente en formato digital. This means that no installation disk or media will be mailed to you.<\/span><\/p>\n<p>&nbsp;<\/p>\n<p>&nbsp;<\/p>\n<p>&nbsp;<\/p>\n","protected":false},"excerpt":{"rendered":"<ul>\n<li><strong>Informaci\u00f3n sobre el producto:Versiones para minoristas de 32 y 64 bits<\/strong><\/li>\n<li><strong>Paquete Premium<\/strong>: El paquete Premium incluye la activaci\u00f3n y la instalaci\u00f3n -La instalaci\u00f3n se realiza a trav\u00e9s de control remoto <strong><strong><strong style=\"color: #ff6600; font-size: 18px; text-align: center;\">(Office NO incluido y debe comprarse por separado<\/strong><\/strong><\/strong>)<\/li>\n<li><strong>Garant\u00eda<\/strong>: 4 a\u00f1os<\/li>\n<li><strong>Fabricante<\/strong>: Microsoft <strong><strong><strong style=\"color: #ff6600; font-size: 18px; text-align: center;\">(Windows no es compatible con Chromebook<\/strong><\/strong><\/strong><strong>)<\/strong><\/li>\n<li><strong>Estado: La licencia es s\u00f3lo para 1 PC &#8211; para compras al por mayor, p\u00f3ngase en contacto con nosotros en el chat en l\u00ednea<\/strong><\/li>\n<li><strong>Entrega: Una vez realizada la compra, recibir\u00e1 una descarga digital instant\u00e1nea y una clave de licencia digital.<\/strong><\/li>\n<li><strong>De por vida:<\/strong> Pague una vez por una licencia vitalicia<\/li>\n<li><strong>Idiomas<\/strong>: Este producto es global y funciona en todos los pa\u00edses, todos los idiomas est\u00e1n disponibles<\/li>\n<li><strong>Configuraci\u00f3n<\/strong>: Asistencia de configuraci\u00f3n en directo<\/li>\n<li><strong>Todas las compras tienen garant\u00eda<\/strong>: Si nuestro equipo no puede activar su compra, le devolveremos su dinero.<\/li>\n<li>\n<\/li>\n<\/ul>\n<p>&nbsp;<\/p>\n<p>&nbsp;<\/p>\n","protected":false},"featured_media":15943,"comment_status":"closed","ping_status":"closed","template":"","meta":{"_acf_changed":false},"product_brand":[],"product_cat":[102,108,110],"product_tag":[],"class_list":{"0":"post-15841","1":"product","2":"type-product","3":"status-publish","4":"has-post-thumbnail","6":"product_cat-microsoft-windows-10-es","7":"product_cat-windows-es","8":"product_cat-windows-for-personal-use-es","10":"first","11":"instock","12":"taxable","13":"shipping-taxable","14":"purchasable","15":"product-type-simple"},"acf":[],"_links":{"self":[{"href":"https:\/\/msofficestore.com\/es\/wp-json\/wp\/v2\/product\/15841","targetHints":{"allow":["GET"]}}],"collection":[{"href":"https:\/\/msofficestore.com\/es\/wp-json\/wp\/v2\/product"}],"about":[{"href":"https:\/\/msofficestore.com\/es\/wp-json\/wp\/v2\/types\/product"}],"replies":[{"embeddable":true,"href":"https:\/\/msofficestore.com\/es\/wp-json\/wp\/v2\/comments?post=15841"}],"wp:featuredmedia":[{"embeddable":true,"href":"https:\/\/msofficestore.com\/es\/wp-json\/wp\/v2\/media\/15943"}],"wp:attachment":[{"href":"https:\/\/msofficestore.com\/es\/wp-json\/wp\/v2\/media?parent=15841"}],"wp:term":[{"taxonomy":"product_brand","embeddable":true,"href":"https:\/\/msofficestore.com\/es\/wp-json\/wp\/v2\/product_brand?post=15841"},{"taxonomy":"product_cat","embeddable":true,"href":"https:\/\/msofficestore.com\/es\/wp-json\/wp\/v2\/product_cat?post=15841"},{"taxonomy":"product_tag","embeddable":true,"href":"https:\/\/msofficestore.com\/es\/wp-json\/wp\/v2\/product_tag?post=15841"}],"curies":[{"name":"wp","href":"https:\/\/api.w.org\/{rel}","templated":true}]}}