{"id":15845,"date":"2020-05-05T08:04:31","date_gmt":"2020-05-05T07:04:31","guid":{"rendered":"https:\/\/msofficestore.com\/product\/windows-10-home-retail-version-plus\/"},"modified":"2024-01-10T08:17:23","modified_gmt":"2024-01-10T08:17:23","slug":"windows-10-home-retail-version-plus","status":"publish","type":"product","link":"https:\/\/msofficestore.com\/es\/producto\/windows-10-home-retail-version-plus\/","title":{"rendered":"Windows 10 Home Retail Version Plus"},"content":{"rendered":"<blockquote>\n<h6 style=\"text-align: center;\">Nuestro equipo est\u00e1 siempre disponible en l\u00ednea a trav\u00e9s del <span style=\"color: #ff6600;\"><strong>chat en directo.<\/strong><\/span> Si tiene alguna pregunta, podemos responderle en cuesti\u00f3n de segundos. <span style=\"color: #ff6600;\">Pru\u00e9balo<\/span><\/h6>\n<\/blockquote>\n<p><strong>Informaci\u00f3n del producto para la versi\u00f3n Windows 10 Home Plus Retail (incluida la garant\u00eda adicional de dos a\u00f1os)<\/strong><\/p>\n<p>El nuevo sistema operativo Windows 10 Home Plus es compatible tanto con principiantes como con usuarios experimentados en un \u00abentorno dom\u00e9stico\u00bb. Al igual que sus predecesores, Windows 10 Plus ofrece el mejor sistema operativo de su clase y una deliciosa interfaz f\u00e1cil de usar. Adem\u00e1s, Windows 10 puede adaptarse a cualquier dispositivo y propiedad seg\u00fan la plataforma en la que se utilice. Los requisitos del sistema para esta versi\u00f3n son id\u00e9nticos a los de Windows 7 y 8.1. Esto significa que los ordenadores m\u00e1s antiguos pueden ejecutar el nuevo Windows 10 Plus sin tener ning\u00fan problema Si est\u00e1 buscando una descarga instant\u00e1nea de la clave de licencia de Windows 10 con activaci\u00f3n instant\u00e1nea, solic\u00edtela ahora en MS Office Store.<\/p>\n<p><strong>La garant\u00eda ampliada de dos a\u00f1os<\/strong><\/p>\n<p>Nuestra garant\u00eda ampliada le ofrece servicios y coberturas adicionales al comprar cualquier producto en nuestra tienda.<\/p>\n<p>Se trata de una extensi\u00f3n para que cualquier problema de software adicional al que pueda enfrentarse en el futuro pueda solucionarse de forma r\u00e1pida y sencilla. Esto incluye cualquier problema de software que se produzca en cualquier momento.<\/p>\n<p>Ejemplos de problemas que cubre la garant\u00eda:<\/p>\n<ul>\n<li>Errores causados por otras aplicaciones de su PC<\/li>\n<li>Problemas causados por el servicio de limpieza de PC<\/li>\n<li>Problemas con la optimizaci\u00f3n del rendimiento del PC<\/li>\n<li>Problemas al transferir la licencia del producto a una nueva placa base (s\u00f3lo aplicable a productos adquiridos en nuestra tienda).<\/li>\n<\/ul>\n<p>Nuevas caracter\u00edsticas de Windows 10 Home Plus<\/p>\n<p>El sistema operativo Windows 10 Home Plus tiene algunos cambios visuales, y hay una variedad de nuevas funcionalidades:<\/p>\n<p><strong>Cortana<\/strong>: Un \u00fatil asistente personal al que puedes acceder y utilizar en tu ordenador<\/p>\n<p><strong>Nuevo navegador de Internet<\/strong>: Microsoft Edge es el nuevo navegador de Internet seguro que sustituye a Internet Explorer.<\/p>\n<p><strong>Reconocimiento facial y de huella dactilar<\/strong>: Esta funci\u00f3n est\u00e1 disponible en los dispositivos que la admiten.<\/p>\n<p><strong>Continuum<\/strong>: Para el modo tableta en dispositivos t\u00e1ctiles.<\/p>\n<p><strong>Windows Hologr\u00e1fico<\/strong>: Esta plataforma de aplicaciones es para las gafas de datos HoloLens.<\/p>\n<p><strong>Programas y juegos<\/strong><\/p>\n<p>Windows 10 Home Plus incluye todas las funciones que cabr\u00eda esperar, como programas de v\u00eddeo y fotos, calendario, correo y m\u00fasica. Esta versi\u00f3n de Windows tambi\u00e9n viene con una nueva tecnolog\u00eda innovadora llamada DirectX 12, que proporciona mejores gr\u00e1ficos para los juegos. Cualquier juego de Xbox One en la red dom\u00e9stica tambi\u00e9n obtiene un aumento de rendimiento, lo que permite la transmisi\u00f3n y el juego.<\/p>\n<p><strong>Funciones actualizadas<\/strong><\/p>\n<p>Al usar Windows 10 Home Plus notar\u00e1s un nuevo men\u00fa Inicio que ahora es un \u00e1rea en mosaico. Cada baldosa tendr\u00e1 una funci\u00f3n individual. El escritorio tambi\u00e9n cuenta con funciones nuevas y actualizadas que permiten utilizar varios escritorios virtuales para distintas \u00e1reas.<\/p>\n<p><strong>Entrega digital<\/strong><\/p>\n<p>Nuestros productos se entregan \u00fanicamente en formato digital. This means that no installation disk or media will be mailed to you.<\/p>\n<p>&nbsp;<\/p>\n","protected":false},"excerpt":{"rendered":"<p><strong>La versi\u00f3n comercial de Windows 10 Home Plus incluye una garant\u00eda adicional de dos a\u00f1os<\/strong><\/p>\n<ul>\n<li><strong>Informaci\u00f3n sobre el producto:<\/strong> Versiones minoristas de 32 y 64 bits, Windows 10 es un sistema operativo<strong>(Office no est\u00e1 incluido y debe comprarse por separado<\/strong>).<\/li>\n<li><strong>Fabricante<\/strong>: Microsoft <strong>(<\/strong><strong>Windows no es compatible con Chromebook NOR Windows 10 Pro o Enterprise<\/strong><strong>)<\/strong><\/li>\n<li><strong>Estado<\/strong>: La licencia es s\u00f3lo para 1 PC &#8211; Para compras al por mayor, p\u00f3ngase en contacto con nosotros en el chat en l\u00ednea<\/li>\n<li><strong>Entrega: Una vez realizada la compra, recibir\u00e1 una descarga digital instant\u00e1nea y una clave de licencia digital.<\/strong><\/li>\n<li><strong>De por vida:<\/strong> Pague una vez por una licencia vitalicia<\/li>\n<li><strong>Idiomas<\/strong>: Este producto es global y funciona en todos los pa\u00edses, todos los idiomas est\u00e1n disponibles<\/li>\n<li><strong>Configuraci\u00f3n<\/strong>: Asistencia de configuraci\u00f3n en directo<\/li>\n<li><strong>Garant\u00eda<\/strong>: Cada compra viene con una garant\u00eda: Si nuestro equipo no puede activar tu compra, te devolvemos el dinero<\/li>\n<\/ul>\n","protected":false},"featured_media":15846,"comment_status":"open","ping_status":"closed","template":"","meta":{"_acf_changed":false},"product_brand":[],"product_cat":[102,108,110],"product_tag":[127],"class_list":{"0":"post-15845","1":"product","2":"type-product","3":"status-publish","4":"has-post-thumbnail","6":"product_cat-microsoft-windows-10-es","7":"product_cat-windows-es","8":"product_cat-windows-for-personal-use-es","9":"product_tag-windows-10-home-es","11":"first","12":"instock","13":"sale","14":"featured","15":"taxable","16":"shipping-taxable","17":"purchasable","18":"product-type-simple"},"acf":[],"_links":{"self":[{"href":"https:\/\/msofficestore.com\/es\/wp-json\/wp\/v2\/product\/15845","targetHints":{"allow":["GET"]}}],"collection":[{"href":"https:\/\/msofficestore.com\/es\/wp-json\/wp\/v2\/product"}],"about":[{"href":"https:\/\/msofficestore.com\/es\/wp-json\/wp\/v2\/types\/product"}],"replies":[{"embeddable":true,"href":"https:\/\/msofficestore.com\/es\/wp-json\/wp\/v2\/comments?post=15845"}],"wp:featuredmedia":[{"embeddable":true,"href":"https:\/\/msofficestore.com\/es\/wp-json\/wp\/v2\/media\/15846"}],"wp:attachment":[{"href":"https:\/\/msofficestore.com\/es\/wp-json\/wp\/v2\/media?parent=15845"}],"wp:term":[{"taxonomy":"product_brand","embeddable":true,"href":"https:\/\/msofficestore.com\/es\/wp-json\/wp\/v2\/product_brand?post=15845"},{"taxonomy":"product_cat","embeddable":true,"href":"https:\/\/msofficestore.com\/es\/wp-json\/wp\/v2\/product_cat?post=15845"},{"taxonomy":"product_tag","embeddable":true,"href":"https:\/\/msofficestore.com\/es\/wp-json\/wp\/v2\/product_tag?post=15845"}],"curies":[{"name":"wp","href":"https:\/\/api.w.org\/{rel}","templated":true}]}}