{"id":15547,"date":"2023-11-22T10:51:51","date_gmt":"2023-11-22T10:51:51","guid":{"rendered":"https:\/\/msofficestore.com\/product\/microsoft-windows-server-2022-standard\/"},"modified":"2023-11-28T19:41:42","modified_gmt":"2023-11-28T19:41:42","slug":"microsoft-windows-server-2022-standard","status":"publish","type":"product","link":"https:\/\/msofficestore.com\/fr\/produit\/microsoft-windows-server-2022-standard\/","title":{"rendered":"Microsoft Windows Server 2022 Standard"},"content":{"rendered":"<p><strong>Windows Server 2022<\/strong> introduit une s\u00e9curit\u00e9 avanc\u00e9e multicouche, des capacit\u00e9s hybrides avec Azure et une plateforme d&rsquo;application flexible. Pour faire partie de cette version, des capacit\u00e9s de base s\u00e9curis\u00e9es sont introduites pour aider \u00e0 prot\u00e9ger le mat\u00e9riel, le micrologiciel et les capacit\u00e9s du syst\u00e8me d&rsquo;exploitation Windows Server contre les menaces de s\u00e9curit\u00e9 avanc\u00e9es. Le serveur Secured-core s&rsquo;appuie sur des technologies telles que Windows Defender System Guard et la s\u00e9curit\u00e9 bas\u00e9e sur la virtualisation pour minimiser les risques li\u00e9s aux vuln\u00e9rabilit\u00e9s du micrologiciel et aux logiciels malveillants avanc\u00e9s. La nouvelle version offre \u00e9galement une connectivit\u00e9 s\u00e9curis\u00e9e qui introduit plusieurs nouvelles fonctionnalit\u00e9s telles que des connexions HTTPS chiffr\u00e9es plus rapides et plus s\u00e9curis\u00e9es, un chiffrement SMB AES 256 conforme aux normes de l&rsquo;industrie, et bien plus encore.<\/p>\n<p>Windows Server 2022 am\u00e9liore la gestion hybride des serveurs avec une gestion am\u00e9lior\u00e9e des machines virtuelles, une visionneuse d&rsquo;\u00e9v\u00e9nements am\u00e9lior\u00e9e, et de nombreuses nouvelles capacit\u00e9s comp\u00e9titives dans le Centre d&rsquo;administration Windows. De plus, cette version comprend des am\u00e9liorations remarquables pour les conteneurs Windows, telles que des tailles d&rsquo;image plus petites pour un t\u00e9l\u00e9chargement plus rapide, une mise en \u0153uvre simplifi\u00e9e des politiques r\u00e9seau et des outils de conteneurisation pour les applications .NET.<\/p>\n<p><img decoding=\"async\" src=\"https:\/\/www.keysfan.com\/media\/wysiwyg\/Windows_Server_2022_vNext_Preview_Build_20339_-2021-04-26-10-06-14.png\" alt=\"buy Windows Server 2022 Standard \" width=\"40%\" \/><\/p>\n<h3>Features:<\/h3>\n<ul>\n<li>HTTPS et TLS 1.3 sont activ\u00e9s par d\u00e9faut. TLS 1.0 et TLS 1.1 sont d\u00e9sactiv\u00e9s par d\u00e9faut. TLS 1.2 est toujours pr\u00e9sent.<\/li>\n<li>Les suites cryptographiques AES-256-GCM et AES-256-CCM sont prises en charge pour le chiffrement et la signature du Server Message Block (SMB).<\/li>\n<li>DNS over HTTPS (DoH) est pris en charge et activ\u00e9 par d\u00e9faut.<\/li>\n<li>Windows Server 2022 introduit des serveurs s\u00e9curis\u00e9s avec une protection de d\u00e9marrage Secured Core, une racine de confiance mat\u00e9rielle, une protection du micrologiciel et une s\u00e9curit\u00e9 bas\u00e9e sur la virtualisation (VBS) pour la s\u00e9curit\u00e9 physique. Les serveurs s\u00e9curis\u00e9s de base s&rsquo;appuient sur des technologies telles que Windows Defender System Guard et la s\u00e9curit\u00e9 bas\u00e9e sur la virtualisation pour minimiser les risques li\u00e9s aux vuln\u00e9rabilit\u00e9s du micrologiciel et aux logiciels malveillants avanc\u00e9s.<\/li>\n<li>Prise en charge de la fonctionnalit\u00e9 SMB sur QUIC pour des communications plus s\u00e9curis\u00e9es. Il est con\u00e7u pour remplacer les VPN et repose sur les protocoles UDP et TLS 1.3 pour des communications plus rapides et plus s\u00e9curis\u00e9es.<\/li>\n<li>Windows Server 2022 est livr\u00e9 avec Azure Arc pour g\u00e9rer et administrer les serveurs sur site au sein d&rsquo;Azure.<\/li>\n<li>Le service de migration de stockage permet aux utilisateurs de migrer facilement des serveurs de fichiers depuis les locaux vers Azure.<\/li>\n<li>Mettez \u00e0 jour les applications .NET avec le nouveau outil de conteneurisation dans le Centre d&rsquo;administration Windows.<\/li>\n<li>Windows Server 2022 est livr\u00e9 avec une capacit\u00e9 de compression optionnelle du Server Message Block (SMB) pour compresser les fichiers et acc\u00e9l\u00e9rer les transferts r\u00e9seau.<\/li>\n<li>Le Centre d&rsquo;administration Windows peut \u00eatre utilis\u00e9 pour g\u00e9rer \u00e0 distance les certificats, d\u00e9ployer des conteneurs et surveiller les performances du serveur.<\/li>\n<li>Windows Server 2022 prend en charge le hotpatching. Le hotpatching permet au syst\u00e8me d&rsquo;installer les mises \u00e0 jour de Windows sans avoir besoin de red\u00e9marrer le syst\u00e8me \u00e0 chaque fois. Le hotpatching n&rsquo;est disponible que dans l&rsquo;\u00e9dition Azure de Windows Server.<\/li>\n<li>Azure Stack HCI permet le d\u00e9ploiement d&rsquo;applications modernes de serveur Windows avec Azure Kubernetes Service.<\/li>\n<\/ul>\n<p><img decoding=\"async\" src=\"https:\/\/www.keysfan.com\/media\/wysiwyg\/windows-server-2022-preview-main.jpg\" alt=\"Windows Server 2022 Standard key\" width=\"40%\" \/><\/p>\n<p>&nbsp;<\/p>\n<h3><span class=\"goog-text-highlight\">Exigences syst\u00e8me<\/span><\/h3>\n<ul>\n<li><strong>Processeur<\/strong> : Au moins 1,4 GHz avec architecture 64 bits<\/li>\n<li><strong>RAM<\/strong> : Au moins 512 MB<\/li>\n<li><strong>Espace de stockage requis<\/strong> : Au moins 32 GB<\/li>\n<li><strong>Autres exigences :<\/strong><\/li>\n<li>Gigabit (10\/100 \/ 1000baseT) Ethernet adapter<\/li>\n<li>Lecteur DVD (si vous souhaitez installer le syst\u00e8me d&rsquo;exploitation \u00e0 l&rsquo;aide d&rsquo;un support DVD)<\/li>\n<li>\u00c9cran Super VGA (1024 x 768) ou \u00e9cran avec une r\u00e9solution sup\u00e9rieure<\/li>\n<li>Clavier et souris Microsoft\u00ae (ou autres dispositifs de pointage compatibles)<\/li>\n<li>Acc\u00e8s \u00e0 Internet (peut \u00eatre soumis \u00e0 des frais)<\/li>\n<\/ul>\n<p>&nbsp;<\/p>\n<p>&nbsp;<\/p>\n","protected":false},"excerpt":{"rendered":"<ul>\n<li><strong><em>Nouvelle s\u00e9curit\u00e9 multicouche<\/em><\/strong><\/li>\n<li><strong><em>Connectivit\u00e9 avec Azure et capacit\u00e9s hybrides<\/em><\/strong><\/li>\n<li><strong><em>Plateforme d&rsquo;application \u00e9volutive et plus flexible<\/em><\/strong><\/li>\n<li><strong>Version commerciale au d\u00e9tail de Windows Server 2022 Standard : <\/strong><span style=\"font-size: 16px;\">est le syst\u00e8me d&rsquo;exploitation pr\u00eat pour le cloud de Microsoft. Il prendra en charge votre charge de travail actuelle tout en vous introduisant \u00e0 des technologies plus r\u00e9centes qui faciliteront la transition vers le cloud. Il dispose de nouvelles couches de s\u00e9curit\u00e9 et d&rsquo;innovations inspir\u00e9es d&rsquo;Azure pour les applications qui dynamisent votre entreprise. Chaque achat comprend 16 licences pour c\u0153urs + 10 licences d&rsquo;acc\u00e8s client (CAL). Elles peuvent \u00eatre utilis\u00e9es pour ex\u00e9cuter deux environnements d&rsquo;exploitation, que ce soit physiques ou virtuels. Si votre serveur a besoin de plus de 16 c\u0153urs, vous pouvez acheter des licences suppl\u00e9mentaires.<\/span><\/li>\n<li><strong>Chaque achat est assorti d&rsquo;une garantie<\/strong> : si notre \u00e9quipe ne peut pas activer votre achat, vous serez rembours\u00e9.<\/li>\n<\/ul>\n<p>&nbsp;<\/p>\n<p>&nbsp;<\/p>\n","protected":false},"featured_media":15548,"comment_status":"open","ping_status":"closed","template":"","meta":{"_acf_changed":false},"product_brand":[],"product_cat":[73,85],"product_tag":[],"class_list":{"0":"post-15547","1":"product","2":"type-product","3":"status-publish","4":"has-post-thumbnail","6":"product_cat-windows-server-fr","7":"product_cat-windows-pour-les-entreprises-fr","9":"first","10":"instock","11":"sale","12":"taxable","13":"shipping-taxable","14":"purchasable","15":"product-type-simple"},"acf":[],"_links":{"self":[{"href":"https:\/\/msofficestore.com\/fr\/wp-json\/wp\/v2\/product\/15547","targetHints":{"allow":["GET"]}}],"collection":[{"href":"https:\/\/msofficestore.com\/fr\/wp-json\/wp\/v2\/product"}],"about":[{"href":"https:\/\/msofficestore.com\/fr\/wp-json\/wp\/v2\/types\/product"}],"replies":[{"embeddable":true,"href":"https:\/\/msofficestore.com\/fr\/wp-json\/wp\/v2\/comments?post=15547"}],"wp:featuredmedia":[{"embeddable":true,"href":"https:\/\/msofficestore.com\/fr\/wp-json\/wp\/v2\/media\/15548"}],"wp:attachment":[{"href":"https:\/\/msofficestore.com\/fr\/wp-json\/wp\/v2\/media?parent=15547"}],"wp:term":[{"taxonomy":"product_brand","embeddable":true,"href":"https:\/\/msofficestore.com\/fr\/wp-json\/wp\/v2\/product_brand?post=15547"},{"taxonomy":"product_cat","embeddable":true,"href":"https:\/\/msofficestore.com\/fr\/wp-json\/wp\/v2\/product_cat?post=15547"},{"taxonomy":"product_tag","embeddable":true,"href":"https:\/\/msofficestore.com\/fr\/wp-json\/wp\/v2\/product_tag?post=15547"}],"curies":[{"name":"wp","href":"https:\/\/api.w.org\/{rel}","templated":true}]}}