{"id":15558,"date":"2021-04-07T16:18:33","date_gmt":"2021-04-07T15:18:33","guid":{"rendered":"https:\/\/msofficestore.com\/product\/kaspersky-endpoint-security-for-business-advanced-en-anglais\/"},"modified":"2023-11-28T19:43:44","modified_gmt":"2023-11-28T19:43:44","slug":"kaspersky-endpoint-security-for-business-advanced-en-anglais","status":"publish","type":"product","link":"https:\/\/msofficestore.com\/fr\/produit\/kaspersky-endpoint-security-for-business-advanced-en-anglais\/","title":{"rendered":"Kaspersky Endpoint Security for Business ADVANCED (en anglais)"},"content":{"rendered":"<div class=\"ProductOverview-module--overview--368Hj\">\n<div class=\"ProductOverview-module--text--hNopD\">\n<div class=\"ProductOverview-module--summary--2yJbk\">\n<div class=\"FormattedHTMLContent-module--host--2o1Qf ProductOverview-module--summaryStyle--256oV\">\n<p><span style=\"font-weight: 400;\">Votre entreprise repose sur des donn\u00e9es sensibles qui doivent \u00eatre s\u00e9curis\u00e9es et priv\u00e9es. C&rsquo;est pourquoi ce logiciel s\u00e9curise chaque point d&rsquo;extr\u00e9mit\u00e9 et bien plus encore. La s\u00e9curit\u00e9 adaptative peut d\u00e9tecter les menaces avanc\u00e9es. Le renforcement du serveur renforcera la protection en utilisant des applications suppl\u00e9mentaires ainsi que des contr\u00f4les web et des dispositifs. Cela permettra d&rsquo;arr\u00eater le vol d&rsquo;informations financi\u00e8res et corporatives. <\/span><\/p>\n<p><span style=\"font-weight: 400;\">Ce niveau avanc\u00e9 de protection offre toutes les fonctions incluses dans le Kaspersky Endpoint Security for Business Select. De plus, vous aurez acc\u00e8s \u00e0 d&rsquo;autres technologies qui font encore plus pour prot\u00e9ger votre entreprise. <\/span><\/p>\n<p><b>La protection pour jusqu&rsquo;\u00e0 150 ordinateurs de bureau et serveurs peut \u00eatre saisie.<\/b><\/p>\n<\/div>\n<\/div>\n<\/div>\n<\/div>\n<div class=\"ProductOverview-module--buyblock--53uPb\">\n<div data-at-selector=\"buy-block\" data-at-bb-title=\"Kaspersky Endpoint Security for Business Advanced\">\n<div>\n<div class=\"BuyBlockOverview-module--block--2jwuv\">\n<div class=\"BuyBlockOverview-module--top--1wpeC\">\n<div>\n<div class=\"LicenseParameters-module--item--3rTfQ\">\n<div class=\"InteractiveElement-module--container--2mLIY\"><\/div>\n<\/div>\n<\/div>\n<\/div>\n<\/div>\n<\/div>\n<\/div>\n<\/div>\n<div class=\"LicenseParameters-module--item--3rTfQ\">\n<div class=\"InteractiveElement-module--container--2mLIY\">\n<div class=\"InteractiveElement-module--fakeBorder--1fhMu InteractiveElement-module--injectNewDesign--1haXb\"><\/div>\n<\/div>\n<\/div>\n<div data-at-selector-plugin-name=\"@kl\/content\/ProductArticles\" data-at-selector-content-key=\"endpointAdvanced\">\n<div data-at-selector=\"product-articles\">\n<div class=\"ProductArticles-module--item--2EyuC\">\n<div class=\"ProductArticles-module--wrapper--YSbAb\">\n<div class=\"ProductArticles-module--data--3ctmp\">\n<div class=\"ProductArticles-module--image--1oxZH\"><img decoding=\"async\" src=\"https:\/\/www.kaspersky.com\/content\/en-global\/images\/smb\/image096.png\" \/><\/div>\n<div class=\"ProductArticles-module--textWrapper--2Pqxo\">\n<p><b>Ce logiciel dispose de commandes avanc\u00e9es.<\/b><\/p>\n<p><span style=\"font-weight: 400;\">Kaspersky Endpoint Security Advanced recherchera et trouvera toutes les vuln\u00e9rabilit\u00e9s. Ensuite, il appliquera le dernier correctif pour emp\u00eacher tout point d&rsquo;entr\u00e9e de causer un probl\u00e8me. Il vous permettra \u00e9galement de contr\u00f4ler quelles applications peuvent \u00eatre ex\u00e9cut\u00e9es sur vos serveurs. Tout cela est compl\u00e9t\u00e9 par des contr\u00f4les web et de p\u00e9riph\u00e9riques de qualit\u00e9 entreprise, ainsi qu&rsquo;une console de gestion de s\u00e9curit\u00e9 unique et simple.<\/span><\/p>\n<\/div>\n<\/div>\n<\/div>\n<\/div>\n<div class=\"ProductArticles-module--item--2EyuC\">\n<div class=\"ProductArticles-module--wrapper--YSbAb\">\n<div class=\"ProductArticles-module--data--3ctmp\">\n<div class=\"ProductArticles-module--image--1oxZH ProductArticles-module--imageRight--JMHKZ\"><img decoding=\"async\" src=\"https:\/\/www.kaspersky.com\/content\/en-global\/images\/smb\/KESB-Advanced.png\" \/><\/div>\n<div class=\"ProductArticles-module--textWrapper--2Pqxo\">\n<p><b>La s\u00e9curit\u00e9 qui s&rsquo;adapte \u00e0 tout le monde.<\/b><\/p>\n<p><span style=\"font-weight: 400;\">Endpoint Advanced poss\u00e8de \u00e0 la fois des capacit\u00e9s de d\u00e9tection et de r\u00e9ponse. Il peut d\u00e9tecter un comportement inhabituel et trouver automatiquement et corriger les ransomwares. Il recherche \u00e9galement les menaces sournoises sans fichier qui imitent des comportements courants tels que l&rsquo;ex\u00e9cution de scripts PowerShell.<\/span><\/p>\n<\/div>\n<\/div>\n<\/div>\n<\/div>\n<div class=\"ProductArticles-module--item--2EyuC\">\n<div class=\"ProductArticles-module--wrapper--YSbAb\">\n<div class=\"ProductArticles-module--data--3ctmp\">\n<div class=\"ProductArticles-module--image--1oxZH\"><img decoding=\"async\" src=\"https:\/\/www.kaspersky.com\/content\/en-global\/images\/smb\/KESB-Advanced2.png\" \/><\/div>\n<div class=\"ProductArticles-module--textWrapper--2Pqxo\">\n<p><b>Une protection suppl\u00e9mentaire pour les donn\u00e9es et les serveurs.<\/b><\/p>\n<p><span style=\"font-weight: 400;\">Le package de s\u00e9curit\u00e9 pour Windows Server et Linux a \u00e9t\u00e9 sp\u00e9cialement d\u00e9velopp\u00e9 pour les serveurs d&rsquo;application et de terminaux. Il utilise des fonctions de cryptage qui prot\u00e8gent les informations des clients et de l&rsquo;entreprise, vous permettant ainsi d&rsquo;atteindre tous vos objectifs de conformit\u00e9, y compris le RGPD. Vous b\u00e9n\u00e9ficiez \u00e9galement d&rsquo;une gestion de pare-feu int\u00e9gr\u00e9e au syst\u00e8me d&rsquo;exploitation et de chiffrement. <\/span><\/p>\n<\/div>\n<\/div>\n<\/div>\n<\/div>\n<div class=\"ProductArticles-module--item--2EyuC\">\n<div class=\"ProductArticles-module--wrapper--YSbAb\">\n<div class=\"ProductArticles-module--data--3ctmp\">\n<div class=\"ProductArticles-module--image--1oxZH ProductArticles-module--imageRight--JMHKZ\"><img decoding=\"async\" src=\"https:\/\/www.kaspersky.com\/content\/en-global\/images\/smb\/KESB-Advanced3.png\" \/><\/div>\n<div class=\"ProductArticles-module--textWrapper--2Pqxo\">\n<p><b>Gestion simple des syst\u00e8mes.<\/b><\/p>\n<p><span style=\"font-weight: 400;\">Gagnez du temps \u00e0 chaque fois que vous devez d\u00e9ployer un nouveau syst\u00e8me ou mettre \u00e0 jour des syst\u00e8mes existants ; ce package automatise certaines t\u00e2ches logicielles telles que la cr\u00e9ation, le stockage et le clonage d&rsquo;images syst\u00e8me. <\/span><\/p>\n<\/div>\n<\/div>\n<\/div>\n<\/div>\n<div class=\"ProductArticles-module--item--2EyuC\">\n<div class=\"ProductArticles-module--wrapper--YSbAb\">\n<div class=\"ProductArticles-module--data--3ctmp\">\n<div class=\"ProductArticles-module--image--1oxZH\"><img decoding=\"async\" src=\"https:\/\/www.kaspersky.com\/content\/en-global\/images\/smb\/KESB-Advanced4.png\" \/><\/div>\n<div class=\"ProductArticles-module--textWrapper--2Pqxo\">\n<p><b>Kaspersky offre une transparence in\u00e9gal\u00e9e.<\/b><\/p>\n<p><span style=\"font-weight: 400;\">Kaspersky est un leader en mati\u00e8re de transparence, de souverainet\u00e9 des donn\u00e9es et de neutralit\u00e9. Effectivement, Kaspersky est reconnu pour son leadership en transparence, en souverainet\u00e9 des donn\u00e9es et en neutralit\u00e9. C&rsquo;est l\u00e0 que leurs partenaires de confiance examinent leur code source.<\/span><\/p>\n<\/div>\n<\/div>\n<\/div>\n<\/div>\n<\/div>\n<\/div>\n<div data-at-selector-plugin-name=\"@kl\/content\/VSBLayerOfProtection\" data-at-selector-content-key=\"endpointAdvanced\">\n<section class=\"Container-module--wideContainer--yxmpt Container-module--container--325Qu\" data-at-selector=\"layer-of-protection\">\n<div class=\"LayerOfProtection-module--blockTitle--15ax3\"><b>Kaspersky Endpoint Security for Business ADVANCED est le meilleur choix.<\/b><\/div>\n<div class=\"LayerOfProtection-module--items--LmaDV\">\n<div class=\"LayerOfProtection-module--item--2Y7x-\">\n<div class=\"LayerOfProtection-module--image--39zUP\"><img decoding=\"async\" src=\"https:\/\/www.kaspersky.com\/content\/en-global\/images\/icons\/KESB-icon11.png\" alt=\"La s\u00e9curit\u00e9 des points d'extr\u00e9mit\u00e9 s'adapte aux nouvelles menaces.\" \/><\/div>\n<div>\n<div class=\"LayerOfProtection-module--title--1bg15\"><span style=\"font-weight: 400;\">Elle a \u00e9volu\u00e9 pour combattre de nouvelles menaces &#8211; Kaspersky est un leader en mati\u00e8re d&rsquo;innovation. Ils ont identifi\u00e9 des menaces plus modernes et avanc\u00e9es que tous leurs concurrents. La s\u00e9curit\u00e9 s&rsquo;adaptera \u00e9galement que vous soyez sur site ou que l&rsquo;informatique soit externalis\u00e9e.<\/span><\/div>\n<\/div>\n<\/div>\n<div class=\"LayerOfProtection-module--item--2Y7x-\">\n<div class=\"LayerOfProtection-module--image--39zUP\"><img decoding=\"async\" src=\"https:\/\/www.kaspersky.com\/content\/en-global\/images\/icons\/KESB-icon2.png\" alt=\"Ma\u00eetrisez vos co\u00fbts et votre TCO\" \/><\/div>\n<div>\n<div class=\"LayerOfProtection-module--title--1bg15\"><span style=\"font-weight: 400;\">Exactement, prenez les r\u00eanes de vos co\u00fbts et du co\u00fbt total de possession (TCO). Vous n&rsquo;avez pas besoin d&rsquo;utiliser une \u00e9quipe d\u00e9di\u00e9e et exp\u00e9riment\u00e9e, et cela inclut \u00e9galement le Contr\u00f4le d&rsquo;anomalies adaptatif. <\/span><\/div>\n<\/div>\n<\/div>\n<div class=\"LayerOfProtection-module--item--2Y7x- LayerOfProtection-module--itemLast--_8ScH\">\n<div class=\"LayerOfProtection-module--image--39zUP\"><img decoding=\"async\" src=\"https:\/\/www.kaspersky.com\/content\/en-global\/images\/icons\/KESB-icon1.png\" alt=\"Associez performances et protection fiable.\" \/><\/div>\n<div>\n<div class=\"LayerOfProtection-module--title--1bg15\"><span style=\"font-weight: 400;\">Associez protection et performances &#8211; Ce logiciel utilise un mode cloud pour les composants de point de terminaison et une intelligence des menaces mondiale. Ces fonctionnalit\u00e9s permettent une protection puissante avec un impact minimal sur les ressources de votre PC. Cela signifie que votre s\u00e9curit\u00e9 ne ralentira pas votre ordinateur. <\/span><\/div>\n<\/div>\n<\/div>\n<div class=\"LayerOfProtection-module--item--2Y7x-\">\n<div class=\"LayerOfProtection-module--image--39zUP\"><img decoding=\"async\" src=\"https:\/\/www.kaspersky.com\/content\/en-global\/images\/icons\/KESB-icon4.png\" alt=\"Les tests et les avis nous aident \u00e0 fournir une meilleure s\u00e9curit\u00e9.\" \/><\/div>\n<div>\n<div class=\"LayerOfProtection-module--title--1bg15\"><span style=\"font-weight: 400;\">Les produits Kaspersky ont \u00e9t\u00e9 largement test\u00e9s et \u00e9valu\u00e9s &#8211; Au fil des ans, les produits ont \u00e9t\u00e9 utilis\u00e9s dans des tests ind\u00e9pendants et des enqu\u00eates aupr\u00e8s des clients. Les produits ont obtenu plus de premi\u00e8res places que tous leurs concurrents. Maintenant, nous vous offrons cette s\u00e9curit\u00e9 renforc\u00e9e directement. <\/span><\/div>\n<\/div>\n<\/div>\n<div class=\"LayerOfProtection-module--item--2Y7x-\">\n<div class=\"LayerOfProtection-module--image--39zUP\"><img decoding=\"async\" src=\"https:\/\/www.kaspersky.com\/content\/en-global\/images\/icons\/KESB-icon5.png\" alt=\"Activez-le simplement - une gestion centralis\u00e9e flexible pour les \u00e9quipes d'administration et les fournisseurs de services g\u00e9r\u00e9s (MSP).\" \/><\/div>\n<div>\n<div class=\"LayerOfProtection-module--title--1bg15\"><span style=\"font-weight: 400;\">Flexible et facile \u00e0 utiliser &#8211; Ce logiciel dispose d&rsquo;une gestion centralis\u00e9e facile \u00e0 utiliser pour les \u00e9quipes d&rsquo;administration et les fournisseurs de services g\u00e9r\u00e9s (MSP). Cela permet de r\u00e9partir rapidement les responsabilit\u00e9s entre vos \u00e9quipes. La console de gestion peut \u00eatre configur\u00e9e de sorte que chaque administrateur n&rsquo;acc\u00e8de qu&rsquo;aux donn\u00e9es et aux outils dont il a sp\u00e9cifiquement besoin, et rien de plus. <\/span><\/div>\n<\/div>\n<\/div>\n<div class=\"LayerOfProtection-module--item--2Y7x- LayerOfProtection-module--itemLast--_8ScH\">\n<div class=\"LayerOfProtection-module--image--39zUP\"><img decoding=\"async\" src=\"https:\/\/www.kaspersky.com\/content\/en-global\/images\/icons\/KESB-icon12.png\" alt=\"Gagnez du temps dans l'administration.\" \/><\/div>\n<div>\n<div class=\"LayerOfProtection-module--title--1bg15\">\n<p><span style=\"font-weight: 400;\">\u00c9conomie de temps &#8211; La console SaaS de qualit\u00e9 entreprise permet \u00e0 votre \u00e9quipe de rester concentr\u00e9e sur ses t\u00e2ches. Les t\u00e2ches de maintenance ne distrairont plus votre \u00e9quipe, elle pourra donc passer \u00e0 des t\u00e2ches plus importantes. <\/span><\/p>\n<p><b>Livraison num\u00e9rique<\/b><\/p>\n<p><span style=\"font-weight: 400;\">Nos produits sont livr\u00e9s sous forme num\u00e9rique uniquement. Cela signifie qu&rsquo;aucun disque ou support d&rsquo;installation ne vous sera envoy\u00e9 par la poste.<\/span><\/p>\n<\/div>\n<\/div>\n<\/div>\n<\/div>\n<\/section>\n<\/div>\n","protected":false},"excerpt":{"rendered":"<ul>\n<li>Pour r\u00e9duire les points d&rsquo;entr\u00e9e des attaques, ce logiciel d\u00e9tectera et corrigera toute vuln\u00e9rabilit\u00e9.<\/li>\n<li>Pour gagner du temps, les t\u00e2ches de d\u00e9ploiement du syst\u00e8me d&rsquo;exploitation et des logiciels sont automatis\u00e9es.<\/li>\n<li>La gestion centralis\u00e9e de la s\u00e9curit\u00e9 avec une console web ou cloud est rationalis\u00e9e.<\/li>\n<li>Pour pr\u00e9venir les fuites de donn\u00e9es sur un appareil perdu, ce logiciel chiffre les donn\u00e9es.<\/li>\n<\/ul>\n","protected":false},"featured_media":15789,"comment_status":"closed","ping_status":"closed","template":"","meta":{"_acf_changed":false},"product_brand":[],"product_cat":[79,72],"product_tag":[],"class_list":{"0":"post-15558","1":"product","2":"type-product","3":"status-publish","4":"has-post-thumbnail","6":"product_cat-antivirus-fr","7":"product_cat-autres-fr","9":"first","10":"instock","11":"sale","12":"virtual","13":"purchasable","14":"product-type-simple"},"acf":[],"_links":{"self":[{"href":"https:\/\/msofficestore.com\/fr\/wp-json\/wp\/v2\/product\/15558","targetHints":{"allow":["GET"]}}],"collection":[{"href":"https:\/\/msofficestore.com\/fr\/wp-json\/wp\/v2\/product"}],"about":[{"href":"https:\/\/msofficestore.com\/fr\/wp-json\/wp\/v2\/types\/product"}],"replies":[{"embeddable":true,"href":"https:\/\/msofficestore.com\/fr\/wp-json\/wp\/v2\/comments?post=15558"}],"wp:featuredmedia":[{"embeddable":true,"href":"https:\/\/msofficestore.com\/fr\/wp-json\/wp\/v2\/media\/15789"}],"wp:attachment":[{"href":"https:\/\/msofficestore.com\/fr\/wp-json\/wp\/v2\/media?parent=15558"}],"wp:term":[{"taxonomy":"product_brand","embeddable":true,"href":"https:\/\/msofficestore.com\/fr\/wp-json\/wp\/v2\/product_brand?post=15558"},{"taxonomy":"product_cat","embeddable":true,"href":"https:\/\/msofficestore.com\/fr\/wp-json\/wp\/v2\/product_cat?post=15558"},{"taxonomy":"product_tag","embeddable":true,"href":"https:\/\/msofficestore.com\/fr\/wp-json\/wp\/v2\/product_tag?post=15558"}],"curies":[{"name":"wp","href":"https:\/\/api.w.org\/{rel}","templated":true}]}}