{"id":15560,"date":"2021-04-04T12:09:14","date_gmt":"2021-04-04T11:09:14","guid":{"rendered":"https:\/\/msofficestore.com\/product\/kaspersky-endpoint-security-cloud-2021\/"},"modified":"2023-11-28T19:44:32","modified_gmt":"2023-11-28T19:44:32","slug":"kaspersky-endpoint-security-cloud-2021","status":"publish","type":"product","link":"https:\/\/msofficestore.com\/fr\/produit\/kaspersky-endpoint-security-cloud-2021\/","title":{"rendered":"Kaspersky Endpoint Security Cloud 2021"},"content":{"rendered":"<div class=\"HeaderFeatures-module--articleContainer--1NFVh\" data-direction=\"Image right\">\n<div class=\"HeaderFeatures-module--textes--2RujX\">\n<p><b>Kaspersky Endpoint Security Cloud est une solution de s\u00e9curit\u00e9 polyvalente qui r\u00e9pond \u00e0 tous vos besoins.<\/b><\/p>\n<ul>\n<li style=\"font-weight: 400;\" aria-level=\"1\"><span style=\"font-weight: 400;\">Ce logiciel offre tout ce dont vous avez besoin pour prot\u00e9ger vos ordinateurs de bureau et serveurs de fichiers Windows, vos appareils Mac OS, vos mobiles iOS et Android. Il prot\u00e8ge \u00e9galement Microsoft Office 365*.<\/span><\/li>\n<li style=\"font-weight: 400;\" aria-level=\"1\"><span style=\"font-weight: 400;\">Inscrivez-vous et cr\u00e9ez un compte rapidement.<\/span><\/li>\n<li style=\"font-weight: 400;\" aria-level=\"1\"><span style=\"font-weight: 400;\">Chaque appareil nouvellement connect\u00e9 est imm\u00e9diatement prot\u00e9g\u00e9 gr\u00e2ce \u00e0 l&rsquo;application automatique de politiques pr\u00e9d\u00e9finies.<\/span><\/li>\n<\/ul>\n<p><span style=\"font-weight: 400;\">* La s\u00e9curit\u00e9 Microsoft Office 365 est incluse dans le niveau Kaspersky Security Cloud Plus.<\/span><\/p>\n<\/div>\n<figure class=\"HeaderFeatures-module--imageContainer--2eipA\"><img decoding=\"async\" src=\"https:\/\/www.kaspersky.com\/content\/en-global\/images\/smb\/features\/cloud-icon-1.svg\" alt=\"&lt;encoded_tag_open \/&gt;strong xmlns=\" \/><\/figure>\n<\/div>\n<div class=\"HeaderFeatures-module--articleContainer--1NFVh\" data-direction=\"Image left\">\n<div class=\"HeaderFeatures-module--textes--2RujX\">\n<p>&nbsp;<\/p>\n<p><b>Soyez prot\u00e9g\u00e9 partout<\/b><\/p>\n<ul>\n<li style=\"font-weight: 400;\" aria-level=\"1\"><span style=\"font-weight: 400;\">En utilisant une console bas\u00e9e sur le cloud, vous pouvez \u00eatre prot\u00e9g\u00e9 n&rsquo;importe o\u00f9<\/span><\/li>\n<li style=\"font-weight: 400;\" aria-level=\"1\"><span style=\"font-weight: 400;\">Vous pouvez s\u00e9curiser des bureaux g\u00e9ographiquement s\u00e9par\u00e9s et des travailleurs sur le terrain ou \u00e0 domicile. Qu&rsquo;ils soient \u00e0 leur bureau ou en d\u00e9placement, quel que soit le type d&rsquo;appareil.<\/span><\/li>\n<li style=\"font-weight: 400;\" aria-level=\"1\"><span style=\"font-weight: 400;\">Assurez la s\u00e9curit\u00e9 de vos donn\u00e9es d&rsquo;entreprise m\u00eame si votre appareil est perdu ou vol\u00e9 gr\u00e2ce au cryptage \u00e0 distance.<\/span><\/li>\n<\/ul>\n<\/div>\n<figure class=\"HeaderFeatures-module--imageContainer--2eipA\"><img decoding=\"async\" src=\"https:\/\/www.kaspersky.com\/content\/en-global\/images\/smb\/features\/cloud-icon-2.svg\" alt=\"&lt;encoded_tag_open \/&gt;strong xmlns=\" \/><\/figure>\n<\/div>\n<div class=\"HeaderFeatures-module--articleContainer--1NFVh\" data-direction=\"Image right\">\n<div class=\"HeaderFeatures-module--textes--2RujX\">\n<div class=\"FormattedHTMLContent-module--host--2o1Qf ExternalList-module--list--3hXW_\">\n<p><b>Prenez le contr\u00f4le du cloud<\/b><\/p>\n<ul>\n<li style=\"font-weight: 400;\" aria-level=\"1\"><span style=\"font-weight: 400;\">La d\u00e9couverte du Shadow IT d\u00e9tectera le partage incontr\u00f4l\u00e9 des donn\u00e9es d&rsquo;entreprise dans le cloud. Il vous alertera \u00e9galement si les utilisateurs perdent du temps sur les r\u00e9seaux sociaux et autres programmes hors t\u00e2che.<\/span><\/li>\n<li style=\"font-weight: 400;\" aria-level=\"1\"><span style=\"font-weight: 400;\">Vous pouvez limiter l&rsquo;acc\u00e8s aux ressources cloud inutiles ou non autoris\u00e9es. Cela prot\u00e8ge vos donn\u00e9es tout en gardant votre \u00e9quipe concentr\u00e9e.<\/span><\/li>\n<li style=\"font-weight: 400;\" aria-level=\"1\"><span style=\"font-weight: 400;\">Profitez d&rsquo;un travail d&rsquo;\u00e9quipe et d&rsquo;une communication plus s\u00fbrs dans Microsoft Office 365.<\/span><\/li>\n<\/ul>\n<p><img decoding=\"async\" src=\"https:\/\/www.kaspersky.com\/content\/en-global\/images\/smb\/features\/cloud-icon-3.svg\" alt=\"&lt;encoded_tag_open \/&gt;strong xmlns=\" \/><\/p>\n<p><b>Livraison num\u00e9rique<\/b><\/p>\n<p><span style=\"font-weight: 400;\">Nos produits sont livr\u00e9s sous forme num\u00e9rique uniquement. Cela signifie qu&rsquo;aucun disque ou support d&rsquo;installation ne vous sera envoy\u00e9 par la poste.<\/span><\/p>\n<\/div>\n<\/div>\n<\/div>\n","protected":false},"excerpt":{"rendered":"<p>Kaspersky Endpoint Security Cloud for 2021 rend visible tout ce qui est invisible. Il propose des PME gratuites de d\u00e9tection et de r\u00e9ponse des points de terminaison. Il s\u2019agit du package de s\u00e9curit\u00e9 qui va au-del\u00e0 des attentes en offrant un haut niveau de protection.<\/p>\n<ul>\n<li>Inclut la pr\u00e9vention des menaces pour le Web, les fichiers et la messagerie<\/li>\n<li>Protection contre les ransomwares et les exploits<\/li>\n<li>Comprend un bloqueur d&rsquo;attaques r\u00e9seau<\/li>\n<li>Poss\u00e8de une analyse de vuln\u00e9rabilit\u00e9<\/li>\n<li>Comprend une protection mobile<\/li>\n<\/ul>\n","protected":false},"featured_media":15791,"comment_status":"closed","ping_status":"closed","template":"","meta":{"_acf_changed":false},"product_brand":[],"product_cat":[79,72],"product_tag":[],"class_list":{"0":"post-15560","1":"product","2":"type-product","3":"status-publish","4":"has-post-thumbnail","6":"product_cat-antivirus-fr","7":"product_cat-autres-fr","9":"first","10":"instock","11":"sale","12":"virtual","13":"purchasable","14":"product-type-simple"},"acf":[],"_links":{"self":[{"href":"https:\/\/msofficestore.com\/fr\/wp-json\/wp\/v2\/product\/15560","targetHints":{"allow":["GET"]}}],"collection":[{"href":"https:\/\/msofficestore.com\/fr\/wp-json\/wp\/v2\/product"}],"about":[{"href":"https:\/\/msofficestore.com\/fr\/wp-json\/wp\/v2\/types\/product"}],"replies":[{"embeddable":true,"href":"https:\/\/msofficestore.com\/fr\/wp-json\/wp\/v2\/comments?post=15560"}],"wp:featuredmedia":[{"embeddable":true,"href":"https:\/\/msofficestore.com\/fr\/wp-json\/wp\/v2\/media\/15791"}],"wp:attachment":[{"href":"https:\/\/msofficestore.com\/fr\/wp-json\/wp\/v2\/media?parent=15560"}],"wp:term":[{"taxonomy":"product_brand","embeddable":true,"href":"https:\/\/msofficestore.com\/fr\/wp-json\/wp\/v2\/product_brand?post=15560"},{"taxonomy":"product_cat","embeddable":true,"href":"https:\/\/msofficestore.com\/fr\/wp-json\/wp\/v2\/product_cat?post=15560"},{"taxonomy":"product_tag","embeddable":true,"href":"https:\/\/msofficestore.com\/fr\/wp-json\/wp\/v2\/product_tag?post=15560"}],"curies":[{"name":"wp","href":"https:\/\/api.w.org\/{rel}","templated":true}]}}