{"id":15561,"date":"2021-04-03T15:26:14","date_gmt":"2021-04-03T14:26:14","guid":{"rendered":"https:\/\/msofficestore.com\/product\/utilitaire-de-nettoyage-pc-licence-12-mois\/"},"modified":"2021-04-03T15:26:14","modified_gmt":"2021-04-03T14:26:14","slug":"utilitaire-de-nettoyage-pc-licence-12-mois","status":"publish","type":"product","link":"https:\/\/msofficestore.com\/fr\/produit\/utilitaire-de-nettoyage-pc-licence-12-mois\/","title":{"rendered":"Utilitaire de nettoyage PC &#8211; Licence 12 mois"},"content":{"rendered":"<p>Supprimez l&rsquo;encombrement inutile de votre PC !<\/p>\n<p>PC Cleaning Utility supprimera les fichiers de votre PC qui l&rsquo;obstruent et le ralentissent. Il s&rsquo;agit d&rsquo;un nettoyeur de syst\u00e8me qui permet de nettoyer les ordinateurs de mani\u00e8re simple et s\u00fbre. Les ordinateurs se remplissent progressivement de fichiers au fil du temps. Ceux-ci occupent un espace pr\u00e9cieux sur votre disque dur. PC Cleaning Utility nettoiera tous les fichiers susceptibles de limiter les performances optimales de votre ordinateur. La suppression des fichiers probl\u00e9matiques peut \u00e9galement emp\u00eacher votre ordinateur de geler et de planter. \u00c0 l&rsquo;aide de ce logiciel, vous pouvez choisir les zones de l&rsquo;ordinateur que vous souhaitez analyser et nettoyer. PC Cleaning Utility peut nettoyer tous les \u00e9l\u00e9ments suivants et bien plus encore :<\/p>\n<p>PC Cleaning Utility est rapide et simple \u00e0 installer. La technologie a \u00e9volu\u00e9 afin que les utilisateurs n\u2019aient plus \u00e0 se soucier d\u2019installations longues et compliqu\u00e9es. D\u00e9sormais, le processus est fluide et sans probl\u00e8me. En installant PC Cleaning Utility maintenant, vous pouvez gagner du temps car vous n&rsquo;aurez pas \u00e0 g\u00e9rer des probl\u00e8mes compliqu\u00e9s dans le syst\u00e8me.<\/p>\n<p><strong>Nettoie les probl\u00e8mes de registre<\/strong><br \/>\nCe logiciel utilise la technologie avanc\u00e9e de d\u00e9tection de registre. Il recherchera et supprimera ou r\u00e9parera les probl\u00e8mes probl\u00e9matiques des fichiers de registre. PC Cleaning Utility traitera et corrigera \u00e9galement les mauvaises configurations syst\u00e8me.<\/p>\n<p><strong>Arr\u00eatez les plantages et le gel al\u00e9atoires<\/strong><br \/>\nPC Cleaning Utility r\u00e9parera toutes les entr\u00e9es de registre corrompues, les fichiers syst\u00e8me corrompus, les probl\u00e8mes cach\u00e9s dans le syst\u00e8me d&rsquo;exploitation, les DLL manquantes et autres probl\u00e8mes similaires. Cela emp\u00eachera votre ordinateur de planter de mani\u00e8re al\u00e9atoire et de ne plus r\u00e9pondre.<\/p>\n<p><strong>D\u00e9fragmenteurs<\/strong><br \/>\nAu fil du temps, le registre d\u2019un ordinateur se fragmente naturellement en raison du t\u00e9l\u00e9chargement et de la suppression de nombreux fichiers. Cela fait partie de la fa\u00e7on dont les fichiers sont enregistr\u00e9s. La suppression r\u00e9p\u00e9t\u00e9e de fichiers sur un disque dur peut entra\u00eener un ralentissement progressif d&rsquo;un ordinateur.<\/p>\n<p><strong>Gestionnaire de d\u00e9marrage simple<\/strong><br \/>\nLe gestionnaire de d\u00e9marrage de PC Cleaning Utility peut \u00eatre utilis\u00e9 pour s\u00e9lectionner les fichiers que vous souhaitez ouvrir pendant le processus de d\u00e9marrage. C&rsquo;est un processus simple et vous pouvez facilement choisir quels programmes doivent \u00eatre ouverts lors du d\u00e9marrage.<\/p>\n<p><strong>Choisissez les zones \u00e0 analyser<\/strong><br \/>\nPC Cleaning Utility vous permet de choisir les parties de l&rsquo;ordinateur que vous souhaitez nettoyer et analyser. Vous pouvez choisir parmi les p\u00e9riph\u00e9riques virtuels, les logiciels syst\u00e8me, les fichiers temporaires, les fichiers ind\u00e9sirables, les biblioth\u00e8ques, les cha\u00eenes d&rsquo;installation, l&rsquo;historique, le menu D\u00e9marrer, etc.<\/p>\n<p><strong>Planifier des analyses<\/strong><br \/>\nLe logiciel dispose d&rsquo;une option qui vous permet de s\u00e9lectionner le jour o\u00f9 vous pr\u00e9f\u00e9rez analyser et nettoyer automatiquement vos fichiers. Une analyse peut \u00eatre programm\u00e9e aussi souvent que vous le souhaitez, par exemple une fois par jour, une par semaine et vous pouvez m\u00eame choisir l&rsquo;heure de la journ\u00e9e.<\/p>\n<p>PC Cleaning Utility est compatible avec les versions suivantes de Windows :<\/p>\n<ul>\n<li>Windows 7<\/li>\n<li>S\u00e9rie Windows 8<\/li>\n<li>Windows 10<\/li>\n<li>Windows XP<\/li>\n<li>Windows Vista<\/li>\n<\/ul>\n<p>La configuration syst\u00e8me requise est :<\/p>\n<ul>\n<li>Windows 7, 8, 10<\/li>\n<li>Processeur 2,4 GHz<\/li>\n<li>100 Mo d&rsquo;espace disque dur<\/li>\n<\/ul>\n<p><strong>Livraison num\u00e9rique<\/strong><\/p>\n<p>Nos produits sont livr\u00e9s sous forme num\u00e9rique uniquement. Cela signifie qu&rsquo;aucun disque ou support d&rsquo;installation ne vous sera envoy\u00e9 par la poste.<\/p>\n","protected":false},"excerpt":{"rendered":"<ul>\n<li>L&rsquo;utilitaire de nettoyage du PC emp\u00eache les plantages et les blocages<\/li>\n<li>Les utilisateurs peuvent programmer des analyses automatiques<\/li>\n<li>Les probl\u00e8mes de registre peuvent \u00eatre nettoy\u00e9s<\/li>\n<li>Gestionnaire de d\u00e9marrage inclus<\/li>\n<li>Comprend des d\u00e9fragmenteurs<\/li>\n<li>Installation facile<\/li>\n<\/ul>\n","protected":false},"featured_media":10776,"comment_status":"closed","ping_status":"closed","template":"","meta":{"_acf_changed":false},"product_brand":[],"product_cat":[79,72],"product_tag":[],"class_list":{"0":"post-15561","1":"product","2":"type-product","3":"status-publish","4":"has-post-thumbnail","6":"product_cat-antivirus-fr","7":"product_cat-autres-fr","9":"first","10":"instock","11":"sale","12":"purchasable","13":"product-type-simple"},"acf":[],"_links":{"self":[{"href":"https:\/\/msofficestore.com\/fr\/wp-json\/wp\/v2\/product\/15561","targetHints":{"allow":["GET"]}}],"collection":[{"href":"https:\/\/msofficestore.com\/fr\/wp-json\/wp\/v2\/product"}],"about":[{"href":"https:\/\/msofficestore.com\/fr\/wp-json\/wp\/v2\/types\/product"}],"replies":[{"embeddable":true,"href":"https:\/\/msofficestore.com\/fr\/wp-json\/wp\/v2\/comments?post=15561"}],"wp:featuredmedia":[{"embeddable":true,"href":"https:\/\/msofficestore.com\/fr\/wp-json\/wp\/v2\/media\/10776"}],"wp:attachment":[{"href":"https:\/\/msofficestore.com\/fr\/wp-json\/wp\/v2\/media?parent=15561"}],"wp:term":[{"taxonomy":"product_brand","embeddable":true,"href":"https:\/\/msofficestore.com\/fr\/wp-json\/wp\/v2\/product_brand?post=15561"},{"taxonomy":"product_cat","embeddable":true,"href":"https:\/\/msofficestore.com\/fr\/wp-json\/wp\/v2\/product_cat?post=15561"},{"taxonomy":"product_tag","embeddable":true,"href":"https:\/\/msofficestore.com\/fr\/wp-json\/wp\/v2\/product_tag?post=15561"}],"curies":[{"name":"wp","href":"https:\/\/api.w.org\/{rel}","templated":true}]}}