{"id":15562,"date":"2021-04-03T10:18:11","date_gmt":"2021-04-03T09:18:11","guid":{"rendered":"https:\/\/msofficestore.com\/product\/shield-antivirus-licence-12-mois\/"},"modified":"2023-11-28T19:44:47","modified_gmt":"2023-11-28T19:44:47","slug":"shield-antivirus-licence-12-mois","status":"publish","type":"product","link":"https:\/\/msofficestore.com\/fr\/produit\/shield-antivirus-licence-12-mois\/","title":{"rendered":"Shield Antivirus &#8211; Licence 12 mois"},"content":{"rendered":"<p><strong>Shield Antivirus, un package unique qui prot\u00e8ge votre ordinateur !<\/strong><\/p>\n<p>Shield Antivirus prot\u00e8ge votre ordinateur contre tous les virus, logiciels espions et chevaux de Troie les plus r\u00e9cents. Il offre une protection constante qui surveille, bloque et alerte lorsqu&rsquo;une menace est d\u00e9tect\u00e9e sur votre ordinateur. Le logiciel a une installation simple, il est donc facile \u00e0 installer et quelques minutes apr\u00e8s le t\u00e9l\u00e9chargement, votre ordinateur sera totalement prot\u00e9g\u00e9. Shield Antivirus prot\u00e8ge \u00e9galement vos donn\u00e9es de messagerie. Il bloquera et mettra automatiquement en quarantaine toutes les menaces contenues dans les nouveaux e-mails. Gr\u00e2ce \u00e0 ses algorithmes et son moteur de d\u00e9tection avanc\u00e9s, ce logiciel peut prot\u00e9ger votre ordinateur contre les menaces en ligne avec une charge CPU r\u00e9duite. Le logiciel analysera automatiquement votre ordinateur \u00e0 la recherche de menaces ou vous pourrez configurer un calendrier d&rsquo;analyse. Shield Antivirus comprend un nettoyeur d&rsquo;historique, un effaceur de fichiers s\u00e9curis\u00e9 et un gestionnaire de d\u00e9marrage qui prot\u00e8ge l&rsquo;ordinateur sans limiter ses performances. L&rsquo;analyse quotidienne de votre ordinateur avec Shield Antivirus peut garder votre ordinateur exempt de virus.<\/p>\n<p><strong>S\u00e9curit\u00e9 et protection tout en un<\/strong><br \/>\nShield Antivirus d\u00e9tecte et supprime les menaces de s\u00e9curit\u00e9 en ligne telles que les virus, les rootkits, les logiciels espions, les robots, les chevaux de Troie et tous les autres types de menaces. Shield Antivirus offre une protection tout-en-un qui prot\u00e8ge votre ordinateur contre les menaces et prot\u00e8ge votre vie priv\u00e9e.<\/p>\n<p><strong>Shield Antivirus est facile \u00e0 installer<\/strong><br \/>\nLe programme d\u2019installation l\u00e9ger du logiciel garantit une installation rapide et sans probl\u00e8me. Il a \u00e9t\u00e9 pr\u00e9configur\u00e9 pour fonctionner avec les param\u00e8tres et pr\u00e9f\u00e9rences de l\u2019utilisateur.<\/p>\n<p><strong>Le logiciel Shield offre une analyse approfondie des menaces<\/strong><br \/>\nShield Antivirus d\u00e9tecte et bloque les menaces que les autres logiciels du march\u00e9 ne peuvent pas d\u00e9tecter. En effet, il poss\u00e8de l\u2019une des bases de donn\u00e9es sur les menaces les plus compl\u00e8tes disponibles. Les bases de donn\u00e9es et les d\u00e9finitions de virus sont mises \u00e0 jour chaque jour afin que votre ordinateur reste enti\u00e8rement prot\u00e9g\u00e9 et pr\u00eat \u00e0 affronter les nouvelles menaces.<\/p>\n<p><strong>Shield Antivirus utilise une surveillance et une protection en temps r\u00e9el<\/strong><br \/>\nLe logiciel utilise un certain nombre de m\u00e9thodes et d&rsquo;algorithmes de d\u00e9tection avanc\u00e9s pour surveiller et prot\u00e9ger en permanence les ordinateurs contre les menaces de s\u00e9curit\u00e9 en ligne et locales. La protection est en temps r\u00e9el et peut bloquer tous les types de piratage et de virus.<\/p>\n<p><strong>Protection des e-mails<\/strong><br \/>\nShield Antivirus prot\u00e8ge votre ordinateur contre les virus pr\u00e9sents dans les e-mails que vous recevez via des programmes de messagerie tels que Windows Mail, Outlook, Outlook Express et d&rsquo;autres programmes utilisant SMTP et POP3. Cette fonctionnalit\u00e9 est essentielle pour maintenir un ordinateur exempt de virus.<\/p>\n<p><strong>Moteur avanc\u00e9 anti-malware\/adware<\/strong><br \/>\nCe logiciel rassemble une technologie avanc\u00e9e anti-spyware et antivirus qui offre aux ordinateurs une confidentialit\u00e9 et une s\u00e9curit\u00e9 totales. Les utilisateurs seront inform\u00e9s de la mani\u00e8re de maintenir le niveau de protection et seront alert\u00e9s de toutes les menaces entrantes.<\/p>\n<p><strong>Algorithmes anti-rootkit hautes performances<\/strong><br \/>\nShield Antivirus d\u00e9tecte et bloque les logiciels malveillants g\u00e9n\u00e9ralement difficiles \u00e0 supprimer. Ce type de malware acc\u00e8de et \u00e9chappe aux m\u00e9thodes de d\u00e9tection habituelles, mais ce logiciel est toujours sur ses gardes et vous alertera de toute menace et de toute information personnelle vol\u00e9e.<\/p>\n<p><strong>Prot\u00e8ge et analyse tous les p\u00e9riph\u00e9riques amovibles<\/strong><br \/>\nLe logiciel de s\u00e9curit\u00e9 recherchera les menaces sur tous les lecteurs USB, lecteurs flash, disques durs et autres lecteurs ou fichiers amovibles. L&rsquo;analyse s&rsquo;effectue automatiquement d\u00e8s que l&rsquo;appareil est ins\u00e9r\u00e9 dans votre PC.<\/p>\n<p><strong>Shield Antivirus propose un nettoyeur d&rsquo;historique<\/strong><br \/>\nCe logiciel peut supprimer l&rsquo;historique de navigation et les journaux de recherche. Cela supprimera \u00e9galement tout historique stock\u00e9 par les applications les plus populaires. Une fonctionnalit\u00e9 comme celle-ci est vitale pour s\u00e9curiser votre confidentialit\u00e9 en ligne, car de nombreuses applications et services tenteront d&rsquo;acc\u00e9der \u00e0 ces informations.<\/p>\n<p><strong>Cela supprimera \u00e9galement tout historique stock\u00e9 par les applications les plus populaires.<\/strong><br \/>\nLa fonctionnalit\u00e9 PC Explorer affiche les param\u00e8tres des utilisateurs sur un ordinateur qui sont normalement masqu\u00e9s. Cela signifie que vous pouvez inclure diff\u00e9rents programmes dans la liste Toujours autoris\u00e9s.<\/p>\n<p><strong>Effaceur de fichiers s\u00e9curis\u00e9<\/strong><br \/>\nCe logiciel antivirus dispose d&rsquo;une fonction d&rsquo;effacement s\u00e9curis\u00e9 appel\u00e9e \u00ab Effacer les fichiers avec Shield AV \u00bb. Cela supprimera toutes les traces des fichiers supprim\u00e9s afin qu&rsquo;ils disparaissent compl\u00e8tement du syst\u00e8me sans laisser de r\u00e9sidus inutiles.<\/p>\n<p><strong>Analyses programm\u00e9es automatiques<\/strong><br \/>\nShield Antivirus dispose d&rsquo;un planificateur d&rsquo;analyse param\u00e9trable et oubli\u00e9 pour que votre ordinateur soit automatiquement analys\u00e9 et prot\u00e9g\u00e9 \u00e0 tout moment. Avec une protection et une analyse actives, votre ordinateur sera toujours s\u00e9curis\u00e9, 24 heures sur 24.<\/p>\n<p><strong>Rapports de menaces<\/strong><br \/>\nCe logiciel vous fera rapport avec toutes les menaces d\u00e9tect\u00e9es lors d&rsquo;une analyse. Vous pouvez soit supprimer les menaces signal\u00e9es, soit s\u00e9lectionner celles que vous souhaitez supprimer.<\/p>\n<p><strong>Analyses rapides, compl\u00e8tes et personnalis\u00e9es disponibles<\/strong><br \/>\nVous pouvez choisir entre plusieurs options d&rsquo;analyse, notamment une analyse approfondie qui analyse l&rsquo;ensemble de votre syst\u00e8me, une analyse rapide qui recherchera les probl\u00e8mes les plus courants et une analyse personnalis\u00e9e que vous pouvez utiliser si vous recherchez quelque chose de sp\u00e9cifique.<\/p>\n<p><strong>Mise en quarantaine des menaces<\/strong><br \/>\nLes menaces ne peuvent pas toujours \u00eatre identifi\u00e9es avec une certitude \u00e0 100 % et dans ces cas, le logiciel vous conseillera de mettre la menace en quarantaine. Shield Antivirus peut le faire automatiquement.<\/p>\n<p><strong>Les cookies ind\u00e9sirables peuvent \u00eatre supprim\u00e9s<\/strong><br \/>\nCe logiciel antivirus dispose d&rsquo;une analyse du navigateur qui r\u00e9pertorie tous les cookies suspects consid\u00e9r\u00e9s comme des menaces potentielles.<\/p>\n<p><strong>Mises \u00e0 jour automatiquement<\/strong><br \/>\nShield Antivirus mettra automatiquement \u00e0 jour gratuitement vos d\u00e9finitions de logiciels malveillants, de logiciels espions et de virus. Cela signifie qu\u2019une fois install\u00e9, vous n\u2019aurez plus \u00e0 vous soucier des nouvelles menaces.<\/p>\n<p>Shield Antivirus est compatible avec les versions suivantes de Windows :<\/p>\n<ul>\n<li>Windows 7<\/li>\n<li>S\u00e9rie Windows 8<\/li>\n<li>Windows 10<\/li>\n<li>Windows XP<\/li>\n<li>Windows Vista<\/li>\n<\/ul>\n<p>La configuration syst\u00e8me requise est :<\/p>\n<ul>\n<li>Windows 7, 8, 10<\/li>\n<li>Processeur 2,4 GHz<\/li>\n<li>100 Mo d&rsquo;espace disque dur<\/li>\n<li>4 GB RAM<\/li>\n<\/ul>\n<p><strong>Livraison num\u00e9rique<\/strong><\/p>\n<p>Nos produits sont livr\u00e9s sous forme num\u00e9rique uniquement. Cela signifie qu&rsquo;aucun disque ou support d&rsquo;installation ne vous sera envoy\u00e9 par la poste.<\/p>\n","protected":false},"excerpt":{"rendered":"<ul>\n<li>Moteur anti-adware et malware efficace !<\/li>\n<li>Protection et surveillance en temps r\u00e9el<\/li>\n<li>Algorithmes anti-rootkit hautes performances<\/li>\n<li>Effaceur de fichiers s\u00e9curis\u00e9<\/li>\n<li>Analyse les menaces profondes<\/li>\n<li>Protection contre les virus dans les e-mails<\/li>\n<li>Analyses programm\u00e9es et mises \u00e0 jour automatiques<\/li>\n<li>Mises \u00e0 jour automatiques<\/li>\n<li>Facile \u00e0 installer<\/li>\n<\/ul>\n","protected":false},"featured_media":15792,"comment_status":"closed","ping_status":"closed","template":"","meta":{"_acf_changed":false},"product_brand":[],"product_cat":[79,72],"product_tag":[],"class_list":{"0":"post-15562","1":"product","2":"type-product","3":"status-publish","4":"has-post-thumbnail","6":"product_cat-antivirus-fr","7":"product_cat-autres-fr","9":"first","10":"instock","11":"sale","12":"purchasable","13":"product-type-simple"},"acf":[],"_links":{"self":[{"href":"https:\/\/msofficestore.com\/fr\/wp-json\/wp\/v2\/product\/15562","targetHints":{"allow":["GET"]}}],"collection":[{"href":"https:\/\/msofficestore.com\/fr\/wp-json\/wp\/v2\/product"}],"about":[{"href":"https:\/\/msofficestore.com\/fr\/wp-json\/wp\/v2\/types\/product"}],"replies":[{"embeddable":true,"href":"https:\/\/msofficestore.com\/fr\/wp-json\/wp\/v2\/comments?post=15562"}],"wp:featuredmedia":[{"embeddable":true,"href":"https:\/\/msofficestore.com\/fr\/wp-json\/wp\/v2\/media\/15792"}],"wp:attachment":[{"href":"https:\/\/msofficestore.com\/fr\/wp-json\/wp\/v2\/media?parent=15562"}],"wp:term":[{"taxonomy":"product_brand","embeddable":true,"href":"https:\/\/msofficestore.com\/fr\/wp-json\/wp\/v2\/product_brand?post=15562"},{"taxonomy":"product_cat","embeddable":true,"href":"https:\/\/msofficestore.com\/fr\/wp-json\/wp\/v2\/product_cat?post=15562"},{"taxonomy":"product_tag","embeddable":true,"href":"https:\/\/msofficestore.com\/fr\/wp-json\/wp\/v2\/product_tag?post=15562"}],"curies":[{"name":"wp","href":"https:\/\/api.w.org\/{rel}","templated":true}]}}