{"id":15563,"date":"2021-03-26T15:31:38","date_gmt":"2021-03-26T15:31:38","guid":{"rendered":"https:\/\/msofficestore.com\/product\/visual-studio-professional-2019\/"},"modified":"2023-11-28T19:45:08","modified_gmt":"2023-11-28T19:45:08","slug":"visual-studio-professional-2019","status":"publish","type":"product","link":"https:\/\/msofficestore.com\/fr\/produit\/visual-studio-professional-2019\/","title":{"rendered":"Visual Studio Professional 2019"},"content":{"rendered":"<blockquote>\n<h6 style=\"text-align: center;\">Notre \u00e9quipe est toujours disponible en ligne via le <span style=\"color: #ff6600;\"><strong>chat en direct.<\/strong><\/span> Si vous avez des questions, nous pouvons y r\u00e9pondre en quelques secondes. Essayez-<span style=\"color: #ff6600;\">le<\/span>.<\/h6>\n<\/blockquote>\n<p>&nbsp;<\/p>\n<p>Visual Studio Professional 2019 permet aux utilisateurs d&rsquo;augmenter leur productivit\u00e9 avec des outils et services de d\u00e9veloppement professionnels afin de cr\u00e9er des applications pour n&rsquo;importe quelle plate-forme.<\/p>\n<p>D\u00e9veloppez depuis la conception initiale jusqu&rsquo;au d\u00e9ploiement final avec l&rsquo;ensemble d&rsquo;outils inclus suivant :<\/p>\n<ul>\n<li>Improved IntelliSense for C++ files<\/li>\n<li>D\u00e9veloppement local avec de nombreux \u00e9mulateurs courants.<\/li>\n<li>Acc\u00e8s simple aux tests dans l&rsquo;Explorateur de solutions.<\/li>\n<li>Une exp\u00e9rience Git de premier ordre. Cr\u00e9ez et clonez des d\u00e9p\u00f4ts, g\u00e9rez les branches et r\u00e9solvez les conflits de fusion.<\/li>\n<li>La prise en charge de Kubernetes est d\u00e9sormais incluse dans Microsoft Azure.<\/li>\n<\/ul>\n<p><strong>Avec Visual Studio Professional, vous pouvez faire plus<\/strong><\/p>\n<p><strong>Comprendre le code de votre \u00e9quipe<\/strong><\/p>\n<p>Visual Studio Professional 2019 est dot\u00e9 de fonctionnalit\u00e9s puissantes qui vous permettent de comprendre rapidement le code. CodeLens vous aide \u00e0 rester concentr\u00e9 sur les t\u00e2ches en vous montrant les r\u00e9f\u00e9rences de code et les modifications apport\u00e9es. Il affiche qui a modifi\u00e9 une m\u00e9thode pour la derni\u00e8re fois et indique si les tests r\u00e9ussissent. Tout cela est affich\u00e9 l\u00e0 o\u00f9 vous vous trouvez dans votre code.<\/p>\n<p><strong>Visual Studio Professional contribue \u00e0 offrir les meilleures exp\u00e9riences mobiles de sa cat\u00e9gorie<\/strong><\/p>\n<p><strong>Renforcer votre \u00e9quipe de d\u00e9veloppement mobile<\/strong><\/p>\n<p>\u00c9tendez votre exp\u00e9rience de d\u00e9veloppement mobile avec Visual Studio Professional 2019. Cr\u00e9ez des applications pour Android, iOS et Windows gr\u00e2ce \u00e0 des fonctionnalit\u00e9s de d\u00e9veloppement mobile professionnelles et sans restriction, de partage de code et de d\u00e9bogage.<\/p>\n<p><strong>Se connecter au nuage<\/strong><\/p>\n<p><strong>Obtenez davantage des outils de Visual Studio 2019 en :<\/strong><\/p>\n<ul>\n<li>Rester \u00e0 jour et inform\u00e9<\/li>\n<li>Cr\u00e9er du code plus efficacement gr\u00e2ce \u00e0 des fonctionnalit\u00e9s int\u00e9gr\u00e9es et t\u00e9l\u00e9chargeables<\/li>\n<li>Collaborer en toute transparence sans quitter le logiciel d&rsquo;\u00e9dition<\/li>\n<\/ul>\n<p><strong>Avec Visual Studio Professional 2019, vous pouvez cr\u00e9er davantage<\/strong><\/p>\n<p><strong>Cr\u00e9er une application pour n&rsquo;importe quelle plateforme<\/strong><\/p>\n<p>Les utilisateurs peuvent concevoir des applications pour plusieurs appareils, PC et Web, toutes aliment\u00e9es par le cloud. Ces applications peuvent \u00eatre cr\u00e9\u00e9es \u00e0 partir de vos applications et comp\u00e9tences existantes. Gr\u00e2ce \u00e0 la technologie multiplateforme, vous pouvez cr\u00e9er simultan\u00e9ment des applications pour Windows, iOS et Android.<\/p>\n<p><strong>Les utilisateurs peuvent collaborer davantage<\/strong><\/p>\n<p><strong>Tout en acc\u00e9l\u00e9rant la livraison des logiciels<\/strong><\/p>\n<p>Un abonnement \u00e0 Visual Studio Professional vous donne acc\u00e8s \u00e0 Azure DevOps et \u00e0 une vari\u00e9t\u00e9 d&rsquo;autres services pour planifier, cr\u00e9er et exp\u00e9dier des applications plus rapidement sur le cloud ou sur site. Vous pouvez \u00e9galement tirer davantage parti des outils de planification agile, de la plateforme d&rsquo;int\u00e9gration et de livraison continue, du r\u00e9f\u00e9rentiel d&rsquo;artefacts et de la gestion du contr\u00f4le des sources.<\/p>\n<p><strong>Profitez des avantages des abonn\u00e9s<\/strong><\/p>\n<p><strong>Ce logiciel comprend tout ce dont un d\u00e9veloppeur a besoin<\/strong><\/p>\n<p>Un abonnement standard vous offre tous les outils dont vous avez besoin pour \u00eatre \u00e0 jour sur tout ce qui concerne le code. Vous avez acc\u00e8s aux logiciels Microsoft de base pour les tests et le d\u00e9veloppement, \u00e0 des cr\u00e9dits individuels mensuels de d\u00e9veloppement\/test Azure, \u00e0 des cours de formation, \u00e0 des outils de collaboration, \u00e0 une assistance professionnelle et bien plus encore.<\/p>\n<p><strong>GitHub Enterprise<\/strong><\/p>\n<p><strong>Les d\u00e9veloppeurs et les entreprises font confiance \u00e0 Github.<\/strong><\/p>\n<p>Avec GitHub Enterprise, vous pouvez fournir de meilleurs logiciels encore plus rapidement. Cette plateforme combine la puissance de l&rsquo;automatisation du code vers le cloud, du code open source, de la s\u00e9curit\u00e9 automatis\u00e9e de bout en bout et bien plus encore. Vous pouvez mettre en \u0153uvre de nouvelles id\u00e9es et exp\u00e9dier en toute confiance \u00e0 partir de la meilleure plateforme de d\u00e9veloppement au monde.<\/p>\n<p><strong>Mat\u00e9riel<\/strong><\/p>\n<p>Processeur 1,8 GHz ou plus rapide. Des processeurs quadric\u0153urs ou sup\u00e9rieurs sont recommand\u00e9s<br \/>\n2 Go de RAM ;<br \/>\nEspace disque dur : n\u00e9cessite un minimum de 800 Mo jusqu&rsquo;\u00e0 210 Go d&rsquo;espace disponible, selon les fonctionnalit\u00e9s d\u00e9j\u00e0 install\u00e9es. G\u00e9n\u00e9ralement, les installations n\u00e9cessitent 20 \u00e0 50 Go d&rsquo;espace libre.<br \/>\nVitesse du disque dur : am\u00e9liorez les performances en installant sous Windows et Visual Studio sur un SSD (disque SSD).<br \/>\nN\u00e9cessite une carte vid\u00e9o prenant en charge une r\u00e9solution d&rsquo;affichage minimale de 720p (1280 x 720). Visual Studio Professional 2019 fonctionnera mieux avec une r\u00e9solution WXGA (1 366 x 768) ou sup\u00e9rieure.<\/p>\n<p><strong>Livraison num\u00e9rique<\/strong><\/p>\n<p>Nos produits sont livr\u00e9s sous forme num\u00e9rique uniquement. Cela signifie qu&rsquo;aucun disque ou support d&rsquo;installation ne vous sera envoy\u00e9 par la poste.<\/p>\n<p>&nbsp;<\/p>\n<p>&nbsp;<\/p>\n","protected":false},"excerpt":{"rendered":"<ul>\n<li><strong>Informations sur le produit<\/strong> : Visual Studio Professionnel 2019<\/li>\n<li><strong>Fabricant<\/strong> : Microsoft<\/li>\n<li><strong>Statut<\/strong> : Nouvelle licence pour 1 PC &#8211; Si vous souhaitez acheter plusieurs licences, contactez-nous sur le chat en direct<\/li>\n<li><strong>Livraison<\/strong> : le t\u00e9l\u00e9chargement est disponible imm\u00e9diatement apr\u00e8s l&rsquo;achat &#8211; Vous recevrez une licence et une cl\u00e9.<\/li>\n<li><strong>Dur\u00e9e de vie<\/strong> : Un paiement vous donne une licence \u00e0 vie<\/li>\n<li><strong>Langue<\/strong> : toutes les langues sont disponibles<\/li>\n<li><strong>Installation<\/strong> : assistance en direct pendant l&rsquo;installation et assistance illimit\u00e9e du service d&rsquo;assistance<\/li>\n<li><strong>Garantie<\/strong> : Chaque achat est couvert par notre garantie de satisfaction \u00e0 100 % sur le produit. Si l&rsquo;\u00e9quipe du MS Office Store ne peut pas activer votre achat, vous serez rembours\u00e9.<\/li>\n<\/ul>\n<p>&nbsp;<\/p>\n","protected":false},"featured_media":15793,"comment_status":"open","ping_status":"closed","template":"","meta":{"_acf_changed":false},"product_brand":[],"product_cat":[72],"product_tag":[],"class_list":{"0":"post-15563","1":"product","2":"type-product","3":"status-publish","4":"has-post-thumbnail","6":"product_cat-autres-fr","8":"first","9":"instock","10":"sale","11":"taxable","12":"shipping-taxable","13":"purchasable","14":"product-type-simple"},"acf":[],"_links":{"self":[{"href":"https:\/\/msofficestore.com\/fr\/wp-json\/wp\/v2\/product\/15563","targetHints":{"allow":["GET"]}}],"collection":[{"href":"https:\/\/msofficestore.com\/fr\/wp-json\/wp\/v2\/product"}],"about":[{"href":"https:\/\/msofficestore.com\/fr\/wp-json\/wp\/v2\/types\/product"}],"replies":[{"embeddable":true,"href":"https:\/\/msofficestore.com\/fr\/wp-json\/wp\/v2\/comments?post=15563"}],"wp:featuredmedia":[{"embeddable":true,"href":"https:\/\/msofficestore.com\/fr\/wp-json\/wp\/v2\/media\/15793"}],"wp:attachment":[{"href":"https:\/\/msofficestore.com\/fr\/wp-json\/wp\/v2\/media?parent=15563"}],"wp:term":[{"taxonomy":"product_brand","embeddable":true,"href":"https:\/\/msofficestore.com\/fr\/wp-json\/wp\/v2\/product_brand?post=15563"},{"taxonomy":"product_cat","embeddable":true,"href":"https:\/\/msofficestore.com\/fr\/wp-json\/wp\/v2\/product_cat?post=15563"},{"taxonomy":"product_tag","embeddable":true,"href":"https:\/\/msofficestore.com\/fr\/wp-json\/wp\/v2\/product_tag?post=15563"}],"curies":[{"name":"wp","href":"https:\/\/api.w.org\/{rel}","templated":true}]}}