{"id":15568,"date":"2021-03-21T23:45:20","date_gmt":"2021-03-21T23:45:20","guid":{"rendered":"https:\/\/msofficestore.com\/product\/windows-10-enterprise\/"},"modified":"2023-11-28T19:46:46","modified_gmt":"2023-11-28T19:46:46","slug":"windows-10-enterprise","status":"publish","type":"product","link":"https:\/\/msofficestore.com\/fr\/produit\/windows-10-enterprise\/","title":{"rendered":"Windows 10 Enterprise"},"content":{"rendered":"<p><strong>Windows 10 Entreprise<\/strong> s&rsquo;adresse aux entreprises. Il est con\u00e7u pour r\u00e9pondre aux besoins de toute entreprise de grande ou moyenne taille en offrant aux professionnels :<\/p>\n<ul>\n<li style=\"font-weight: 400;\"><span style=\"font-weight: 400;\">Un niveau de protection accru contre les menaces de s\u00e9curit\u00e9.<\/span><\/li>\n<li style=\"font-weight: 400;\"><span style=\"font-weight: 400;\">Flexibilit\u00e9 avec les mises \u00e0 jour et le support.<\/span><\/li>\n<li style=\"font-weight: 400;\"><span style=\"font-weight: 400;\">Contr\u00f4le et gestion complets des applications et des appareils.<\/span><\/li>\n<\/ul>\n<p><b>Outils inclus pour une s\u00e9curit\u00e9 intelligente<\/b><\/p>\n<ul>\n<li style=\"font-weight: 400;\"><span style=\"font-weight: 400;\">Windows Bonjour<\/span><\/li>\n<li style=\"font-weight: 400;\"><span style=\"font-weight: 400;\">ReFS (syst\u00e8mes de fichiers r\u00e9silients)<\/span><\/li>\n<li style=\"font-weight: 400;\"><span style=\"font-weight: 400;\">Protection des informations Windows<\/span><\/li>\n<li style=\"font-weight: 400;\"><span style=\"font-weight: 400;\">Garde syst\u00e8me Windows Defender<\/span><\/li>\n<li style=\"font-weight: 400;\"><span style=\"font-weight: 400;\">Protection des informations d&rsquo;identification Windows Defender<\/span><\/li>\n<li style=\"font-weight: 400;\"><span style=\"font-weight: 400;\">Protection des applications Windows Defender<\/span><\/li>\n<li style=\"font-weight: 400;\"><span style=\"font-weight: 400;\">Contr\u00f4le des applications Windows Defender<\/span><\/li>\n<li style=\"font-weight: 400;\"><span style=\"font-weight: 400;\">BitLocker et BitLocker \u00e0 emporter<\/span><\/li>\n<li style=\"font-weight: 400;\"><span style=\"font-weight: 400;\">Protection contre les exploits de Windows Defender<\/span><\/li>\n<li style=\"font-weight: 400;\"><span style=\"font-weight: 400;\">Antivirus Windows Defender<\/span><\/li>\n<li style=\"font-weight: 400;\"><span style=\"font-weight: 400;\">Protection avanc\u00e9e contre les menaces Microsoft Defender (ATP)<\/span><\/li>\n<\/ul>\n<p><b>Les mises \u00e0 jour sont simplifi\u00e9es avec<\/b><\/p>\n<ul>\n<li style=\"font-weight: 400;\"><span style=\"font-weight: 400;\">WSUS (Service de mise \u00e0 jour du serveur Windows)<\/span><\/li>\n<li style=\"font-weight: 400;\"><span style=\"font-weight: 400;\">Analyse de bureau<\/span><\/li>\n<li style=\"font-weight: 400;\"><span style=\"font-weight: 400;\">Windows Update pour les entreprises<\/span><\/li>\n<li style=\"font-weight: 400;\"><span style=\"font-weight: 400;\">Programme Windows Insider pour les entreprises<\/span><\/li>\n<li style=\"font-weight: 400;\"><span style=\"font-weight: 400;\">Prise en charge des versions cibl\u00e9es de septembre pendant 30 mois<\/span><\/li>\n<li style=\"font-weight: 400;\"><span style=\"font-weight: 400;\">Acc\u00e8s LTSC \u00e0 Windows 10<\/span><\/li>\n<li style=\"font-weight: 400;\"><span style=\"font-weight: 400;\">Mises \u00e0 jour express<\/span><\/li>\n<li style=\"font-weight: 400;\"><span style=\"font-weight: 400;\">Optimisation de la livraison<\/span><\/li>\n<li style=\"font-weight: 400;\"><span style=\"font-weight: 400;\">Acc\u00e8s LTSC \u00e0 Windows 10<\/span><\/li>\n<\/ul>\n<p><b>Des outils de gestion pour plus de flexibilit\u00e9<\/b><\/p>\n<ul>\n<li style=\"font-weight: 400;\"><span style=\"font-weight: 400;\">Mode kiosque<\/span><\/li>\n<li style=\"font-weight: 400;\"><span style=\"font-weight: 400;\">Appareils partag\u00e9s Windows<\/span><\/li>\n<li style=\"font-weight: 400;\"><span style=\"font-weight: 400;\">Pilote automatique Windows<\/span><\/li>\n<li style=\"font-weight: 400;\"><span style=\"font-weight: 400;\">Activations cloud<\/span><\/li>\n<li style=\"font-weight: 400;\"><span style=\"font-weight: 400;\">Rejoindre Azure Active Directory hybride<\/span><\/li>\n<li style=\"font-weight: 400;\"><span style=\"font-weight: 400;\">Microsoft Store pour entreprises<\/span><\/li>\n<li style=\"font-weight: 400;\"><span style=\"font-weight: 400;\">G\u00e9rer les exp\u00e9riences utilisateur<\/span><\/li>\n<li style=\"font-weight: 400;\"><span style=\"font-weight: 400;\">Droits d&rsquo;utilisation du bureau virtuel Windows<\/span><\/li>\n<li style=\"font-weight: 400;\"><span style=\"font-weight: 400;\">Virtualisation des applications Microsoft (App-V)12<\/span><\/li>\n<li style=\"font-weight: 400;\"><span style=\"font-weight: 400;\">Virtualisation de l&rsquo;environnement utilisateur Microsoft (UE-V)<\/span><\/li>\n<li style=\"font-weight: 400;\"><span style=\"font-weight: 400;\">(MDM) Gestion des appareils mobiles <\/span><\/li>\n<li style=\"font-weight: 400;\"><span style=\"font-weight: 400;\">(MAM) Gestion des applications mobiles <\/span><\/li>\n<\/ul>\n<p><b>Am\u00e9liorez la productivit\u00e9 de votre entreprise avec ces outils<\/b><\/p>\n<ul>\n<li style=\"font-weight: 400;\"><span style=\"font-weight: 400;\">Cortana<\/span><\/li>\n<li style=\"font-weight: 400;\"><span style=\"font-weight: 400;\">Office 365<\/span><\/li>\n<li style=\"font-weight: 400;\"><span style=\"font-weight: 400;\">Recherche Microsoft dans Windows<\/span><\/li>\n<li style=\"font-weight: 400;\"><span style=\"font-weight: 400;\">Microsoft Edge<\/span><\/li>\n<li style=\"font-weight: 400;\"><span style=\"font-weight: 400;\">M\u00e9moire persistante<\/span><\/li>\n<li style=\"font-weight: 400;\"><span style=\"font-weight: 400;\">PME directe<\/span><\/li>\n<li style=\"font-weight: 400;\"><span style=\"font-weight: 400;\">Accessibilit\u00e9<\/span><\/li>\n<li style=\"font-weight: 400;\"><span style=\"font-weight: 400;\">Windows Ink<\/span><\/li>\n<li style=\"font-weight: 400;\"><span style=\"font-weight: 400;\">Microsoft Whiteboard<\/span><\/li>\n<li style=\"font-weight: 400;\"><span style=\"font-weight: 400;\">OneNote for Windows 10<\/span><\/li>\n<li style=\"font-weight: 400;\"><span style=\"font-weight: 400;\">Travaillez sur plusieurs appareils<\/span><\/li>\n<\/ul>\n<p><b>Configuration syst\u00e8me requise pour Windows 10 Entreprise<\/b><\/p>\n<p><span style=\"font-weight: 400;\">Avant d&rsquo;acheter et d&rsquo;installer Windows 10 Entreprise, veuillez v\u00e9rifier la configuration syst\u00e8me requise :<\/span><\/p>\n<ul>\n<li style=\"font-weight: 400;\"><span style=\"font-weight: 400;\">Processeur : 1 GHz ou plus rapide ou SoC<\/span><\/li>\n<li style=\"font-weight: 400;\"><span style=\"font-weight: 400;\">RAM : 1 Go pour le syst\u00e8me 32 bits ou 2 Go pour le syst\u00e8me 64 bits<\/span><\/li>\n<li style=\"font-weight: 400;\"><span style=\"font-weight: 400;\">Espace disque dur : 16 Go pour le syst\u00e8me 32 bits ou 32 Go pour le syst\u00e8me 64 bits<\/span><\/li>\n<li style=\"font-weight: 400;\"><span style=\"font-weight: 400;\">Carte graphique : DirectX 9 ou version ult\u00e9rieure avec un pilote WDDM 1.0 <\/span><\/li>\n<\/ul>\n<p><b>Livraison num\u00e9rique<\/b><\/p>\n<p><span style=\"font-weight: 400;\">Nos produits sont livr\u00e9s sous forme num\u00e9rique uniquement. Cela signifie qu&rsquo;aucun disque ou support d&rsquo;installation ne vous sera envoy\u00e9 par la poste.<\/span><\/p>\n","protected":false},"excerpt":{"rendered":"<ul>\n<li><strong>Comprend la s\u00e9curit\u00e9 informatique<\/strong><\/li>\n<li><strong>Prot\u00e8ge votre entreprise avec une s\u00e9curit\u00e9 avanc\u00e9e qui utilise l&rsquo;intelligence du cloud<\/strong><\/li>\n<li><strong>Facile \u00e0 configurer, \u00e0 utiliser et \u00e0 mettre \u00e0 jour avec un minimum d&rsquo;effort<\/strong><\/li>\n<li><strong>Donne encore plus de contr\u00f4le aux professionnels de l\u2019informatique<\/strong><\/li>\n<li><strong>Personnalisez les fonctionnalit\u00e9s et les applications.<\/strong> G\u00e9rez et s\u00e9curisez les points de terminaison. Les outils de gestion Microsoft 365 vous offrent plus de contr\u00f4le<\/li>\n<li><strong>Am\u00e9liore la productivit\u00e9<\/strong><\/li>\n<li><strong>Permet aux utilisateurs de travailler et de collaborer<\/strong> plus efficacement gr\u00e2ce \u00e0 une exp\u00e9rience utilisateur intuitive et des outils et fonctionnalit\u00e9s int\u00e9gr\u00e9s<\/li>\n<li><strong>Microsoft Defender for Endpoint<\/strong> enqu\u00eate et corrige les menaces en utilisant la puissance d&rsquo;un graphique de s\u00e9curit\u00e9 intelligent avanc\u00e9.<\/li>\n<li>Chaque achat est couvert par notre garantie de satisfaction \u00e0 100% sur le produit. Si l&rsquo;\u00e9quipe du MS Office Store ne peut pas activer votre achat, vous serez rembours\u00e9.<\/li>\n<\/ul>\n<p>&nbsp;<\/p>\n","protected":false},"featured_media":15797,"comment_status":"closed","ping_status":"closed","template":"","meta":{"_acf_changed":false},"product_brand":[],"product_cat":[82,70,85],"product_tag":[],"class_list":{"0":"post-15568","1":"product","2":"type-product","3":"status-publish","4":"has-post-thumbnail","6":"product_cat-windows-10-fr","7":"product_cat-windows-fr","8":"product_cat-windows-pour-les-entreprises-fr","10":"first","11":"instock","12":"sale","13":"taxable","14":"shipping-taxable","15":"purchasable","16":"product-type-simple"},"acf":[],"_links":{"self":[{"href":"https:\/\/msofficestore.com\/fr\/wp-json\/wp\/v2\/product\/15568","targetHints":{"allow":["GET"]}}],"collection":[{"href":"https:\/\/msofficestore.com\/fr\/wp-json\/wp\/v2\/product"}],"about":[{"href":"https:\/\/msofficestore.com\/fr\/wp-json\/wp\/v2\/types\/product"}],"replies":[{"embeddable":true,"href":"https:\/\/msofficestore.com\/fr\/wp-json\/wp\/v2\/comments?post=15568"}],"wp:featuredmedia":[{"embeddable":true,"href":"https:\/\/msofficestore.com\/fr\/wp-json\/wp\/v2\/media\/15797"}],"wp:attachment":[{"href":"https:\/\/msofficestore.com\/fr\/wp-json\/wp\/v2\/media?parent=15568"}],"wp:term":[{"taxonomy":"product_brand","embeddable":true,"href":"https:\/\/msofficestore.com\/fr\/wp-json\/wp\/v2\/product_brand?post=15568"},{"taxonomy":"product_cat","embeddable":true,"href":"https:\/\/msofficestore.com\/fr\/wp-json\/wp\/v2\/product_cat?post=15568"},{"taxonomy":"product_tag","embeddable":true,"href":"https:\/\/msofficestore.com\/fr\/wp-json\/wp\/v2\/product_tag?post=15568"}],"curies":[{"name":"wp","href":"https:\/\/api.w.org\/{rel}","templated":true}]}}