{"id":15576,"date":"2020-05-05T08:04:31","date_gmt":"2020-05-05T07:04:31","guid":{"rendered":"https:\/\/msofficestore.com\/product\/windows-10-home-version-de-detail-plus\/"},"modified":"2024-01-17T12:06:07","modified_gmt":"2024-01-17T12:06:07","slug":"windows-10-home-version-de-detail-plus","status":"publish","type":"product","link":"https:\/\/msofficestore.com\/fr\/produit\/windows-10-home-version-de-detail-plus\/","title":{"rendered":"Windows 10 Home Version de d\u00e9tail Plus"},"content":{"rendered":"<blockquote>\n<h6 style=\"text-align: center;\">Notre \u00e9quipe est toujours disponible en ligne via le <span style=\"color: #ff6600;\"><strong>chat en direct.<\/strong><\/span> Si vous avez des questions, nous pouvons y r\u00e9pondre en quelques secondes. Essayez-<span style=\"color: #ff6600;\">le<\/span>.<\/h6>\n<\/blockquote>\n<p><strong>Informations sur le produit de la version Windows 10 Home Plus au d\u00e9tail<\/strong> (y compris la garantie suppl\u00e9mentaire de deux ans)<\/p>\n<p>Le nouveau syst\u00e8me d&rsquo;exploitation Windows 10 Home Plus prend en charge les utilisateurs d\u00e9butants et exp\u00e9riment\u00e9s dans un \u00ab environnement domestique \u00bb. Tout comme ses pr\u00e9d\u00e9cesseurs, Windows 10 Plus offre le meilleur syst\u00e8me d&rsquo;exploitation de sa cat\u00e9gorie et une interface conviviale et agr\u00e9able. De plus, Windows 10 peut s&rsquo;adapter \u00e0 n&rsquo;importe quel appareil et propri\u00e9t\u00e9 en fonction de la plate-forme sur laquelle il est utilis\u00e9. La configuration syst\u00e8me requise pour cette version est identique \u00e0 celle de Windows 7 et 8.1. Cela signifie que les ordinateurs plus anciens peuvent ex\u00e9cuter le nouveau Windows 10 Plus sans rencontrer de probl\u00e8mes. Si vous recherchez un t\u00e9l\u00e9chargement instantan\u00e9 de la cl\u00e9 de licence Windows 10 avec activation instantan\u00e9e, commandez d\u00e8s maintenant sur MS Office Store.<\/p>\n<p><strong>La garantie \u00e9tendue \u00e0 deux ans<\/strong><\/p>\n<p>Notre garantie prolong\u00e9e vous offre un service suppl\u00e9mentaire et couvre lorsque vous achetez des produits dans notre magasin.<\/p>\n<p>Il s&rsquo;agit d&rsquo;une extension permettant de r\u00e9soudre rapidement et facilement tout probl\u00e8me logiciel suppl\u00e9mentaire que vous pourriez rencontrer \u00e0 l&rsquo;avenir. Cela inclut tous les probl\u00e8mes logiciels qui surviennent \u00e0 tout moment.<\/p>\n<p>Exemples de probl\u00e8mes couverts par la garantie :<\/p>\n<ul>\n<li>Erreurs caus\u00e9es par d&rsquo;autres applications sur votre PC<\/li>\n<li>Probl\u00e8mes caus\u00e9s par le nettoyage du service PC<\/li>\n<li>Probl\u00e8mes d&rsquo;optimisation des performances du PC<\/li>\n<li>Probl\u00e8mes de transfert de la licence du produit vers une nouvelle carte m\u00e8re (applicable uniquement sur les produits achet\u00e9s dans notre boutique)<\/li>\n<\/ul>\n<p>Nouvelles fonctionnalit\u00e9s de Windows 10 Famille Plus<\/p>\n<p>Le syst\u00e8me d&rsquo;exploitation Windows 10 Home Plus pr\u00e9sente quelques changements visuels et une vari\u00e9t\u00e9 de nouvelles fonctionnalit\u00e9s :<\/p>\n<p><strong>Cortana<\/strong> : un assistant personnel utile auquel vous pouvez faire appel et utiliser sur votre ordinateur.<\/p>\n<p><strong>Nouveau navigateur Internet<\/strong> : Microsoft Edge est le nouveau navigateur Internet s\u00e9curis\u00e9, rempla\u00e7ant Internet Explorer.<\/p>\n<p><strong>Reconnaissance faciale et d&#8217;empreintes digitales<\/strong> : cette fonctionnalit\u00e9 est disponible sur les appareils qui la prennent en charge.<\/p>\n<p><strong>Continuum<\/strong> : pour le mode tablette sur les appareils tactiles.<\/p>\n<p><strong>Windows Holographic<\/strong> : cette plate-forme d&rsquo;application est destin\u00e9e aux lunettes de donn\u00e9es HoloLens.<\/p>\n<p><strong>Programmes et jeux<\/strong><\/p>\n<p>Windows 10 Home Plus comprend toutes les fonctionnalit\u00e9s que vous attendez, notamment des programmes vid\u00e9o et photo, un calendrier, une messagerie et de la musique. Cette version de Windows est \u00e9galement dot\u00e9e d&rsquo;une nouvelle technologie innovante appel\u00e9e DirectX 12, qui offre de meilleurs graphismes pour les jeux. Tous les jeux Xbox One du r\u00e9seau domestique b\u00e9n\u00e9ficient \u00e9galement d&rsquo;une am\u00e9lioration des performances, ce qui permet de diffuser et de jouer.<\/p>\n<p><strong>Fonctions mises \u00e0 jour<\/strong><\/p>\n<p>Lorsque vous utilisez Windows 10 Home Plus, vous remarquerez un nouveau menu D\u00e9marrer maintenant pr\u00e9sent\u00e9 sous forme de mosa\u00efque. Chaque tuile aura une fonction individuelle. Le bureau dispose \u00e9galement de nouvelles fonctionnalit\u00e9s et mises \u00e0 jour qui vous permettent d\u2019utiliser plusieurs bureaux virtuels pour diff\u00e9rents domaines.<\/p>\n<p><strong>Livraison num\u00e9rique<\/strong><\/p>\n<p>Nos produits sont livr\u00e9s sous forme num\u00e9rique uniquement. Cela signifie qu&rsquo;aucun disque ou support d&rsquo;installation ne vous sera envoy\u00e9 par la poste.<\/p>\n<p>&nbsp;<\/p>\n","protected":false},"excerpt":{"rendered":"<p><strong>La version commerciale de Windows 10 Home Plus est accompagn\u00e9e d&rsquo;une garantie suppl\u00e9mentaire de deux ans.<\/strong><\/p>\n<ul>\n<li><strong>Informations sur le produit :<\/strong> Versions de d\u00e9tail 32 et 64 bits, Windows 10 est un syst\u00e8me d&rsquo;exploitation<strong>(Office n&rsquo;est PAS inclus et doit \u00eatre command\u00e9 s\u00e9par\u00e9ment<\/strong>).<\/li>\n<li><strong>Fabricant<\/strong>: Microsoft <strong>(<\/strong><strong>Windows n&rsquo;est pas compatible avec le Chromebook NOR Windows 10 Pro ou Enterprise<\/strong><strong>)<\/strong><\/li>\n<li><strong>Statut<\/strong> : La licence est pour 1 PC uniquement &#8211; Pour les achats group\u00e9s, veuillez nous contacter sur le chat en ligne<\/li>\n<li><strong>Livraison<\/strong> : une fois achet\u00e9, vous recevrez un t\u00e9l\u00e9chargement num\u00e9rique instantan\u00e9 et une cl\u00e9 de licence num\u00e9rique<\/li>\n<li><strong>Dur\u00e9e de vie<\/strong>: Payez une fois pour une licence \u00e0 vie<\/li>\n<li><strong>Langue<\/strong> : Ce produit est mondial et fonctionne dans tous les pays, toutes les langues sont disponibles<\/li>\n<li><strong>Mise en place<\/strong>: Assistance \u00e0 l&rsquo;installation en direct<\/li>\n<li><strong>Garantie<\/strong> : chaque achat est accompagn\u00e9 d&rsquo;une garantie : si notre \u00e9quipe ne parvient pas \u00e0 activer votre achat, vous serez rembours\u00e9<\/li>\n<\/ul>\n","protected":false},"featured_media":15577,"comment_status":"open","ping_status":"closed","template":"","meta":{"_acf_changed":false},"product_brand":[],"product_cat":[82,70,71],"product_tag":[86],"class_list":{"0":"post-15576","1":"product","2":"type-product","3":"status-publish","4":"has-post-thumbnail","6":"product_cat-windows-10-fr","7":"product_cat-windows-fr","8":"product_cat-windows-for-personal-use-fr","9":"product_tag-windows-10-home-fr","11":"first","12":"instock","13":"sale","14":"featured","15":"taxable","16":"shipping-taxable","17":"purchasable","18":"product-type-simple"},"acf":[],"_links":{"self":[{"href":"https:\/\/msofficestore.com\/fr\/wp-json\/wp\/v2\/product\/15576","targetHints":{"allow":["GET"]}}],"collection":[{"href":"https:\/\/msofficestore.com\/fr\/wp-json\/wp\/v2\/product"}],"about":[{"href":"https:\/\/msofficestore.com\/fr\/wp-json\/wp\/v2\/types\/product"}],"replies":[{"embeddable":true,"href":"https:\/\/msofficestore.com\/fr\/wp-json\/wp\/v2\/comments?post=15576"}],"wp:featuredmedia":[{"embeddable":true,"href":"https:\/\/msofficestore.com\/fr\/wp-json\/wp\/v2\/media\/15577"}],"wp:attachment":[{"href":"https:\/\/msofficestore.com\/fr\/wp-json\/wp\/v2\/media?parent=15576"}],"wp:term":[{"taxonomy":"product_brand","embeddable":true,"href":"https:\/\/msofficestore.com\/fr\/wp-json\/wp\/v2\/product_brand?post=15576"},{"taxonomy":"product_cat","embeddable":true,"href":"https:\/\/msofficestore.com\/fr\/wp-json\/wp\/v2\/product_cat?post=15576"},{"taxonomy":"product_tag","embeddable":true,"href":"https:\/\/msofficestore.com\/fr\/wp-json\/wp\/v2\/product_tag?post=15576"}],"curies":[{"name":"wp","href":"https:\/\/api.w.org\/{rel}","templated":true}]}}