{"id":15578,"date":"2020-03-21T16:15:33","date_gmt":"2020-03-21T16:15:33","guid":{"rendered":"https:\/\/msofficestore.com\/product\/version-commerciale-windows-10-professionnel\/"},"modified":"2024-01-17T12:16:27","modified_gmt":"2024-01-17T12:16:27","slug":"version-commerciale-windows-10-professionnel","status":"publish","type":"product","link":"https:\/\/msofficestore.com\/fr\/produit\/version-commerciale-windows-10-professionnel\/","title":{"rendered":"Version commerciale Windows 10 Professionnel"},"content":{"rendered":"<blockquote>\n<h6 style=\"text-align: center;\">Notre \u00e9quipe est toujours disponible en ligne via le <span style=\"color: #ff6600;\"><strong>chat en direct.<\/strong><\/span> Si vous avez des questions, nous pouvons y r\u00e9pondre en quelques secondes. Essayez-<span style=\"color: #ff6600;\">le<\/span>.<\/h6>\n<\/blockquote>\n<p>&nbsp;<\/p>\n<p><strong>Version commerciale Windows 10 Professionnel<\/strong><\/p>\n<p>Windows 10 Pro est un syst\u00e8me d&rsquo;exploitation de Microsoft con\u00e7u pour les entreprises et les utilisateurs professionnels. Le nouveau syst\u00e8me fonctionne sur les appareils classiques comme les ordinateurs portables et les PC ainsi que sur les appareils plus r\u00e9cents comme les tablettes compatibles. En cons\u00e9quence, le nouveau Windows 10 Pro offre toutes les fonctions et op\u00e9rations dont tout utilisateur professionnel a besoin sur chaque plateforme.<\/p>\n<p>Le nouveau syst\u00e8me d&rsquo;exploitation offre une assistance informatique aux utilisateurs r\u00e9guliers mais a \u00e9t\u00e9 con\u00e7u pour r\u00e9pondre aux besoins des entreprises. Tout comme son pr\u00e9d\u00e9cesseur, le syst\u00e8me d&rsquo;exploitation Windows 10 Pro utilise une interface moderne mais conviviale. Il est compatible avec tous les appareils et leurs propri\u00e9t\u00e9s, ce qui signifie que Windows 10 Pro peut fonctionner sur la plupart des anciens PC et ordinateurs portables sans rencontrer de probl\u00e8mes. C\u2019est id\u00e9al pour les entreprises.<\/p>\n<p><strong>Nouvelles fonctionnalit\u00e9s<\/strong><\/p>\n<p>Windows 10 Pro offre aux utilisateurs d&rsquo;excellentes fonctions professionnelles, notamment la jonction de domaine, la gestion des strat\u00e9gies de groupe, BitLocker, le bureau \u00e0 distance, EMIE (mode entreprise pour Internet Explorer), Assigned Access 8.1 et un client Hyper-V. Ce syst\u00e8me d&rsquo;exploitation contient \u00e9galement de nouveaux programmes et fonctionnalit\u00e9s universels, notamment :<\/p>\n<p><strong>Cortana<\/strong>: Il s&rsquo;agit d&rsquo;un assistant personnel auquel vous pouvez acc\u00e9der et que vous pouvez utiliser pour effectuer des t\u00e2ches sur votre ordinateur.<\/p>\n<p><strong>Nouveau navigateur Internet<\/strong> : Microsoft Edge est le nouveau navigateur Internet qui remplace l&rsquo;historique Internet Explorer.<\/p>\n<p><strong>Reconnaissance faciale et d&#8217;empreintes digitales<\/strong> : cette fonctionnalit\u00e9 est disponible si vous disposez du bon appareil.<\/p>\n<p><strong>Continuum<\/strong> : Disponible en mode tablette sur les appareils tactiles.<\/p>\n<p><strong>Windows Holographic<\/strong> : cette plate-forme d&rsquo;application est destin\u00e9e aux lunettes de donn\u00e9es HoloLens.<\/p>\n<p>Tous les programmes r\u00e9guliers tels que le calendrier, la messagerie, les photos, les vid\u00e9os et la musique sont inclus avec le nouveau programme graphique DirectX 12. Windows 10 Pro offre \u00e9galement aux utilisateurs la possibilit\u00e9 de rejoindre Azure Active Directory, qui est un service de gestion d&rsquo;annuaire et d&rsquo;identit\u00e9 bas\u00e9 sur le cloud. Avec une inscription unique, les utilisateurs peuvent \u00e9galement avoir acc\u00e8s \u00e0 une vari\u00e9t\u00e9 d&rsquo;applications Cloud-SaaS, notamment Concur, Office 365 et DropBox.<\/p>\n<p><strong>Fonctions mises \u00e0 jour<\/strong><\/p>\n<p>Le menu D\u00e9marrer a \u00e9t\u00e9 repens\u00e9 pour offrir un espace en mosa\u00efque o\u00f9 chaque vignette peut \u00eatre configur\u00e9e pour avoir une fonction individuelle. Informations sur le produit Versions commerciales 32 et 64 bits, Windows 10 est un syst\u00e8me d&rsquo;exploitation (Office NON inclus et doit \u00eatre command\u00e9 s\u00e9par\u00e9ment) Windows 10 Pro offre \u00e9galement un acc\u00e8s au Business Store.<\/p>\n<p><strong>Livraison num\u00e9rique<\/strong><\/p>\n<p>Nos produits sont livr\u00e9s sous forme num\u00e9rique uniquement. Cela signifie qu&rsquo;aucun disque ou support d&rsquo;installation ne vous sera envoy\u00e9 par la poste.<\/p>\n<p>&nbsp;<\/p>\n","protected":false},"excerpt":{"rendered":"<ul>\n<li><strong>Informations sur le produit<\/strong> Versions de d\u00e9tail 32 et 64 bits, Windows 10 est un syst\u00e8me d&rsquo;exploitation. <strong><strong><strong style=\"color: #ff6600; font-size: 18px; text-align: center;\">(Office n&rsquo;est pas inclus et doit \u00eatre command\u00e9 s\u00e9par\u00e9ment<\/strong>)<\/strong><\/strong>)<\/li>\n<li><strong>Fabricant<\/strong>: Microsoft <strong><strong><strong style=\"color: #ff6600; font-size: 18px; text-align: center;\">(Windows n&rsquo;est pas compatible avec Chromebook<\/strong><\/strong><\/strong><strong>)<\/strong><\/li>\n<li><strong>Statut<\/strong> : La licence est pour 1 PC uniquement &#8211; Pour les achats group\u00e9s, veuillez nous contacter sur le chat en ligne<\/li>\n<li><strong>Livraison<\/strong> : une fois achet\u00e9, vous recevrez un t\u00e9l\u00e9chargement num\u00e9rique instantan\u00e9 et une cl\u00e9 de licence num\u00e9rique<\/li>\n<li><strong>Dur\u00e9e de vie<\/strong>: Payez une fois pour une licence \u00e0 vie<\/li>\n<li><strong>Langue<\/strong> : Ce produit est mondial et fonctionne dans tous les pays, toutes les langues sont disponibles<\/li>\n<li><strong>Mise en place<\/strong>: Assistance \u00e0 l&rsquo;installation en direct<\/li>\n<li><strong>Chaque achat est assorti d&rsquo;une garantie<\/strong>: Si notre \u00e9quipe ne peut pas activer votre achat, vous serez rembours\u00e9.<\/li>\n<li>\n<\/li>\n<\/ul>\n<p>&nbsp;<\/p>\n","protected":false},"featured_media":15801,"comment_status":"closed","ping_status":"closed","template":"","meta":{"_acf_changed":false},"product_brand":[],"product_cat":[82,70,71],"product_tag":[],"class_list":{"0":"post-15578","1":"product","2":"type-product","3":"status-publish","4":"has-post-thumbnail","6":"product_cat-windows-10-fr","7":"product_cat-windows-fr","8":"product_cat-windows-for-personal-use-fr","10":"first","11":"instock","12":"sale","13":"taxable","14":"shipping-taxable","15":"purchasable","16":"product-type-simple"},"acf":[],"_links":{"self":[{"href":"https:\/\/msofficestore.com\/fr\/wp-json\/wp\/v2\/product\/15578","targetHints":{"allow":["GET"]}}],"collection":[{"href":"https:\/\/msofficestore.com\/fr\/wp-json\/wp\/v2\/product"}],"about":[{"href":"https:\/\/msofficestore.com\/fr\/wp-json\/wp\/v2\/types\/product"}],"replies":[{"embeddable":true,"href":"https:\/\/msofficestore.com\/fr\/wp-json\/wp\/v2\/comments?post=15578"}],"wp:featuredmedia":[{"embeddable":true,"href":"https:\/\/msofficestore.com\/fr\/wp-json\/wp\/v2\/media\/15801"}],"wp:attachment":[{"href":"https:\/\/msofficestore.com\/fr\/wp-json\/wp\/v2\/media?parent=15578"}],"wp:term":[{"taxonomy":"product_brand","embeddable":true,"href":"https:\/\/msofficestore.com\/fr\/wp-json\/wp\/v2\/product_brand?post=15578"},{"taxonomy":"product_cat","embeddable":true,"href":"https:\/\/msofficestore.com\/fr\/wp-json\/wp\/v2\/product_cat?post=15578"},{"taxonomy":"product_tag","embeddable":true,"href":"https:\/\/msofficestore.com\/fr\/wp-json\/wp\/v2\/product_tag?post=15578"}],"curies":[{"name":"wp","href":"https:\/\/api.w.org\/{rel}","templated":true}]}}