{"id":15579,"date":"2020-03-21T16:13:05","date_gmt":"2020-03-21T16:13:05","guid":{"rendered":"https:\/\/msofficestore.com\/product\/office-professionnel-plus-2019-pour-windows\/"},"modified":"2024-01-17T13:11:32","modified_gmt":"2024-01-17T13:11:32","slug":"office-professionnel-plus-2019-pour-windows","status":"publish","type":"product","link":"https:\/\/msofficestore.com\/fr\/produit\/office-professionnel-plus-2019-pour-windows\/","title":{"rendered":"Office Professionnel Plus 2019 pour Windows"},"content":{"rendered":"<p><strong>La version compl\u00e8te au d\u00e9tail de Microsoft Office Professional Plus 2019<\/strong> offre les meilleures solutions pour les utilisateurs \u00e0 domicile et au bureau.<\/p>\n<p>*Veuillez noter que ce produit n\u00e9cessite Windows 10 pour fonctionner*<\/p>\n<p>Microsoft Office 2019 Professional Plus Edition est id\u00e9al pour ceux qui ont besoin de toutes les fonctionnalit\u00e9s que Microsoft Office a \u00e0 offrir \u00e0 la maison ou au bureau. Office 2019 Professionnel Plus propose toutes les applications dont vous pourriez avoir besoin, notamment Word, PowerPoint, Excel, Publisher, Outlook et Access. Cette version dispose d\u2019une grande vari\u00e9t\u00e9 de programmes diff\u00e9rents, donc Professional Plus est vraiment destin\u00e9 \u00e0 ceux qui ont besoin d\u2019un logiciel diversifi\u00e9 et puissant pour une utilisation professionnelle \u00e0 domicile. Microsoft Office 2019 Professionnel Plus peut \u00eatre utilis\u00e9 au travail ou \u00e0 la maison car il contient tout ce dont vous avez besoin dans les deux situations. Le pack peut \u00eatre utilis\u00e9 par n\u2019importe qui, des \u00e9tudiants aux professionnels. Toutes les t\u00e2ches, des plus simples aux plus exigeantes, sont couvertes par Microsoft Office Professionnel Plus.<\/p>\n<p><strong>Fonctionnalit\u00e9s avanc\u00e9es<\/strong><\/p>\n<ul>\n<li>Archivez vos e-mails depuis Outlook et Exchange Data Loss Prevention<\/li>\n<li>Excel et Power Pivot peuvent analyser les feuilles de calcul \u00e0 la recherche d&rsquo;incoh\u00e9rences et d&rsquo;erreurs<\/li>\n<li>Professional Plus 2019 offre une int\u00e9gration avec RMS (Windows Rights Management) pour les serveurs Windows<\/li>\n<li>Ce pack comprend les bo\u00eetes aux lettres du site. Acc\u00e9dez aux e-mails li\u00e9s aux projets dans Exchange et acc\u00e9dez aux documents dans SharePoint. Tout cela peut \u00eatre fait avec Outlook.<\/li>\n<\/ul>\n<p><strong>Les principales utilisations d&rsquo;Office Professionnel Plus 2019 incluent :<\/strong><\/p>\n<p><strong>Microsoft Word<\/strong><\/p>\n<p>Microsoft Word est essentiel pour les \u00e9crivains, les \u00e9tudiants et les journalistes. Vous pouvez cr\u00e9er des documents professionnels et Word propose des mod\u00e8les personnalis\u00e9s ainsi que des fonctionnalit\u00e9s suppl\u00e9mentaires pour faire passer votre \u00e9criture au niveau sup\u00e9rieur.<\/p>\n<p><strong>Microsoft Excel<\/strong><\/p>\n<p>Microsoft Excel est parfait pour les feuilles de calcul professionnelles et les rapports financiers. Utilisez des mod\u00e8les personnalis\u00e9s ou cr\u00e9ez vos propres calculs et formules pour obtenir des r\u00e9sultats. Avec ces fonctionnalit\u00e9s, il n\u2019est pas surprenant qu\u2019il s\u2019agisse du tableur le plus populaire au monde.<\/p>\n<p><strong>Microsoft Powerpoint<\/strong><\/p>\n<p>Microsoft PowerPoint fera vraiment ressortir votre pr\u00e9sentation. Utilisez des animations et des mod\u00e8les pr\u00e9d\u00e9finis pour cr\u00e9er une pr\u00e9sentation soign\u00e9e et professionnelle qui impressionnera \u00e0 coup s\u00fbr. Ce programme est id\u00e9al pour les \u00e9tudiants et les entreprises.<\/p>\n<p><strong>MicrosoftOneNote<\/strong><\/p>\n<p>OneNote est parfait pour la collaboration. Cette application vous permet d&rsquo;ins\u00e9rer des notes individuelles, d&rsquo;ajouter des images ou d&rsquo;autres contenus en ligne, puis de les partager avec n&rsquo;importe qui, des coll\u00e8gues de travail aux amis. Toutes vos cr\u00e9ations sont stock\u00e9es en toute s\u00e9curit\u00e9 dans un seul endroit s\u00fbr et simple d&rsquo;acc\u00e8s.<\/p>\n<p><strong>Microsoft Outlook<\/strong><\/p>\n<p>Microsoft Outlook est un service de messagerie simple et efficace. Il s&rsquo;agit d&rsquo;une application de bureau qui inclut plus de fonctionnalit\u00e9s que son homologue en ligne. Il est id\u00e9al pour tous vos besoins de messagerie.<\/p>\n<p><strong>Livraison num\u00e9rique<\/strong><br \/>\nNos produits sont livr\u00e9s sous forme num\u00e9rique uniquement. Cela signifie qu&rsquo;aucun disque ou support d&rsquo;installation ne vous sera envoy\u00e9 par la poste.<\/p>\n","protected":false},"excerpt":{"rendered":"<ul>\n<li><strong>Windows 10\/11<\/strong> est requis pour l&rsquo;installation.<\/li>\n<li><strong>Non compatible<\/strong> avec MAC.<\/li>\n<li><strong>La licence est valable pour 1 PC seulement<\/strong>. Pour des achats en gros, veuillez nous contacter sur le chat en ligne.<\/li>\n<li>Le t\u00e9l\u00e9chargement est disponible imm\u00e9diatement apr\u00e8s l&rsquo;achat.<\/li>\n<li>Un paiement vous donne une licence \u00e0 vie (<strong>pour un seul appareil<\/strong>).<\/li>\n<li>Acc\u00e8s \u00e0 l&rsquo;\u00e9quipe de support apr\u00e8s-vente exceptionnelle.<\/li>\n<li><strong>Garantie<\/strong> : Chaque achat est couvert par notre garantie de satisfaction \u00e0 100 % sur le produit. Si l&rsquo;\u00e9quipe du MS Office Store ne peut pas activer votre achat, vous serez rembours\u00e9.<\/li>\n<\/ul>\n","protected":false},"featured_media":15804,"comment_status":"closed","ping_status":"closed","template":"","meta":{"_acf_changed":false},"product_brand":[],"product_cat":[74,80],"product_tag":[],"class_list":{"0":"post-15579","1":"product","2":"type-product","3":"status-publish","4":"has-post-thumbnail","6":"product_cat-ms-office-fr","7":"product_cat-microsoft-office-pour-windows-fr","9":"first","10":"instock","11":"sale","12":"featured","13":"taxable","14":"shipping-taxable","15":"purchasable","16":"product-type-simple"},"acf":[],"_links":{"self":[{"href":"https:\/\/msofficestore.com\/fr\/wp-json\/wp\/v2\/product\/15579","targetHints":{"allow":["GET"]}}],"collection":[{"href":"https:\/\/msofficestore.com\/fr\/wp-json\/wp\/v2\/product"}],"about":[{"href":"https:\/\/msofficestore.com\/fr\/wp-json\/wp\/v2\/types\/product"}],"replies":[{"embeddable":true,"href":"https:\/\/msofficestore.com\/fr\/wp-json\/wp\/v2\/comments?post=15579"}],"wp:featuredmedia":[{"embeddable":true,"href":"https:\/\/msofficestore.com\/fr\/wp-json\/wp\/v2\/media\/15804"}],"wp:attachment":[{"href":"https:\/\/msofficestore.com\/fr\/wp-json\/wp\/v2\/media?parent=15579"}],"wp:term":[{"taxonomy":"product_brand","embeddable":true,"href":"https:\/\/msofficestore.com\/fr\/wp-json\/wp\/v2\/product_brand?post=15579"},{"taxonomy":"product_cat","embeddable":true,"href":"https:\/\/msofficestore.com\/fr\/wp-json\/wp\/v2\/product_cat?post=15579"},{"taxonomy":"product_tag","embeddable":true,"href":"https:\/\/msofficestore.com\/fr\/wp-json\/wp\/v2\/product_tag?post=15579"}],"curies":[{"name":"wp","href":"https:\/\/api.w.org\/{rel}","templated":true}]}}