{"id":16102,"date":"2023-09-25T10:28:36","date_gmt":"2023-09-25T09:28:36","guid":{"rendered":"https:\/\/msofficestore.com\/informativa-sulla-privacy\/"},"modified":"2024-01-13T08:41:47","modified_gmt":"2024-01-13T08:41:47","slug":"informativa-sulla-privacy","status":"publish","type":"page","link":"https:\/\/msofficestore.com\/it\/informativa-sulla-privacy\/","title":{"rendered":"Privacy Policy it"},"content":{"rendered":"\t\t<div data-elementor-type=\"wp-page\" data-elementor-id=\"16102\" class=\"elementor elementor-16102 elementor-3\" data-elementor-post-type=\"page\">\n\t\t\t\t<div class=\"elementor-element elementor-element-ce272d7 e-flex e-con-boxed e-con e-parent\" data-id=\"ce272d7\" data-element_type=\"container\">\n\t\t\t\t\t<div class=\"e-con-inner\">\n\t\t\t\t<div class=\"elementor-element elementor-element-88d7dad elementor-widget elementor-widget-heading\" data-id=\"88d7dad\" data-element_type=\"widget\" data-widget_type=\"heading.default\">\n\t\t\t\t<div class=\"elementor-widget-container\">\n\t\t\t\t\t<h1 class=\"elementor-heading-title elementor-size-default\">Informativa sulla privacy<\/h1>\t\t\t\t<\/div>\n\t\t\t\t<\/div>\n\t\t\t\t<div class=\"elementor-element elementor-element-52657d elementor-widget elementor-widget-text-editor\" data-id=\"52657d\" data-element_type=\"widget\" data-widget_type=\"text-editor.default\">\n\t\t\t\t<div class=\"elementor-widget-container\">\n\t\t\t\t\t\t\t\t\t<div class=\"entry-content clear\"><p><strong>Introduzione<\/strong><\/p><p>Vogliamo rendere i nostri servizi semplici, utili e affidabili. Quando forniamo servizi online, ci\u00f2 comporta talvolta l&#8217;inserimento di piccole informazioni sul vostro dispositivo (computer o telefono cellulare) sotto forma di &#8220;cookie&#8221; memorizzati nel vostro browser web.<\/p><p>Queste informazioni vengono utilizzate per migliorare i servizi offerti all&#8217;utente, ad esempio:<\/p><p>Abilitare un servizio per il riconoscimento del dispositivo, in modo da non dover fornire le stesse informazioni pi\u00f9 volte durante un&#8217;attivit\u00e0.<br \/>Riconoscere che l&#8217;utente potrebbe aver gi\u00e0 fornito un nome utente e una password, quindi non \u00e8 necessario farlo per ogni pagina web richiesta.<br \/>Misurare il numero di persone che utilizzano i servizi, in modo da poterli rendere pi\u00f9 semplici da usare o rispondere pi\u00f9 rapidamente.<br \/>Riconoscere le persone che visitano le nostre pagine web attraverso i siti di social media, per rendere possibile l&#8217;utilizzo di pubblicit\u00e0 mirata che vi garantisca la visualizzazione dei nostri contenuti pi\u00f9 rilevanti.<\/p><p>Non utilizzeremo i cookie per raccogliere informazioni di identificazione personale sull&#8217;utente.<\/p><p>Se desiderate saperne di pi\u00f9 sui cookie o scoprire come gestire o rimuovere i cookie impostati sul vostro dispositivo, visitate il sito <a href=\"http:\/\/www.aboutcookies.org\/Default.aspx?page=1\" target=\"_blank\" rel=\"noopener\">web About cookies.<\/a> Si prega di notare che la limitazione dei cookie pu\u00f2 avere un impatto su alcune funzionalit\u00e0 non critiche del nostro sito web.<\/p><p><strong>Google Analytics<\/strong><\/p><p>Il nostro sito web utilizza Google Analytics, un servizio di analisi web fornito da Google, Inc. (\u201cGoogle\u201d). Google Analytics utilizza dei cookie \u2013 file di testo che vengono depositati sul vostro computer \u2013 per consentire al sito web di analizzare come gli utenti utilizzano il sito. Le informazioni generate dal cookie sull\u2019utilizzo del sito web da parte dell\u2019utente (compreso il suo indirizzo IP) verranno trasmesse e memorizzate da Google su un server negli Stati Uniti. Google utilizza queste informazioni per valutare l\u2019utilizzo del sito web da parte degli utenti, per compilare report anonimi sulle attivit\u00e0 del sito web per gli operatori del sito e per fornire altri servizi relativi alle attivit\u00e0 del sito web e all\u2019utilizzo di Internet. Google pu\u00f2 trasferire queste informazioni a terzi ove ci\u00f2 sia richiesto dalla legge o laddove tali terzi trattino le informazioni per conto di Google. Google non assocer\u00e0 il vostro indirizzo IP a nessun altro dato posseduto da Google.<\/p><p>Google Analytics imposta i cookie per aiutarci a stimare con precisione il numero di visitatori del sito web e i volumi di utilizzo. Questo per garantire che il servizio sia disponibile quando lo si desidera e in tempi rapidi.<\/p><p>Per ulteriori dettagli sui cookie impostati da Google Analytics, consultare il sito <a href=\"http:\/\/code.google.com\/apis\/analytics\/docs\/concepts\/gaConceptsCookies.html#cookiesSet\" target=\"_blank\" rel=\"noopener\">web di Google Code<\/a>.<\/p><p><strong>Social media e remarketing di Google<\/strong><\/p><p>Utilizziamo tecnologie come i cookie e i pixel di conversione di fornitori come Google, Facebook e Twitter per personalizzare i contenuti e la pubblicit\u00e0, per fornire contenuti pi\u00f9 pertinenti ai social media e per analizzare il traffico sul sito. Condividiamo inoltre le informazioni sull&#8217;utilizzo del nostro sito con i nostri partner di fiducia per i social media, la pubblicit\u00e0 e l&#8217;analisi.<\/p><p>Questi cookie o pixel di conversione ci consentono di creare un pubblico dal nostro sito web per le campagne pubblicitarie servite su Google Content Network e sui social network. Visitando il nostro sito, un annuncio pertinente potrebbe apparire nei vostri feed social o come risultato di una ricerca a pagamento su Google.<\/p><\/div>\t\t\t\t\t\t\t\t<\/div>\n\t\t\t\t<\/div>\n\t\t\t\t\t<\/div>\n\t\t\t\t<\/div>\n\t\t\t\t<\/div>\n\t\t","protected":false},"excerpt":{"rendered":"<p>Informativa sulla privacy Introduzione Vogliamo rendere i nostri servizi semplici, utili e affidabili. Quando forniamo servizi online, ci\u00f2 comporta talvolta l&#8217;inserimento di piccole informazioni sul vostro dispositivo (computer o telefono cellulare) sotto forma di &#8220;cookie&#8221; memorizzati nel vostro browser web. Queste informazioni vengono utilizzate per migliorare i servizi offerti all&#8217;utente, ad esempio: Abilitare un servizio [&hellip;]<\/p>\n","protected":false},"author":1,"featured_media":0,"parent":0,"menu_order":0,"comment_status":"closed","ping_status":"open","template":"","meta":{"_acf_changed":false,"footnotes":""},"class_list":["post-16102","page","type-page","status-publish","hentry"],"acf":[],"_links":{"self":[{"href":"https:\/\/msofficestore.com\/it\/wp-json\/wp\/v2\/pages\/16102","targetHints":{"allow":["GET"]}}],"collection":[{"href":"https:\/\/msofficestore.com\/it\/wp-json\/wp\/v2\/pages"}],"about":[{"href":"https:\/\/msofficestore.com\/it\/wp-json\/wp\/v2\/types\/page"}],"author":[{"embeddable":true,"href":"https:\/\/msofficestore.com\/it\/wp-json\/wp\/v2\/users\/1"}],"replies":[{"embeddable":true,"href":"https:\/\/msofficestore.com\/it\/wp-json\/wp\/v2\/comments?post=16102"}],"version-history":[{"count":7,"href":"https:\/\/msofficestore.com\/it\/wp-json\/wp\/v2\/pages\/16102\/revisions"}],"predecessor-version":[{"id":16401,"href":"https:\/\/msofficestore.com\/it\/wp-json\/wp\/v2\/pages\/16102\/revisions\/16401"}],"wp:attachment":[{"href":"https:\/\/msofficestore.com\/it\/wp-json\/wp\/v2\/media?parent=16102"}],"curies":[{"name":"wp","href":"https:\/\/api.w.org\/{rel}","templated":true}]}}