{"id":16030,"date":"2023-11-22T10:51:51","date_gmt":"2023-11-22T10:51:51","guid":{"rendered":"https:\/\/msofficestore.com\/product\/microsoft-windows-server-2022-standard\/"},"modified":"2023-12-02T17:42:03","modified_gmt":"2023-12-02T17:42:03","slug":"microsoft-windows-server-2022-standard","status":"publish","type":"product","link":"https:\/\/msofficestore.com\/it\/prodotto\/microsoft-windows-server-2022-standard\/","title":{"rendered":"Microsoft Windows Server 2022 Standard"},"content":{"rendered":"<p><strong>Windows Server 2022 introduce una sicurezza multilivello avanzata, funzionalit\u00e0 ibride con Azure e una piattaforma applicativa flessibile.<\/strong> In questa release sono state introdotte le funzionalit\u00e0 secured-core che aiutano a proteggere l&#8217;hardware, il firmware e le funzionalit\u00e0 del sistema operativo Windows Server dalle minacce avanzate alla sicurezza. Il server Secured-core si basa su tecnologie come Windows Defender System Guard e Virtualization-based Security per ridurre al minimo il rischio di vulnerabilit\u00e0 del firmware e di malware avanzato. La nuova versione offre anche una connettivit\u00e0 protetta che introduce diverse nuove funzionalit\u00e0, come connessioni HTTPS crittografate pi\u00f9 veloci e sicure, crittografia SMB AES 256 standard del settore e altro ancora.<\/p>\n<p>Windows Server 2022 migliora la gestione dei server ibridi con una migliore gestione delle macchine virtuali, un visualizzatore di eventi migliorato e molte altre nuove funzionalit\u00e0 competitive in Windows Admin Center. Inoltre, questa versione contiene notevoli miglioramenti per i container di Windows, come le dimensioni ridotte delle immagini per un download pi\u00f9 rapido, l&#8217;implementazione semplificata dei criteri di rete e gli strumenti di containerizzazione per le applicazioni .NET.<\/p>\n<p><img decoding=\"async\" src=\"https:\/\/www.keysfan.com\/media\/wysiwyg\/Windows_Server_2022_vNext_Preview_Build_20339_-2021-04-26-10-06-14.png\" alt=\"acquistare Windows Server 2022 Standard \" width=\"40%\" \/><\/p>\n<h3>Caratteristiche:<\/h3>\n<ul>\n<li>HTTPS e TLS 1.3 sono abilitati per impostazione predefinita. TLS 1.0 e TLS 1.1 sono disattivati per impostazione predefinita. TLS 1.2 \u00e8 ancora presente.<\/li>\n<li>Le suite crittografiche AES-256-GCM e AES-256-CCM sono supportate per la crittografia e la firma di Server Message Block (SMB).<\/li>\n<li>Il DNS over HTTPS (DoH) \u00e8 supportato e abilitato per impostazione predefinita.<\/li>\n<li>Windows Server 2022 offre server core protetti con protezione di avvio Secured Core, root-of-trust hardware, protezione del firmware e sicurezza basata sulla virtualizzazione (VBS) per la sicurezza fisica. I server Secured-core si basano su tecnologie come Windows Defender System Guard e Virtualization-based Security per ridurre al minimo il rischio di vulnerabilit\u00e0 del firmware e di malware avanzato.<\/li>\n<li>Supporta la funzionalit\u00e0 SMB over QUIC per comunicazioni pi\u00f9 sicure. \u00c8 progettato per la sostituzione delle VPN e si basa sui protocolli UDP e TLS 1.3 per una comunicazione pi\u00f9 veloce e sicura.<\/li>\n<li>Windows Server 2022 viene fornito con Azure Arc per gestire e governare i server on-premise all&#8217;interno di Azure.<\/li>\n<li>Storage Migration Service consente agli utenti di migrare facilmente i file server dalla sede ad Azure.<\/li>\n<li>Aggiornate le applicazioni .NET con il nuovo strumento di containerizzazione in Windows Admin Center.<\/li>\n<li>Windows Server 2022 \u00e8 dotato di una funzionalit\u00e0 opzionale di compressione Server Message Block per comprimere i file e velocizzare i trasferimenti di rete.<\/li>\n<li>Windows Admin Center pu\u00f2 essere utilizzato per gestire in remoto i certificati, distribuire i container e monitorare le prestazioni dei server.<\/li>\n<li>Windows Server 2022 supporta l&#8217;hotpatching. L&#8217;hotpatching consente al sistema di installare gli aggiornamenti di Windows senza dover riavviare ogni volta il sistema. L&#8217;hotpatching \u00e8 disponibile solo nell&#8217;edizione Azure di Windows Server.<\/li>\n<li>Azure Stack HCI consente la distribuzione di moderne applicazioni Windows Server con Azure Kubernetes Service.<\/li>\n<\/ul>\n<p><img decoding=\"async\" src=\"https:\/\/www.keysfan.com\/media\/wysiwyg\/windows-server-2022-preview-main.jpg\" alt=\"Chiave Windows Server 2022 Standard\" width=\"40%\" \/><\/p>\n<p>&nbsp;<\/p>\n<h3><span class=\"goog-text-highlight\">Requisiti di sistema<\/span><\/h3>\n<ul>\n<li><strong>Processore:Almeno: processore da 1,4 GHz con 64 bit<\/strong><\/li>\n<li><strong>RAM: almeno 512 MB<\/strong><\/li>\n<li><strong>Requisiti di spazio di archiviazioneAlmeno: 32 GB<\/strong><\/li>\n<li><strong>Altri requisiti:<\/strong><\/li>\n<li>Adattatore Ethernet Gigabit (10\/100 \/ 1000baseT)<\/li>\n<li>Unit\u00e0 DVD (se si desidera installare il sistema operativo utilizzando un supporto DVD)<\/li>\n<li>Monitor Super VGA (1024 x 768) o monitor con risoluzione superiore<\/li>\n<li>Tastiera e mouse Microsoft\u00ae (o altri dispositivi di puntamento compatibili)<\/li>\n<li>Accesso a Internet (pu\u00f2 essere a pagamento)<\/li>\n<\/ul>\n<p>&nbsp;<\/p>\n<p>&nbsp;<\/p>\n","protected":false},"excerpt":{"rendered":"<ul>\n<li><strong><em>Nuova sicurezza a pi\u00f9 livelli<\/em><\/strong><\/li>\n<li><strong><em>Connettivit\u00e0 Azure con funzionalit\u00e0 ibride<\/em><\/strong><\/li>\n<li><strong><em>Piattaforma applicativa scalabile e pi\u00f9 flessibile<\/em><\/strong><\/li>\n<li><strong>Windows Server 2022 Standard Retail Version: <\/strong><span style=\"font-size: 16px;\">\u00e8 il sistema operativo cloud-ready di Microsoft. Supporter\u00e0 il vostro attuale carico di lavoro, introducendovi al contempo a una tecnologia pi\u00f9 recente che render\u00e0 pi\u00f9 facile la transizione al cloud. Ha nuovi livelli di sicurezza e innovazioni ispirate ad Azure per le applicazioni che alimentano la vostra azienda. Ogni acquisto comprende 16 licenze core + 10 CAL. Questi possono essere utilizzati per eseguire due ambienti di sistema operativo, fisici o virtuali. Se il vostro server ha bisogno di pi\u00f9 di 16 core, potete acquistare licenze aggiuntive.<\/span><\/li>\n<li><strong>Ogni acquisto \u00e8 garantito<\/strong>: Se il nostro team non \u00e8 in grado di attivare il vostro acquisto, vi verr\u00e0 restituito il denaro.<\/li>\n<\/ul>\n<p>&nbsp;<\/p>\n<p>&nbsp;<\/p>\n","protected":false},"featured_media":16031,"comment_status":"open","ping_status":"closed","template":"","meta":{"_acf_changed":false},"product_brand":[],"product_cat":[119,124],"product_tag":[],"class_list":{"0":"post-16030","1":"product","2":"type-product","3":"status-publish","4":"has-post-thumbnail","6":"product_cat-microsoft-windows-server-it","7":"product_cat-windows-for-businesses-it","9":"first","10":"instock","11":"sale","12":"taxable","13":"shipping-taxable","14":"purchasable","15":"product-type-simple"},"acf":[],"_links":{"self":[{"href":"https:\/\/msofficestore.com\/it\/wp-json\/wp\/v2\/product\/16030","targetHints":{"allow":["GET"]}}],"collection":[{"href":"https:\/\/msofficestore.com\/it\/wp-json\/wp\/v2\/product"}],"about":[{"href":"https:\/\/msofficestore.com\/it\/wp-json\/wp\/v2\/types\/product"}],"replies":[{"embeddable":true,"href":"https:\/\/msofficestore.com\/it\/wp-json\/wp\/v2\/comments?post=16030"}],"wp:featuredmedia":[{"embeddable":true,"href":"https:\/\/msofficestore.com\/it\/wp-json\/wp\/v2\/media\/16031"}],"wp:attachment":[{"href":"https:\/\/msofficestore.com\/it\/wp-json\/wp\/v2\/media?parent=16030"}],"wp:term":[{"taxonomy":"product_brand","embeddable":true,"href":"https:\/\/msofficestore.com\/it\/wp-json\/wp\/v2\/product_brand?post=16030"},{"taxonomy":"product_cat","embeddable":true,"href":"https:\/\/msofficestore.com\/it\/wp-json\/wp\/v2\/product_cat?post=16030"},{"taxonomy":"product_tag","embeddable":true,"href":"https:\/\/msofficestore.com\/it\/wp-json\/wp\/v2\/product_tag?post=16030"}],"curies":[{"name":"wp","href":"https:\/\/api.w.org\/{rel}","templated":true}]}}