{"id":16032,"date":"2023-01-28T22:27:59","date_gmt":"2023-01-28T22:27:59","guid":{"rendered":"https:\/\/msofficestore.com\/product\/windows-11-home-retail-version\/"},"modified":"2024-01-10T08:47:49","modified_gmt":"2024-01-10T08:47:49","slug":"windows-11-home-retail-version","status":"publish","type":"product","link":"https:\/\/msofficestore.com\/it\/prodotto\/windows-11-home-retail-version\/","title":{"rendered":"Windows 11 Home Retail Version"},"content":{"rendered":"<blockquote>\n<h6 style=\"text-align: center;\">Il nostro team \u00e8 sempre disponibile online tramite <span style=\"color: #ff6600;\"><strong>live chat.<\/strong><\/span> Se avete domande, possiamo rispondervi in pochi secondi. <span style=\"color: #ff6600;\">Provate<\/span>.<\/h6>\n<\/blockquote>\n<p><strong>Date un&#8217;occhiata alle informazioni sul prodotto per Windows 11 Home<\/strong><\/p>\n<p>Cambiate il vostro modo di lavorare e ottenete di pi\u00f9, pi\u00f9 velocemente, con Windows 11 Home. Il sistema operativo, familiare ma migliorato, \u00e8 stato rinnovato con un design moderno ed elegante che consente di accedere facilmente agli elementi essenziali. Con i Layout Snap potete organizzare le finestre in griglie, creare desktop personalizzati per i diversi modi di utilizzo del dispositivo con i Desktop migliorati e avere i vostri widget preferiti a portata di mano nella barra delle applicazioni.<\/p>\n<p>Windows 11 Home \u00e8 stato progettato pensando alla sicurezza, per garantire la protezione dalle moderne minacce informatiche. Dal chip al cloud, i dispositivi certificati sono in grado di affrontare le sfide dei moderni attacchi informatici grazie ai nuovi e severi requisiti hardware, alla crittografia comprovata e alla migliore protezione contro le minacce informatiche di Microsoft.<\/p>\n<h3>Nuove entusiasmanti funzionalit\u00e0<\/h3>\n<p><strong> Interfaccia rinnovata.<\/strong><\/p>\n<p>Moderno e pulito, il nuovo design di Windows 11 \u00e8 pensato per ispirarvi e rendere piacevole l&#8217;utilizzo della piattaforma. Semplificato e modernizzato, il nuovo look del sistema operativo vi permette di avere il controllo e di accedere alle app che usate di pi\u00f9 in modo semplice e veloce. Godetevi un flusso di lavoro pi\u00f9 intuitivo e pi\u00f9 bello con Windows 11.<\/p>\n<p>&nbsp;<\/p>\n<p><img fetchpriority=\"high\" decoding=\"async\" class=\"\" src=\"https:\/\/cdn.shopify.com\/s\/files\/1\/2785\/1350\/files\/Windows-10-Microsoft-Edge-LicenceDeals.com.png?v=1565589058\" alt=\"Windows 10 Microsoft Edge LicenceDeals.com\" width=\"783\" height=\"783\"><\/p>\n<p><strong>Applicazioni Android integrate<\/strong><\/p>\n<p>Sar\u00e0 possibile accedere alle app Android tramite l&#8217;Amazon Store dall&#8217;interno del Microsoft Store aggiornato e affidabile. Mentre le versioni precedenti del sistema operativo prevedevano diversi trucchi per l&#8217;utilizzo delle app Android sul desktop, in Windows 11 sar\u00e0 nativo, consentendo una migliore esperienza utente. Anche la funzione di ricerca sar\u00e0 superiore alle versioni precedenti, in modo da poter trovare le app, i giochi, gli spettacoli e i film preferiti in modo pi\u00f9 rapido e semplice che mai.<\/p>\n<p><img decoding=\"async\" class=\"\" src=\"https:\/\/www.cnet.com\/a\/img\/resize\/92d7ba53b342c14f3920c751f89d49c4d0f66426\/hub\/2021\/06\/24\/421ddb84-dc44-46a1-9e36-570c26b4b353\/screen-shot-2021-06-24-at-4-32-07-pm.png?auto=webp&amp;width=1200\" alt=\"Applicazioni Android e Windows 11: ecco cosa c'\u00e8 da sapere - CNET\" width=\"932\" height=\"621\"><\/p>\n<p><strong>Rimanete in contatto con le persone a cui tenete.<\/strong><\/p>\n<p>Microsoft Teams \u00e8 migliore che mai con Windows 11! Avviate una riunione in un attimo accedendo ai team direttamente dalla nuova barra delle applicazioni centrata. Raggiungete le persone importanti ogni volta che ne avete voglia e inviate loro un rapido messaggio tramite la chat. La nuova e leggera esperienza di Windows 11 Teams sar\u00e0 disponibile per tutti coloro che utilizzano un account Microsoft personale.<\/p>\n<p><img decoding=\"async\" src=\"https:\/\/tomtalks.blog\/wp-content\/uploads\/2021\/07\/image-21.png\" alt=\"Esce l'anteprima di Microsoft Teams 2.0 su Windows 11 - Tom Talks\"><\/p>\n<p>&nbsp;<\/p>\n<p><strong>un migliore supporto per i desktop virtuali. <\/strong><\/p>\n<p>Create diversi desktop per il lavoro, la vita privata, la scuola, i giochi e altro ancora, e passate da uno all\u2019altro con soluzione di continuit\u00e0. Adattate i diversi desktop alle vostre esigenze specifiche e tenete le vostre attivit\u00e0 ben separate. Organizzate le vostre app preferite e le finestre aperte con i Layout Snap e i gruppi Snap in modo simile alle schermate divise, ma pi\u00f9 personalizzabile e flessibile. Questo \u00e8 particolarmente utile quando si lavora in multitasking, in quanto \u00e8 possibile separare facilmente le finestre aperte per un progetto da quelle per un altro e passare da una all&#8217;altra senza sforzo. Windows 11 consente inoltre di collegare e scollegare un monitor senza perdere la posizione delle finestre. Il multitasking non \u00e8 mai stato cos\u00ec facile.<\/p>\n<p><img decoding=\"async\" class=\"\" src=\"https:\/\/techwisegroup.com\/wp-content\/uploads\/2021\/08\/Windows-11-Virtual-Desktops.png\" alt=\"Desktop virtuali di Windows 11 | Gruppo TechWise\" width=\"1039\" height=\"484\"><\/p>\n<p><strong>Meglio con <a href=\"https:\/\/msofficestore.us\/product\/office-professional-plus-2021-for-windows\/\">Office 2021.<\/a><\/strong><br \/>\nWindows 11 \u00e8 la combinazione perfetta con le suite <a href=\"https:\/\/msofficestore.us\/product\/office-professional-plus-2021-for-windows\/\">Office 2021.<\/a> Oltre a potenti aggiornamenti per le sue app, Office 2021 ha ricevuto una rinfrescata visiva per adattarsi a Windows 11. Liberate tutto il potenziale del software di produttivit\u00e0 classico e raggiungete i vostri obiettivi.<\/p>\n<p>&nbsp;<\/p>\n<p><img loading=\"lazy\" decoding=\"async\" class=\"\" src=\"https:\/\/www.trustedreviews.com\/wp-content\/uploads\/sites\/54\/2021\/10\/Picture4-2048x1152-1.jpg\" alt=\"Microsoft Office 2021 arriva su Windows 11: ecco tutte le novit\u00e0 | Recensioni attendibili\" width=\"950\" height=\"534\"><\/p>\n<h6 style=\"text-align: left;\"><span style=\"color: #ff6600;\"><strong>Buone notizie! <\/strong><\/span><\/h6>\n<p>Attualmente \u00e8 in vendita Office 2021 e potete aggiungerlo al carrello con Windows 11 e ottenere uno sconto sul pacchetto!<br \/>\nPotete ordinarlo cliccando <strong><a href=\"https:\/\/msofficestore.us\/product\/office-professional-plus-2021-for-windows\/\">qui<\/a><\/strong><\/p>\n<p><strong>I vostri widget preferiti sono a portata di clic.<\/strong><br \/>\nPersonalizzate i vostri widget preferiti e accedete ad essi in modo rapido e semplice direttamente dalla barra delle applicazioni. Se volete rimanere aggiornati sulle notizie di tendenza, controllare il meteo, vedere le foto o fare altro, tutto questo sar\u00e0 a portata di clic. Configurate i widget a vostro piacimento e ottenete le informazioni che vi servono quando vi servono.<\/p>\n<p><img loading=\"lazy\" decoding=\"async\" class=\"\" src=\"https:\/\/cdn.vox-cdn.com\/thumbor\/EZTf5ANZPg3U4-eFBQtrBYt0vX8=\/0x0:3840x2160\/3840x2160\/filters:focal(1920x1080:1921x1081)\/cdn.vox-cdn.com\/uploads\/chorus_asset\/file\/22910889\/Screenshot__90_.png\" alt=\"Come lavorare con il pannello dei widget di Windows 11 - The Verge\" width=\"1052\" height=\"592\"><\/p>\n<p><strong>Compatibilit\u00e0 e requisiti<\/strong><\/p>\n<p>Assicuratevi di contattare il nostro supporto per verificare se il vostro dispositivo \u00e8 compatibile con Windows 11 e se soddisfa i requisiti.<\/p>\n<p><strong>Consegna immediata<\/strong><\/p>\n<p>MS Office Store vende solo prodotti digitali. Non vi verr\u00e0 inviato per posta un disco o un supporto di installazione.<\/p>\n<p>&nbsp;<\/p>\n<p>&nbsp;<\/p>\n<p>&nbsp;<\/p>\n<p>&nbsp;<\/p>\n<p>&nbsp;<\/p>\n","protected":false},"excerpt":{"rendered":"<ul>\n<li><strong>Assicurarsi di verificare la compatibilit\u00e0 con l&#8217;assistenza prima di ordinare il prodotto.<\/strong>\n<ul>\n<li><strong>Informazioni sul prodotto<\/strong>: Versioni retail a 64 bit, Windows 11 \u00e8 un sistema operativo (<strong>Office NON \u00e8 incluso e deve essere ordinato separatamente<\/strong><strong>).<\/strong><\/li>\n<li><strong>Produttore: Microsoft (Windows non \u00e8 compatibile con il Chromebook)<\/strong><\/li>\n<li>Non compatibile con i MAC Intel<\/li>\n<li><strong>Stato<\/strong>: Nuova licenza per 1 PC &#8211; Per acquisti in blocco, contattateci sulla live chat.<\/li>\n<li><strong>Consegna<\/strong>: Il download \u00e8 disponibile immediatamente dopo l&#8217;acquisto. Riceverete una licenza e le istruzioni via e-mail<\/li>\n<li><strong>A vita<\/strong>: Con un solo pagamento si ottiene una licenza a vita<\/li>\n<li><strong>Lingua<\/strong>: Questo prodotto \u00e8 globale e funziona in tutti i paesi, tutte le lingue sono disponibili.<\/li>\n<li><strong>Configurazione<\/strong>: Assistenza dal vivo durante l&#8217;installazione<\/li>\n<li><strong>Garanzia<\/strong>: Ogni acquisto \u00e8 coperto dalla nostra garanzia di soddisfazione del prodotto al 100%. Se il team di MS Office Store non \u00e8 in grado di attivare il vostro acquisto, vi verr\u00e0 restituito il denaro.<\/li>\n<\/ul>\n<\/li>\n<\/ul>\n","protected":false},"featured_media":16197,"comment_status":"open","ping_status":"closed","template":"","meta":{"_acf_changed":false},"product_brand":[],"product_cat":[118,123,125],"product_tag":[],"class_list":{"0":"post-16032","1":"product","2":"type-product","3":"status-publish","4":"has-post-thumbnail","6":"product_cat-microsoft-windows-11-it","7":"product_cat-windows-it","8":"product_cat-windows-for-personal-use-it","10":"first","11":"instock","12":"sale","13":"taxable","14":"shipping-taxable","15":"purchasable","16":"product-type-simple"},"acf":[],"_links":{"self":[{"href":"https:\/\/msofficestore.com\/it\/wp-json\/wp\/v2\/product\/16032","targetHints":{"allow":["GET"]}}],"collection":[{"href":"https:\/\/msofficestore.com\/it\/wp-json\/wp\/v2\/product"}],"about":[{"href":"https:\/\/msofficestore.com\/it\/wp-json\/wp\/v2\/types\/product"}],"replies":[{"embeddable":true,"href":"https:\/\/msofficestore.com\/it\/wp-json\/wp\/v2\/comments?post=16032"}],"wp:featuredmedia":[{"embeddable":true,"href":"https:\/\/msofficestore.com\/it\/wp-json\/wp\/v2\/media\/16197"}],"wp:attachment":[{"href":"https:\/\/msofficestore.com\/it\/wp-json\/wp\/v2\/media?parent=16032"}],"wp:term":[{"taxonomy":"product_brand","embeddable":true,"href":"https:\/\/msofficestore.com\/it\/wp-json\/wp\/v2\/product_brand?post=16032"},{"taxonomy":"product_cat","embeddable":true,"href":"https:\/\/msofficestore.com\/it\/wp-json\/wp\/v2\/product_cat?post=16032"},{"taxonomy":"product_tag","embeddable":true,"href":"https:\/\/msofficestore.com\/it\/wp-json\/wp\/v2\/product_tag?post=16032"}],"curies":[{"name":"wp","href":"https:\/\/api.w.org\/{rel}","templated":true}]}}