{"id":16035,"date":"2021-12-11T11:07:00","date_gmt":"2021-12-11T11:07:00","guid":{"rendered":"https:\/\/msofficestore.com\/product\/mac-office-2021-home-and-business-per-mac-retail\/"},"modified":"2024-01-10T09:25:56","modified_gmt":"2024-01-10T09:25:56","slug":"mac-office-2021-home-and-business-per-mac-retail","status":"publish","type":"product","link":"https:\/\/msofficestore.com\/it\/prodotto\/mac-office-2021-home-and-business-per-mac-retail\/","title":{"rendered":"Mac Office 2021 Home and Business Per Mac Retail"},"content":{"rendered":"<p><strong>Office 2021 Home and Business per Mac \u00e8 la soluzione perfetta per le piccole imprese che desiderano risparmiare tempo e denaro sulle loro esigenze d&#8217;ufficio, con funzioni specificamente pensate per gli imprenditori.<\/strong><br \/>\nQuesta nuova edizione di Microsoft Office \u00e8 stata sviluppata da dirigenti d&#8217;azienda che conoscono bene le esigenze di un&#8217;attivit\u00e0 in proprio, aiutandovi a semplificare compiti come la fatturazione o la programmazione di riunioni, pur fornendo tutti i programmi software chiave come Word ed Excel, necessari per qualsiasi ambiente di lavoro moderno.<br \/>\nOffice 2021 offre un ottimo modo per accedere ai propri strumenti da qualsiasi parte del mondo. Con l&#8217;edizione Home &amp; Business di Office 2021, potrete lavorare in modo pi\u00f9 efficiente che mai.<\/p>\n<p><img decoding=\"async\" src=\"https:\/\/eu.keysworlds.com\/media\/wysiwyg\/microsoft-office-icons.jpeg\" alt=\"Office Home And Business 2021 Per Mac Chiave \" width=\"70%\"><\/p>\n<p><strong>Microsoft Word 2021 per Mac<\/strong><\/p>\n<p>Il software di elaborazione testi che amate usare per saggi e documenti \u00e8 tornato, ma questa volta \u00e8 migliore che mai. Con nuove funzioni che rendono la scrittura pi\u00f9 coesa in qualsiasi occasione, sia che si tratti di lavori scolastici che di progetti domestici, la vostra app preferita \u00e8 stata ampliata con fantastici assi nella manica!<\/p>\n<p><strong>Microsoft Excel 2021 per Mac<\/strong><\/p>\n<p>Microsoft Excel 2021 \u00e8 l&#8217;applicazione per fogli di calcolo pi\u00f9 completa e facile da usare presente sul mercato. Migliorate le vostre capacit\u00e0 di analisi dei dati con tutte queste nuove funzioni, pensate proprio per persone come voi!<\/p>\n<p><strong>Microsoft PowerPoint 2021 per Mac<\/strong><\/p>\n<p>PowerPoint 2021 \u00e8 perfetto per chi vuole creare presentazioni accattivanti e condividerle in modo da attirare l&#8217;attenzione pi\u00f9 di prima. Con i miglioramenti apportati da Microsoft stessa e le nuove funzionalit\u00e0 aggiunte, non potete sbagliare!<\/p>\n<p><strong>Microsoft Outlook 2021 per Mac<\/strong><\/p>\n<p>Focalizzato. Organizzato. Reattivo. Le e-mail sono la spina dorsale di un\u2019azienda di successo. Dovete essere in grado di vederle chiaramente e di accedervi anche quando siete in movimento! Outlook 2021 migliora tutti gli aspetti della posta elettronica, compresa la formattazione, i contatti e gli allegati. \u00c8 pi\u00f9 facile che mai per voi o per la vostra organizzazione raggiungere clienti o colleghi con Outlook 2021 a portata di mano.<\/p>\n<p>&nbsp;<\/p>\n<div class=\"indexes__Attribute-sc-1ko3ckw-126 indexes__AttributeHeader-sc-1ko3ckw-127 dfwZPk gQQziy\">\n<div class=\"indexes__AttributeWrapper-sc-1ko3ckw-125 jESmsE\">\n<p><strong>Requisiti minimi:<\/strong><\/p>\n<\/div>\n<\/div>\n<div class=\"indexes__Attribute-sc-1ko3ckw-126 fHMqTl\">\n<div class=\"indexes__AttributeWrapper-sc-1ko3ckw-125 jESmsE\">\n<p class=\"indexes__Name-sc-1ko3ckw-128 gjAYPp\"><strong>PROCESSORE<\/strong><\/p>\n<p class=\"indexes__Value-sc-1ko3ckw-129 cXIynk\">1,6 GHz, processore a 2 core\/ MacOS recente<\/p>\n<\/div>\n<\/div>\n<div class=\"indexes__Attribute-sc-1ko3ckw-126 gLWeDO\">\n<div class=\"indexes__AttributeWrapper-sc-1ko3ckw-125 jESmsE\">\n<p class=\"indexes__Name-sc-1ko3ckw-128 gjAYPp\"><strong>GRAFICA<\/strong><\/p>\n<p class=\"indexes__Value-sc-1ko3ckw-129 cXIynk\">Display 1280 x 800 per Mac<\/p>\n<\/div>\n<\/div>\n<div class=\"indexes__Attribute-sc-1ko3ckw-126 jolvHP\">\n<div class=\"indexes__AttributeWrapper-sc-1ko3ckw-125 jESmsE\">\n<p class=\"indexes__Name-sc-1ko3ckw-128 gjAYPp\"><strong>MEMORIA<\/strong><\/p>\n<p class=\"indexes__Value-sc-1ko3ckw-129 cXIynk\">4 GB RAM<\/p>\n<\/div>\n<\/div>\n<div class=\"indexes__Attribute-sc-1ko3ckw-126 jHccqQ\">\n<div class=\"indexes__AttributeWrapper-sc-1ko3ckw-125 jESmsE\">\n<p class=\"indexes__Name-sc-1ko3ckw-128 gjAYPp\"><strong>SPAZIO DISCO<\/strong><\/p>\n<p class=\"indexes__Value-sc-1ko3ckw-129 cXIynk\">4 GB di spazio disponibile<\/p>\n<\/div>\n<\/div>\n<div class=\"indexes__Attribute-sc-1ko3ckw-126 TVJVV\">\n<div class=\"indexes__AttributeWrapper-sc-1ko3ckw-125 jESmsE\">\n<p class=\"indexes__Name-sc-1ko3ckw-128 gjAYPp\"><strong>SISTEMA<\/strong><\/p>\n<p class=\"indexes__Value-sc-1ko3ckw-129 cXIynk\">Mac OS<\/p>\n<\/div>\n<\/div>\n<div class=\"indexes__Attribute-sc-1ko3ckw-126 fSVnKq\">\n<div class=\"indexes__AttributeWrapper-sc-1ko3ckw-125 jESmsE\">\n<p class=\"indexes__Name-sc-1ko3ckw-128 gjAYPp\"><strong>ALTRO<\/strong><\/p>\n<p class=\"indexes__Value-sc-1ko3ckw-129 cXIynk\">Ulteriori requisiti di sistema: Accesso a Internet Account Microsoft<\/p>\n<\/div>\n<\/div>\n","protected":false},"excerpt":{"rendered":"<ul>\n<li>Office Home and Business 2021 Versione Retail<\/li>\n<li>Il download \u00e8 disponibile immediatamente dopo l&#8217;acquisto &#8211; Un codice di attivazione verr\u00e0 inviato via e-mail.<\/li>\n<li>Con un solo pagamento si ottiene una licenza a vita<\/li>\n<li>Nuova licenza per 1 dispositivo Mac &#8211; Se volete acquistare pi\u00f9 licenze contattateci sulla live chat.<\/li>\n<li>Per funzionare richiede macOS 11 (Big Sur) o superiore<\/li>\n<li>Include le versioni 2021 delle classiche applicazioni per ufficio, tra cui Word, PowerPoint, Excel e Outlook. Queste sono licenze per uso domestico e commerciale<\/li>\n<li>Ogni acquisto \u00e8 coperto dalla nostra garanzia di soddisfazione del prodotto al 100%. Se il team di MS Office Store non \u00e8 in grado di attivare il vostro acquisto, vi verr\u00e0 restituito il denaro.<\/li>\n<\/ul>\n","protected":false},"featured_media":16036,"comment_status":"closed","ping_status":"closed","template":"","meta":{"_acf_changed":false},"product_brand":[],"product_cat":[113,114],"product_tag":[],"class_list":{"0":"post-16035","1":"product","2":"type-product","3":"status-publish","4":"has-post-thumbnail","6":"product_cat-ms-office-it","7":"product_cat-mac-microsoft-office-it","9":"first","10":"instock","11":"sale","12":"taxable","13":"shipping-taxable","14":"purchasable","15":"product-type-simple"},"acf":[],"_links":{"self":[{"href":"https:\/\/msofficestore.com\/it\/wp-json\/wp\/v2\/product\/16035","targetHints":{"allow":["GET"]}}],"collection":[{"href":"https:\/\/msofficestore.com\/it\/wp-json\/wp\/v2\/product"}],"about":[{"href":"https:\/\/msofficestore.com\/it\/wp-json\/wp\/v2\/types\/product"}],"replies":[{"embeddable":true,"href":"https:\/\/msofficestore.com\/it\/wp-json\/wp\/v2\/comments?post=16035"}],"wp:featuredmedia":[{"embeddable":true,"href":"https:\/\/msofficestore.com\/it\/wp-json\/wp\/v2\/media\/16036"}],"wp:attachment":[{"href":"https:\/\/msofficestore.com\/it\/wp-json\/wp\/v2\/media?parent=16035"}],"wp:term":[{"taxonomy":"product_brand","embeddable":true,"href":"https:\/\/msofficestore.com\/it\/wp-json\/wp\/v2\/product_brand?post=16035"},{"taxonomy":"product_cat","embeddable":true,"href":"https:\/\/msofficestore.com\/it\/wp-json\/wp\/v2\/product_cat?post=16035"},{"taxonomy":"product_tag","embeddable":true,"href":"https:\/\/msofficestore.com\/it\/wp-json\/wp\/v2\/product_tag?post=16035"}],"curies":[{"name":"wp","href":"https:\/\/api.w.org\/{rel}","templated":true}]}}