{"id":16037,"date":"2021-12-11T11:06:59","date_gmt":"2021-12-11T11:06:59","guid":{"rendered":"https:\/\/msofficestore.com\/product\/office-professional-plus-2021-per-windows\/"},"modified":"2024-01-10T09:24:10","modified_gmt":"2024-01-10T09:24:10","slug":"office-professional-plus-2021-per-windows","status":"publish","type":"product","link":"https:\/\/msofficestore.com\/it\/prodotto\/office-professional-plus-2021-per-windows\/","title":{"rendered":"Office Professional Plus 2021 per Windows"},"content":{"rendered":"<div class=\"product media\"><\/div>\n<div class=\"product info detailed \">\n<div class=\"product data items \" role=\"tablist\">\n<blockquote>\n<div id=\"tab-label-description\" class=\"data item title active\" role=\"tab\" data-role=\"collapsible\" data-collapsible=\"true\"><strong style=\"color: #000000; font-size: medium;\">Preparatevi per la suite per ufficio pi\u00f9 completa di tutti i tempi<br \/>\n<\/strong><\/div>\n<\/blockquote>\n<div id=\"description\" class=\"data item content\" role=\"tabpanel\" data-role=\"content\" aria-labelledby=\"tab-label-description\" aria-hidden=\"false\">\n<div class=\"product attribute description\">\n<div class=\"value\">\n<p><span style=\"color: #000000;\">In <strong>Microsoft Office 2021 Professional Plus<\/strong> troverete nuove funzioni di co-authoring, strumenti di inchiostrazione, tipi di dati, funzioni, strumenti di traduzione e modifica, motion graphics, caratteristiche di facilit\u00e0 d&#8217;uso e molto altro ancora. Gli sviluppatori di Microsoft hanno lavorato anche sulle prestazioni. Nella vita di tutti i giorni, le applicazioni quotidiane devono avere una risposta pi\u00f9 veloce, soprattutto per i computer pi\u00f9 deboli; questo rappresenta un miglioramento significativo e un motivo per fare un aggiornamento.<\/span><\/p>\n<p><span style=\"color: #000000; font-size: small;\"><strong>Quali programmi sono inclusi nella suite software?<\/strong><\/span><\/p>\n<p><span style=\"color: #000000;\">La nuova versione include <strong>Word, Excel, OneNote, Powerpoint, Outlook, Publisher, Access e Teams<\/strong>.<\/span><\/p>\n<p><span style=\"color: #000000; font-size: small;\"><strong>Cosa c&#8217;\u00e8 di nuovo in Microsoft Office 2021 Professional Plus?<\/strong><\/span><\/p>\n<p><span style=\"color: #000000;\">In Microsoft Office 2021 Professional sono presenti molte nuove funzionalit\u00e0 cross-app che rendono il lavoro molto pi\u00f9 semplice e allo stesso tempo aumentano l&#8217;efficienza. Una modalit\u00e0 scura estesa influisce sull&#8217;ottica, ad esempio, ma allo stesso tempo crea una migliore panoramica sul desktop quando si utilizzano diversi programmi.<\/span><\/p>\n<p><span style=\"color: #000000;\"><strong>Documenti con pi\u00f9 autori<\/strong><\/span> <span style=\"color: #000000;\">&#8211; Con il co-authoring in tempo reale, \u00e8 possibile lavorare contemporaneamente con altri sullo stesso documento. Non c&#8217;\u00e8 bisogno di inviare note o e-mail supplementari, perch\u00e9 tutti riceveranno una notifica quando un file viene aggiornato.<\/span><\/p>\n<p><span style=\"color: #000000;\"><strong>Migliore collaborazione con i commenti moderni<\/strong><\/span> &#8211; <span style=\"color: #000000;\">Potete controllare quando inviare i commenti ai vostri coautori ed essere produttivi con un&#8217;esperienza di commento coerente tra Word, Excel e PowerPoint.<\/span><\/p>\n<p><span style=\"color: #000000;\"><strong>Sapere chi \u00e8 presente nel documento<\/strong><\/span> <span style=\"color: #000000;\">&#8211; Vedere chi sta lavorando con voi e a che punto del documento si trova. Troverete questa esperienza in Word, Excel e PowerPoint.<\/span><\/p>\n<p><span style=\"color: #000000;\"><strong>Aggiornamento visivo<\/strong><\/span> <span style=\"color: #000000;\">&#8211; Lavorate con un&#8217;esperienza di avvio modernizzata e schede rinnovate nella barra multifunzione. Uno stile chiaro e pulito con un&#8217;iconografia monolinea, una palette di colori neutri e angoli delle finestre pi\u00f9 morbidi. Questi aggiornamenti comunicano l&#8217;azione e forniscono funzionalit\u00e0 con immagini semplici.<\/span><\/p>\n<p><span style=\"color: #000000;\"><strong>Scoprite le novit\u00e0 sui media stock<\/strong><\/span> &#8211; <span style=\"color: #000000;\">Aggiungiamo costantemente altri contenuti multimediali alla collezione Office Premium Creative Content, una libreria curata di immagini stock, icone e altro ancora che vi aiutano a esprimere voi stessi.<\/span><\/p>\n<p><span style=\"color: #000000;\"><strong>Trovate ci\u00f2 che vi serve con Microsoft Search<\/strong><\/span> <span style=\"color: #000000;\">&#8211; Nella parte superiore delle applicazioni di Microsoft Office su Windows, si trova la nuova casella di ricerca Microsoft. Questo potente strumento vi aiuta a trovare rapidamente ci\u00f2 che cercate, dal testo ai comandi, alla guida e altro ancora.<\/span><\/p>\n<p><span style=\"color: #000000;\"><strong>Aumentare la portata dei vostri contenuti<\/strong><\/span> <span style=\"color: #000000;\">&#8211; Accessibility Checker tiene d&#8217;occhio i vostri documenti e vi segnala nella barra di stato quando trova qualcosa che dovreste controllare. Provate facendo clic su Rivedi &gt; Controlla l&#8217;accessibilit\u00e0.<\/span><\/p>\n<p><span style=\"color: #000000;\"><strong>Miglioramenti delle prestazioni<\/strong><\/span> <span style=\"color: #000000;\">&#8211; Migliorate le prestazioni, la stabilit\u00e0 e la velocit\u00e0 di Word, Excel, PowerPoint e Outlook. Ottenete calcoli pi\u00f9 rapidi da funzioni Excel comuni come SUMIF, COUNTIF e AVERAGEIF.<\/span><\/p>\n<p><span style=\"color: #000000;\"><strong>Scheda Disegno aggiornata<\/strong><\/span> <span style=\"color: #000000;\">&#8211; Accesso rapido e modifica del colore di tutti gli strumenti di inchiostrazione in un&#8217;unica posizione. Semplificate il modo in cui lavorate con l&#8217;inchiostro grazie alle nuove aggiunte della scheda Disegno: Gomma per punti, Righello e Lazo.<\/span><\/p>\n<p><span style=\"color: #000000;\"><strong>Salvate le modifiche man mano che vengono apportate:<\/strong><\/span> <span style=\"color: #000000;\">caricate i file su OneDrive, OneDrive for Business o SharePoint Online per assicurarvi che tutti gli aggiornamenti vengano salvati automaticamente.<\/span><\/p>\n<p><span style=\"color: #000000;\"><strong>Supporto per il formato OpenDocument (ODF) 1.3<\/strong><\/span> <span style=\"color: #000000;\">&#8211; Supporto per il formato OpenDocument (ODF) 1.3 La specifica ODF 1.3 aggiunge il supporto per molte nuove funzionalit\u00e0.<\/span><\/p>\n<p><span style=\"color: #000000;\"><strong>Provate il contorno dello stile Schizzo<\/strong><\/span> <span style=\"color: #000000;\">&#8211; \u00c8 possibile dare un aspetto casuale e disegnato a mano alle forme nelle presentazioni con il contorno stile Schizzo. Provate le opzioni Curva, Mano libera o Schizzo su Forma &gt; Linea &gt; Stile schizzo.<\/span><\/p>\n<p><span style=\"color: #000000;\"><strong>Scegliere il colore perfetto<\/strong><\/span> <span style=\"color: #000000;\">&#8211; Nuovo campo di immissione nella finestra di dialogo Colori per i valori dei colori esadecimali. Ora non dovrete perdere tempo a convertire i valori di colore Hex in valori RGB. Per qualsiasi propriet\u00e0 in cui \u00e8 possibile definire il colore, \u00e8 ora possibile inserire un valore di colore esadecimale nella casella Hex, ad esempio #0F4C81 o 444.<\/span><\/p>\n<p><span style=\"color: #000000; font-size: small;\"><strong>Innovazioni rivoluzionarie in Excel<\/strong><\/span><\/p>\n<p><span style=\"color: #000000;\"><strong>Guarda a sinistra, guarda a destra&#8230; XLOOKUP \u00e8 qui!<\/strong><\/span> <span style=\"color: #000000;\">&#8211; Riga per riga, trovate tutto ci\u00f2 che vi serve in una tabella o in un intervallo con XLOOKUP.<\/span><\/p>\n<p><span style=\"color: #000000;\"><strong>Disposizioni dinamiche<\/strong><\/span> <span style=\"color: #000000;\">&#8211; Scrivete una formula e vi restituir\u00e0 una certa disposizione di valori. Velocizzate i calcoli e gli approfondimenti con sei nuove funzioni: FILTRO, ORDINE, ORDINE PER, UNICO, SEQUENZA e RANDARRAY.<\/span><\/p>\n<p><span style=\"color: #000000;\"><strong>Funzione LET<\/strong><\/span> <span style=\"color: #000000;\">&#8211; La funzione LET assegna nomi ai risultati dei calcoli. Ci\u00f2 consente di memorizzare calcoli intermedi, valori o definire nomi all&#8217;interno di una formula.<\/span><\/p>\n<p><span style=\"color: #000000;\"><strong>Funzione XMATCH<\/strong><\/span> <span style=\"color: #000000;\">&#8211; La funzione XMATCH cerca un elemento specificato in una matrice o in un intervallo di celle e restituisce la posizione relativa dell&#8217;elemento. \u00c8 possibile utilizzare XMATCH anche per restituire un valore in una matrice.<\/span><\/p>\n<p><span style=\"color: #000000;\"><strong>Visualizzazioni del foglio<\/strong><\/span> <span style=\"color: #000000;\">&#8211; Create visualizzazioni personalizzate in un foglio di lavoro Excel senza disturbare gli altri.<\/span><\/p>\n<p><span style=\"color: #000000;\"><strong>Barra multifunzione Accessibilit\u00e0<\/strong><\/span> <span style=\"color: #000000;\">&#8211; La barra multifunzione Accessibilit\u00e0 riunisce in un unico punto tutti gli strumenti necessari per creare contenuti accessibili.<\/span><\/p>\n<p><span style=\"color: #000000; font-size: small;\"><strong>Ci sono molte novit\u00e0 da scoprire in Powerpoint<\/strong><\/span><\/p>\n<p><span style=\"color: #000000;\"><strong>Record Slide Show nuovo e migliorato<\/strong><\/span> <span style=\"color: #000000;\">&#8211; Record Slide Show ora supporta la registrazione video del presentatore, la registrazione inchiostro e la registrazione del puntatore laser.<\/span><\/p>\n<p><span style=\"color: #000000;\"><strong>Ink Replay &#8211; Animazione diapositiva per l&#8217;oggetto Inchiostro<\/strong><\/span> <span style=\"color: #000000;\">&#8211; Ora potete applicare la nuova animazione Replay o Rewind all&#8217;inchiostro e ottenere l&#8217;effetto disegno direttamente nelle vostre presentazioni. \u00c8 possibile regolare la tempistica di queste animazioni in modo che siano pi\u00f9 veloci o pi\u00f9 lente per adattarsi all&#8217;esperienza desiderata.<\/span><\/p>\n<p><span style=\"color: #000000;\"><strong>Disporre gli elementi delle diapositive per i lettori dello schermo<\/strong><\/span><span style=\"color: #000000;\">: vedere gli elementi in ordine di lettura e riorganizzarli se necessario per comunicare efficacemente il messaggio.<\/span><\/p>\n<p><span style=\"color: #000000;\"><strong>Link a una diapositiva<\/strong><\/span> <span style=\"color: #000000;\">&#8211; Chiedete a un collega di contribuire alla vostra diapositiva e fatelo partire direttamente dalla diapositiva per la quale avete bisogno di aiuto.<\/span><\/p>\n<p><span style=\"color: #000000; font-size: small;\"><strong>Molte innovazioni in Outlook<\/strong><\/span><\/p>\n<p><span style=\"color: #000000;\"><strong>Traduttore e inchiostro in Outlook<\/strong><\/span> <span style=\"color: #000000;\">&#8211; Traducete al volo i messaggi di posta elettronica in oltre 70 lingue e visualizzate la trascrizione, il tutto all&#8217;interno di Outlook. Annotate le immagini delle e-mail o disegnate in un&#8217;area separata usando il dito, la penna o il mouse.<\/span><\/p>\n<p><span style=\"color: #000000;\"><strong>Utilizzare la ricerca istantanea per trovare rapidamente i messaggi di posta elettronica<\/strong><\/span> <span style=\"color: #000000;\">&#8211; Selezionare la barra di ricerca (situata sopra la barra multifunzione di Outlook) per trovare i messaggi di posta elettronica in qualsiasi punto di Outlook.<\/span><\/p>\n<p><span style=\"color: #000000; font-size: small;\"><strong>Molte nuove funzioni in Access<\/strong><\/span><\/p>\n<p><span style=\"color: #000000;\"><strong>Aggiornare, ricollegare o rimuovere le tabelle collegate<\/strong><\/span> <span style=\"color: #000000;\">&#8211; La Gestione tabelle collegate aggiornata \u00e8 una posizione centrale per visualizzare e gestire tutte le fonti di dati e le tabelle collegate in un database Access. Scoprite tutti i miglioramenti apportati a Linked Table Manager in base ai vostri commenti.<\/span><\/p>\n<p><span style=\"color: #000000;\"><strong>Provate il nuovo tipo di dati Date\/Time Extended in Access<\/strong><\/span> <span style=\"color: #000000;\">&#8211; Per migliorare la compatibilit\u00e0 della sintassi con SQL e aumentare l&#8217;accuratezza e il livello di dettaglio dei record che includono date e orari, abbiamo implementato in Access il tipo di dati DateTime2 di SQL.<\/span><\/p>\n<p><span style=\"color: #000000;\"><strong>Tenete sotto controllo gli oggetti del database in Access:<\/strong><\/span> <span style=\"color: #000000;\">potete vedere chiaramente la scheda attiva, trascinare facilmente le schede per riorganizzarle e chiudere gli oggetti del database con un solo clic.<\/span><\/p>\n<p><span style=\"color: #000000; font-size: small;\"><strong>Un importante miglioramento in Word<\/strong><\/span><\/p>\n<p><span style=\"color: #000000;\"><strong>Migliorare la comprensione con Line Focus<\/strong><\/span> <span style=\"color: #000000;\">&#8211; Sfruttate un documento in Word, riga per riga, senza distrazioni. Regolare la messa a fuoco per visualizzare una, tre o cinque righe alla volta.<\/span><\/p>\n<p><span style=\"color: #000000; font-size: small;\"><strong>Microsoft Teams nuovo in Office 2021<\/strong><\/span><\/p>\n<p><span style=\"color: #000000;\">Finora il software &#8220;Skype&#8221; per le videoconferenze faceva parte della dotazione standard di Office 2019 e delle versioni precedenti. Con Microsoft Office 2021 Professional Plus e l&#8217;imminente Windows 11, tuttavia, questa situazione appartiene al passato. Da qualche tempo Microsoft incoraggia gli utenti a passare all&#8217;alternativa &#8220;Teams&#8221;, che sta diventando parte integrante della suite Office. Il client Skype for Business non \u00e8 quindi pi\u00f9 incluso, ma non \u00e8 stato eliminato senza essere sostituito. Le videoconferenze con gruppi numerosi, i sondaggi tra tutti i partecipanti o la condivisione estesa di diversi file sono disponibili come funzioni pratiche nella versione rivista di Microsoft Teams.<\/span><\/p>\n<p><span style=\"color: #000000; font-size: small;\"><strong>Quali sono i requisiti di sistema?<\/strong><\/span><\/p>\n<p><span style=\"color: #000000;\"><i>Questi sono i requisiti minimi di sistema per l&#8217;installazione del software su un PC. Se il dispositivo non soddisfa questi requisiti, potrebbe non essere possibile installarlo.<\/i><\/span><\/p>\n<p><span style=\"color: #000000;\"><strong>Sistema operativo<\/strong>: Windows 10\/11, Windows Server 2019\/2021, Apple non \u00e8 supportato.<\/span><\/p>\n<p><span style=\"color: #000000;\"><strong>Processore<\/strong> -1 gigahertz (GHz) o pi\u00f9 veloce<\/span><\/p>\n<p><span style=\"color: #000000;\"><strong>RAM<\/strong> -2 GB<\/span><\/p>\n<p><span style=\"color: #000000;\"><strong>Memoria<\/strong> -3 GB<\/span><\/p>\n<p><span style=\"color: #000000;\"><strong>Scheda grafica<\/strong> -DirectX 10 o superiore<\/span><\/p>\n<p><span style=\"color: #000000;\"><strong>Display<\/strong> -1280 x 800 o superiore<\/span><\/p>\n<p><span style=\"color: #000000;\"><strong>Altro<\/strong> &#8211; Connessione a Internet, Account Microsoft (\u00e8 gratuito)<\/span><\/p>\n<\/div>\n<\/div>\n<\/div>\n<\/div>\n<\/div>\n","protected":false},"excerpt":{"rendered":"<ul>\n<li>Per l&#8217;installazione \u00e8 necessario <strong>Windows 10\/11<\/strong><\/li>\n<li><strong>Non compatibile<\/strong> con MAC<\/li>\n<li><strong>La licenza \u00e8 solo per 1 PC<\/strong> &#8211; Per acquisti in blocco, contattateci nella chat online.<\/li>\n<li>Il download \u00e8 disponibile immediatamente dopo l&#8217;acquisto<\/li>\n<li>Con un solo pagamento si ottiene una licenza a vita (<strong>dispositivo singolo<\/strong>)<\/li>\n<li>Accesso all&#8217;eccezionale team di assistenza post-vendita<\/li>\n<li><strong>Garanzia<\/strong>: Ogni acquisto \u00e8 coperto dalla nostra garanzia di soddisfazione del prodotto al 100%. Se il team di MS Office Store non \u00e8 in grado di attivare il vostro acquisto, vi verr\u00e0 restituito il denaro.<\/li>\n<\/ul>\n","protected":false},"featured_media":16038,"comment_status":"closed","ping_status":"closed","template":"","meta":{"_acf_changed":false},"product_brand":[],"product_cat":[113,115],"product_tag":[],"class_list":{"0":"post-16037","1":"product","2":"type-product","3":"status-publish","4":"has-post-thumbnail","6":"product_cat-ms-office-it","7":"product_cat-microsoft-office-for-windows-it","9":"first","10":"instock","11":"sale","12":"taxable","13":"shipping-taxable","14":"purchasable","15":"product-type-simple"},"acf":[],"_links":{"self":[{"href":"https:\/\/msofficestore.com\/it\/wp-json\/wp\/v2\/product\/16037","targetHints":{"allow":["GET"]}}],"collection":[{"href":"https:\/\/msofficestore.com\/it\/wp-json\/wp\/v2\/product"}],"about":[{"href":"https:\/\/msofficestore.com\/it\/wp-json\/wp\/v2\/types\/product"}],"replies":[{"embeddable":true,"href":"https:\/\/msofficestore.com\/it\/wp-json\/wp\/v2\/comments?post=16037"}],"wp:featuredmedia":[{"embeddable":true,"href":"https:\/\/msofficestore.com\/it\/wp-json\/wp\/v2\/media\/16038"}],"wp:attachment":[{"href":"https:\/\/msofficestore.com\/it\/wp-json\/wp\/v2\/media?parent=16037"}],"wp:term":[{"taxonomy":"product_brand","embeddable":true,"href":"https:\/\/msofficestore.com\/it\/wp-json\/wp\/v2\/product_brand?post=16037"},{"taxonomy":"product_cat","embeddable":true,"href":"https:\/\/msofficestore.com\/it\/wp-json\/wp\/v2\/product_cat?post=16037"},{"taxonomy":"product_tag","embeddable":true,"href":"https:\/\/msofficestore.com\/it\/wp-json\/wp\/v2\/product_tag?post=16037"}],"curies":[{"name":"wp","href":"https:\/\/api.w.org\/{rel}","templated":true}]}}