{"id":16041,"date":"2021-04-04T13:28:48","date_gmt":"2021-04-04T12:28:48","guid":{"rendered":"https:\/\/msofficestore.com\/product\/kaspersky-small-office-security\/"},"modified":"2024-01-10T09:58:29","modified_gmt":"2024-01-10T09:58:29","slug":"kaspersky-small-office-security","status":"publish","type":"product","link":"https:\/\/msofficestore.com\/it\/prodotto\/kaspersky-small-office-security\/","title":{"rendered":"Kaspersky Small Office Security"},"content":{"rendered":"<div class=\"ProductOverview-module--welcomeSection--lYFkJ\">\n<div class=\"ProductOverview-module--description--3K4lH\">\n<div class=\"ProductOverview-module--productDescription--2hX1t\">\n<div class=\"FormattedHTMLContent-module--host--2o1Qf\">\n<p><span style=\"font-weight: 400;\"><strong>Kaspersky Small Office Security offre protezione tutto il giorno per team fino a 25 persone.<\/strong> Funziona su PC Mac e Windows, oltre che su computer portatili, file server e dispositivi mobili. <\/span><\/p>\n<p><span style=\"font-weight: 400;\">Potete proteggere il vostro team contro le minacce sconosciute, note e avanzate con questo software conveniente che fa tutto. \u00c8 possibile integrare senza problemi la sicurezza nella configurazione esistente. Tutti i dispositivi possono essere monitorati con la massima semplicit\u00e0 tramite un portale online. Include una suite di strumenti: protezione ransomware System Watcher, Safe Money, che protegge le transazioni finanziarie online, crittografia dei file, gestione delle password, backup dei dati e sicurezza dei dispositivi mobili.<\/span><\/p>\n<p><b>Con questo software \u00e8 possibile proteggere fino a 25 utenti. <\/b><\/p>\n<\/div>\n<\/div>\n<\/div>\n<\/div>\n<div class=\"ProductOverview-module--buySection--16ZrN\">\n<div class=\"BuyBlock-module--host--2Yeuj\" data-at-selector=\"buy-block\" data-at-bb-title=\"Kaspersky Small Office Security\">\n<div class=\"BuyBlock-module--shadow--2bYEy\">\n<div>\n<div class=\"LicenseParameters-module--item--3rTfQ\">\n<div class=\"InteractiveElement-module--container--2mLIY\"><\/div>\n<\/div>\n<\/div>\n<\/div>\n<\/div>\n<\/div>\n<div class=\"LicenseParameters-module--item--3rTfQ\">\n<div class=\"InteractiveElement-module--container--2mLIY\">\n<div class=\"InteractiveElement-module--fakeBorder--1fhMu InteractiveElement-module--injectNewDesign--1haXb\"><\/div>\n<\/div>\n<\/div>\n<div class=\"LicenseParameters-module--item--3rTfQ\"><\/div>\n<div class=\"Divider-module--dividerContainer--3q8Lu\">\n<div class=\"Divider-module--divider--1wB6h\"><\/div>\n<\/div>\n<div class=\"AutoRenew-module--host--X5R8r\">\n<div class=\"BBAutoRenewal-module--host--16tdt\" data-bb-match-height=\"\">\n<div class=\"BBAutoRenewal-module--autoRenew--3RBRR\">\n<div class=\"Checkbox-module--checkbox--2Dhtr Checkbox-module--checkboxChecked--Z8J-S BBAutoRenewal-module--checkbox--3BIoC\">\n<div class=\"OutboundsRipple-module--host--1Vzgs\"><\/div>\n<div class=\"Checkbox-module--tick--2EJLx\">\n<div class=\"Checkbox-module--tickIcon--3tnok\"><\/div>\n<\/div>\n<\/div>\n<\/div>\n<\/div>\n<\/div>\n<div class=\"Checkbox-module--checkbox--2Dhtr Checkbox-module--checkboxChecked--Z8J-S BBAutoRenewal-module--checkbox--3BIoC\"><\/div>\n<p><span style=\"font-weight: 400;\">La copertura si rinnova automaticamente e la vostra patente copre:<\/span><\/p>\n<ul>\n<li style=\"font-weight: 400;\" aria-level=\"1\"><span style=\"font-weight: 400;\">5 diversi computer<\/span><\/li>\n<li style=\"font-weight: 400;\" aria-level=\"1\"><span style=\"font-weight: 400;\">5 Gestori di password<\/span><\/li>\n<li style=\"font-weight: 400;\" aria-level=\"1\"><span style=\"font-weight: 400;\">Protezione per 1 anno<\/span><\/li>\n<\/ul>\n<div><\/div>\n<div data-at-selector-plugin-name=\"@kl\/content\/VSB\/ProductOverview\" data-at-selector-content-key=\"VSB\">\n<section data-at-selector=\"product-overview\">\n<header>\n<div class=\"ProductOverview-module--container--z6wq_\">\n<div class=\"ProductOverview-module--row--25ZHw\">\n<div class=\"ProductOverview-module--buySection--16ZrN\">\n<div class=\"BuyBlock-module--host--2Yeuj\" data-at-selector=\"buy-block\" data-at-bb-title=\"Kaspersky Small Office Security\">\n<div class=\"BuyBlock-module--try--2SAao\">\n<div class=\"Try-module--title--3IkGg\"><span style=\"font-weight: 400;\">Se state pensando di acquistarlo ma non siete ancora sicuri, potete provare una versione di prova di 30 giorni<\/span> <a href=\"https:\/\/www.kaspersky.com\/small-business-security\/downloads\/thank-you\/small-office-security-free-trial\"><span style=\"font-weight: 400;\">qui<\/span><\/a><span style=\"font-weight: 400;\">. Quando si desidera rinnovare, fare clic <\/span><a href=\"https:\/\/www.kaspersky.co.uk\/renewal-center\/vsb\"><span style=\"font-weight: 400;\">qui<\/span><\/a><span style=\"font-weight: 400;\">. Ogni acquisto \u00e8 accompagnato da una garanzia di rimborso di 30 giorni.<\/span><\/div>\n<div><\/div>\n<\/div>\n<\/div>\n<\/div>\n<\/div>\n<\/div>\n<\/header>\n<\/section>\n<\/div>\n<div data-at-selector-plugin-name=\"@kl\/content\/VSBProductArticles\" data-at-selector-content-key=\"vsb\">\n<div data-at-selector=\"product-articles\">\n<div class=\"ProductArticles-module--item--3mqgx ProductArticles-module--itemDark--2EazO\">\n<section class=\"Container-module--wideContainer--yxmpt Container-module--container--325Qu\">\n<div class=\"ProductArticles-module--title--36sHb\"><b>Kaspersky Small Office Security far\u00e0 il suo lavoro mentre voi fate il vostro<\/b><\/div>\n<div class=\"ProductArticles-module--data--39bvx\">\n<div class=\"ProductArticles-module--image--1gPV5 ProductArticles-module--imageLeft--3XyJ4\"><img decoding=\"async\" src=\"https:\/\/www.kaspersky.com\/content\/en-global\/images\/smb\/icons\/bg-ksos-01.png\" \/><\/div>\n<div class=\"ProductArticles-module--text--3Lc0j\">\n<p>&nbsp;<\/p>\n<p><span style=\"font-weight: 400;\">Si tratta di una soluzione di sicurezza che funziona in background, in modo che possiate concentrarvi su altre priorit\u00e0. I vostri dipendenti saranno protetti ma non saranno distratti da messaggi e notifiche di sicurezza. La soluzione di sicurezza far\u00e0 il suo lavoro mentre voi continuerete a lavorare senza interruzioni. <\/span><\/p>\n<p><b>Il software protegge i dipendenti anche dai ransomware.<\/b><\/p>\n<p><span style=\"font-weight: 400;\">Se uno dei vostri dipendenti fa clic su un link dannoso e il ransomware tenta di criptare i suoi file, verr\u00e0 creata una copia di backup. Ci\u00f2 avverr\u00e0 automaticamente, il che significa che potrete facilmente ripristinare i file non crittografati.<\/span><\/p>\n<\/div>\n<\/div>\n<\/section>\n<\/div>\n<div class=\"ProductArticles-module--item--3mqgx\">\n<section class=\"Container-module--wideContainer--yxmpt Container-module--container--325Qu\">\n<div class=\"ProductArticles-module--data--39bvx\">\n<div class=\"ProductArticles-module--text--3Lc0j\">\n<p>&nbsp;<\/p>\n<p><img fetchpriority=\"high\" decoding=\"async\" class=\"alignnone size-medium wp-image-7540\" src=\"https:\/\/msofficestore.com\/wp-content\/uploads\/2021\/04\/bg-ksos-02-300x225.png\" alt=\"\" width=\"300\" height=\"225\" \/><\/p>\n<\/div>\n<p>&nbsp;<\/p>\n<p><b>Evitare truffe e frodi online<\/b><\/p>\n<\/div>\n<\/section>\n<\/div>\n<\/div>\n<\/div>\n<div data-at-selector-plugin-name=\"@kl\/content\/VSBProductArticles\" data-at-selector-content-key=\"vsb\">\n<div class=\"ProductArticles-module--title--36sHb\"><\/div>\n<div data-at-selector=\"product-articles\">\n<div class=\"ProductArticles-module--item--3mqgx ProductArticles-module--itemDark--2EazO\">\n<section class=\"Container-module--wideContainer--yxmpt Container-module--container--325Qu\">\n<div class=\"ProductArticles-module--data--39bvx\">\n<div class=\"ProductArticles-module--image--1gPV5 ProductArticles-module--imageLeft--3XyJ4\"><img decoding=\"async\" src=\"https:\/\/www.kaspersky.com\/content\/en-global\/images\/smb\/icons\/bg-ksos-03.png\" \/><\/div>\n<div class=\"ProductArticles-module--text--3Lc0j\">\n<p>&nbsp;<\/p>\n<p><span style=\"font-weight: 400;\">La funzione Safe Money \u00e8 un ulteriore livello di sicurezza che impedisce ai ladri di accedere al denaro aziendale. Quando si utilizzano siti web di acquisti o di operazioni bancarie, Safe Money controlla che il sito sia completamente sicuro. Potete essere certi che un sito web \u00e8 autentico e si aprir\u00e0 in modalit\u00e0 protetta (solo su PC e Mac). <\/span><\/p>\n<p><b>Prevenire l&#8217;acquisizione di un account<\/b><\/p>\n<p><span style=\"font-weight: 400;\">Il gestore di password memorizza e protegge tutte le password e i file importanti su tutti i dispositivi. \u00c8 sufficiente ricordare una sola password e si viene avvisati se si utilizzano password deboli. Inoltre, vi avviser\u00e0 se la vostra password non \u00e8 stata modificata da tempo.<\/span><\/p>\n<\/div>\n<\/div>\n<\/section>\n<\/div>\n<p><img decoding=\"async\" class=\"alignnone size-medium wp-image-7541\" src=\"https:\/\/msofficestore.com\/wp-content\/uploads\/2021\/04\/bg-ksos-04-300x225.png\" alt=\"\" width=\"300\" height=\"225\" \/><\/p>\n<p><b>Con Kaspersky Small Office Security, potete beneficiare di una protezione facile da usare per tutta la vostra azienda. Avete accesso a:<\/b><\/p>\n<p><span style=\"font-weight: 400;\">Diversi livelli di protezione in un unico pacchetto &#8211; \u00c8 semplice da usare, quindi non \u00e8 necessaria alcuna conoscenza per ottenere la massima sicurezza nella vostra azienda.<\/span><\/p>\n<\/div>\n<\/div>\n<div data-at-selector-plugin-name=\"@kl\/content\/VSBLayerOfProtection\" data-at-selector-content-key=\"vsb\">\n<section class=\"Container-module--wideContainer--yxmpt Container-module--container--325Qu\" data-at-selector=\"layer-of-protection\">\n<div class=\"LayerOfProtection-module--items--LmaDV\">\n<div class=\"LayerOfProtection-module--item--2Y7x-\">\n<div class=\"LayerOfProtection-module--image--39zUP\"><img decoding=\"async\" src=\"https:\/\/www.kaspersky.com\/content\/en-global\/images\/smb\/icons\/icon-ksos-01.svg\" alt=\"Comodo portale web\" \/><\/div>\n<div>\n<div class=\"LayerOfProtection-module--title--1bg15\"><span style=\"font-weight: 400;\">Semplice portale web: Kaspersky Small Office Security dispone di un proprio sistema online a cui \u00e8 possibile accedere da<\/span> <a href=\"http:\/\/ksos.kaspersky.com\"><span style=\"font-weight: 400;\">qui.<\/span><\/a><span style=\"font-weight: 400;\">\u00a0Questa \u00e8 una soluzione comoda per controllare lo stato della licenza e la data di scadenza. \u00c8 inoltre possibile vedere quali dispositivi sono protetti e ottenere assistenza in caso di necessit\u00e0. <\/span><\/div>\n<\/div>\n<div class=\"FormattedHTMLContent-module--host--2o1Qf LayerOfProtection-module--description--SdUEy\">\n<p>&nbsp;<\/p>\n<\/div>\n<\/div>\n<div class=\"LayerOfProtection-module--item--2Y7x-\">\n<div class=\"LayerOfProtection-module--image--39zUP\"><img decoding=\"async\" src=\"https:\/\/www.kaspersky.com\/content\/en-global\/images\/smb\/icons\/icon-ksos-02.svg\" alt=\"Server di file Windows sicuro\" \/><\/div>\n<div>\n<div>\n<div class=\"LayerOfProtection-module--title--1bg15\"><span style=\"font-size: 16px;\"><span style=\"font-weight: 400;\">Protezione dei file server di Windows &#8211; Questo software protegge i file server di Windows da ransomware e crypto locker. System Watcher esegue la scansione e blocca le attivit\u00e0 dannose e pu\u00f2 eseguire il rollback delle azioni a un precedente stato sicuro.<\/span><\/span><\/div>\n<\/div>\n<\/div>\n<div class=\"FormattedHTMLContent-module--host--2o1Qf LayerOfProtection-module--description--SdUEy\">\n<p>&nbsp;<\/p>\n<\/div>\n<\/div>\n<div class=\"LayerOfProtection-module--item--2Y7x- LayerOfProtection-module--itemLast--_8ScH\">\n<div class=\"LayerOfProtection-module--image--39zUP\"><img decoding=\"async\" src=\"https:\/\/www.kaspersky.com\/content\/en-global\/images\/smb\/icons\/icon-ksos-03.svg\" alt=\"Lavorare in sicurezza sui dispositivi mobili\" \/><\/div>\n<div>\n<div class=\"LayerOfProtection-module--title--1bg15\"><span style=\"font-weight: 400;\">Protezione sui dispositivi mobili &#8211; Se lavorate su dispositivi mobili, Kaspersky pu\u00f2 aiutarvi a rimanere protetti anche in questo caso. Se lavorate da casa o se il vostro team utilizza i propri dispositivi mobili personali, la tecnologia di sicurezza mobile di Kaspersky protegge i loro smartphone e tablet Android. Se il dispositivo viene smarrito o rubato, la tecnologia blocca i dispositivi e li cancella, oltre a rivelare l&#8217;ultima posizione conosciuta. <\/span><\/div>\n<\/div>\n<div class=\"FormattedHTMLContent-module--host--2o1Qf LayerOfProtection-module--description--SdUEy\">\n<p>&nbsp;<\/p>\n<\/div>\n<\/div>\n<div class=\"LayerOfProtection-module--item--2Y7x-\">\n<div class=\"LayerOfProtection-module--image--39zUP\"><img decoding=\"async\" src=\"https:\/\/www.kaspersky.com\/content\/en-global\/images\/smb\/icons\/icon-ksos-04.svg\" alt=\"Internet sicuro, e-mail e privacy\" \/><\/div>\n<div>\n<div>\n<div class=\"LayerOfProtection-module--title--1bg15\">Internet sicuro, e-mail e privacy<\/div>\n<\/div>\n<\/div>\n<div class=\"FormattedHTMLContent-module--host--2o1Qf LayerOfProtection-module--description--SdUEy\">\n<p>Sicurezza e protezione sui dispositivi mobili &#8211; Se dovete lavorare in movimento, potete farlo in tutta tranquillit\u00e0 grazie alla tecnologia di sicurezza mobile di Kaspersky. La protezione \u00e8 prevista per gli smartphone e i tablet basati su Android. \u00c8 presente anche un blocco, una cancellazione e un tracker della posizione per i dispositivi mancanti.<\/p>\n<p>&nbsp;<\/p>\n<\/div>\n<\/div>\n<div class=\"LayerOfProtection-module--item--2Y7x-\">\n<div class=\"LayerOfProtection-module--image--39zUP\"><img decoding=\"async\" src=\"https:\/\/www.kaspersky.com\/content\/en-global\/images\/smb\/icons\/icon-ksos-05.svg\" alt=\"Archiviazione e trasferimento sicuro di file importanti\" \/><\/div>\n<div>\n<div class=\"LayerOfProtection-module--title--1bg15\"><span style=\"font-weight: 400;\">Sicurezza su Internet e protezione delle e-mail &#8211; Kaspersky Small Office Security protegge la rete aziendale e i dati impedendo che siti dannosi e download ritenuti sospetti danneggino il computer. Inoltre, scansiona e rimuove tutte le estensioni non sicure o indesiderate che possono invadere il vostro browser e protegge la vostra privacy con le funzioni di non tracciamento.<\/span><\/div>\n<div><\/div>\n<\/div>\n<div class=\"FormattedHTMLContent-module--host--2o1Qf LayerOfProtection-module--description--SdUEy\">\n<p><span style=\"font-weight: 400;\">Archiviare e trasferire file importanti in modo sicuro &#8211; I vostri dati sensibili saranno protetti da violazioni, multe e perdite grazie alla tecnologia di backup e crittografia. Utilizzando il data vault, si ottiene un&#8217;ulteriore sicurezza grazie all&#8217;archiviazione protetta da password, in modo da mantenere al sicuro i dati sensibili. <\/span><\/p>\n<p>&nbsp;<\/p>\n<\/div>\n<\/div>\n<div class=\"LayerOfProtection-module--item--2Y7x- LayerOfProtection-module--itemLast--_8ScH\">\n<div class=\"LayerOfProtection-module--image--39zUP\"><img decoding=\"async\" src=\"https:\/\/www.kaspersky.com\/content\/en-global\/images\/smb\/icons\/icon-ksos-06.svg\" alt=\"Una sicurezza di cui ci si pu\u00f2 fidare - e noi possiamo dimostrarlo\" \/><\/div>\n<div>\n<div class=\"LayerOfProtection-module--title--1bg15\">\n<p><span style=\"font-weight: 400;\">Sicurezza su cui contare: nel 2019 i prodotti Kaspersky sono stati utilizzati in 88 test e recensioni. I prodotti sono stati premiati con 73 primi posti e hanno ottenuto 77 primi tre posti. Nessun altro fornitore pu\u00f2 eguagliare questo record di successo. Kasperksy \u00e8 un marchio su cui si pu\u00f2 contare. <\/span><\/p>\n<p><b>Consegna digitale<\/b><\/p>\n<p><span style=\"font-weight: 400;\">I nostri prodotti sono solo in formato digitale. Ci\u00f2 significa che non verr\u00e0 inviato per posta alcun disco o supporto di installazione.<\/span><\/p>\n<\/div>\n<\/div>\n<\/div>\n<\/div>\n<\/section>\n<\/div>\n","protected":false},"excerpt":{"rendered":"<div class=\"FormattedHTMLContent-module--host--2o1Qf\">\n<p>Con Kaspersky Small Office Security, potete stare tranquilli sapendo che questo software offre un alto livello di protezione. \u00c8 stato progettato per le piccole imprese ed \u00e8 conveniente e semplice da usare.<\/p>\n<ul class=\"check-list\">\n<li>Questo software include una protezione avanzata contro i ransomware. Dispone inoltre di una funzione di rollback che garantisce che i computer non si spengano per errore.<\/li>\n<li>Proteggete la vostra propriet\u00e0 intellettuale e i vostri segreti commerciali con la crittografia e il backup dei file.<\/li>\n<li>Gli utenti possono pagare bollette e tasse online in modo sicuro e fiducioso con Safe Money.<\/li>\n<li>I dipendenti possono lavorare in tutta sicurezza sui loro tablet e smartphone personali perch\u00e9 questo software offre una protezione dei dispositivi Android.<\/li>\n<li>Proteggete le vostre applicazioni aziendali dalle intrusioni con lo scanner di vulnerabilit\u00e0 integrato.<\/li>\n<\/ul>\n<\/div>\n","protected":false},"featured_media":16201,"comment_status":"closed","ping_status":"closed","template":"","meta":{"_acf_changed":false},"product_brand":[],"product_cat":[112,121],"product_tag":[],"class_list":{"0":"post-16041","1":"product","2":"type-product","3":"status-publish","4":"has-post-thumbnail","6":"product_cat-antivirus-it","7":"product_cat-others-it","9":"first","10":"instock","11":"sale","12":"virtual","13":"purchasable","14":"product-type-simple"},"acf":[],"_links":{"self":[{"href":"https:\/\/msofficestore.com\/it\/wp-json\/wp\/v2\/product\/16041","targetHints":{"allow":["GET"]}}],"collection":[{"href":"https:\/\/msofficestore.com\/it\/wp-json\/wp\/v2\/product"}],"about":[{"href":"https:\/\/msofficestore.com\/it\/wp-json\/wp\/v2\/types\/product"}],"replies":[{"embeddable":true,"href":"https:\/\/msofficestore.com\/it\/wp-json\/wp\/v2\/comments?post=16041"}],"wp:featuredmedia":[{"embeddable":true,"href":"https:\/\/msofficestore.com\/it\/wp-json\/wp\/v2\/media\/16201"}],"wp:attachment":[{"href":"https:\/\/msofficestore.com\/it\/wp-json\/wp\/v2\/media?parent=16041"}],"wp:term":[{"taxonomy":"product_brand","embeddable":true,"href":"https:\/\/msofficestore.com\/it\/wp-json\/wp\/v2\/product_brand?post=16041"},{"taxonomy":"product_cat","embeddable":true,"href":"https:\/\/msofficestore.com\/it\/wp-json\/wp\/v2\/product_cat?post=16041"},{"taxonomy":"product_tag","embeddable":true,"href":"https:\/\/msofficestore.com\/it\/wp-json\/wp\/v2\/product_tag?post=16041"}],"curies":[{"name":"wp","href":"https:\/\/api.w.org\/{rel}","templated":true}]}}