{"id":16043,"date":"2021-04-03T15:26:14","date_gmt":"2021-04-03T14:26:14","guid":{"rendered":"https:\/\/msofficestore.com\/product\/pc-cleaning-utility-licenza-di-12-mesi\/"},"modified":"2024-01-10T10:05:42","modified_gmt":"2024-01-10T10:05:42","slug":"pc-cleaning-utility-licenza-di-12-mesi","status":"publish","type":"product","link":"https:\/\/msofficestore.com\/it\/prodotto\/pc-cleaning-utility-licenza-di-12-mesi\/","title":{"rendered":"PC Cleaning Utility &#8211; Licenza di 12 mesi"},"content":{"rendered":"<p>Rimuovete il disordine inutile dal vostro PC!<\/p>\n<p>PC Cleaning Utility rimuove dal PC i file che lo intasano e lo rallentano. \u00c8 un pulitore di sistema che consente di pulire i computer in modo semplice e sicuro. I computer si riempiono gradualmente di file nel corso del tempo. Questi occupano spazio prezioso sul disco rigido. PC Cleaning Utility pulisce tutti i file che potrebbero limitare le prestazioni del computer. La rimozione dei file problematici pu\u00f2 anche impedire che il computer si blocchi e si arresti. Con questo software \u00e8 possibile scegliere le aree del computer da scansionare e pulire. PC Cleaning Utility \u00e8 in grado di pulire tutti i seguenti elementi e altri ancora: dispositivi virtuali, file spazzatura, librerie, stringhe di installazione, file temporanei, software di sistema, cronologia, menu di avvio.<\/p>\n<p>PC Cleaning Utility \u00e8 veloce e semplice da installare. La tecnologia \u00e8 progredita e gli utenti non hanno pi\u00f9 il fastidio di installazioni lunghe e complicate. Ora il processo \u00e8 fluido e senza problemi. Installando PC Cleaning Utility ora \u00e8 possibile risparmiare tempo, poich\u00e9 non si dovranno affrontare problemi complicati nel sistema.<\/p>\n<p><strong>Pulisce i problemi del registro di sistema<\/strong><br \/>\nQuesto software utilizza la tecnologia di rilevamento avanzato del registro. Cerca e rimuove o ripara i file di registro problematici. PC Cleaning Utility \u00e8 anche in grado di individuare e correggere le configurazioni errate del sistema.<\/p>\n<p><strong>Stop a crash e congelamenti casuali<\/strong><br \/>\nPC Cleaning Utility ripara le voci di registro corrotte, i file di sistema corrotti, i problemi nascosti nel sistema operativo, le DLL mancanti e altri problemi simili. In questo modo si eviter\u00e0 che il computer si blocchi in modo casuale e diventi poco reattivo.<\/p>\n<p><strong>Deframmentatori<\/strong><br \/>\nNel corso del tempo il registro del computer si frammenta naturalmente a causa dei numerosi file scaricati ed eliminati. Questo fa parte del modo in cui i file vengono salvati. L&#8217;eliminazione ripetuta di file su un disco rigido pu\u00f2 causare un graduale rallentamento del computer.<\/p>\n<p><strong>Gestore semplice dell&#8217;avvio<\/strong><br \/>\nIl gestore di avvio di PC Cleaning Utility pu\u00f2 essere utilizzato per selezionare i file che si desidera aprire durante il processo di avvio. \u00c8 un processo semplice e si pu\u00f2 scegliere facilmente quali programmi devono essere aperti durante l&#8217;avvio.<\/p>\n<p><strong>Scegliere le aree da scansionare<\/strong><br \/>\nPC Cleaning Utility consente di scegliere le parti del computer da pulire e scansionare. \u00c8 possibile scegliere tra dispositivi virtuali, software di sistema, file temporanei, file spazzatura, librerie, stringhe di installazione, cronologia, menu di avvio e altro ancora.<\/p>\n<p><strong>Programmare le scansioni<\/strong><br \/>\nIl software dispone di un&#8217;opzione che consente di selezionare il giorno preferito per la scansione e la pulizia automatica dei file. \u00c8 possibile programmare una scansione con la frequenza desiderata, ad esempio una volta al giorno, una alla settimana e si pu\u00f2 anche scegliere l&#8217;ora del giorno.<\/p>\n<p>PC Cleaning Utility \u00e8 compatibile con le seguenti versioni di Windows:<\/p>\n<ul>\n<li>Windows 7<\/li>\n<li>Serie Windows 8<\/li>\n<li>Windows 10<\/li>\n<li>Windows XP<\/li>\n<li>Windows Vista<\/li>\n<\/ul>\n<p>I requisiti di sistema sono:<\/p>\n<ul>\n<li>Windows 7, 8, 10<\/li>\n<li>2.4 GHz CPU<\/li>\n<li>100 MB di spazio su disco rigido<\/li>\n<\/ul>\n<p><strong>Consegna digitale<\/strong><\/p>\n<p>I nostri prodotti sono solo in formato digitale. Ci\u00f2 significa che non verr\u00e0 inviato per posta alcun disco o supporto di installazione.<\/p>\n","protected":false},"excerpt":{"rendered":"<ul>\n<li>PC Cleaning Utility previene crash e blocchi<\/li>\n<li>Gli utenti possono programmare scansioni automatiche<\/li>\n<li>I problemi del registro possono essere puliti<\/li>\n<li>Manager di avvio incluso<\/li>\n<li>Include i deframmentatori<\/li>\n<li>Installazione semplice<\/li>\n<\/ul>\n","protected":false},"featured_media":16203,"comment_status":"closed","ping_status":"closed","template":"","meta":{"_acf_changed":false},"product_brand":[],"product_cat":[112,121],"product_tag":[],"class_list":{"0":"post-16043","1":"product","2":"type-product","3":"status-publish","4":"has-post-thumbnail","6":"product_cat-antivirus-it","7":"product_cat-others-it","9":"first","10":"instock","11":"sale","12":"purchasable","13":"product-type-simple"},"acf":[],"_links":{"self":[{"href":"https:\/\/msofficestore.com\/it\/wp-json\/wp\/v2\/product\/16043","targetHints":{"allow":["GET"]}}],"collection":[{"href":"https:\/\/msofficestore.com\/it\/wp-json\/wp\/v2\/product"}],"about":[{"href":"https:\/\/msofficestore.com\/it\/wp-json\/wp\/v2\/types\/product"}],"replies":[{"embeddable":true,"href":"https:\/\/msofficestore.com\/it\/wp-json\/wp\/v2\/comments?post=16043"}],"wp:featuredmedia":[{"embeddable":true,"href":"https:\/\/msofficestore.com\/it\/wp-json\/wp\/v2\/media\/16203"}],"wp:attachment":[{"href":"https:\/\/msofficestore.com\/it\/wp-json\/wp\/v2\/media?parent=16043"}],"wp:term":[{"taxonomy":"product_brand","embeddable":true,"href":"https:\/\/msofficestore.com\/it\/wp-json\/wp\/v2\/product_brand?post=16043"},{"taxonomy":"product_cat","embeddable":true,"href":"https:\/\/msofficestore.com\/it\/wp-json\/wp\/v2\/product_cat?post=16043"},{"taxonomy":"product_tag","embeddable":true,"href":"https:\/\/msofficestore.com\/it\/wp-json\/wp\/v2\/product_tag?post=16043"}],"curies":[{"name":"wp","href":"https:\/\/api.w.org\/{rel}","templated":true}]}}