{"id":16045,"date":"2021-03-26T15:31:38","date_gmt":"2021-03-26T15:31:38","guid":{"rendered":"https:\/\/msofficestore.com\/product\/visual-studio-professional-2019\/"},"modified":"2024-01-10T10:15:40","modified_gmt":"2024-01-10T10:15:40","slug":"visual-studio-professional-2019","status":"publish","type":"product","link":"https:\/\/msofficestore.com\/it\/prodotto\/visual-studio-professional-2019\/","title":{"rendered":"Visual Studio Professional 2019"},"content":{"rendered":"<blockquote>\n<h6 style=\"text-align: center;\">Il nostro team \u00e8 sempre disponibile online tramite <span style=\"color: #ff6600;\"><strong>live chat.<\/strong><\/span> Se avete domande, possiamo rispondervi in pochi secondi. <span style=\"color: #ff6600;\">Provate<\/span>.<\/h6>\n<\/blockquote>\n<p>&nbsp;<\/p>\n<p>Visual Studio Professional 2019 significa che gli utenti possono aumentare la produttivit\u00e0 con strumenti e servizi professionali per gli sviluppatori, al fine di creare applicazioni per qualsiasi piattaforma.<\/p>\n<p>Sviluppate da un progetto iniziale alla distribuzione finale con il seguente set di strumenti inclusi:<\/p>\n<ul>\n<li>IntelliSense migliorato per i file C++<\/li>\n<li>Sviluppo locale con molti emulatori comuni<\/li>\n<li>Accesso semplice ai test in Solution Explorer<\/li>\n<li>Esperienza Git di prima classe. Creare e clonare i repository, gestire i rami e risolvere i conflitti di fusione.<\/li>\n<li>Il supporto di Kubernetes \u00e8 ora incluso in Microsoft Azure.<\/li>\n<\/ul>\n<p><strong>Con Visual Studio Professional si pu\u00f2 fare di pi\u00f9<\/strong><\/p>\n<p><strong>Comprendere il codice del team<\/strong><\/p>\n<p>Visual Studio Professional 2019 \u00e8 dotato di potenti funzioni che consentono di comprendere rapidamente il codice. CodeLens aiuta a rimanere concentrati sulle attivit\u00e0 mostrando i riferimenti al codice e le modifiche apportate. Mostra chi ha modificato per ultimo un metodo e indica se i test vengono superati. Tutto questo viene visualizzato proprio nel punto in cui ci si trova nel codice.<\/p>\n<p><strong>Visual Studio Professional aiuta a realizzare le migliori esperienze mobili della categoria<\/strong><\/p>\n<p><strong>Potenziare il team di sviluppo mobile<\/strong><\/p>\n<p>Estendete la vostra esperienza di sviluppo mobile con Visual Studio Professional 2019. Create applicazioni per Android, iOS e Windows grazie a funzioni professionali e illimitate di sviluppo mobile, condivisione del codice e debug.<\/p>\n<p><strong>Connettersi al cloud<\/strong><\/p>\n<p><strong>Ottenere di pi\u00f9 dagli strumenti di Visual Studio 2019 da:<\/strong><\/p>\n<ul>\n<li>Rimanere aggiornati e al corrente<\/li>\n<li>Codificare in modo pi\u00f9 efficiente grazie alle funzionalit\u00e0 integrate e scaricabili<\/li>\n<li>Collaborazione con soluzione di continuit\u00e0 senza uscire dal software di editing<\/li>\n<\/ul>\n<p><strong>Con Visual Studio Professional 2019 \u00e8 possibile creare pi\u00f9<\/strong><\/p>\n<p><strong>Creare un&#8217;applicazione per qualsiasi piattaforma<\/strong><\/p>\n<p>Gli utenti possono creare applicazioni per pi\u00f9 dispositivi, PC e web, tutte alimentate dal cloud. Queste applicazioni possono essere costruite sulla base delle applicazioni e delle competenze esistenti. Grazie alla tecnologia multipiattaforma, \u00e8 possibile creare applicazioni per Windows, iOS e Android contemporaneamente.<\/p>\n<p><strong>Gli utenti possono collaborare di pi\u00f9<\/strong><\/p>\n<p><strong>Mentre le prestazioni del software sono pi\u00f9 veloci<\/strong><\/p>\n<p>Un abbonamento a Visual Studio Professional consente di accedere a Azure DevOps e a una serie di altri servizi per pianificare, creare e distribuire pi\u00f9 rapidamente le applicazioni sul cloud o in locale. \u00c8 inoltre possibile ottenere di pi\u00f9 dagli strumenti di pianificazione agile, dalla piattaforma di integrazione e consegna continua, dal repository di artefatti e dalla gestione del controllo sorgente.<\/p>\n<p><strong>Sfruttate al massimo i vantaggi per gli abbonati<\/strong><\/p>\n<p><strong>Questo software include tutto ci\u00f2 di cui uno sviluppatore ha bisogno<\/strong><\/p>\n<p>Un abbonamento standard vi offre tutti gli strumenti necessari per essere aggiornati su tutto ci\u00f2 che riguarda il codice. Ottenete l&#8217;accesso al software di base Microsoft per i test e lo sviluppo, crediti individuali Azure dev\/test mensili, corsi di formazione, strumenti per la collaborazione, assistenza professionale e molto altro ancora.<\/p>\n<p><strong>GitHub Enterprise<\/strong><\/p>\n<p><strong>Github gode della fiducia di sviluppatori e imprese.<\/strong><\/p>\n<p>Con GitHub Enterprise \u00e8 possibile fornire software migliore ancora pi\u00f9 rapidamente. Questa piattaforma combina la potenza dell&#8217;automazione code-to-cloud, il codice open-source, la sicurezza automatizzata end-to-end e altro ancora. Potete implementare nuove idee e spedire in tutta tranquillit\u00e0, il tutto dalla migliore piattaforma di sviluppo al mondo.<\/p>\n<p><strong>Hardware<\/strong><\/p>\n<p>Processore da 1,8 GHz o pi\u00f9 veloce. Si consigliano processori quad-core o migliori<br \/>\n2 GB di RAM; si consiglia di utilizzare 8 GB di RAM, a meno che non si esegua su una macchina virtuale che richieder\u00e0 almeno 2,5 GB.<br \/>\nSpazio su disco rigido: Richiede un minimo di 800 MB fino a 210 GB di spazio disponibile, a seconda delle funzioni gi\u00e0 installate. In genere, le installazioni richiedono 20-50 GB di spazio libero.<br \/>\nVelocit\u00e0 del disco rigido: migliorate le prestazioni installando Windows e Visual Studio su un&#8217;unit\u00e0 SSD (solid-state drive).<br \/>\nNecessita di una scheda video che supporti una risoluzione minima di 720p (1280 per 720). Visual Studio Professional 2019 funziona al meglio con una risoluzione WXGA (1366 x 768) o superiore.<\/p>\n<p><strong>Consegna digitale<\/strong><\/p>\n<p>I nostri prodotti sono solo in formato digitale. Ci\u00f2 significa che non verr\u00e0 inviato per posta alcun disco o supporto di installazione.<\/p>\n<p>&nbsp;<\/p>\n<p>&nbsp;<\/p>\n","protected":false},"excerpt":{"rendered":"<ul>\n<li><strong>Informazioni sul prodotto<\/strong>: Visual Studio Professional 2019<\/li>\n<li><strong>Produttore<\/strong>: Microsoft<\/li>\n<li><strong>Stato<\/strong>: Nuova licenza per 1 PC &#8211; Se vuoi acquistare pi\u00f9 licenze contattaci nella live chat.<\/li>\n<li><strong>Consegna<\/strong>: Il download \u00e8 disponibile immediatamente dopo l&#8217;acquisto &#8211; Riceverete una licenza e una chiave.<\/li>\n<li><strong>A vita<\/strong>: Con un solo pagamento si ottiene una licenza a vita<\/li>\n<li><strong>Lingua<\/strong>: Tutte le lingue sono disponibili<\/li>\n<li><strong>Configurazione<\/strong>: Assistenza dal vivo durante l&#8217;installazione e supporto illimitato dell&#8217;Help-Desk<\/li>\n<li><strong>Garanzia<\/strong>: Ogni acquisto \u00e8 coperto dalla nostra garanzia di soddisfazione del prodotto al 100%. Se il team di MS Office Store non \u00e8 in grado di attivare il vostro acquisto, vi verr\u00e0 restituito il denaro.<\/li>\n<\/ul>\n<p>&nbsp;<\/p>\n","protected":false},"featured_media":16205,"comment_status":"open","ping_status":"closed","template":"","meta":{"_acf_changed":false},"product_brand":[],"product_cat":[121],"product_tag":[],"class_list":{"0":"post-16045","1":"product","2":"type-product","3":"status-publish","4":"has-post-thumbnail","6":"product_cat-others-it","8":"first","9":"instock","10":"sale","11":"taxable","12":"shipping-taxable","13":"purchasable","14":"product-type-simple"},"acf":[],"_links":{"self":[{"href":"https:\/\/msofficestore.com\/it\/wp-json\/wp\/v2\/product\/16045","targetHints":{"allow":["GET"]}}],"collection":[{"href":"https:\/\/msofficestore.com\/it\/wp-json\/wp\/v2\/product"}],"about":[{"href":"https:\/\/msofficestore.com\/it\/wp-json\/wp\/v2\/types\/product"}],"replies":[{"embeddable":true,"href":"https:\/\/msofficestore.com\/it\/wp-json\/wp\/v2\/comments?post=16045"}],"wp:featuredmedia":[{"embeddable":true,"href":"https:\/\/msofficestore.com\/it\/wp-json\/wp\/v2\/media\/16205"}],"wp:attachment":[{"href":"https:\/\/msofficestore.com\/it\/wp-json\/wp\/v2\/media?parent=16045"}],"wp:term":[{"taxonomy":"product_brand","embeddable":true,"href":"https:\/\/msofficestore.com\/it\/wp-json\/wp\/v2\/product_brand?post=16045"},{"taxonomy":"product_cat","embeddable":true,"href":"https:\/\/msofficestore.com\/it\/wp-json\/wp\/v2\/product_cat?post=16045"},{"taxonomy":"product_tag","embeddable":true,"href":"https:\/\/msofficestore.com\/it\/wp-json\/wp\/v2\/product_tag?post=16045"}],"curies":[{"name":"wp","href":"https:\/\/api.w.org\/{rel}","templated":true}]}}