{"id":16049,"date":"2021-03-26T14:02:55","date_gmt":"2021-03-26T14:02:55","guid":{"rendered":"https:\/\/msofficestore.com\/product\/windows-10-enterprise-2019-ltsc\/"},"modified":"2023-12-02T17:47:14","modified_gmt":"2023-12-02T17:47:14","slug":"windows-10-enterprise-2019-ltsc","status":"publish","type":"product","link":"https:\/\/msofficestore.com\/it\/prodotto\/windows-10-enterprise-2019-ltsc\/","title":{"rendered":"Windows 10 Enterprise 2019 LTSC"},"content":{"rendered":"<blockquote>\n<h6 style=\"text-align: center;\">Il nostro team \u00e8 sempre disponibile online tramite <span style=\"color: #ff6600;\"><strong>live chat.<\/strong><\/span> Se avete domande, possiamo rispondervi in pochi secondi. <span style=\"color: #ff6600;\">Provate<\/span>.<\/h6>\n<\/blockquote>\n<p>&nbsp;<\/p>\n<p><strong>Informazioni sul prodotto per Windows 10 Enterprise 2019 LTSC<\/strong><\/p>\n<p>Con la versione 1803 di Windows 10 o l&#8217;aggiornamento di Windows 2018 \u00e8 ora pi\u00f9 facile aggiornare i dispositivi e offre anche una migliore protezione dei dati. \u00c8 possibile scaricare pi\u00f9 rapidamente le immagini aziendali su dispositivi nuovi o esistenti. Gli utenti possono inoltre gestire facilmente i dispositivi di propriet\u00e0 dell&#8217;azienda e quelli di propriet\u00e0 dell&#8217;utente nel cloud, nei locali o in entrambi. Scoprite le novit\u00e0 di Windows 10 e date un&#8217;occhiata ad alcune funzioni specifiche qui di seguito.<\/p>\n<p>L&#8217;opzione di assistenza Long-Term Servicing Channel (LTSC) consente ai dispositivi di funzionare senza essere rallentati dagli aggiornamenti. Windows 10 Enterprise LTSC \u00e8 ideale per i dispositivi specializzati, compresi quelli che controllano i sistemi POS (point-of-sale) e i sistemi di controllo medico. Acquistando l&#8217;aggiornamento a Windows 10 Enterprise LTSC 2019 con MS Office Store, potrete scaricare immediatamente il software e ricevere assistenza gratuita per l&#8217;installazione.<\/p>\n<p>LTSC ha sostituito LTSB nelle future CPU a partire dal 2019, ma le macchine con LTSB continuano a essere supportate. Le unit\u00e0 che utilizzano LTSC riceveranno aggiornamenti ogni pochi anni. Per ulteriori informazioni su LTSC e LTSB, consultare il sito Web di Microsoft. Queste informazioni dovrebbero rispondere a tutte le vostre domande su ci\u00f2 che LTSC Enterprise pu\u00f2 fare per la vostra organizzazione.<\/p>\n<p>Windows 10 Enterprise 2019 \u00e8 progettato per soddisfare le esigenze delle organizzazioni di grandi e medie dimensioni, fornendo ai professionisti un ricco set di funzionalit\u00e0, tra cui:<\/p>\n<p>Un elevato livello di protezione contro le minacce alla sicurezza.<br \/>\nFlessibilit\u00e0 con gli aggiornamenti e il supporto<br \/>\nControllo e gestione completi di applicazioni e dispositivi.<\/p>\n<p><strong>Consegna digitale<\/strong><\/p>\n<p>I nostri prodotti sono solo in formato digitale. Ci\u00f2 significa che non verr\u00e0 inviato per posta alcun disco o supporto di installazione.<\/p>\n","protected":false},"excerpt":{"rendered":"<ul>\n<li><strong>Informazioni sul prodotto<\/strong> Windows 10 Enterprise 2019 LTSC<\/li>\n<li><strong>Produttore<\/strong>: Microsoft<\/li>\n<li><strong>Stato<\/strong>: Nuova licenza per 1 PC &#8211; Se vuoi acquistare pi\u00f9 licenze contattaci nella live chat.<\/li>\n<li><strong>Consegna<\/strong>: Il download \u00e8 disponibile immediatamente dopo l&#8217;acquisto &#8211; Riceverete una licenza e una chiave.<\/li>\n<li><strong>A vita<\/strong>: Con un solo pagamento si ottiene una licenza a vita<\/li>\n<li><strong>Lingua<\/strong>: Tutte le lingue sono disponibili<\/li>\n<li><strong>Configurazione<\/strong>: Assistenza dal vivo durante l&#8217;installazione<\/li>\n<li><strong>Garanzia<\/strong>: Ogni acquisto \u00e8 coperto dalla nostra garanzia di soddisfazione del prodotto al 100%. Se il team di MS Office Store non \u00e8 in grado di attivare il vostro acquisto, vi verr\u00e0 restituito il denaro.<\/li>\n<\/ul>\n","protected":false},"featured_media":16206,"comment_status":"closed","ping_status":"closed","template":"","meta":{"_acf_changed":false},"product_brand":[],"product_cat":[117,123,124],"product_tag":[],"class_list":{"0":"post-16049","1":"product","2":"type-product","3":"status-publish","4":"has-post-thumbnail","6":"product_cat-microsoft-windows-10-it","7":"product_cat-windows-it","8":"product_cat-windows-for-businesses-it","10":"first","11":"instock","12":"sale","13":"taxable","14":"shipping-taxable","15":"purchasable","16":"product-type-simple"},"acf":[],"_links":{"self":[{"href":"https:\/\/msofficestore.com\/it\/wp-json\/wp\/v2\/product\/16049","targetHints":{"allow":["GET"]}}],"collection":[{"href":"https:\/\/msofficestore.com\/it\/wp-json\/wp\/v2\/product"}],"about":[{"href":"https:\/\/msofficestore.com\/it\/wp-json\/wp\/v2\/types\/product"}],"replies":[{"embeddable":true,"href":"https:\/\/msofficestore.com\/it\/wp-json\/wp\/v2\/comments?post=16049"}],"wp:featuredmedia":[{"embeddable":true,"href":"https:\/\/msofficestore.com\/it\/wp-json\/wp\/v2\/media\/16206"}],"wp:attachment":[{"href":"https:\/\/msofficestore.com\/it\/wp-json\/wp\/v2\/media?parent=16049"}],"wp:term":[{"taxonomy":"product_brand","embeddable":true,"href":"https:\/\/msofficestore.com\/it\/wp-json\/wp\/v2\/product_brand?post=16049"},{"taxonomy":"product_cat","embeddable":true,"href":"https:\/\/msofficestore.com\/it\/wp-json\/wp\/v2\/product_cat?post=16049"},{"taxonomy":"product_tag","embeddable":true,"href":"https:\/\/msofficestore.com\/it\/wp-json\/wp\/v2\/product_tag?post=16049"}],"curies":[{"name":"wp","href":"https:\/\/api.w.org\/{rel}","templated":true}]}}