{"id":16051,"date":"2021-03-22T09:14:02","date_gmt":"2021-03-22T09:14:02","guid":{"rendered":"https:\/\/msofficestore.com\/product\/windows-10-professional-per-workstation\/"},"modified":"2024-01-10T09:10:10","modified_gmt":"2024-01-10T09:10:10","slug":"windows-10-professional-per-workstation","status":"publish","type":"product","link":"https:\/\/msofficestore.com\/it\/prodotto\/windows-10-professional-per-workstation\/","title":{"rendered":"Windows 10 Professional per Workstations"},"content":{"rendered":"<blockquote>\n<h6 style=\"text-align: center;\">Il nostro team \u00e8 sempre disponibile online tramite <span style=\"color: #ff6600;\"><strong>live chat.<\/strong><\/span> Se avete domande, possiamo rispondervi in pochi secondi. <span style=\"color: #ff6600;\">Provate<\/span>.<\/h6>\n<\/blockquote>\n<p><span style=\"font-weight: 400;\">Informazioni sul prodotto per Windows 10 Professional per Workstations:<\/span><\/p>\n<p><span style=\"font-weight: 400;\">Questo software \u00e8 ideale per chi ha bisogno di un PC workstation ad alte prestazioni con capacit\u00e0 di archiviazione per quantit\u00e0 crescenti di dati. Include tutte le funzionalit\u00e0 di Windows 10 Pro, ma offre anche un&#8217;elaborazione e una velocit\u00e0 di trasferimento dei file di livello server per massimizzare la configurazione hardware avanzata. <\/span><\/p>\n<p><b>Windows 10 Professional for Workstations \u00e8 stato progettato per i professionisti moderni. Se sei un data scientist, un grafico, un animatore o un ingegnere, questa \u00e8 la soluzione ideale per te. \u00c8 ideale per chi ha bisogno di trasferimenti rapidi tra workstation e server. <\/b><\/p>\n<p><span style=\"font-weight: 400;\">\u00c8 il Windows che conoscete, ma migliorato. Windows 10 Professional for Workstations include tutte le funzionalit\u00e0 di Windows 10 Home, oltre a crittografia, accesso remoto e macchine virtuali. Ci\u00f2 consente di passare senza problemi da un dispositivo Windows all&#8217;altro per ottenere uno spazio di lavoro personalizzato, sia in ufficio che in remoto. <\/span><\/p>\n<p><span style=\"font-weight: 400;\">Windows 10 \u00e8 la versione pi\u00f9 affidabile e stabile del sistema operativo di Microsoft fino ad oggi. Si tratta della versione pi\u00f9 veloce e include un sistema di sicurezza integrato per proteggervi da software dannosi. <\/span><\/p>\n<p><span style=\"font-weight: 400;\">Il programma ha molte caratteristiche come:<\/span><\/p>\n<ul>\n<li style=\"font-weight: 400;\"><span style=\"font-weight: 400;\">Rendering HD di file video 3D<\/span><\/li>\n<li style=\"font-weight: 400;\"><span style=\"font-weight: 400;\">Modifica CAD (progettazione assistita da computer) ad alta precisione<\/span><\/li>\n<li style=\"font-weight: 400;\"><span style=\"font-weight: 400;\">Lavoro di modellazione scientifica o medica<\/span><\/li>\n<\/ul>\n<p><b>Nuove funzionalit\u00e0 di livello server<\/b><\/p>\n<ul>\n<li style=\"font-weight: 400;\"><span style=\"font-weight: 400;\">ReFS (Resilient file system) e Storage Spaces.<\/span><\/li>\n<\/ul>\n<p><span style=\"font-weight: 400;\">Questo software include tecnologie avanzate di livello server Microsoft per i PC di fascia alta. Gli utenti possono gestire grandi quantit\u00e0 di dati e raggiungere il massimo potenziale di elaborazione dei dati. Windows 10 Professional for Workstations include anche la funzione Storage Spaces Windows Server, che consente di archiviare i dati in modo sicuro su spazi di archiviazione mirror. Anche la corruzione dei dati \u00e8 facilmente individuabile ed evitabile con ReFS. <\/span><\/p>\n<ul>\n<li style=\"font-weight: 400;\"><span style=\"font-weight: 400;\">SMB Direct<\/span><\/li>\n<\/ul>\n<p><span style=\"font-weight: 400;\">SMB Direct \u00e8 una tecnologia avanzata creata da Microsoft. Controlla che i trasferimenti di file tra PC e server avvengano senza problemi. Consente l&#8217;uso di adattatori di rete con RDMA (Remote Direct Memory Access), il che significa che il trasferimento dei dati pu\u00f2 avvenire a velocit\u00e0 di linea, con una bassa latenza e un utilizzo minimo della CPU. Le applicazioni che richiedono l&#8217;accesso a grandi insiemi di dati possono essere archiviate in remoto. Questo migliorer\u00e0 le prestazioni, utilizzando i dati del server come memoria locale e consentendo l&#8217;esecuzione di molte applicazioni senza rallentamenti. <\/span><\/p>\n<ul>\n<li style=\"font-weight: 400;\"><span style=\"font-weight: 400;\">Memoria persistente<\/span><\/li>\n<\/ul>\n<p><span style=\"font-weight: 400;\">Supporta configurazioni hardware con NVDIMM-N (moduli di memoria non volatile). Ci\u00f2 significa che le configurazioni di fascia alta possono sfruttare modi pi\u00f9 veloci per accedere e scrivere i dati. La memoria persistente garantisce la conservazione dei dati anche quando il PC \u00e8 spento (a differenza della normale RAM).<\/span><\/p>\n<ul>\n<li style=\"font-weight: 400;\"><span style=\"font-weight: 400;\">Supporta hardware ad alte prestazioni<\/span><\/li>\n<\/ul>\n<p><span style=\"font-weight: 400;\">Chi ha configurazioni di fascia alta pu\u00f2 ottenere di pi\u00f9 da risorse come i processori Intel Xeon o AMD Opteron di livello server. Windows 10 Pro \u00e8 limitato a 2 CPU e 2 TB, mentre Windows 10 Professional for Workstations pu\u00f2 gestire ancora di pi\u00f9: 4 CPU e fino a 6 TB di RAM. Questo offre agli utenti una grande sicurezza quando lavorano con grandi quantit\u00e0 di dati, perch\u00e9 ha una potenza sufficiente per eseguire le applicazioni pi\u00f9 esigenti. <\/span><\/p>\n<p><b>Windows 10 Professional for Workstations \u00e8 perfetto per gli utenti avanzati e offre:<\/b><\/p>\n<ul>\n<li style=\"font-weight: 400;\"><span style=\"font-weight: 400;\">Prestazioni avanzate<\/span><\/li>\n<\/ul>\n<p><span style=\"font-weight: 400;\">Questo software \u00e8 ottimizzato per l&#8217;hardware di nuova generazione e per quello futuro. Pu\u00f2 facilmente gestire grandi quantit\u00e0 di dati e trasferimenti di file di grandi dimensioni in modo rapido. Sono richiesti meno cicli di CPU, lasciando pi\u00f9 capacit\u00e0 per altre applicazioni. <\/span><\/p>\n<ul>\n<li style=\"font-weight: 400;\"><span style=\"font-weight: 400;\"> Una soluzione rapida per affrontare carichi di lavoro impegnativi<\/span><\/li>\n<\/ul>\n<p><span style=\"font-weight: 400;\">Windows 10 Professional supporta le unit\u00e0 con memoria persistente, che consente un&#8217;archiviazione pi\u00f9 rapida dei dati e pu\u00f2 conservare i file anche quando il sistema \u00e8 spento. Con questo software potrete anche beneficiare di:<\/span><\/p>\n<ul>\n<li style=\"font-weight: 400;\"><span style=\"font-weight: 400;\">Ottimizzazione dei processi di lavoro quotidiani<\/span><\/li>\n<li style=\"font-weight: 400;\"><span style=\"font-weight: 400;\">Elaborazione e trasmissione dei dati eccezionali<\/span><\/li>\n<li style=\"font-weight: 400;\"><span style=\"font-weight: 400;\">Facile da usare in qualsiasi situazione<\/span><\/li>\n<li style=\"font-weight: 400;\"><span style=\"font-weight: 400;\">Prestazioni elevate senza perdite <\/span><\/li>\n<li style=\"font-weight: 400;\"><span style=\"font-weight: 400;\">Pu\u00f2 essere utilizzato su diversi dispositivi<\/span><\/li>\n<\/ul>\n<p><b>I requisiti di sistema sono:<\/b><\/p>\n<ul>\n<li style=\"font-weight: 400;\"><span style=\"font-weight: 400;\">Processore da 1 GHz o pi\u00f9 veloce<\/span><\/li>\n<li style=\"font-weight: 400;\"><span style=\"font-weight: 400;\">1 GB di RAM (32 bit); 2 GB di RAM (64 bit)<\/span><\/li>\n<li style=\"font-weight: 400;\"><span style=\"font-weight: 400;\">Fino a 20 GB di spazio su disco rigido<\/span><\/li>\n<li style=\"font-weight: 400;\"><span style=\"font-weight: 400;\">Risoluzione dello schermo 800 x 600 o superiore <\/span><\/li>\n<li style=\"font-weight: 400;\"><span style=\"font-weight: 400;\">Processore grafico DirectX\u00ae 9 con driver WDDM<\/span><\/li>\n<\/ul>\n<p><b>Consegna digitale<\/b><\/p>\n<p><span style=\"font-weight: 400;\">I nostri prodotti sono solo in formato digitale. Ci\u00f2 significa che non verr\u00e0 inviato per posta alcun disco o supporto di installazione.<\/span><\/p>\n","protected":false},"excerpt":{"rendered":"<ul>\n<li><strong>Informazioni sul prodotto<\/strong> Versioni retail a 32 e 64 bit disponibili<\/li>\n<li><strong>Produttore<\/strong>: Microsoft<\/li>\n<li><strong>Stato<\/strong>: Nuova licenza per 1 PC &#8211; Se vuoi acquistare pi\u00f9 licenze contattaci nella live chat.<\/li>\n<li><strong>Consegna<\/strong>: Il download \u00e8 disponibile immediatamente dopo l&#8217;acquisto &#8211; Riceverete una licenza e una chiave di accesso.<\/li>\n<li><strong>A vita<\/strong>: Con un solo pagamento si ottiene una licenza a vita<\/li>\n<li><strong>Lingua<\/strong>: Tutte le lingue sono disponibili<\/li>\n<li><strong>Configurazione<\/strong>: Assistenza dal vivo durante l&#8217;installazione<\/li>\n<li><strong>Garanzia<\/strong>: Ogni acquisto \u00e8 coperto dalla nostra garanzia di soddisfazione del prodotto al 100%. Se il team di MS Office Store non \u00e8 in grado di attivare il vostro acquisto, vi verr\u00e0 restituito il denaro.<\/li>\n<\/ul>\n","protected":false},"featured_media":16207,"comment_status":"closed","ping_status":"closed","template":"","meta":{"_acf_changed":false},"product_brand":[],"product_cat":[117,123,124],"product_tag":[],"class_list":{"0":"post-16051","1":"product","2":"type-product","3":"status-publish","4":"has-post-thumbnail","6":"product_cat-microsoft-windows-10-it","7":"product_cat-windows-it","8":"product_cat-windows-for-businesses-it","10":"first","11":"instock","12":"sale","13":"taxable","14":"shipping-taxable","15":"purchasable","16":"product-type-simple"},"acf":[],"_links":{"self":[{"href":"https:\/\/msofficestore.com\/it\/wp-json\/wp\/v2\/product\/16051","targetHints":{"allow":["GET"]}}],"collection":[{"href":"https:\/\/msofficestore.com\/it\/wp-json\/wp\/v2\/product"}],"about":[{"href":"https:\/\/msofficestore.com\/it\/wp-json\/wp\/v2\/types\/product"}],"replies":[{"embeddable":true,"href":"https:\/\/msofficestore.com\/it\/wp-json\/wp\/v2\/comments?post=16051"}],"wp:featuredmedia":[{"embeddable":true,"href":"https:\/\/msofficestore.com\/it\/wp-json\/wp\/v2\/media\/16207"}],"wp:attachment":[{"href":"https:\/\/msofficestore.com\/it\/wp-json\/wp\/v2\/media?parent=16051"}],"wp:term":[{"taxonomy":"product_brand","embeddable":true,"href":"https:\/\/msofficestore.com\/it\/wp-json\/wp\/v2\/product_brand?post=16051"},{"taxonomy":"product_cat","embeddable":true,"href":"https:\/\/msofficestore.com\/it\/wp-json\/wp\/v2\/product_cat?post=16051"},{"taxonomy":"product_tag","embeddable":true,"href":"https:\/\/msofficestore.com\/it\/wp-json\/wp\/v2\/product_tag?post=16051"}],"curies":[{"name":"wp","href":"https:\/\/api.w.org\/{rel}","templated":true}]}}