{"id":16052,"date":"2021-03-21T23:45:20","date_gmt":"2021-03-21T23:45:20","guid":{"rendered":"https:\/\/msofficestore.com\/product\/windows-10-enterprise\/"},"modified":"2024-01-10T08:54:18","modified_gmt":"2024-01-10T08:54:18","slug":"windows-10-enterprise","status":"publish","type":"product","link":"https:\/\/msofficestore.com\/it\/prodotto\/windows-10-enterprise\/","title":{"rendered":"Windows 10 Enterprise"},"content":{"rendered":"<p><strong>Windows 10 Enterprise<\/strong> \u00e8 rivolto alle aziende. \u00c8 stata progettata per soddisfare le esigenze di qualsiasi azienda di medie e grandi dimensioni, fornendo ai professionisti<\/p>\n<ul>\n<li style=\"font-weight: 400;\"><span style=\"font-weight: 400;\">Un maggiore livello di protezione contro le minacce alla sicurezza.<\/span><\/li>\n<li style=\"font-weight: 400;\"><span style=\"font-weight: 400;\">Flessibilit\u00e0 con gli aggiornamenti e il supporto.<\/span><\/li>\n<li style=\"font-weight: 400;\"><span style=\"font-weight: 400;\">Controllo e gestione completi di applicazioni e dispositivi.<\/span><\/li>\n<\/ul>\n<p><b>Strumenti inclusi per una sicurezza intelligente<\/b><\/p>\n<ul>\n<li style=\"font-weight: 400;\"><span style=\"font-weight: 400;\">Windows Hello<\/span><\/li>\n<li style=\"font-weight: 400;\"><span style=\"font-weight: 400;\">ReFS (sistemi di file resilienti)<\/span><\/li>\n<li style=\"font-weight: 400;\"><span style=\"font-weight: 400;\">Protezione delle informazioni di Windows<\/span><\/li>\n<li style=\"font-weight: 400;\"><span style=\"font-weight: 400;\">Windows Defender System Guard<\/span><\/li>\n<li style=\"font-weight: 400;\"><span style=\"font-weight: 400;\">Windows Defender Credential Guard<\/span><\/li>\n<li style=\"font-weight: 400;\"><span style=\"font-weight: 400;\">Windows Defender Application Guard<\/span><\/li>\n<li style=\"font-weight: 400;\"><span style=\"font-weight: 400;\">Controllo applicazioni di Windows Defender<\/span><\/li>\n<li style=\"font-weight: 400;\"><span style=\"font-weight: 400;\">BitLocker e BitLocker to Go<\/span><\/li>\n<li style=\"font-weight: 400;\"><span style=\"font-weight: 400;\">Windows Defender Exploit Guard<\/span><\/li>\n<li style=\"font-weight: 400;\"><span style=\"font-weight: 400;\">Windows Defender Antivirus<\/span><\/li>\n<li style=\"font-weight: 400;\"><span style=\"font-weight: 400;\">Microsoft Defender Protezione avanzata dalle minacce (ATP)<\/span><\/li>\n<\/ul>\n<p><b>Gli aggiornamenti sono semplici grazie a<\/b><\/p>\n<ul>\n<li style=\"font-weight: 400;\"><span style=\"font-weight: 400;\">WSUS (Servizio di aggiornamento del server di Windows)<\/span><\/li>\n<li style=\"font-weight: 400;\"><span style=\"font-weight: 400;\">Analisi del desktop<\/span><\/li>\n<li style=\"font-weight: 400;\"><span style=\"font-weight: 400;\">Windows Update per le aziende<\/span><\/li>\n<li style=\"font-weight: 400;\"><span style=\"font-weight: 400;\">Programma Windows Insider per le aziende<\/span><\/li>\n<li style=\"font-weight: 400;\"><span style=\"font-weight: 400;\">Supporto per gli aggiornamenti di settembre per 30 mesi<\/span><\/li>\n<li style=\"font-weight: 400;\"><span style=\"font-weight: 400;\">Accesso a Windows 10 LTSC<\/span><\/li>\n<li style=\"font-weight: 400;\"><span style=\"font-weight: 400;\">Aggiornamenti rapidi<\/span><\/li>\n<li style=\"font-weight: 400;\"><span style=\"font-weight: 400;\">Ottimizzazione della consegna<\/span><\/li>\n<li style=\"font-weight: 400;\"><span style=\"font-weight: 400;\">Accesso a Windows 10 LTSC<\/span><\/li>\n<\/ul>\n<p><b>Strumenti di gestione per la flessibilit\u00e0<\/b><\/p>\n<ul>\n<li style=\"font-weight: 400;\"><span style=\"font-weight: 400;\">Modalit\u00e0 chiosco<\/span><\/li>\n<li style=\"font-weight: 400;\"><span style=\"font-weight: 400;\">Dispositivi condivisi di Windows<\/span><\/li>\n<li style=\"font-weight: 400;\"><span style=\"font-weight: 400;\">Pilota automatico di Windows<\/span><\/li>\n<li style=\"font-weight: 400;\"><span style=\"font-weight: 400;\">Attivazioni in cloud<\/span><\/li>\n<li style=\"font-weight: 400;\"><span style=\"font-weight: 400;\">Partecipazione ibrida ad Azure Active Directory<\/span><\/li>\n<li style=\"font-weight: 400;\"><span style=\"font-weight: 400;\">Microsoft Store per le aziende<\/span><\/li>\n<li style=\"font-weight: 400;\"><span style=\"font-weight: 400;\">Gestire le esperienze degli utenti<\/span><\/li>\n<li style=\"font-weight: 400;\"><span style=\"font-weight: 400;\">Diritti di utilizzo del desktop virtuale di Windows<\/span><\/li>\n<li style=\"font-weight: 400;\"><span style=\"font-weight: 400;\">Virtualizzazione delle applicazioni Microsoft (App-V)12<\/span><\/li>\n<li style=\"font-weight: 400;\"><span style=\"font-weight: 400;\">Virtualizzazione dell&#8217;ambiente utente Microsoft (UE-V)<\/span><\/li>\n<li style=\"font-weight: 400;\"><span style=\"font-weight: 400;\">(MDM) Gestione dei dispositivi mobili <\/span><\/li>\n<li style=\"font-weight: 400;\"><span style=\"font-weight: 400;\">(MAM) Gestione delle applicazioni mobili <\/span><\/li>\n<\/ul>\n<p><b>Migliorate la produttivit\u00e0 della vostra azienda con questi strumenti<\/b><\/p>\n<ul>\n<li style=\"font-weight: 400;\"><span style=\"font-weight: 400;\">Cortana<\/span><\/li>\n<li style=\"font-weight: 400;\"><span style=\"font-weight: 400;\">Office 365<\/span><\/li>\n<li style=\"font-weight: 400;\"><span style=\"font-weight: 400;\">Ricerca Microsoft in Windows<\/span><\/li>\n<li style=\"font-weight: 400;\"><span style=\"font-weight: 400;\">Microsoft Edge<\/span><\/li>\n<li style=\"font-weight: 400;\"><span style=\"font-weight: 400;\">Memoria persistente<\/span><\/li>\n<li style=\"font-weight: 400;\"><span style=\"font-weight: 400;\">SMB Direct<\/span><\/li>\n<li style=\"font-weight: 400;\"><span style=\"font-weight: 400;\">Accessibilit\u00e0<\/span><\/li>\n<li style=\"font-weight: 400;\"><span style=\"font-weight: 400;\">Windows Ink<\/span><\/li>\n<li style=\"font-weight: 400;\"><span style=\"font-weight: 400;\">Lavagna Microsoft<\/span><\/li>\n<li style=\"font-weight: 400;\"><span style=\"font-weight: 400;\">OneNote per Windows 10<\/span><\/li>\n<li style=\"font-weight: 400;\"><span style=\"font-weight: 400;\">Lavorare su tutti i dispositivi<\/span><\/li>\n<\/ul>\n<p><b>Requisiti di sistema per Windows 10 Enterprise<\/b><\/p>\n<p><span style=\"font-weight: 400;\">Prima di acquistare e installare Windows 10 Enterprise, verificare i requisiti di sistema:<\/span><\/p>\n<ul>\n<li style=\"font-weight: 400;\"><span style=\"font-weight: 400;\">Processore: 1 GHz o pi\u00f9 veloce o SoC<\/span><\/li>\n<li style=\"font-weight: 400;\"><span style=\"font-weight: 400;\">RAM: 1 GB per il sistema a 32 bit o 2 GB per il sistema a 64 bit<\/span><\/li>\n<li style=\"font-weight: 400;\"><span style=\"font-weight: 400;\">Spazio su disco rigido: 16 GB per il sistema a 32 bit o 32 GB per il sistema a 64 bit<\/span><\/li>\n<li style=\"font-weight: 400;\"><span style=\"font-weight: 400;\">Scheda grafica: DirectX 9 o successive con driver WDDM 1.0 <\/span><\/li>\n<\/ul>\n<p><b>Consegna digitale<\/b><\/p>\n<p><span style=\"font-weight: 400;\">I nostri prodotti sono solo in formato digitale. Ci\u00f2 significa che non verr\u00e0 inviato per posta alcun disco o supporto di installazione.<\/span><\/p>\n","protected":false},"excerpt":{"rendered":"<ul>\n<li><strong>Include la sicurezza informatica<\/strong><\/li>\n<li><strong>Protegge la vostra azienda con una sicurezza avanzata che utilizza l&#8217;intelligenza del cloud<\/strong><\/li>\n<li><strong>Facile da configurare, utilizzare e aggiornare con il minimo sforzo.<\/strong><\/li>\n<li><strong>I professionisti informatici hanno ancora pi\u00f9 controllo<\/strong><\/li>\n<li><strong>Personalizzare le funzioni e le applicazioni.<\/strong> Gestire e proteggere gli endpoint. Gli strumenti di gestione di Microsoft 365 offrono un maggiore controllo<\/li>\n<li><strong>Aumenta la produttivit\u00e0<\/strong><\/li>\n<li><strong>Consente agli utenti di lavorare e collaborare in modo pi\u00f9 efficiente grazie a un&#8217;esperienza utente intuitiva e a strumenti e funzionalit\u00e0 integrati.<\/strong><\/li>\n<li><strong>Microsoft Defender for Endpoint analizza e corregge le minacce utilizzando la potenza di un avanzato Intelligent Security Graph.<\/strong><\/li>\n<li>Ogni acquisto \u00e8 coperto dalla nostra garanzia di soddisfazione del prodotto al 100%. Se il team di MS Office Store non \u00e8 in grado di attivare il vostro acquisto, vi verr\u00e0 restituito il denaro.<\/li>\n<\/ul>\n<p>&nbsp;<\/p>\n","protected":false},"featured_media":16208,"comment_status":"closed","ping_status":"closed","template":"","meta":{"_acf_changed":false},"product_brand":[],"product_cat":[117,123,124],"product_tag":[],"class_list":{"0":"post-16052","1":"product","2":"type-product","3":"status-publish","4":"has-post-thumbnail","6":"product_cat-microsoft-windows-10-it","7":"product_cat-windows-it","8":"product_cat-windows-for-businesses-it","10":"first","11":"instock","12":"sale","13":"taxable","14":"shipping-taxable","15":"purchasable","16":"product-type-simple"},"acf":[],"_links":{"self":[{"href":"https:\/\/msofficestore.com\/it\/wp-json\/wp\/v2\/product\/16052","targetHints":{"allow":["GET"]}}],"collection":[{"href":"https:\/\/msofficestore.com\/it\/wp-json\/wp\/v2\/product"}],"about":[{"href":"https:\/\/msofficestore.com\/it\/wp-json\/wp\/v2\/types\/product"}],"replies":[{"embeddable":true,"href":"https:\/\/msofficestore.com\/it\/wp-json\/wp\/v2\/comments?post=16052"}],"wp:featuredmedia":[{"embeddable":true,"href":"https:\/\/msofficestore.com\/it\/wp-json\/wp\/v2\/media\/16208"}],"wp:attachment":[{"href":"https:\/\/msofficestore.com\/it\/wp-json\/wp\/v2\/media?parent=16052"}],"wp:term":[{"taxonomy":"product_brand","embeddable":true,"href":"https:\/\/msofficestore.com\/it\/wp-json\/wp\/v2\/product_brand?post=16052"},{"taxonomy":"product_cat","embeddable":true,"href":"https:\/\/msofficestore.com\/it\/wp-json\/wp\/v2\/product_cat?post=16052"},{"taxonomy":"product_tag","embeddable":true,"href":"https:\/\/msofficestore.com\/it\/wp-json\/wp\/v2\/product_tag?post=16052"}],"curies":[{"name":"wp","href":"https:\/\/api.w.org\/{rel}","templated":true}]}}