{"id":16053,"date":"2021-03-20T10:48:33","date_gmt":"2021-03-20T10:48:33","guid":{"rendered":"https:\/\/msofficestore.com\/product\/microsoft-office-home-and-student-2019-per-windows\/"},"modified":"2024-02-26T11:48:41","modified_gmt":"2024-02-26T11:48:41","slug":"microsoft-office-home-and-student-2019-per-windows","status":"publish","type":"product","link":"https:\/\/msofficestore.com\/it\/prodotto\/microsoft-office-home-and-student-2019-per-windows\/","title":{"rendered":"Microsoft Office Home and Student 2019 per Windows"},"content":{"rendered":"<p><strong>Microsoft Office Home and Student 2019 per PC Windows a 32 e 64 bit<\/strong><\/p>\n<p>Una volta effettuato l&#8217;acquisto, il codice prodotto, i link per il download e le istruzioni verranno forniti immediatamente via e-mail.<\/p>\n<p><strong>*Si prega di notare che questo prodotto richiede Windows 10 per funzionare*.<\/strong><\/p>\n<p>Microsoft Office Home and Student 2019 \u00e8 ideale per gli studenti e le famiglie che desiderano le applicazioni Office essenziali. Questo pacchetto include tutti gli elementi essenziali per portare a termine qualsiasi lavoro: Word, Excel e PowerPoint per Windows 10.<\/p>\n<p>Si tratta di un acquisto singolo che pu\u00f2 essere installato su un computer da utilizzare a scuola o a casa.<\/p>\n<p>Microsoft Office Home and Student 2019 include quanto segue:<\/p>\n<ul>\n<li><strong>Word 2019<\/strong><\/li>\n<li><strong>PowerPoint 2019<\/strong><\/li>\n<li><strong>Excel 2019<\/strong><\/li>\n<li><strong>One Note 2019<\/strong><\/li>\n<\/ul>\n<p><strong>Word<\/strong><\/p>\n<p>Word 2019 vi aiuta a essere sempre produttivi Offre molti strumenti di apprendimento che sono ottimi per i compiti e per la stesura di tesi e testi. L&#8217;applicazione offre anche altre funzioni che la rendono ancora pi\u00f9 accessibile, come le didascalie, le descrizioni audio e il text to speech.<\/p>\n<p><strong>Excel<\/strong><\/p>\n<p>La versione 2019 di Excel \u00e8 ideale per chi lavora con dati complessi. Questa versione migliorata utilizza nuovi tipi di grafici, rendendo pi\u00f9 semplice e chiaro identificare le tendenze, ottenere approfondimenti e sfruttare i dati.<\/p>\n<p><strong>PowerPoint<\/strong><\/p>\n<p>PowerPoint 2019 \u00e8 stato aggiornato con Zoom. La nuova funzione Zoom consente di raccontare una storia coinvolgente durante la presentazione. Potrete sperimentare splendide diapositive interattive di riepilogo. In questo modo il pubblico rimarr\u00e0 concentrato e coinvolto. Avrete tutto ci\u00f2 che vi serve proprio davanti a voi.<\/p>\n<p><strong>Consegna digitale<\/strong><br \/>\nI nostri prodotti sono solo in formato digitale. Ci\u00f2 significa che non verr\u00e0 inviato per posta alcun disco o supporto di installazione.<\/p>\n","protected":false},"excerpt":{"rendered":"<ul>\n<li>Per l&#8217;installazione \u00e8 necessario <strong>Windows 10\/11<\/strong><\/li>\n<li><strong>Non compatibile<\/strong> con MAC<\/li>\n<li><strong>La licenza \u00e8 solo per 1 PC<\/strong> &#8211; Per acquisti in blocco, contattateci nella chat online.<\/li>\n<li>Il download \u00e8 disponibile immediatamente dopo l&#8217;acquisto<\/li>\n<li>Con un solo pagamento si ottiene una licenza a vita (<strong>dispositivo singolo<\/strong>)<\/li>\n<li>Accesso all&#8217;eccezionale team di assistenza post-vendita<\/li>\n<li><strong>Garanzia<\/strong>: Ogni acquisto \u00e8 coperto dalla nostra garanzia di soddisfazione del prodotto al 100%. Se il team di MS Office Store non \u00e8 in grado di attivare il vostro acquisto, vi verr\u00e0 restituito il denaro.<\/li>\n<\/ul>\n","protected":false},"featured_media":16209,"comment_status":"closed","ping_status":"closed","template":"","meta":{"_acf_changed":false},"product_brand":[],"product_cat":[113,115],"product_tag":[],"class_list":{"0":"post-16053","1":"product","2":"type-product","3":"status-publish","4":"has-post-thumbnail","6":"product_cat-ms-office-it","7":"product_cat-microsoft-office-for-windows-it","9":"first","10":"instock","11":"sale","12":"featured","13":"taxable","14":"shipping-taxable","15":"purchasable","16":"product-type-simple"},"acf":[],"_links":{"self":[{"href":"https:\/\/msofficestore.com\/it\/wp-json\/wp\/v2\/product\/16053","targetHints":{"allow":["GET"]}}],"collection":[{"href":"https:\/\/msofficestore.com\/it\/wp-json\/wp\/v2\/product"}],"about":[{"href":"https:\/\/msofficestore.com\/it\/wp-json\/wp\/v2\/types\/product"}],"replies":[{"embeddable":true,"href":"https:\/\/msofficestore.com\/it\/wp-json\/wp\/v2\/comments?post=16053"}],"wp:featuredmedia":[{"embeddable":true,"href":"https:\/\/msofficestore.com\/it\/wp-json\/wp\/v2\/media\/16209"}],"wp:attachment":[{"href":"https:\/\/msofficestore.com\/it\/wp-json\/wp\/v2\/media?parent=16053"}],"wp:term":[{"taxonomy":"product_brand","embeddable":true,"href":"https:\/\/msofficestore.com\/it\/wp-json\/wp\/v2\/product_brand?post=16053"},{"taxonomy":"product_cat","embeddable":true,"href":"https:\/\/msofficestore.com\/it\/wp-json\/wp\/v2\/product_cat?post=16053"},{"taxonomy":"product_tag","embeddable":true,"href":"https:\/\/msofficestore.com\/it\/wp-json\/wp\/v2\/product_tag?post=16053"}],"curies":[{"name":"wp","href":"https:\/\/api.w.org\/{rel}","templated":true}]}}