{"id":16054,"date":"2021-03-20T00:00:26","date_gmt":"2021-03-20T00:00:26","guid":{"rendered":"https:\/\/msofficestore.com\/product\/cyber-privacy-suite-licenza-di-12-mesi\/"},"modified":"2024-01-10T09:40:58","modified_gmt":"2024-01-10T09:40:58","slug":"cyber-privacy-suite-licenza-di-12-mesi","status":"publish","type":"product","link":"https:\/\/msofficestore.com\/it\/prodotto\/cyber-privacy-suite-licenza-di-12-mesi\/","title":{"rendered":"Cyber Privacy Suite &#8211; Licenza di 12 mesi"},"content":{"rendered":"<p><strong>Cyber Privacy Suite impedisce il tracciamento del web!<\/strong><br \/>\nLe vostre informazioni digitali e il vostro comportamento online sono tracciati, monitorati e registrati ogni giorno. Le informazioni raccolte possono essere elaborate, vendute e utilizzate da diverse terze parti. Cyber Privacy Suite pu\u00f2 impedire che ci\u00f2 accada.<\/p>\n<p><strong>Rimanere sicuri e anonimi online con una VPN protetta<\/strong><br \/>\nSe si utilizza una connessione non protetta, le attivit\u00e0 online, i social media e gli acquisti possono essere monitorati da altri. In questo modo i vostri conti e le vostre attivit\u00e0 sono esposti ad abusi. Cyber Privacy Suite dota il dispositivo di una connessione VPN sicura, che cripta tutti i messaggi e le comunicazioni. Inoltre, protegge la vostra attivit\u00e0 online e tutte le azioni digitali che compiete quando utilizzate Internet tramite WiFi.<\/p>\n<p><strong>Impedite agli hacker di accedere alla vostra webcam e al vostro microfono!<\/strong><\/p>\n<p>Gli hacker possono accedere alla webcam e al microfono integrati. Ci\u00f2 significa che gli hacker possono vedere e sentire attraverso il dispositivo. In questo modo possono accedere a stanze private della casa, come il soggiorno, le camere da letto e persino i bagni. I dettagli di una webcam e di un microfono violati possono essere venduti sul dark web a partire da 5 dollari. Cyber Privacy Suite blocca l&#8217;accesso al vostro dispositivo e protegge la vostra privacy.<\/p>\n<p><strong>Alcuni dei punti salienti inclusi nella Cyber Privacy Suite<\/strong><\/p>\n<p>Impedire a terze parti di rilevare le impronte digitali &#8211; Cyber Privacy Suite annulla la profilazione delle impronte digitali. Si tratta di un processo utilizzato da terze parti per tracciare la vostra attivit\u00e0 online. I vostri dati vengono poi venduti a scopo di lucro.<\/p>\n<p>Cyber Privacy Suite protegge i vostri dati personali per prevenire il furto d&#8217;identit\u00e0 &#8211; Cyber Privacy Suite vi consiglier\u00e0 di eliminare i dati sensibili e personali che rappresentano un rischio. Questa funzione garantisce che sia molto pi\u00f9 difficile per i ladri di identit\u00e0 rubare le vostre informazioni personali.<br \/>\nGateway VPN sicuri &#8211; Con i gateway VPN sicuri potete fare acquisti, guardare in streaming e navigare con la certezza che i vostri dati sono al sicuro. Utilizzate Cyber Privacy Suite per usufruire di una connessione VPN completamente protetta. La suite offre pi\u00f9 di 20 sedi da cui collegarsi.<\/p>\n<p>Impedisce l&#8217;accesso al microfono e alla webcam &#8211; Cyber Privacy Suite blocca tutte le richieste di accesso esterne e interne alla webcam e al microfono. In questo modo si impedisce agli hacker di abusare del dispositivo e di accedervi.<\/p>\n<p>Blocca il tracciamento &#8211; Una volta installato, Cyber Privacy Suite elimina le abitudini di navigazione e i dati di accesso registrati. In questo modo si riduce il rischio di furto e abuso dei dati. Inoltre, impedisce l&#8217;accesso alle informazioni da parte di terzi.<\/p>\n<p><strong>Altre caratteristiche di Cyber Privacy Suite:<\/strong><\/p>\n<p>Anti-tracciamento &#8211; Cyber Privacy Suite impedisce i tentativi di fingerprinting digitale, tracciamento e data mining da parte di hacker o terze parti. Questo protegge le vostre abitudini e le vostre informazioni sul web in modo che non possano essere raccolte e sfruttate.<\/p>\n<p>Protezione dell&#8217;identit\u00e0 &#8211; Proteggetevi dal furto d&#8217;identit\u00e0 con Cyber Privacy Suite. Il software \u00e8 in grado di segnalare dove sono memorizzati l&#8217;indirizzo postale, il numero di telefono, l&#8217;indirizzo e-mail e i dati della carta di credito, in modo da poterli rimuovere.<\/p>\n<p>Protezione e avvisi in tempo reale &#8211; Le minacce informatiche sono in continua evoluzione. Cyber Privacy Suite ha un tempo di risposta immediato. Il software monitora costantemente il computer. Esegue una scansione dei tentativi di phishing e li blocca in tempo reale.<\/p>\n<p>Rimuove le informazioni di accesso &#8211; Cyber Privacy Suite scansiona il computer alla ricerca di informazioni di accesso rintracciabili dai siti web, dai fornitori di servizi e dai portali preferiti. L&#8217;utente avr\u00e0 la possibilit\u00e0 di eliminare tali tracce, in modo che non possano essere tracciate e utilizzate.<\/p>\n<p>Blocco dei cookie &#8211; Cyber Privacy Suite dispone di un&#8217;impostazione &#8220;imposta e dimentica&#8221; per il blocco completo dei cookie. Ci\u00f2 consente di bloccare automaticamente i cookie che potrebbero essere dannosi o costituire un rischio per la privacy.<\/p>\n<p>Scanner di documenti &#8211; Il software per la privacy pu\u00f2 cercare documenti locali che possono contenere informazioni relative all&#8217;identit\u00e0. Questi potrebbero includere i numeri dei vostri conti bancari o delle vostre carte di credito. L&#8217;utente verr\u00e0 avvisato in caso di rilevamento di tali file e gli verr\u00e0 consigliato di eliminarli o di metterli al sicuro.<\/p>\n<p><strong>Consegna digitale<\/strong><\/p>\n<p>I nostri prodotti sono solo in formato digitale. Ci\u00f2 significa che non verr\u00e0 inviato per posta alcun disco o supporto di installazione.<\/p>\n","protected":false},"excerpt":{"rendered":"<p><b style=\"font-style: inherit;\">Dettagli importanti<\/b><\/p>\n<ul>\n<li>Anti-tracking<\/li>\n<li>Informazioni di accesso crittografate<\/li>\n<li>Un meccanismo di protezione dell&#8217;identit\u00e0<\/li>\n<li>Sicurezza online<\/li>\n<li>Avvisi e protezione in tempo reale<\/li>\n<li>Blocca l\u2019accesso alla webcam e al microfono<\/li>\n<li>I vostri dati esposti possono essere cercati nel Dark Web, ma Cyber Privacy Suite li protegge<\/li>\n<li>I documenti possono essere archiviati in un caveau criptato.<\/li>\n<li>Il tracciamento del comportamento \u00e8 bloccato<\/li>\n<\/ul>\n","protected":false},"featured_media":16210,"comment_status":"closed","ping_status":"closed","template":"","meta":{"_acf_changed":false},"product_brand":[],"product_cat":[112,121],"product_tag":[],"class_list":{"0":"post-16054","1":"product","2":"type-product","3":"status-publish","4":"has-post-thumbnail","6":"product_cat-antivirus-it","7":"product_cat-others-it","9":"first","10":"instock","11":"sale","12":"purchasable","13":"product-type-simple"},"acf":[],"_links":{"self":[{"href":"https:\/\/msofficestore.com\/it\/wp-json\/wp\/v2\/product\/16054","targetHints":{"allow":["GET"]}}],"collection":[{"href":"https:\/\/msofficestore.com\/it\/wp-json\/wp\/v2\/product"}],"about":[{"href":"https:\/\/msofficestore.com\/it\/wp-json\/wp\/v2\/types\/product"}],"replies":[{"embeddable":true,"href":"https:\/\/msofficestore.com\/it\/wp-json\/wp\/v2\/comments?post=16054"}],"wp:featuredmedia":[{"embeddable":true,"href":"https:\/\/msofficestore.com\/it\/wp-json\/wp\/v2\/media\/16210"}],"wp:attachment":[{"href":"https:\/\/msofficestore.com\/it\/wp-json\/wp\/v2\/media?parent=16054"}],"wp:term":[{"taxonomy":"product_brand","embeddable":true,"href":"https:\/\/msofficestore.com\/it\/wp-json\/wp\/v2\/product_brand?post=16054"},{"taxonomy":"product_cat","embeddable":true,"href":"https:\/\/msofficestore.com\/it\/wp-json\/wp\/v2\/product_cat?post=16054"},{"taxonomy":"product_tag","embeddable":true,"href":"https:\/\/msofficestore.com\/it\/wp-json\/wp\/v2\/product_tag?post=16054"}],"curies":[{"name":"wp","href":"https:\/\/api.w.org\/{rel}","templated":true}]}}