{"id":16055,"date":"2020-11-03T23:01:21","date_gmt":"2020-11-03T23:01:21","guid":{"rendered":"https:\/\/msofficestore.com\/product\/versione-retail-di-windows-8-1-professional-32-64-bit\/"},"modified":"2023-12-02T17:48:41","modified_gmt":"2023-12-02T17:48:41","slug":"windows-8-1-professional-32-64-bit-retail-versionbit","status":"publish","type":"product","link":"https:\/\/msofficestore.com\/it\/prodotto\/windows-8-1-professional-32-64-bit-retail-versionbit\/","title":{"rendered":"Windows 8.1 Professional 32 \/ 64-Bit Retail Version"},"content":{"rendered":"<p><strong>Informazioni sul prodotto per la versione retail di Windows 8.1 Pro<\/strong><\/p>\n<p>Windows 8.1 Pro significa che potete lavorare e giocare. Presenta tutte le caratteristiche di Windows 8.1, ma con funzionalit\u00e0 migliorate. Le nuove funzioni consentono di connettersi alle reti aziendali, gestire i dispositivi, accedere a un PC da un altro, crittografare i dati e molto altro ancora.<\/p>\n<p><strong>Questa versione di Windows si adatta al vostro stile di vita<\/strong><\/p>\n<p>Windows 8.1 Pro vi permette di creare un&#8217;esperienza unica che si adatta al vostro stile di vita. Gli utenti possono usufruire di applicazioni esclusive insieme a video, musica e giochi Xbox. Scoprite le nuove applicazioni consigliate e preferite dal Windows Store o dalla comunit\u00e0 online. SkyDrive significa che potete finalmente sincronizzare e salvare i vostri file, le impostazioni personalizzate, le app e la schermata iniziale sui vostri computer o tablet Windows. Con il vostro account Microsoft, potete anche condividere le vostre foto, i vostri video e la vostra musica preferita con chiunque.<\/p>\n<p><strong>Compatibilit\u00e0 e prestazioni di Windows 8.1 Pro<\/strong><\/p>\n<p>La compatibilit\u00e0 non \u00e8 un problema: Windows 8.1 Pro \u00e8 compatibile con tutti i software, le applicazioni e i dispositivi di Windows 7. L&#8217;interfaccia touch ottimizzata consente di scegliere tra una vasta gamma di PC e tablet presenti sul mercato.<\/p>\n<p><strong>Facile ed efficiente<\/strong><\/p>\n<p>Questa versione di Windows presenta un desktop familiare con accesso rapido alla schermata iniziale tramite il pulsante &#8220;Start&#8221;. \u00c8 possibile avviare un dispositivo su un comodo desktop conosciuto.<\/p>\n<p><strong>Consegna digitale<\/strong><\/p>\n<p>I nostri prodotti sono solo in formato digitale. Ci\u00f2 significa che non verr\u00e0 inviato per posta alcun disco o supporto di installazione.<\/p>\n","protected":false},"excerpt":{"rendered":"<ul>\n<li><strong>Informazioni sul prodotto<\/strong> Versioni retail a 32 e 64 bit disponibili <strong>(Office NON \u00e8 incluso, deve essere ordinato separatamente)<\/strong><\/li>\n<li><strong>Produttore<\/strong>: Microsoft <strong>(Windows NON \u00e8 compatibile con il Chromebook)<\/strong><\/li>\n<li><strong>Stato<\/strong>: Nuova licenza per 1 PC &#8211; Se vuoi acquistare pi\u00f9 licenze contattaci nella live chat.<\/li>\n<li><strong>Consegna<\/strong>: Il download \u00e8 disponibile immediatamente dopo l&#8217;acquisto &#8211; Riceverete una licenza e una chiave.<\/li>\n<li><strong>A vita<\/strong>: Con un solo pagamento si ottiene una licenza a vita<\/li>\n<li><strong>Lingua<\/strong>: Tutte le lingue sono disponibili<\/li>\n<li><strong>Configurazione<\/strong>: Assistenza dal vivo durante l&#8217;installazione<\/li>\n<li><strong>Garanzia<\/strong>: Ogni acquisto \u00e8 coperto dalla nostra garanzia di soddisfazione del prodotto al 100%. Se il team di MS Office Store non \u00e8 in grado di attivare il vostro acquisto, vi verr\u00e0 restituito il denaro.<\/li>\n<\/ul>\n","protected":false},"featured_media":16056,"comment_status":"closed","ping_status":"closed","template":"","meta":{"_acf_changed":false},"product_brand":[],"product_cat":[117,123,125],"product_tag":[],"class_list":{"0":"post-16055","1":"product","2":"type-product","3":"status-publish","4":"has-post-thumbnail","6":"product_cat-microsoft-windows-10-it","7":"product_cat-windows-it","8":"product_cat-windows-for-personal-use-it","10":"first","11":"instock","12":"sale","13":"taxable","14":"shipping-taxable","15":"purchasable","16":"product-type-simple"},"acf":[],"_links":{"self":[{"href":"https:\/\/msofficestore.com\/it\/wp-json\/wp\/v2\/product\/16055","targetHints":{"allow":["GET"]}}],"collection":[{"href":"https:\/\/msofficestore.com\/it\/wp-json\/wp\/v2\/product"}],"about":[{"href":"https:\/\/msofficestore.com\/it\/wp-json\/wp\/v2\/types\/product"}],"replies":[{"embeddable":true,"href":"https:\/\/msofficestore.com\/it\/wp-json\/wp\/v2\/comments?post=16055"}],"wp:featuredmedia":[{"embeddable":true,"href":"https:\/\/msofficestore.com\/it\/wp-json\/wp\/v2\/media\/16056"}],"wp:attachment":[{"href":"https:\/\/msofficestore.com\/it\/wp-json\/wp\/v2\/media?parent=16055"}],"wp:term":[{"taxonomy":"product_brand","embeddable":true,"href":"https:\/\/msofficestore.com\/it\/wp-json\/wp\/v2\/product_brand?post=16055"},{"taxonomy":"product_cat","embeddable":true,"href":"https:\/\/msofficestore.com\/it\/wp-json\/wp\/v2\/product_cat?post=16055"},{"taxonomy":"product_tag","embeddable":true,"href":"https:\/\/msofficestore.com\/it\/wp-json\/wp\/v2\/product_tag?post=16055"}],"curies":[{"name":"wp","href":"https:\/\/api.w.org\/{rel}","templated":true}]}}